{"id":3842,"date":"2021-04-06T20:38:32","date_gmt":"2021-04-06T20:38:32","guid":{"rendered":"https:\/\/nisidotam.ca\/?page_id=3842"},"modified":"2021-04-15T15:32:00","modified_gmt":"2021-04-15T15:32:00","slug":"voix-des-communautes","status":"publish","type":"page","link":"https:\/\/nisidotam.ca\/fr\/bibliotheque-de-ressources\/voix-des-communautes\/","title":{"rendered":"Voix des communaut\u00e9s"},"content":{"rendered":"<p>[et_pb_section fb_built=\u00a0\u00bb1&Prime; fullwidth=\u00a0\u00bbon\u00a0\u00bb _builder_version=\u00a0\u00bb4.9.2&Prime; background_enable_image=\u00a0\u00bboff\u00a0\u00bb][et_pb_fullwidth_header title=\u00a0\u00bbVoix des communaut\u00e9s\u00a0\u00bb button_one_url=\u00a0\u00bbhttps:\/\/nisidotam.ca\/toolbox-index\/\u00a0\u00bb header_image_url=\u00a0\u00bbhttps:\/\/nisidotam.ca\/wp-content\/uploads\/2021\/03\/reeds-5590550_1920.jpg\u00a0\u00bb _builder_version=\u00a0\u00bb4.9.3&Prime; background_color=\u00a0\u00bbrgba(249,223,127,0.78)\u00a0\u00bb transform_scale_last_edited=\u00a0\u00bboff|desktop\u00a0\u00bb transform_translate_last_edited=\u00a0\u00bboff|desktop\u00a0\u00bb transform_rotate_last_edited=\u00a0\u00bboff|desktop\u00a0\u00bb transform_skew_last_edited=\u00a0\u00bboff|desktop\u00a0\u00bb transform_origin_last_edited=\u00a0\u00bboff|desktop\u00a0\u00bb transform_styles_last_edited=\u00a0\u00bboff|desktop\u00a0\u00bb background_layout=\u00a0\u00bblight\u00a0\u00bb custom_padding=\u00a0\u00bb0px||0px||false|false\u00a0\u00bb transform_styles__hover_enabled=\u00a0\u00bboff|desktop\u00a0\u00bb transform_scale__hover_enabled=\u00a0\u00bboff|desktop\u00a0\u00bb transform_translate__hover_enabled=\u00a0\u00bboff|desktop\u00a0\u00bb transform_rotate__hover_enabled=\u00a0\u00bboff|desktop\u00a0\u00bb transform_skew__hover_enabled=\u00a0\u00bboff|desktop\u00a0\u00bb transform_origin__hover_enabled=\u00a0\u00bboff|desktop\u00a0\u00bb]<\/p>\n<p>Les membres des communaut\u00e9s ont propos\u00e9 de raconter leur histoire en esp\u00e9rant ainsi tendre la main \u00e0 d&rsquo;autres personnes, afin qu&rsquo;elles sachent qu&rsquo;elles ne sont pas seules. En faisant part de ce qu&rsquo;ils ont v\u00e9cu en mati\u00e8re de d\u00e9fis, d&rsquo;obstacles, de succ\u00e8s et de soutien, leurs histoires de r\u00e9silience et de force offrent validation et espoir. L&rsquo;histoire de chaque personne met en lumi\u00e8re le prisme d&rsquo;exp\u00e9riences qui d\u00e9finit ce qu&rsquo;est vivre avec un handicap aujourd&rsquo;hui. Les v\u00e9ritables experts sont ceux qui exp\u00e9rimentent le ph\u00e9nom\u00e8ne du handicap au quotidien. Ils sont les meilleurs enseignants.<\/p>\n<p>[\/et_pb_fullwidth_header][et_pb_fullwidth_menu menu_id=\u00a0\u00bb41&Prime; menu_style=\u00a0\u00bbcentered\u00a0\u00bb fullwidth_menu=\u00a0\u00bbon\u00a0\u00bb active_link_color=\u00a0\u00bb#E02B20&Prime; _builder_version=\u00a0\u00bb4.9.4&Prime; _module_preset=\u00a0\u00bbdefault\u00a0\u00bb menu_text_color=\u00a0\u00bb#000000&Prime; menu_font_size=\u00a0\u00bb18px\u00a0\u00bb background_color=\u00a0\u00bbRGBA(249,223,127,0.78)\u00a0\u00bb custom_margin=\u00a0\u00bb|||0px|false|false\u00a0\u00bb custom_padding=\u00a0\u00bb|0px||0px|false|false\u00a0\u00bb locked=\u00a0\u00bboff\u00a0\u00bb][\/et_pb_fullwidth_menu][\/et_pb_section][et_pb_section fb_built=\u00a0\u00bb1&Prime; _builder_version=\u00a0\u00bb4.9.2&Prime; _module_preset=\u00a0\u00bbdefault\u00a0\u00bb][et_pb_row _builder_version=\u00a0\u00bb4.9.2&Prime; _module_preset=\u00a0\u00bbdefault\u00a0\u00bb][et_pb_column type=\u00a0\u00bb4_4&Prime; _builder_version=\u00a0\u00bb4.9.2&Prime; _module_preset=\u00a0\u00bbdefault\u00a0\u00bb][et_pb_text _builder_version=\u00a0\u00bb4.9.3&Prime; _module_preset=\u00a0\u00bbdefault\u00a0\u00bb]<\/p>\n<h1>T\u00e9moignages<\/h1>\n<p>[\/et_pb_text][\/et_pb_column][\/et_pb_row][\/et_pb_section][et_pb_section fb_built=\u00a0\u00bb1&Prime; _builder_version=\u00a0\u00bb4.7.7&Prime; _module_preset=\u00a0\u00bbdefault\u00a0\u00bb custom_margin=\u00a0\u00bb-119px|||||\u00a0\u00bb][et_pb_row column_structure=\u00a0\u00bb1_2,1_2&Prime; _builder_version=\u00a0\u00bb4.7.7&Prime; _module_preset=\u00a0\u00bbdefault\u00a0\u00bb custom_margin=\u00a0\u00bb|auto|50px|auto||\u00a0\u00bb][et_pb_column type=\u00a0\u00bb1_2&Prime; _builder_version=\u00a0\u00bb4.7.7&Prime; _module_preset=\u00a0\u00bbdefault\u00a0\u00bb link_option_url=\u00a0\u00bbhttps:\/\/youtu.be\/wD3dFr3w6Wc\u00a0\u00bb][et_pb_video src=\u00a0\u00bbhttps:\/\/youtu.be\/c5PEf9tagRw\u00a0\u00bb _builder_version=\u00a0\u00bb4.9.4&Prime; _module_preset=\u00a0\u00bbdefault\u00a0\u00bb][\/et_pb_video][\/et_pb_column][et_pb_column type=\u00a0\u00bb1_2&Prime; _builder_version=\u00a0\u00bb4.7.7&Prime; _module_preset=\u00a0\u00bbdefault\u00a0\u00bb][et_pb_text _builder_version=\u00a0\u00bb4.9.3&Prime; _module_preset=\u00a0\u00bbdefault\u00a0\u00bb custom_padding=\u00a0\u00bb||0px|||\u00a0\u00bb]<\/p>\n<h3><span>De l&rsquo;autorepr\u00e9sntation \u00e0 l&rsquo;inclusion pour tous<\/span><\/h3>\n<p>C<span>athy Rice, <\/span>originaire de Kahnawake, est atteinte d&rsquo;une forme de dystrophie musculaire. Elle nous raconte comment elle a appris de sa famille et de ses exp\u00e9riences de vie \u00e0 d\u00e9fendre fermement ses droits. Cathy est \u00e9galement active dans la recherche de solutions et la promotion de l&rsquo;inclusion des personnes vivant avec un handicap dans la communaut\u00e9.<\/p>\n<p>[\/et_pb_text][\/et_pb_column][\/et_pb_row][et_pb_row column_structure=\u00a0\u00bb1_2,1_2&Prime; _builder_version=\u00a0\u00bb4.7.7&Prime; _module_preset=\u00a0\u00bbdefault\u00a0\u00bb custom_margin=\u00a0\u00bb|auto|50px|auto||\u00a0\u00bb global_colors_info=\u00a0\u00bb{}\u00a0\u00bb][et_pb_column type=\u00a0\u00bb1_2&Prime; _builder_version=\u00a0\u00bb4.7.7&Prime; _module_preset=\u00a0\u00bbdefault\u00a0\u00bb][et_pb_video src=\u00a0\u00bbhttps:\/\/youtu.be\/Ro14hU5XwUY\u00a0\u00bb _builder_version=\u00a0\u00bb4.9.4&Prime; _module_preset=\u00a0\u00bbdefault\u00a0\u00bb][\/et_pb_video][\/et_pb_column][et_pb_column type=\u00a0\u00bb1_2&Prime; _builder_version=\u00a0\u00bb4.7.7&Prime; _module_preset=\u00a0\u00bbdefault\u00a0\u00bb][et_pb_text _builder_version=\u00a0\u00bb4.9.3&Prime; _module_preset=\u00a0\u00bbdefault\u00a0\u00bb]<\/p>\n<h3>Les handicaps invisibles\u00a0: l&rsquo;autonomisation gr\u00e2ce \u00e0 diff\u00e9rentes formes de soutien et la possibilit\u00e9 d&rsquo;aider les autres par le partage<\/h3>\n<p><span>Emmitt <\/span>est originaire de Kahnawake. Il raconte comment il a d\u00e9couvert, trait\u00e9 et ma\u00eetris\u00e9 le trouble d&rsquo;anxi\u00e9t\u00e9 g\u00e9n\u00e9ralis\u00e9e et la d\u00e9pression. Emmitt utilise un mod\u00e8le int\u00e9gr\u00e9 du handicap et des savoirs traditionnels pour cheminer sur sa voie. Il rep\u00e8re les obstacles et les facilitateurs dans son environnement et reconna\u00eet les incidences physiques, \u00e9motionnelles et spirituelles de sa diff\u00e9rence.<\/p>\n<p>[\/et_pb_text][\/et_pb_column][\/et_pb_row][et_pb_row column_structure=\u00a0\u00bb1_2,1_2&Prime; _builder_version=\u00a0\u00bb4.7.7&Prime; _module_preset=\u00a0\u00bbdefault\u00a0\u00bb custom_margin=\u00a0\u00bb|auto|50px|auto||\u00a0\u00bb global_colors_info=\u00a0\u00bb{}\u00a0\u00bb][et_pb_column type=\u00a0\u00bb1_2&Prime; _builder_version=\u00a0\u00bb4.7.7&Prime; _module_preset=\u00a0\u00bbdefault\u00a0\u00bb][et_pb_video src=\u00a0\u00bbhttps:\/\/youtu.be\/UUCkFltkr90&Prime; _builder_version=\u00a0\u00bb4.9.4&Prime; _module_preset=\u00a0\u00bbdefault\u00a0\u00bb hover_enabled=\u00a0\u00bb0&Prime; sticky_enabled=\u00a0\u00bb0&Prime;][\/et_pb_video][\/et_pb_column][et_pb_column type=\u00a0\u00bb1_2&Prime; _builder_version=\u00a0\u00bb4.7.7&Prime; _module_preset=\u00a0\u00bbdefault\u00a0\u00bb][et_pb_text _builder_version=\u00a0\u00bb4.9.3&Prime; _module_preset=\u00a0\u00bbdefault\u00a0\u00bb]<\/p>\n<h3><span>Relier <\/span>les points entre les traumatismes et la sant\u00e9 mentale, trouver la pierre d&rsquo;assise de la r\u00e9silience<\/h3>\n<p>Amanda Shawayahamish est Anishinabe. Elle est actuellement \u00e9tudiante en derni\u00e8re ann\u00e9e pour l&rsquo;obtention d&rsquo;un dipl\u00f4me de premier cycle en \u00c9tudes des peuples autochtones \u00e0 l&rsquo;Universit\u00e9 Concordia. Le p\u00e8re et les grands-parents d&rsquo;Amanda sont des survivants des pensionnats. Dans la pr\u00e9sente vid\u00e9o, Amanda parle de son parcours de lutte et de r\u00e9silience.<\/p>\n<p>[\/et_pb_text][\/et_pb_column][\/et_pb_row][et_pb_row column_structure=\u00a0\u00bb1_2,1_2&Prime; _builder_version=\u00a0\u00bb4.7.7&Prime; _module_preset=\u00a0\u00bbdefault\u00a0\u00bb custom_margin=\u00a0\u00bb|auto|50px|auto||\u00a0\u00bb global_colors_info=\u00a0\u00bb{}\u00a0\u00bb][et_pb_column type=\u00a0\u00bb1_2&Prime; _builder_version=\u00a0\u00bb4.7.7&Prime; _module_preset=\u00a0\u00bbdefault\u00a0\u00bb][et_pb_video src=\u00a0\u00bbhttps:\/\/youtu.be\/mIgNuWjGq3U\u00a0\u00bb _builder_version=\u00a0\u00bb4.9.4&Prime; _module_preset=\u00a0\u00bbdefault\u00a0\u00bb hover_enabled=\u00a0\u00bb0&Prime; sticky_enabled=\u00a0\u00bb0&Prime;][\/et_pb_video][\/et_pb_column][et_pb_column type=\u00a0\u00bb1_2&Prime; _builder_version=\u00a0\u00bb4.7.7&Prime; _module_preset=\u00a0\u00bbdefault\u00a0\u00bb][et_pb_text _builder_version=\u00a0\u00bb4.9.3&Prime; _module_preset=\u00a0\u00bbdefault\u00a0\u00bb]<\/p>\n<h3><span>Une <\/span>perspective int\u00e9gr\u00e9e : cheminer dans la vie avec un trouble schizo-affectif<\/h3>\n<p>Adelia est une jeune femme de Sept-\u00celes qui raconte son histoire en tant que jeune adulte vivant avec un trouble schizo-affectif. Adelia fait part de ses connaissances et de son point de vue sur son handicap. Elle d\u00e9crit les obstacles et les facilitateurs qu&rsquo;elle rencontre dans son environnement. Elle explique \u00e9galement que ce qu&rsquo;elle a appris et compris au sujet de sa diff\u00e9rence l&rsquo;a aid\u00e9e \u00e0 vivre en \u00e9quilibre. (L&rsquo;entrevue a \u00e9t\u00e9 r\u00e9alis\u00e9e au moyen de Zoom pendant le confinement de la COVID-19.)<\/p>\n<p>[\/et_pb_text][\/et_pb_column][\/et_pb_row][et_pb_row column_structure=\u00a0\u00bb1_2,1_2&Prime; _builder_version=\u00a0\u00bb4.7.7&Prime; _module_preset=\u00a0\u00bbdefault\u00a0\u00bb custom_margin=\u00a0\u00bb|auto|45px|auto||\u00a0\u00bb global_colors_info=\u00a0\u00bb{}\u00a0\u00bb][et_pb_column type=\u00a0\u00bb1_2&Prime; _builder_version=\u00a0\u00bb4.7.7&Prime; _module_preset=\u00a0\u00bbdefault\u00a0\u00bb][et_pb_video src=\u00a0\u00bbhttps:\/\/youtu.be\/QDoQE8I_5z0&Prime; _builder_version=\u00a0\u00bb4.9.4&Prime; _module_preset=\u00a0\u00bbdefault\u00a0\u00bb hover_enabled=\u00a0\u00bb0&Prime; sticky_enabled=\u00a0\u00bb0&Prime;][\/et_pb_video][\/et_pb_column][et_pb_column type=\u00a0\u00bb1_2&Prime; _builder_version=\u00a0\u00bb4.7.7&Prime; _module_preset=\u00a0\u00bbdefault\u00a0\u00bb][et_pb_text _builder_version=\u00a0\u00bb4.9.3&Prime; _module_preset=\u00a0\u00bbdefault\u00a0\u00bb]<\/p>\n<h2>Se concentrer sur la d\u00e9couverte de soi et r\u00e9clamer les services n\u00e9cessaires\u00a0: le trouble d\u00e9ficitaire de l&rsquo;attention<\/h2>\n<p>Donna Larivi\u00e8re est une Anishinabe de l&rsquo;Abitibi-T\u00e9miscamingue. Donna raconte comment elle a d\u00e9couvert et ma\u00eetris\u00e9 son d\u00e9ficit d&rsquo;attention et d\u00e9crit les effets qu&rsquo;il a sur sa vie \u00e0 la maison et au travail. Donna expose les strat\u00e9gies et les connaissances qu&rsquo;elle a acquises pour surmonter les obstacles et parvenir \u00e0 d\u00e9fendre ses int\u00e9r\u00eats.<\/p>\n<p>[\/et_pb_text][\/et_pb_column][\/et_pb_row][et_pb_row _builder_version=\u00a0\u00bb4.9.2&Prime; _module_preset=\u00a0\u00bbdefault\u00a0\u00bb][et_pb_column type=\u00a0\u00bb4_4&Prime; _builder_version=\u00a0\u00bb4.9.2&Prime; _module_preset=\u00a0\u00bbdefault\u00a0\u00bb][\/et_pb_column][\/et_pb_row][\/et_pb_section]<\/p>\n","protected":false},"excerpt":{"rendered":"<p>Les membres des communaut\u00e9s ont propos\u00e9 de raconter leur histoire en esp\u00e9rant ainsi tendre la main \u00e0 d&rsquo;autres personnes, afin qu&rsquo;elles sachent qu&rsquo;elles ne sont pas seules. En faisant part de ce qu&rsquo;ils ont v\u00e9cu en mati\u00e8re de d\u00e9fis, d&rsquo;obstacles, de succ\u00e8s et de soutien, leurs histoires de r\u00e9silience et de force offrent validation et [&hellip;]<\/p>\n","protected":false},"author":3,"featured_media":0,"parent":3844,"menu_order":2,"comment_status":"closed","ping_status":"closed","template":"","meta":{"_acf_changed":false,"_et_pb_use_builder":"on","_et_pb_old_content":"","_et_gb_content_width":"","footnotes":""},"class_list":["post-3842","page","type-page","status-publish","hentry"],"acf":[],"yoast_head":"<!-- This site is optimized with the Yoast SEO plugin v27.4 - https:\/\/yoast.com\/product\/yoast-seo-wordpress\/ -->\n<title>Voix des communaut\u00e9s - Nisidotam<\/title>\n<meta name=\"robots\" content=\"index, follow, max-snippet:-1, max-image-preview:large, max-video-preview:-1\" \/>\n<link rel=\"canonical\" href=\"https:\/\/nisidotam.ca\/fr\/bibliotheque-de-ressources\/voix-des-communautes\/\" \/>\n<meta property=\"og:locale\" content=\"fr_FR\" \/>\n<meta property=\"og:type\" content=\"article\" \/>\n<meta property=\"og:title\" content=\"Voix des communaut\u00e9s - Nisidotam\" \/>\n<meta property=\"og:description\" content=\"Les membres des communaut\u00e9s ont propos\u00e9 de raconter leur histoire en esp\u00e9rant ainsi tendre la main \u00e0 d&#039;autres personnes, afin qu&#039;elles sachent qu&#039;elles ne sont pas seules. En faisant part de ce qu&#039;ils ont v\u00e9cu en mati\u00e8re de d\u00e9fis, d&#039;obstacles, de succ\u00e8s et de soutien, leurs histoires de r\u00e9silience et de force offrent validation et [&hellip;]\" \/>\n<meta property=\"og:url\" content=\"https:\/\/nisidotam.ca\/fr\/bibliotheque-de-ressources\/voix-des-communautes\/\" \/>\n<meta property=\"og:site_name\" content=\"Nisidotam\" \/>\n<meta property=\"article:modified_time\" content=\"2021-04-15T15:32:00+00:00\" \/>\n<meta name=\"twitter:card\" content=\"summary_large_image\" \/>\n<meta name=\"twitter:label1\" content=\"Dur\u00e9e de lecture estim\u00e9e\" \/>\n\t<meta name=\"twitter:data1\" content=\"6 minutes\" \/>\n<script type=\"application\/ld+json\" class=\"yoast-schema-graph\">{\"@context\":\"https:\\\/\\\/schema.org\",\"@graph\":[{\"@type\":\"WebPage\",\"@id\":\"https:\\\/\\\/nisidotam.ca\\\/fr\\\/bibliotheque-de-ressources\\\/voix-des-communautes\\\/\",\"url\":\"https:\\\/\\\/nisidotam.ca\\\/fr\\\/bibliotheque-de-ressources\\\/voix-des-communautes\\\/\",\"name\":\"Voix des communaut\u00e9s - Nisidotam\",\"isPartOf\":{\"@id\":\"https:\\\/\\\/nisidotam.ca\\\/fr\\\/#website\"},\"datePublished\":\"2021-04-06T20:38:32+00:00\",\"dateModified\":\"2021-04-15T15:32:00+00:00\",\"breadcrumb\":{\"@id\":\"https:\\\/\\\/nisidotam.ca\\\/fr\\\/bibliotheque-de-ressources\\\/voix-des-communautes\\\/#breadcrumb\"},\"inLanguage\":\"fr-FR\",\"potentialAction\":[{\"@type\":\"ReadAction\",\"target\":[\"https:\\\/\\\/nisidotam.ca\\\/fr\\\/bibliotheque-de-ressources\\\/voix-des-communautes\\\/\"]}]},{\"@type\":\"BreadcrumbList\",\"@id\":\"https:\\\/\\\/nisidotam.ca\\\/fr\\\/bibliotheque-de-ressources\\\/voix-des-communautes\\\/#breadcrumb\",\"itemListElement\":[{\"@type\":\"ListItem\",\"position\":1,\"name\":\"Home\",\"item\":\"https:\\\/\\\/nisidotam.ca\\\/fr\\\/\"},{\"@type\":\"ListItem\",\"position\":2,\"name\":\"Biblioth\u00e8que de ressources\",\"item\":\"https:\\\/\\\/nisidotam.ca\\\/fr\\\/resource-library\\\/\"},{\"@type\":\"ListItem\",\"position\":3,\"name\":\"Voix des communaut\u00e9s\"}]},{\"@type\":\"WebSite\",\"@id\":\"https:\\\/\\\/nisidotam.ca\\\/fr\\\/#website\",\"url\":\"https:\\\/\\\/nisidotam.ca\\\/fr\\\/\",\"name\":\"Nisidotam\",\"description\":\"Understanding Disability in the Nations\",\"potentialAction\":[{\"@type\":\"SearchAction\",\"target\":{\"@type\":\"EntryPoint\",\"urlTemplate\":\"https:\\\/\\\/nisidotam.ca\\\/fr\\\/?s={search_term_string}\"},\"query-input\":{\"@type\":\"PropertyValueSpecification\",\"valueRequired\":true,\"valueName\":\"search_term_string\"}}],\"inLanguage\":\"fr-FR\"}]}<\/script>\n<!-- \/ Yoast SEO plugin. -->","yoast_head_json":{"title":"Voix des communaut\u00e9s - Nisidotam","robots":{"index":"index","follow":"follow","max-snippet":"max-snippet:-1","max-image-preview":"max-image-preview:large","max-video-preview":"max-video-preview:-1"},"canonical":"https:\/\/nisidotam.ca\/fr\/bibliotheque-de-ressources\/voix-des-communautes\/","og_locale":"fr_FR","og_type":"article","og_title":"Voix des communaut\u00e9s - Nisidotam","og_description":"Les membres des communaut\u00e9s ont propos\u00e9 de raconter leur histoire en esp\u00e9rant ainsi tendre la main \u00e0 d'autres personnes, afin qu'elles sachent qu'elles ne sont pas seules. En faisant part de ce qu'ils ont v\u00e9cu en mati\u00e8re de d\u00e9fis, d'obstacles, de succ\u00e8s et de soutien, leurs histoires de r\u00e9silience et de force offrent validation et [&hellip;]","og_url":"https:\/\/nisidotam.ca\/fr\/bibliotheque-de-ressources\/voix-des-communautes\/","og_site_name":"Nisidotam","article_modified_time":"2021-04-15T15:32:00+00:00","twitter_card":"summary_large_image","twitter_misc":{"Dur\u00e9e de lecture estim\u00e9e":"6 minutes"},"schema":{"@context":"https:\/\/schema.org","@graph":[{"@type":"WebPage","@id":"https:\/\/nisidotam.ca\/fr\/bibliotheque-de-ressources\/voix-des-communautes\/","url":"https:\/\/nisidotam.ca\/fr\/bibliotheque-de-ressources\/voix-des-communautes\/","name":"Voix des communaut\u00e9s - Nisidotam","isPartOf":{"@id":"https:\/\/nisidotam.ca\/fr\/#website"},"datePublished":"2021-04-06T20:38:32+00:00","dateModified":"2021-04-15T15:32:00+00:00","breadcrumb":{"@id":"https:\/\/nisidotam.ca\/fr\/bibliotheque-de-ressources\/voix-des-communautes\/#breadcrumb"},"inLanguage":"fr-FR","potentialAction":[{"@type":"ReadAction","target":["https:\/\/nisidotam.ca\/fr\/bibliotheque-de-ressources\/voix-des-communautes\/"]}]},{"@type":"BreadcrumbList","@id":"https:\/\/nisidotam.ca\/fr\/bibliotheque-de-ressources\/voix-des-communautes\/#breadcrumb","itemListElement":[{"@type":"ListItem","position":1,"name":"Home","item":"https:\/\/nisidotam.ca\/fr\/"},{"@type":"ListItem","position":2,"name":"Biblioth\u00e8que de ressources","item":"https:\/\/nisidotam.ca\/fr\/resource-library\/"},{"@type":"ListItem","position":3,"name":"Voix des communaut\u00e9s"}]},{"@type":"WebSite","@id":"https:\/\/nisidotam.ca\/fr\/#website","url":"https:\/\/nisidotam.ca\/fr\/","name":"Nisidotam","description":"Understanding Disability in the Nations","potentialAction":[{"@type":"SearchAction","target":{"@type":"EntryPoint","urlTemplate":"https:\/\/nisidotam.ca\/fr\/?s={search_term_string}"},"query-input":{"@type":"PropertyValueSpecification","valueRequired":true,"valueName":"search_term_string"}}],"inLanguage":"fr-FR"}]}},"_links":{"self":[{"href":"https:\/\/nisidotam.ca\/fr\/wp-json\/wp\/v2\/pages\/3842","targetHints":{"allow":["GET"]}}],"collection":[{"href":"https:\/\/nisidotam.ca\/fr\/wp-json\/wp\/v2\/pages"}],"about":[{"href":"https:\/\/nisidotam.ca\/fr\/wp-json\/wp\/v2\/types\/page"}],"author":[{"embeddable":true,"href":"https:\/\/nisidotam.ca\/fr\/wp-json\/wp\/v2\/users\/3"}],"replies":[{"embeddable":true,"href":"https:\/\/nisidotam.ca\/fr\/wp-json\/wp\/v2\/comments?post=3842"}],"version-history":[{"count":6,"href":"https:\/\/nisidotam.ca\/fr\/wp-json\/wp\/v2\/pages\/3842\/revisions"}],"predecessor-version":[{"id":4872,"href":"https:\/\/nisidotam.ca\/fr\/wp-json\/wp\/v2\/pages\/3842\/revisions\/4872"}],"up":[{"embeddable":true,"href":"https:\/\/nisidotam.ca\/fr\/wp-json\/wp\/v2\/pages\/3844"}],"wp:attachment":[{"href":"https:\/\/nisidotam.ca\/fr\/wp-json\/wp\/v2\/media?parent=3842"}],"curies":[{"name":"wp","href":"https:\/\/api.w.org\/{rel}","templated":true}]}}