{"id":3829,"date":"2021-04-06T20:34:29","date_gmt":"2021-04-06T20:34:29","guid":{"rendered":"https:\/\/nisidotam.ca\/?page_id=3829"},"modified":"2021-04-19T02:35:31","modified_gmt":"2021-04-19T07:35:31","slug":"formation-par-simulation","status":"publish","type":"page","link":"https:\/\/nisidotam.ca\/fr\/formation-par-simulation\/","title":{"rendered":"Formation par simulation"},"content":{"rendered":"<p>[et_pb_section fb_built=\u00a0\u00bb1&Prime; fullwidth=\u00a0\u00bbon\u00a0\u00bb _builder_version=\u00a0\u00bb4.7.7&Prime; _module_preset=\u00a0\u00bbdefault\u00a0\u00bb][et_pb_fullwidth_header title=\u00a0\u00bbOutils de formation par simulation\u00a0\u00bb header_image_url=\u00a0\u00bbhttps:\/\/nisidotam.ca\/wp-content\/uploads\/2021\/03\/reeds-843366_1920.jpg\u00a0\u00bb _builder_version=\u00a0\u00bb4.9.4&Prime; _module_preset=\u00a0\u00bbdefault\u00a0\u00bb title_text_color=\u00a0\u00bbrgba(0,25,5,0.89)\u00a0\u00bb background_color=\u00a0\u00bbrgba(249,223,127,0.78)\u00a0\u00bb background_color_gradient_direction=\u00a0\u00bb154deg\u00a0\u00bb background_layout=\u00a0\u00bblight\u00a0\u00bb custom_padding=\u00a0\u00bb0px||0px||true|\u00a0\u00bb hover_enabled=\u00a0\u00bb0&Prime; sticky_enabled=\u00a0\u00bb0&Prime;]<\/p>\n<p>&nbsp;<\/p>\n<p>Explorez les outils de formation que nous avons con\u00e7us \u00e0 partir de sc\u00e9narios provenant des communaut\u00e9s, afin de fournir un contenu pertinent sur le handicap et des activit\u00e9s d&rsquo;apprentissage interactives.<\/p>\n<p>Ces outils exclusifs ont \u00e9t\u00e9 \u00e9labor\u00e9s en fonction des besoins de formation \u00e0 distance adapt\u00e9e au rythme de chacun. Les professionnels du soutien peuvent \u00e9galement utiliser ces outils pour amorcer un dialogue, faire de la sensibilisation, et renforcer le mouvement en faveur de l&rsquo;inclusion dans les communaut\u00e9s.<\/p>\n<p>[\/et_pb_fullwidth_header][et_pb_fullwidth_menu menu_id=\u00a0\u00bb41&Prime; menu_style=\u00a0\u00bbcentered\u00a0\u00bb fullwidth_menu=\u00a0\u00bbon\u00a0\u00bb active_link_color=\u00a0\u00bb#E02B20&Prime; _builder_version=\u00a0\u00bb4.9.4&Prime; _module_preset=\u00a0\u00bbdefault\u00a0\u00bb menu_text_color=\u00a0\u00bb#000000&Prime; menu_font_size=\u00a0\u00bb18px\u00a0\u00bb background_color=\u00a0\u00bbRGBA(249,223,127,0.78)\u00a0\u00bb custom_margin=\u00a0\u00bb|||0px|false|false\u00a0\u00bb custom_padding=\u00a0\u00bb|0px||0px|false|false\u00a0\u00bb locked=\u00a0\u00bboff\u00a0\u00bb][\/et_pb_fullwidth_menu][\/et_pb_section][et_pb_section fb_built=\u00a0\u00bb1&Prime; _builder_version=\u00a0\u00bb4.9.2&Prime; _module_preset=\u00a0\u00bbdefault\u00a0\u00bb][et_pb_row column_structure=\u00a0\u00bb1_2,1_2&Prime; _builder_version=\u00a0\u00bb4.9.2&Prime; _module_preset=\u00a0\u00bbdefault\u00a0\u00bb][et_pb_column type=\u00a0\u00bb1_2&Prime; _builder_version=\u00a0\u00bb4.9.2&Prime; _module_preset=\u00a0\u00bbdefault\u00a0\u00bb][et_pb_image src=\u00a0\u00bbhttps:\/\/nisidotam.ca\/wp-content\/uploads\/2021\/03\/Landing-Page-Training-Tool.png\u00a0\u00bb title_text=\u00a0\u00bbLanding Page Training Tool\u00a0\u00bb _builder_version=\u00a0\u00bb4.9.2&Prime; _module_preset=\u00a0\u00bbdefault\u00a0\u00bb][\/et_pb_image][\/et_pb_column][et_pb_column type=\u00a0\u00bb1_2&Prime; _builder_version=\u00a0\u00bb4.9.2&Prime; _module_preset=\u00a0\u00bbdefault\u00a0\u00bb][et_pb_text _builder_version=\u00a0\u00bb4.9.4&Prime; _module_preset=\u00a0\u00bbdefault\u00a0\u00bb custom_padding=\u00a0\u00bb0px|||||\u00a0\u00bb hover_enabled=\u00a0\u00bb0&Prime; sticky_enabled=\u00a0\u00bb0&Prime;]<\/p>\n<h1>Outils de formation par simulation<\/h1>\n<p>Les outils de formation interactifs simulent des situations rencontr\u00e9es par les professionnels du soutien et les personnes en situation de handicap dans leur recherche d&#8217;emploi et de formation. Ces outils ont pour but d&rsquo;accro\u00eetre la sensibilisation et les comp\u00e9tences n\u00e9cessaires pour r\u00e9pondre aux besoins des clients vivant avec un handicap. Tout au long de la formation, les utilisateurs peuvent s\u00e9lectionner des actions \u00e0 poser et ils re\u00e7oivent une r\u00e9troaction correspondant \u00e0 leurs choix. Ils apprennent ainsi par l&rsquo;exp\u00e9rimentation.<\/p>\n<p>[\/et_pb_text][et_pb_button button_url=\u00a0\u00bbhttps:\/\/nisidotam.ca\/simulation-trainings-app\/\u00a0\u00bb url_new_window=\u00a0\u00bbon\u00a0\u00bb button_text=\u00a0\u00bbLancez les outils\u00a0\u00bb _builder_version=\u00a0\u00bb4.9.4&Prime; _module_preset=\u00a0\u00bbdefault\u00a0\u00bb locked=\u00a0\u00bboff\u00a0\u00bb][\/et_pb_button][\/et_pb_column][\/et_pb_row][\/et_pb_section]<\/p>\n","protected":false},"excerpt":{"rendered":"<p>&nbsp; Explorez les outils de formation que nous avons con\u00e7us \u00e0 partir de sc\u00e9narios provenant des communaut\u00e9s, afin de fournir un contenu pertinent sur le handicap et des activit\u00e9s d&rsquo;apprentissage interactives. Ces outils exclusifs ont \u00e9t\u00e9 \u00e9labor\u00e9s en fonction des besoins de formation \u00e0 distance adapt\u00e9e au rythme de chacun. Les professionnels du soutien peuvent [&hellip;]<\/p>\n","protected":false},"author":3,"featured_media":0,"parent":0,"menu_order":20,"comment_status":"closed","ping_status":"closed","template":"","meta":{"_acf_changed":false,"_et_pb_use_builder":"on","_et_pb_old_content":"","_et_gb_content_width":"","footnotes":""},"class_list":["post-3829","page","type-page","status-publish","hentry"],"acf":[],"yoast_head":"<!-- This site is optimized with the Yoast SEO plugin v27.4 - https:\/\/yoast.com\/product\/yoast-seo-wordpress\/ -->\n<title>Formation par simulation - Nisidotam<\/title>\n<meta name=\"robots\" content=\"index, follow, max-snippet:-1, max-image-preview:large, max-video-preview:-1\" \/>\n<link rel=\"canonical\" href=\"https:\/\/nisidotam.ca\/fr\/formation-par-simulation\/\" \/>\n<meta property=\"og:locale\" content=\"fr_FR\" \/>\n<meta property=\"og:type\" content=\"article\" \/>\n<meta property=\"og:title\" content=\"Formation par simulation - Nisidotam\" \/>\n<meta property=\"og:description\" content=\"&nbsp; Explorez les outils de formation que nous avons con\u00e7us \u00e0 partir de sc\u00e9narios provenant des communaut\u00e9s, afin de fournir un contenu pertinent sur le handicap et des activit\u00e9s d&#039;apprentissage interactives. Ces outils exclusifs ont \u00e9t\u00e9 \u00e9labor\u00e9s en fonction des besoins de formation \u00e0 distance adapt\u00e9e au rythme de chacun. Les professionnels du soutien peuvent [&hellip;]\" \/>\n<meta property=\"og:url\" content=\"https:\/\/nisidotam.ca\/fr\/formation-par-simulation\/\" \/>\n<meta property=\"og:site_name\" content=\"Nisidotam\" \/>\n<meta property=\"article:modified_time\" content=\"2021-04-19T07:35:31+00:00\" \/>\n<meta name=\"twitter:card\" content=\"summary_large_image\" \/>\n<meta name=\"twitter:label1\" content=\"Dur\u00e9e de lecture estim\u00e9e\" \/>\n\t<meta name=\"twitter:data1\" content=\"2 minutes\" \/>\n<script type=\"application\/ld+json\" class=\"yoast-schema-graph\">{\"@context\":\"https:\\\/\\\/schema.org\",\"@graph\":[{\"@type\":\"WebPage\",\"@id\":\"https:\\\/\\\/nisidotam.ca\\\/fr\\\/formation-par-simulation\\\/\",\"url\":\"https:\\\/\\\/nisidotam.ca\\\/fr\\\/formation-par-simulation\\\/\",\"name\":\"Formation par simulation - Nisidotam\",\"isPartOf\":{\"@id\":\"https:\\\/\\\/nisidotam.ca\\\/fr\\\/#website\"},\"datePublished\":\"2021-04-06T20:34:29+00:00\",\"dateModified\":\"2021-04-19T07:35:31+00:00\",\"breadcrumb\":{\"@id\":\"https:\\\/\\\/nisidotam.ca\\\/fr\\\/formation-par-simulation\\\/#breadcrumb\"},\"inLanguage\":\"fr-FR\",\"potentialAction\":[{\"@type\":\"ReadAction\",\"target\":[\"https:\\\/\\\/nisidotam.ca\\\/fr\\\/formation-par-simulation\\\/\"]}]},{\"@type\":\"BreadcrumbList\",\"@id\":\"https:\\\/\\\/nisidotam.ca\\\/fr\\\/formation-par-simulation\\\/#breadcrumb\",\"itemListElement\":[{\"@type\":\"ListItem\",\"position\":1,\"name\":\"Home\",\"item\":\"https:\\\/\\\/nisidotam.ca\\\/fr\\\/\"},{\"@type\":\"ListItem\",\"position\":2,\"name\":\"Formation par simulation\"}]},{\"@type\":\"WebSite\",\"@id\":\"https:\\\/\\\/nisidotam.ca\\\/fr\\\/#website\",\"url\":\"https:\\\/\\\/nisidotam.ca\\\/fr\\\/\",\"name\":\"Nisidotam\",\"description\":\"Understanding Disability in the Nations\",\"potentialAction\":[{\"@type\":\"SearchAction\",\"target\":{\"@type\":\"EntryPoint\",\"urlTemplate\":\"https:\\\/\\\/nisidotam.ca\\\/fr\\\/?s={search_term_string}\"},\"query-input\":{\"@type\":\"PropertyValueSpecification\",\"valueRequired\":true,\"valueName\":\"search_term_string\"}}],\"inLanguage\":\"fr-FR\"}]}<\/script>\n<!-- \/ Yoast SEO plugin. -->","yoast_head_json":{"title":"Formation par simulation - Nisidotam","robots":{"index":"index","follow":"follow","max-snippet":"max-snippet:-1","max-image-preview":"max-image-preview:large","max-video-preview":"max-video-preview:-1"},"canonical":"https:\/\/nisidotam.ca\/fr\/formation-par-simulation\/","og_locale":"fr_FR","og_type":"article","og_title":"Formation par simulation - Nisidotam","og_description":"&nbsp; Explorez les outils de formation que nous avons con\u00e7us \u00e0 partir de sc\u00e9narios provenant des communaut\u00e9s, afin de fournir un contenu pertinent sur le handicap et des activit\u00e9s d'apprentissage interactives. Ces outils exclusifs ont \u00e9t\u00e9 \u00e9labor\u00e9s en fonction des besoins de formation \u00e0 distance adapt\u00e9e au rythme de chacun. Les professionnels du soutien peuvent [&hellip;]","og_url":"https:\/\/nisidotam.ca\/fr\/formation-par-simulation\/","og_site_name":"Nisidotam","article_modified_time":"2021-04-19T07:35:31+00:00","twitter_card":"summary_large_image","twitter_misc":{"Dur\u00e9e de lecture estim\u00e9e":"2 minutes"},"schema":{"@context":"https:\/\/schema.org","@graph":[{"@type":"WebPage","@id":"https:\/\/nisidotam.ca\/fr\/formation-par-simulation\/","url":"https:\/\/nisidotam.ca\/fr\/formation-par-simulation\/","name":"Formation par simulation - Nisidotam","isPartOf":{"@id":"https:\/\/nisidotam.ca\/fr\/#website"},"datePublished":"2021-04-06T20:34:29+00:00","dateModified":"2021-04-19T07:35:31+00:00","breadcrumb":{"@id":"https:\/\/nisidotam.ca\/fr\/formation-par-simulation\/#breadcrumb"},"inLanguage":"fr-FR","potentialAction":[{"@type":"ReadAction","target":["https:\/\/nisidotam.ca\/fr\/formation-par-simulation\/"]}]},{"@type":"BreadcrumbList","@id":"https:\/\/nisidotam.ca\/fr\/formation-par-simulation\/#breadcrumb","itemListElement":[{"@type":"ListItem","position":1,"name":"Home","item":"https:\/\/nisidotam.ca\/fr\/"},{"@type":"ListItem","position":2,"name":"Formation par simulation"}]},{"@type":"WebSite","@id":"https:\/\/nisidotam.ca\/fr\/#website","url":"https:\/\/nisidotam.ca\/fr\/","name":"Nisidotam","description":"Understanding Disability in the Nations","potentialAction":[{"@type":"SearchAction","target":{"@type":"EntryPoint","urlTemplate":"https:\/\/nisidotam.ca\/fr\/?s={search_term_string}"},"query-input":{"@type":"PropertyValueSpecification","valueRequired":true,"valueName":"search_term_string"}}],"inLanguage":"fr-FR"}]}},"_links":{"self":[{"href":"https:\/\/nisidotam.ca\/fr\/wp-json\/wp\/v2\/pages\/3829","targetHints":{"allow":["GET"]}}],"collection":[{"href":"https:\/\/nisidotam.ca\/fr\/wp-json\/wp\/v2\/pages"}],"about":[{"href":"https:\/\/nisidotam.ca\/fr\/wp-json\/wp\/v2\/types\/page"}],"author":[{"embeddable":true,"href":"https:\/\/nisidotam.ca\/fr\/wp-json\/wp\/v2\/users\/3"}],"replies":[{"embeddable":true,"href":"https:\/\/nisidotam.ca\/fr\/wp-json\/wp\/v2\/comments?post=3829"}],"version-history":[{"count":6,"href":"https:\/\/nisidotam.ca\/fr\/wp-json\/wp\/v2\/pages\/3829\/revisions"}],"predecessor-version":[{"id":5120,"href":"https:\/\/nisidotam.ca\/fr\/wp-json\/wp\/v2\/pages\/3829\/revisions\/5120"}],"wp:attachment":[{"href":"https:\/\/nisidotam.ca\/fr\/wp-json\/wp\/v2\/media?parent=3829"}],"curies":[{"name":"wp","href":"https:\/\/api.w.org\/{rel}","templated":true}]}}