{"id":3778,"date":"2021-04-06T20:26:31","date_gmt":"2021-04-06T20:26:31","guid":{"rendered":"https:\/\/nisidotam.ca\/?page_id=3778"},"modified":"2021-04-12T07:44:17","modified_gmt":"2021-04-12T07:44:17","slug":"submerge-prenez-une-pause","status":"publish","type":"page","link":"https:\/\/nisidotam.ca\/fr\/submerge-prenez-une-pause\/","title":{"rendered":"Submerg\u00e9? Prenez une pause"},"content":{"rendered":"<p>[et_pb_section fb_built=\u00a0\u00bb1&Prime; _builder_version=\u00a0\u00bb4.4.5&Prime; custom_padding=\u00a0\u00bb35px||35px||true|\u00a0\u00bb][et_pb_row _builder_version=\u00a0\u00bb4.4.5&Prime; max_width=\u00a0\u00bb600px\u00a0\u00bb module_alignment=\u00a0\u00bbcenter\u00a0\u00bb custom_margin=\u00a0\u00bb|auto||auto|true|false\u00a0\u00bb custom_padding=\u00a0\u00bb15px||15px||true|false\u00a0\u00bb][et_pb_column type=\u00a0\u00bb4_4&Prime; _builder_version=\u00a0\u00bb4.4.5&Prime;][et_pb_text _builder_version=\u00a0\u00bb4.9.3&Prime; text_font_size=\u00a0\u00bb1.2em\u00a0\u00bb hover_enabled=\u00a0\u00bb0&Prime; sticky_enabled=\u00a0\u00bb0&Prime;]<\/p>\n<p style=\"text-align: center;\">En explorant les outils d&rsquo;apprentissage propos\u00e9s dans le pr\u00e9sent site Web, vous pourriez tomber sur des sujets que vous trouvez \u00e9prouvants ou difficiles sur le plan intellectuel ou \u00e9motif.<\/p>\n<p style=\"text-align: center;\">Si c\u2019est le cas, appuyez sur le bouton <strong>Submerg\u00e9? Prenez une pause.<br \/><\/strong>Cliquez \u00e0 l\u2019ext\u00e9rieur de la fen\u00eatre pour la d\u00e9sactiver.<\/p>\n<p>[\/et_pb_text][\/et_pb_column][\/et_pb_row][et_pb_row _builder_version=\u00a0\u00bb4.4.7&Prime; custom_margin=\u00a0\u00bb|auto||auto|true|false\u00a0\u00bb custom_padding=\u00a0\u00bb15px||15px||true|false\u00a0\u00bb][et_pb_column type=\u00a0\u00bb4_4&Prime; _builder_version=\u00a0\u00bb4.4.7&Prime;][et_pb_text _builder_version=\u00a0\u00bb4.9.3&Prime; hover_enabled=\u00a0\u00bb0&Prime; sticky_enabled=\u00a0\u00bb0&Prime;]<\/p>\n<h2 style=\"text-align: center;\">Divergence d&rsquo;opinions<\/h2>\n<p>[\/et_pb_text][et_pb_button button_url=\u00a0\u00bb@ET-DC@eyJkeW5hbWljIjp0cnVlLCJjb250ZW50IjoicG9zdF9saW5rX3VybF9wYWdlIiwic2V0dGluZ3MiOnsicG9zdF9pZCI6IjE1NCJ9fQ==@\u00a0\u00bb button_text=\u00a0\u00bbParlez-nous\u00a0\u00bb button_alignment=\u00a0\u00bbcenter\u00a0\u00bb _builder_version=\u00a0\u00bb4.9.3&Prime; _dynamic_attributes=\u00a0\u00bbbutton_url\u00a0\u00bb hover_enabled=\u00a0\u00bb0&Prime; sticky_enabled=\u00a0\u00bb0&Prime;][\/et_pb_button][et_pb_text _builder_version=\u00a0\u00bb4.9.3&Prime; hover_enabled=\u00a0\u00bb0&Prime; sticky_enabled=\u00a0\u00bb0&Prime;]<\/p>\n<h2 style=\"text-align: center;\">Situation d\u00e9stabilisante<\/h2>\n<p>[\/et_pb_text][et_pb_button button_url=\u00a0\u00bb@ET-DC@eyJkeW5hbWljIjp0cnVlLCJjb250ZW50IjoicG9zdF9saW5rX3VybF9wYWdlIiwic2V0dGluZ3MiOnsicG9zdF9pZCI6IjE0OSJ9fQ==@\u00a0\u00bb button_text=\u00a0\u00bbFaites une pause et recentrez-vous\u00a0\u00bb button_alignment=\u00a0\u00bbcenter\u00a0\u00bb _builder_version=\u00a0\u00bb4.9.3&Prime; _dynamic_attributes=\u00a0\u00bbbutton_url\u00a0\u00bb hover_enabled=\u00a0\u00bb0&Prime; sticky_enabled=\u00a0\u00bb0&Prime;][\/et_pb_button][et_pb_button button_url=\u00a0\u00bb@ET-DC@eyJkeW5hbWljIjp0cnVlLCJjb250ZW50IjoicG9zdF9saW5rX3VybF9wYWdlIiwic2V0dGluZ3MiOnsicG9zdF9pZCI6IjE1OSJ9fQ==@\u00a0\u00bb button_text=\u00a0\u00bbDemandez de l\u2019aide sans tarder\u00a0\u00bb button_alignment=\u00a0\u00bbcenter\u00a0\u00bb _builder_version=\u00a0\u00bb4.9.3&Prime; _dynamic_attributes=\u00a0\u00bbbutton_url\u00a0\u00bb hover_enabled=\u00a0\u00bb0&Prime; sticky_enabled=\u00a0\u00bb0&Prime;][\/et_pb_button][\/et_pb_column][\/et_pb_row][\/et_pb_section]<\/p>\n","protected":false},"excerpt":{"rendered":"<p>En explorant les outils d&rsquo;apprentissage propos\u00e9s dans le pr\u00e9sent site Web, vous pourriez tomber sur des sujets que vous trouvez \u00e9prouvants ou difficiles sur le plan intellectuel ou \u00e9motif. Si c\u2019est le cas, appuyez sur le bouton Submerg\u00e9? Prenez une pause.Cliquez \u00e0 l\u2019ext\u00e9rieur de la fen\u00eatre pour la d\u00e9sactiver.Divergence d&rsquo;opinionsSituation d\u00e9stabilisante<\/p>\n","protected":false},"author":1,"featured_media":0,"parent":0,"menu_order":26,"comment_status":"closed","ping_status":"closed","template":"","meta":{"_acf_changed":false,"_et_pb_use_builder":"on","_et_pb_old_content":"<!-- wp:divi\/placeholder -->\n[et_pb_section fb_built=\"1\" _builder_version=\"4.4.5\" custom_padding=\"35px||35px||true|\"][et_pb_row _builder_version=\"4.4.5\" max_width=\"600px\" module_alignment=\"center\" custom_margin=\"|auto||auto|true|false\" custom_padding=\"15px||15px||true|false\"][et_pb_column type=\"4_4\" _builder_version=\"4.4.5\"][et_pb_text _builder_version=\"4.4.5\" text_font_size=\"1.2em\"]<p style=\"text-align: center;\">As you interact with the learning tools on this website, it is possible that you will come across topics that you may find intellectually or emotionally challenging or difficult.<\/p>\n<p style=\"text-align: center;\">If this is the case, press the <strong>Overwhelmed? Take a Break<\/strong> button.<br \/> Click outside of this panel to close it.<\/p>[\/et_pb_text][\/et_pb_column][\/et_pb_row][et_pb_row _builder_version=\"4.4.7\" custom_margin=\"|auto||auto|true|false\" custom_padding=\"15px||15px||true|false\" hover_enabled=\"0\"][et_pb_column type=\"4_4\" _builder_version=\"4.4.7\" hover_enabled=\"0\"][et_pb_text _builder_version=\"4.4.7\" hover_enabled=\"0\"]<h2 style=\"text-align: center;\">Difference of Opinion<\/h2>\n[\/et_pb_text][et_pb_button button_url=\"@ET-DC@eyJkeW5hbWljIjp0cnVlLCJjb250ZW50IjoicG9zdF9saW5rX3VybF9wYWdlIiwic2V0dGluZ3MiOnsicG9zdF9pZCI6IjE1NCJ9fQ==@\" button_text=\"Talk to us\" _builder_version=\"4.4.7\" _dynamic_attributes=\"button_url\" hover_enabled=\"0\" button_alignment=\"center\"][\/et_pb_button][et_pb_text _builder_version=\"4.4.7\" hover_enabled=\"0\"]<h2 style=\"text-align: center;\">Emotionally Upsetting<\/h2>\n[\/et_pb_text][et_pb_button button_url=\"@ET-DC@eyJkeW5hbWljIjp0cnVlLCJjb250ZW50IjoicG9zdF9saW5rX3VybF9wYWdlIiwic2V0dGluZ3MiOnsicG9zdF9pZCI6IjE0OSJ9fQ==@\" button_text=\"Take a break and refocus\" _builder_version=\"4.4.5\" _dynamic_attributes=\"button_url\" button_alignment=\"center\"][\/et_pb_button][et_pb_button button_url=\"@ET-DC@eyJkeW5hbWljIjp0cnVlLCJjb250ZW50IjoicG9zdF9saW5rX3VybF9wYWdlIiwic2V0dGluZ3MiOnsicG9zdF9pZCI6IjE1OSJ9fQ==@\" button_text=\"Ask for immediate support\" _builder_version=\"4.4.5\" _dynamic_attributes=\"button_url\" button_alignment=\"center\"][\/et_pb_button][\/et_pb_column][\/et_pb_row][\/et_pb_section]\n<!-- \/wp:divi\/placeholder -->","_et_gb_content_width":"","footnotes":""},"class_list":["post-3778","page","type-page","status-publish","hentry"],"acf":[],"yoast_head":"<!-- This site is optimized with the Yoast SEO plugin v27.4 - https:\/\/yoast.com\/product\/yoast-seo-wordpress\/ -->\n<title>Submerg\u00e9? Prenez une pause - Nisidotam<\/title>\n<meta name=\"robots\" content=\"index, follow, max-snippet:-1, max-image-preview:large, max-video-preview:-1\" \/>\n<link rel=\"canonical\" href=\"https:\/\/nisidotam.ca\/fr\/submerge-prenez-une-pause\/\" \/>\n<meta property=\"og:locale\" content=\"fr_FR\" \/>\n<meta property=\"og:type\" content=\"article\" \/>\n<meta property=\"og:title\" content=\"Submerg\u00e9? Prenez une pause - Nisidotam\" \/>\n<meta property=\"og:description\" content=\"En explorant les outils d&#039;apprentissage propos\u00e9s dans le pr\u00e9sent site Web, vous pourriez tomber sur des sujets que vous trouvez \u00e9prouvants ou difficiles sur le plan intellectuel ou \u00e9motif. Si c\u2019est le cas, appuyez sur le bouton Submerg\u00e9? Prenez une pause.Cliquez \u00e0 l\u2019ext\u00e9rieur de la fen\u00eatre pour la d\u00e9sactiver.Divergence d&#039;opinionsSituation d\u00e9stabilisante\" \/>\n<meta property=\"og:url\" content=\"https:\/\/nisidotam.ca\/fr\/submerge-prenez-une-pause\/\" \/>\n<meta property=\"og:site_name\" content=\"Nisidotam\" \/>\n<meta property=\"article:modified_time\" content=\"2021-04-12T07:44:17+00:00\" \/>\n<meta name=\"twitter:card\" content=\"summary_large_image\" \/>\n<meta name=\"twitter:label1\" content=\"Dur\u00e9e de lecture estim\u00e9e\" \/>\n\t<meta name=\"twitter:data1\" content=\"2 minutes\" \/>\n<script type=\"application\/ld+json\" class=\"yoast-schema-graph\">{\"@context\":\"https:\\\/\\\/schema.org\",\"@graph\":[{\"@type\":\"WebPage\",\"@id\":\"https:\\\/\\\/nisidotam.ca\\\/fr\\\/submerge-prenez-une-pause\\\/\",\"url\":\"https:\\\/\\\/nisidotam.ca\\\/fr\\\/submerge-prenez-une-pause\\\/\",\"name\":\"Submerg\u00e9? Prenez une pause - Nisidotam\",\"isPartOf\":{\"@id\":\"https:\\\/\\\/nisidotam.ca\\\/fr\\\/#website\"},\"datePublished\":\"2021-04-06T20:26:31+00:00\",\"dateModified\":\"2021-04-12T07:44:17+00:00\",\"breadcrumb\":{\"@id\":\"https:\\\/\\\/nisidotam.ca\\\/fr\\\/submerge-prenez-une-pause\\\/#breadcrumb\"},\"inLanguage\":\"fr-FR\",\"potentialAction\":[{\"@type\":\"ReadAction\",\"target\":[\"https:\\\/\\\/nisidotam.ca\\\/fr\\\/submerge-prenez-une-pause\\\/\"]}]},{\"@type\":\"BreadcrumbList\",\"@id\":\"https:\\\/\\\/nisidotam.ca\\\/fr\\\/submerge-prenez-une-pause\\\/#breadcrumb\",\"itemListElement\":[{\"@type\":\"ListItem\",\"position\":1,\"name\":\"Home\",\"item\":\"https:\\\/\\\/nisidotam.ca\\\/fr\\\/\"},{\"@type\":\"ListItem\",\"position\":2,\"name\":\"Submerg\u00e9? Prenez une pause\"}]},{\"@type\":\"WebSite\",\"@id\":\"https:\\\/\\\/nisidotam.ca\\\/fr\\\/#website\",\"url\":\"https:\\\/\\\/nisidotam.ca\\\/fr\\\/\",\"name\":\"Nisidotam\",\"description\":\"Understanding Disability in the Nations\",\"potentialAction\":[{\"@type\":\"SearchAction\",\"target\":{\"@type\":\"EntryPoint\",\"urlTemplate\":\"https:\\\/\\\/nisidotam.ca\\\/fr\\\/?s={search_term_string}\"},\"query-input\":{\"@type\":\"PropertyValueSpecification\",\"valueRequired\":true,\"valueName\":\"search_term_string\"}}],\"inLanguage\":\"fr-FR\"}]}<\/script>\n<!-- \/ Yoast SEO plugin. -->","yoast_head_json":{"title":"Submerg\u00e9? Prenez une pause - Nisidotam","robots":{"index":"index","follow":"follow","max-snippet":"max-snippet:-1","max-image-preview":"max-image-preview:large","max-video-preview":"max-video-preview:-1"},"canonical":"https:\/\/nisidotam.ca\/fr\/submerge-prenez-une-pause\/","og_locale":"fr_FR","og_type":"article","og_title":"Submerg\u00e9? Prenez une pause - Nisidotam","og_description":"En explorant les outils d'apprentissage propos\u00e9s dans le pr\u00e9sent site Web, vous pourriez tomber sur des sujets que vous trouvez \u00e9prouvants ou difficiles sur le plan intellectuel ou \u00e9motif. Si c\u2019est le cas, appuyez sur le bouton Submerg\u00e9? Prenez une pause.Cliquez \u00e0 l\u2019ext\u00e9rieur de la fen\u00eatre pour la d\u00e9sactiver.Divergence d'opinionsSituation d\u00e9stabilisante","og_url":"https:\/\/nisidotam.ca\/fr\/submerge-prenez-une-pause\/","og_site_name":"Nisidotam","article_modified_time":"2021-04-12T07:44:17+00:00","twitter_card":"summary_large_image","twitter_misc":{"Dur\u00e9e de lecture estim\u00e9e":"2 minutes"},"schema":{"@context":"https:\/\/schema.org","@graph":[{"@type":"WebPage","@id":"https:\/\/nisidotam.ca\/fr\/submerge-prenez-une-pause\/","url":"https:\/\/nisidotam.ca\/fr\/submerge-prenez-une-pause\/","name":"Submerg\u00e9? Prenez une pause - Nisidotam","isPartOf":{"@id":"https:\/\/nisidotam.ca\/fr\/#website"},"datePublished":"2021-04-06T20:26:31+00:00","dateModified":"2021-04-12T07:44:17+00:00","breadcrumb":{"@id":"https:\/\/nisidotam.ca\/fr\/submerge-prenez-une-pause\/#breadcrumb"},"inLanguage":"fr-FR","potentialAction":[{"@type":"ReadAction","target":["https:\/\/nisidotam.ca\/fr\/submerge-prenez-une-pause\/"]}]},{"@type":"BreadcrumbList","@id":"https:\/\/nisidotam.ca\/fr\/submerge-prenez-une-pause\/#breadcrumb","itemListElement":[{"@type":"ListItem","position":1,"name":"Home","item":"https:\/\/nisidotam.ca\/fr\/"},{"@type":"ListItem","position":2,"name":"Submerg\u00e9? Prenez une pause"}]},{"@type":"WebSite","@id":"https:\/\/nisidotam.ca\/fr\/#website","url":"https:\/\/nisidotam.ca\/fr\/","name":"Nisidotam","description":"Understanding Disability in the Nations","potentialAction":[{"@type":"SearchAction","target":{"@type":"EntryPoint","urlTemplate":"https:\/\/nisidotam.ca\/fr\/?s={search_term_string}"},"query-input":{"@type":"PropertyValueSpecification","valueRequired":true,"valueName":"search_term_string"}}],"inLanguage":"fr-FR"}]}},"_links":{"self":[{"href":"https:\/\/nisidotam.ca\/fr\/wp-json\/wp\/v2\/pages\/3778","targetHints":{"allow":["GET"]}}],"collection":[{"href":"https:\/\/nisidotam.ca\/fr\/wp-json\/wp\/v2\/pages"}],"about":[{"href":"https:\/\/nisidotam.ca\/fr\/wp-json\/wp\/v2\/types\/page"}],"author":[{"embeddable":true,"href":"https:\/\/nisidotam.ca\/fr\/wp-json\/wp\/v2\/users\/1"}],"replies":[{"embeddable":true,"href":"https:\/\/nisidotam.ca\/fr\/wp-json\/wp\/v2\/comments?post=3778"}],"version-history":[{"count":6,"href":"https:\/\/nisidotam.ca\/fr\/wp-json\/wp\/v2\/pages\/3778\/revisions"}],"predecessor-version":[{"id":4638,"href":"https:\/\/nisidotam.ca\/fr\/wp-json\/wp\/v2\/pages\/3778\/revisions\/4638"}],"wp:attachment":[{"href":"https:\/\/nisidotam.ca\/fr\/wp-json\/wp\/v2\/media?parent=3778"}],"curies":[{"name":"wp","href":"https:\/\/api.w.org\/{rel}","templated":true}]}}