{"id":3775,"date":"2021-04-06T20:25:55","date_gmt":"2021-04-06T20:25:55","guid":{"rendered":"https:\/\/nisidotam.ca\/?page_id=3775"},"modified":"2021-04-15T13:21:21","modified_gmt":"2021-04-15T13:21:21","slug":"soutien-immediat","status":"publish","type":"page","link":"https:\/\/nisidotam.ca\/fr\/submerge-prenez-une-pause\/soutien-immediat\/","title":{"rendered":"Soutien imm\u00e9diat"},"content":{"rendered":"<p>[et_pb_section fb_built=\u00a0\u00bb1&Prime; fullwidth=\u00a0\u00bbon\u00a0\u00bb _builder_version=\u00a0\u00bb4.4.4&Prime;][et_pb_fullwidth_header title=\u00a0\u00bbSoutien imm\u00e9diat\u00a0\u00bb _builder_version=\u00a0\u00bb4.9.3&Prime; background_color=\u00a0\u00bbRGBA(0,25,5,0.89)\u00a0\u00bb title_text_align=\u00a0\u00bbcenter\u00a0\u00bb title_font_size=\u00a0\u00bb35px\u00a0\u00bb][\/et_pb_fullwidth_header][\/et_pb_section][et_pb_section fb_built=\u00a0\u00bb1&Prime; _builder_version=\u00a0\u00bb4.4.5&Prime;][et_pb_row _builder_version=\u00a0\u00bb4.4.5&Prime;][et_pb_column type=\u00a0\u00bb4_4&Prime; _builder_version=\u00a0\u00bb4.4.5&Prime;][et_pb_text _builder_version=\u00a0\u00bb4.9.4&Prime; _module_preset=\u00a0\u00bbdefault\u00a0\u00bb text_orientation=\u00a0\u00bbcenter\u00a0\u00bb]<\/p>\n<p>Veuillez noter que les r\u00e9ponses ou les activit\u00e9s dans cette plateforme\u00a0ne sont pas mod\u00e9r\u00e9es.<\/p>\n<h3>Si vous \u00eates en situation de crise ou avez besoin d&rsquo;une aide m\u00e9dicale urgente,<br \/>appelez imm\u00e9diatement le <strong>911 ou les services d&rsquo;urgence de votre communaut\u00e9<\/strong><\/h3>\n<p>Vous pouvez \u00e9galement contacter la ligne d&rsquo;\u00e9coute d&rsquo;<strong>Espoir pour le mieux-\u00eatre<\/strong> au <a href=\"tel:18552423310\">1-855-242-3310<\/a><\/p>\n<p>ou visiter le site <a href=\"https:\/\/www.espoirpourlemieuxetre.ca\/\" target=\"_blank\" rel=\"noopener\">www.espoirpourlemieuxetre.ca<\/a><\/p>\n<p>[\/et_pb_text][\/et_pb_column][\/et_pb_row][\/et_pb_section]<\/p>\n","protected":false},"excerpt":{"rendered":"<p>Veuillez noter que les r\u00e9ponses ou les activit\u00e9s dans cette plateforme\u00a0ne sont pas mod\u00e9r\u00e9es. Si vous \u00eates en situation de crise ou avez besoin d&rsquo;une aide m\u00e9dicale urgente,appelez imm\u00e9diatement le 911 ou les services d&rsquo;urgence de votre communaut\u00e9 Vous pouvez \u00e9galement contacter la ligne d&rsquo;\u00e9coute d&rsquo;Espoir pour le mieux-\u00eatre au 1-855-242-3310 ou visiter le site [&hellip;]<\/p>\n","protected":false},"author":1,"featured_media":0,"parent":3778,"menu_order":3,"comment_status":"closed","ping_status":"closed","template":"","meta":{"_acf_changed":false,"_et_pb_use_builder":"on","_et_pb_old_content":"[et_pb_section fb_built=\"1\" fullwidth=\"on\" _builder_version=\"4.4.4\"][et_pb_fullwidth_header title=\"Immediate support\" _builder_version=\"4.4.5\" hover_enabled=\"0\"][\/et_pb_fullwidth_header][\/et_pb_section][et_pb_section fb_built=\"1\" _builder_version=\"4.4.5\"][et_pb_row _builder_version=\"4.4.5\"][et_pb_column _builder_version=\"4.4.5\" type=\"4_4\"][et_pb_text _builder_version=\"4.4.5\" hover_enabled=\"0\"]\n<p style=\"text-align: center;\">Please note that any responses or activity on this platform are not being monitored.\nIf you are in crisis, or worried about harm to yourself or others in any way, we urge you to contact immediate support services.<\/p>\n<p style=\"text-align: center;\"><strong>\n<\/strong><\/p>\n<p style=\"text-align: center;\"><strong>Call 911 if you are in immediate danger <\/strong>\n<strong>or need of urgent medical support<\/strong><\/p>\n<p style=\"text-align: center;\">Reach out to Hope for Wellness at&nbsp;<a href=\"tel:1-855-242-3310\">1-855-242-3310<\/a><\/p>\n<p style=\"text-align: center;\"><a href=\"https:\/\/www.hopeforwellness.ca\/\">Or visit https:\/\/www.hopeforwellness.ca\/<\/a><\/p>\n[\/et_pb_text][\/et_pb_column][\/et_pb_row][\/et_pb_section]","_et_gb_content_width":"","footnotes":""},"class_list":["post-3775","page","type-page","status-publish","hentry"],"acf":[],"yoast_head":"<!-- This site is optimized with the Yoast SEO plugin v27.4 - https:\/\/yoast.com\/product\/yoast-seo-wordpress\/ -->\n<title>Soutien imm\u00e9diat - Nisidotam<\/title>\n<meta name=\"robots\" content=\"index, follow, max-snippet:-1, max-image-preview:large, max-video-preview:-1\" \/>\n<link rel=\"canonical\" href=\"https:\/\/nisidotam.ca\/fr\/submerge-prenez-une-pause\/soutien-immediat\/\" \/>\n<meta property=\"og:locale\" content=\"fr_FR\" \/>\n<meta property=\"og:type\" content=\"article\" \/>\n<meta property=\"og:title\" content=\"Soutien imm\u00e9diat - Nisidotam\" \/>\n<meta property=\"og:description\" content=\"Veuillez noter que les r\u00e9ponses ou les activit\u00e9s dans cette plateforme\u00a0ne sont pas mod\u00e9r\u00e9es. Si vous \u00eates en situation de crise ou avez besoin d&#039;une aide m\u00e9dicale urgente,appelez imm\u00e9diatement le 911 ou les services d&#039;urgence de votre communaut\u00e9 Vous pouvez \u00e9galement contacter la ligne d&#039;\u00e9coute d&#039;Espoir pour le mieux-\u00eatre au 1-855-242-3310 ou visiter le site [&hellip;]\" \/>\n<meta property=\"og:url\" content=\"https:\/\/nisidotam.ca\/fr\/submerge-prenez-une-pause\/soutien-immediat\/\" \/>\n<meta property=\"og:site_name\" content=\"Nisidotam\" \/>\n<meta property=\"article:modified_time\" content=\"2021-04-15T13:21:21+00:00\" \/>\n<meta name=\"twitter:card\" content=\"summary_large_image\" \/>\n<meta name=\"twitter:label1\" content=\"Dur\u00e9e de lecture estim\u00e9e\" \/>\n\t<meta name=\"twitter:data1\" content=\"1 minute\" \/>\n<script type=\"application\/ld+json\" class=\"yoast-schema-graph\">{\"@context\":\"https:\\\/\\\/schema.org\",\"@graph\":[{\"@type\":\"WebPage\",\"@id\":\"https:\\\/\\\/nisidotam.ca\\\/fr\\\/submerge-prenez-une-pause\\\/soutien-immediat\\\/\",\"url\":\"https:\\\/\\\/nisidotam.ca\\\/fr\\\/submerge-prenez-une-pause\\\/soutien-immediat\\\/\",\"name\":\"Soutien imm\u00e9diat - Nisidotam\",\"isPartOf\":{\"@id\":\"https:\\\/\\\/nisidotam.ca\\\/fr\\\/#website\"},\"datePublished\":\"2021-04-06T20:25:55+00:00\",\"dateModified\":\"2021-04-15T13:21:21+00:00\",\"breadcrumb\":{\"@id\":\"https:\\\/\\\/nisidotam.ca\\\/fr\\\/submerge-prenez-une-pause\\\/soutien-immediat\\\/#breadcrumb\"},\"inLanguage\":\"fr-FR\",\"potentialAction\":[{\"@type\":\"ReadAction\",\"target\":[\"https:\\\/\\\/nisidotam.ca\\\/fr\\\/submerge-prenez-une-pause\\\/soutien-immediat\\\/\"]}]},{\"@type\":\"BreadcrumbList\",\"@id\":\"https:\\\/\\\/nisidotam.ca\\\/fr\\\/submerge-prenez-une-pause\\\/soutien-immediat\\\/#breadcrumb\",\"itemListElement\":[{\"@type\":\"ListItem\",\"position\":1,\"name\":\"Home\",\"item\":\"https:\\\/\\\/nisidotam.ca\\\/fr\\\/\"},{\"@type\":\"ListItem\",\"position\":2,\"name\":\"Submerg\u00e9? Prenez une pause\",\"item\":\"https:\\\/\\\/nisidotam.ca\\\/fr\\\/submerge-prenez-une-pause\\\/\"},{\"@type\":\"ListItem\",\"position\":3,\"name\":\"Soutien imm\u00e9diat\"}]},{\"@type\":\"WebSite\",\"@id\":\"https:\\\/\\\/nisidotam.ca\\\/fr\\\/#website\",\"url\":\"https:\\\/\\\/nisidotam.ca\\\/fr\\\/\",\"name\":\"Nisidotam\",\"description\":\"Understanding Disability in the Nations\",\"potentialAction\":[{\"@type\":\"SearchAction\",\"target\":{\"@type\":\"EntryPoint\",\"urlTemplate\":\"https:\\\/\\\/nisidotam.ca\\\/fr\\\/?s={search_term_string}\"},\"query-input\":{\"@type\":\"PropertyValueSpecification\",\"valueRequired\":true,\"valueName\":\"search_term_string\"}}],\"inLanguage\":\"fr-FR\"}]}<\/script>\n<!-- \/ Yoast SEO plugin. -->","yoast_head_json":{"title":"Soutien imm\u00e9diat - Nisidotam","robots":{"index":"index","follow":"follow","max-snippet":"max-snippet:-1","max-image-preview":"max-image-preview:large","max-video-preview":"max-video-preview:-1"},"canonical":"https:\/\/nisidotam.ca\/fr\/submerge-prenez-une-pause\/soutien-immediat\/","og_locale":"fr_FR","og_type":"article","og_title":"Soutien imm\u00e9diat - Nisidotam","og_description":"Veuillez noter que les r\u00e9ponses ou les activit\u00e9s dans cette plateforme\u00a0ne sont pas mod\u00e9r\u00e9es. Si vous \u00eates en situation de crise ou avez besoin d'une aide m\u00e9dicale urgente,appelez imm\u00e9diatement le 911 ou les services d'urgence de votre communaut\u00e9 Vous pouvez \u00e9galement contacter la ligne d'\u00e9coute d'Espoir pour le mieux-\u00eatre au 1-855-242-3310 ou visiter le site [&hellip;]","og_url":"https:\/\/nisidotam.ca\/fr\/submerge-prenez-une-pause\/soutien-immediat\/","og_site_name":"Nisidotam","article_modified_time":"2021-04-15T13:21:21+00:00","twitter_card":"summary_large_image","twitter_misc":{"Dur\u00e9e de lecture estim\u00e9e":"1 minute"},"schema":{"@context":"https:\/\/schema.org","@graph":[{"@type":"WebPage","@id":"https:\/\/nisidotam.ca\/fr\/submerge-prenez-une-pause\/soutien-immediat\/","url":"https:\/\/nisidotam.ca\/fr\/submerge-prenez-une-pause\/soutien-immediat\/","name":"Soutien imm\u00e9diat - Nisidotam","isPartOf":{"@id":"https:\/\/nisidotam.ca\/fr\/#website"},"datePublished":"2021-04-06T20:25:55+00:00","dateModified":"2021-04-15T13:21:21+00:00","breadcrumb":{"@id":"https:\/\/nisidotam.ca\/fr\/submerge-prenez-une-pause\/soutien-immediat\/#breadcrumb"},"inLanguage":"fr-FR","potentialAction":[{"@type":"ReadAction","target":["https:\/\/nisidotam.ca\/fr\/submerge-prenez-une-pause\/soutien-immediat\/"]}]},{"@type":"BreadcrumbList","@id":"https:\/\/nisidotam.ca\/fr\/submerge-prenez-une-pause\/soutien-immediat\/#breadcrumb","itemListElement":[{"@type":"ListItem","position":1,"name":"Home","item":"https:\/\/nisidotam.ca\/fr\/"},{"@type":"ListItem","position":2,"name":"Submerg\u00e9? Prenez une pause","item":"https:\/\/nisidotam.ca\/fr\/submerge-prenez-une-pause\/"},{"@type":"ListItem","position":3,"name":"Soutien imm\u00e9diat"}]},{"@type":"WebSite","@id":"https:\/\/nisidotam.ca\/fr\/#website","url":"https:\/\/nisidotam.ca\/fr\/","name":"Nisidotam","description":"Understanding Disability in the Nations","potentialAction":[{"@type":"SearchAction","target":{"@type":"EntryPoint","urlTemplate":"https:\/\/nisidotam.ca\/fr\/?s={search_term_string}"},"query-input":{"@type":"PropertyValueSpecification","valueRequired":true,"valueName":"search_term_string"}}],"inLanguage":"fr-FR"}]}},"_links":{"self":[{"href":"https:\/\/nisidotam.ca\/fr\/wp-json\/wp\/v2\/pages\/3775","targetHints":{"allow":["GET"]}}],"collection":[{"href":"https:\/\/nisidotam.ca\/fr\/wp-json\/wp\/v2\/pages"}],"about":[{"href":"https:\/\/nisidotam.ca\/fr\/wp-json\/wp\/v2\/types\/page"}],"author":[{"embeddable":true,"href":"https:\/\/nisidotam.ca\/fr\/wp-json\/wp\/v2\/users\/1"}],"replies":[{"embeddable":true,"href":"https:\/\/nisidotam.ca\/fr\/wp-json\/wp\/v2\/comments?post=3775"}],"version-history":[{"count":6,"href":"https:\/\/nisidotam.ca\/fr\/wp-json\/wp\/v2\/pages\/3775\/revisions"}],"predecessor-version":[{"id":4854,"href":"https:\/\/nisidotam.ca\/fr\/wp-json\/wp\/v2\/pages\/3775\/revisions\/4854"}],"up":[{"embeddable":true,"href":"https:\/\/nisidotam.ca\/fr\/wp-json\/wp\/v2\/pages\/3778"}],"wp:attachment":[{"href":"https:\/\/nisidotam.ca\/fr\/wp-json\/wp\/v2\/media?parent=3775"}],"curies":[{"name":"wp","href":"https:\/\/api.w.org\/{rel}","templated":true}]}}