{"id":3771,"date":"2021-04-06T20:23:54","date_gmt":"2021-04-06T20:23:54","guid":{"rendered":"https:\/\/nisidotam.ca\/?page_id=3771"},"modified":"2021-05-10T09:17:23","modified_gmt":"2021-05-10T14:17:23","slug":"nisidotam-definir-le-handicap","status":"publish","type":"page","link":"https:\/\/nisidotam.ca\/fr\/quest-ce-que-le-handicap\/nisidotam-definir-le-handicap\/","title":{"rendered":"Nisidotam: D\u00e9finir le handicap"},"content":{"rendered":"<p>[et_pb_section fb_built=\u00a0\u00bb1&Prime; fullwidth=\u00a0\u00bbon\u00a0\u00bb _builder_version=\u00a0\u00bb4.7.7&Prime; _module_preset=\u00a0\u00bbdefault\u00a0\u00bb][et_pb_fullwidth_header header_image_url=\u00a0\u00bbhttps:\/\/nisidotam.ca\/wp-content\/uploads\/2021\/02\/sunrise-4672487_1920.jpg\u00a0\u00bb _builder_version=\u00a0\u00bb4.9.3&Prime; _module_preset=\u00a0\u00bbdefault\u00a0\u00bb background_color=\u00a0\u00bbrgba(0,25,5,0.89)\u00a0\u00bb background_color_gradient_direction=\u00a0\u00bb154deg\u00a0\u00bb custom_padding=\u00a0\u00bb0px||0px||true|\u00a0\u00bb]<\/p>\n<h1 class=\"et_pb_module_header\">Nisidotam: D\u00e9finir le handicap<\/h1>\n<div class=\"et_pb_header_content_wrapper\">\n<p>Comprendre le handicap est un processus qui \u00e9volue \u00e0 mesure que change la vie quotidienne des personnes et des communaut\u00e9s ou que varient l&rsquo;acc\u00e8s aux traitements ou au soutien et leur qualit\u00e9. Dans la section suivante, vous trouverez une d\u00e9finition compl\u00e8te du handicap ainsi que des exemples d&rsquo;obstacles et de facilitateurs fournis par des personnes issues des communaut\u00e9s.<\/p>\n<\/div>\n<p>[\/et_pb_fullwidth_header][et_pb_fullwidth_menu menu_id=\u00a0\u00bb26&Prime; fullwidth_menu=\u00a0\u00bbon\u00a0\u00bb active_link_color=\u00a0\u00bb#edf000&Prime; menu_icon_color=\u00a0\u00bb#ffffff\u00a0\u00bb _builder_version=\u00a0\u00bb4.9.2&Prime; _module_preset=\u00a0\u00bbdefault\u00a0\u00bb menu_font_size=\u00a0\u00bb18px\u00a0\u00bb menu_letter_spacing=\u00a0\u00bb1px\u00a0\u00bb background_color=\u00a0\u00bbrgba(0,25,5,0.89)\u00a0\u00bb text_orientation=\u00a0\u00bbcenter\u00a0\u00bb background_layout=\u00a0\u00bbdark\u00a0\u00bb custom_margin=\u00a0\u00bb|||0px|false|false\u00a0\u00bb custom_padding=\u00a0\u00bb|||0px|false|false\u00a0\u00bb custom_css_menu_link=\u00a0\u00bbpadding-right: 30px;\u00a0\u00bb saved_tabs=\u00a0\u00bball\u00a0\u00bb locked=\u00a0\u00bboff\u00a0\u00bb][\/et_pb_fullwidth_menu][\/et_pb_section][et_pb_section fb_built=\u00a0\u00bb1&Prime; _builder_version=\u00a0\u00bb4.7.7&Prime; _module_preset=\u00a0\u00bbdefault\u00a0\u00bb][et_pb_row _builder_version=\u00a0\u00bb4.7.7&Prime; _module_preset=\u00a0\u00bbdefault\u00a0\u00bb][et_pb_column type=\u00a0\u00bb4_4&Prime; _builder_version=\u00a0\u00bb4.7.7&Prime; _module_preset=\u00a0\u00bbdefault\u00a0\u00bb][et_pb_text _builder_version=\u00a0\u00bb4.9.4&Prime; _module_preset=\u00a0\u00bbdefault\u00a0\u00bb]<\/p>\n<h1>Comprendre le handicap<\/h1>\n<p>Le handicap est un concept tr\u00e8s large qui s\u2019applique \u00e0 un vaste \u00e9ventail de groupes de personnes. Les personnes en situation de handicap, m\u00eame lorsqu&rsquo;elles pr\u00e9sentent la m\u00eame condition, ne forment pas un groupe homog\u00e8ne; elles peuvent ou non partager quelque chose en commun avec d&rsquo;autres personnes vivant avec un handicap.\u00a0<\/p>\n<p>[\/et_pb_text][\/et_pb_column][\/et_pb_row][\/et_pb_section][et_pb_section fb_built=\u00a0\u00bb1&Prime; _builder_version=\u00a0\u00bb4.9.2&Prime; _module_preset=\u00a0\u00bbdefault\u00a0\u00bb custom_padding=\u00a0\u00bb||52px|||\u00a0\u00bb][et_pb_row column_structure=\u00a0\u00bb1_2,1_2&Prime; _builder_version=\u00a0\u00bb4.9.2&Prime; _module_preset=\u00a0\u00bbdefault\u00a0\u00bb][et_pb_column type=\u00a0\u00bb1_2&Prime; _builder_version=\u00a0\u00bb4.9.2&Prime; _module_preset=\u00a0\u00bbdefault\u00a0\u00bb][et_pb_image src=\u00a0\u00bbhttps:\/\/nisidotam.ca\/wp-content\/uploads\/2021\/02\/inclusion-5249903_1920-2.png\u00a0\u00bb title_text=\u00a0\u00bbdes gens se tenant la main au lever du soleil\u00a0\u00bb _builder_version=\u00a0\u00bb4.9.4&Prime; _module_preset=\u00a0\u00bbdefault\u00a0\u00bb background_color=\u00a0\u00bb#C80E04&Prime; use_background_color_gradient=\u00a0\u00bbon\u00a0\u00bb background_color_gradient_start=\u00a0\u00bb#e02b20&Prime; background_color_gradient_end=\u00a0\u00bb#ffffff\u00a0\u00bb custom_padding=\u00a0\u00bb60px|20px|60px|20px|false|false\u00a0\u00bb hover_enabled=\u00a0\u00bb0&Prime; alt=\u00a0\u00bbdes gens se tiennent la main au lever du soleil\u00a0\u00bb sticky_enabled=\u00a0\u00bb0&Prime;][\/et_pb_image][\/et_pb_column][et_pb_column type=\u00a0\u00bb1_2&Prime; _builder_version=\u00a0\u00bb4.9.2&Prime; _module_preset=\u00a0\u00bbdefault\u00a0\u00bb][et_pb_text _builder_version=\u00a0\u00bb4.9.4&Prime; _module_preset=\u00a0\u00bbdefault\u00a0\u00bb]<\/p>\n<h3>Comprendre le handicap et fournir du soutien<\/h3>\n<p>En tant que professionnels du soutien et alli\u00e9s, il ne suffit pas de conna\u00eetre le type de handicap d&rsquo;une personne pour d\u00e9terminer comment la soutenir, interagir avec elle ou la traiter. La seule fa\u00e7on d&rsquo;y parvenir est d&rsquo;apprendre \u00e0 conna\u00eetre les besoins et les meilleures fa\u00e7ons d&rsquo;apporter un soutien. Cela devrait \u00eatre un voyage que nous faisons ensemble, chacun identifiant les attentes et les r\u00f4les.<\/p>\n<p>Les personnes peuvent b\u00e9n\u00e9ficier d&rsquo;un soutien, d&rsquo;une th\u00e9rapie et d&rsquo;une r\u00e9adaptation, mais cela doit \u00e9galement aller de pair avec une attention particuli\u00e8re \u00e0 l&rsquo;environnement. Pour une inclusion et une participation totale des personnes en situation de handicap dans la famille, la communaut\u00e9 et la soci\u00e9t\u00e9, il est tout aussi important de comprendre et de pouvoir identifier les obstacles actuels \u00e0 leur acc\u00e8s.<\/p>\n<p>[\/et_pb_text][et_pb_button button_url=\u00a0\u00bbhttps:\/\/nisidotam.ca\/fr\/quest-ce-que-le-handicap\/nisidotam-definir-le-handicap\/nisidotam-definir-handicap-fiche-info\/\u00a0\u00bb button_text=\u00a0\u00bbPoursuivez votre lecture\u00a0\u00bb _builder_version=\u00a0\u00bb4.9.4&Prime; _module_preset=\u00a0\u00bbdefault\u00a0\u00bb locked=\u00a0\u00bboff\u00a0\u00bb][\/et_pb_button][\/et_pb_column][\/et_pb_row][\/et_pb_section][et_pb_section fb_built=\u00a0\u00bb1&Prime; _builder_version=\u00a0\u00bb4.7.7&Prime; _module_preset=\u00a0\u00bbdefault\u00a0\u00bb][et_pb_row column_structure=\u00a0\u00bb2_5,3_5&Prime; _builder_version=\u00a0\u00bb4.7.7&Prime; _module_preset=\u00a0\u00bbdefault\u00a0\u00bb][et_pb_column type=\u00a0\u00bb2_5&Prime; _builder_version=\u00a0\u00bb4.7.7&Prime; _module_preset=\u00a0\u00bbdefault\u00a0\u00bb][et_pb_text _builder_version=\u00a0\u00bb4.9.4&Prime; _module_preset=\u00a0\u00bbdefault\u00a0\u00bb]<\/p>\n<h2>Module d&rsquo;apprentissage vid\u00e9o<\/h2>\n<p><span><\/span><\/p>\n<p><span>Le module\u00a0d\u2019apprentissage suivant pr\u00e9sente un r\u00e9sum\u00e9 de tous les \u00e9l\u00e9ments cl\u00e9s d\u2019une d\u00e9finition int\u00e9gr\u00e9e du handicap. Enrichi par les connaissances traditionnelles et situ\u00e9 dans un contexte autochtone contemporain, ce module d\u2019apprentissage fournit un cadre pertinent permettant d\u2019approfondir sa compr\u00e9hension.<\/span><\/p>\n<p>[\/et_pb_text][\/et_pb_column][et_pb_column type=\u00a0\u00bb3_5&Prime; _builder_version=\u00a0\u00bb4.7.7&Prime; _module_preset=\u00a0\u00bbdefault\u00a0\u00bb][et_pb_video src=\u00a0\u00bbhttps:\/\/youtu.be\/iPvmmnVf0OM\u00a0\u00bb _builder_version=\u00a0\u00bb4.9.4&Prime; _module_preset=\u00a0\u00bbdefault\u00a0\u00bb][\/et_pb_video][\/et_pb_column][\/et_pb_row][\/et_pb_section]<\/p>\n","protected":false},"excerpt":{"rendered":"<p>Nisidotam: D\u00e9finir le handicap Comprendre le handicap est un processus qui \u00e9volue \u00e0 mesure que change la vie quotidienne des personnes et des communaut\u00e9s ou que varient l&rsquo;acc\u00e8s aux traitements ou au soutien et leur qualit\u00e9. Dans la section suivante, vous trouverez une d\u00e9finition compl\u00e8te du handicap ainsi que des exemples d&rsquo;obstacles et de facilitateurs [&hellip;]<\/p>\n","protected":false},"author":3,"featured_media":0,"parent":3549,"menu_order":0,"comment_status":"closed","ping_status":"closed","template":"","meta":{"_acf_changed":false,"_et_pb_use_builder":"on","_et_pb_old_content":"","_et_gb_content_width":"","footnotes":""},"class_list":["post-3771","page","type-page","status-publish","hentry"],"acf":[],"yoast_head":"<!-- This site is optimized with the Yoast SEO plugin v27.4 - https:\/\/yoast.com\/product\/yoast-seo-wordpress\/ -->\n<title>Nisidotam: D\u00e9finir le handicap - Nisidotam<\/title>\n<meta name=\"robots\" content=\"index, follow, max-snippet:-1, max-image-preview:large, max-video-preview:-1\" \/>\n<link rel=\"canonical\" href=\"https:\/\/nisidotam.ca\/fr\/quest-ce-que-le-handicap\/nisidotam-definir-le-handicap\/\" \/>\n<meta property=\"og:locale\" content=\"fr_FR\" \/>\n<meta property=\"og:type\" content=\"article\" \/>\n<meta property=\"og:title\" content=\"Nisidotam: D\u00e9finir le handicap - Nisidotam\" \/>\n<meta property=\"og:description\" content=\"Nisidotam: D\u00e9finir le handicap Comprendre le handicap est un processus qui \u00e9volue \u00e0 mesure que change la vie quotidienne des personnes et des communaut\u00e9s ou que varient l&#039;acc\u00e8s aux traitements ou au soutien et leur qualit\u00e9. Dans la section suivante, vous trouverez une d\u00e9finition compl\u00e8te du handicap ainsi que des exemples d&#039;obstacles et de facilitateurs [&hellip;]\" \/>\n<meta property=\"og:url\" content=\"https:\/\/nisidotam.ca\/fr\/quest-ce-que-le-handicap\/nisidotam-definir-le-handicap\/\" \/>\n<meta property=\"og:site_name\" content=\"Nisidotam\" \/>\n<meta property=\"article:modified_time\" content=\"2021-05-10T14:17:23+00:00\" \/>\n<meta name=\"twitter:card\" content=\"summary_large_image\" \/>\n<meta name=\"twitter:label1\" content=\"Dur\u00e9e de lecture estim\u00e9e\" \/>\n\t<meta name=\"twitter:data1\" content=\"4 minutes\" \/>\n<script type=\"application\/ld+json\" class=\"yoast-schema-graph\">{\"@context\":\"https:\\\/\\\/schema.org\",\"@graph\":[{\"@type\":\"WebPage\",\"@id\":\"https:\\\/\\\/nisidotam.ca\\\/fr\\\/quest-ce-que-le-handicap\\\/nisidotam-definir-le-handicap\\\/\",\"url\":\"https:\\\/\\\/nisidotam.ca\\\/fr\\\/quest-ce-que-le-handicap\\\/nisidotam-definir-le-handicap\\\/\",\"name\":\"Nisidotam: D\u00e9finir le handicap - Nisidotam\",\"isPartOf\":{\"@id\":\"https:\\\/\\\/nisidotam.ca\\\/fr\\\/#website\"},\"datePublished\":\"2021-04-06T20:23:54+00:00\",\"dateModified\":\"2021-05-10T14:17:23+00:00\",\"breadcrumb\":{\"@id\":\"https:\\\/\\\/nisidotam.ca\\\/fr\\\/quest-ce-que-le-handicap\\\/nisidotam-definir-le-handicap\\\/#breadcrumb\"},\"inLanguage\":\"fr-FR\",\"potentialAction\":[{\"@type\":\"ReadAction\",\"target\":[\"https:\\\/\\\/nisidotam.ca\\\/fr\\\/quest-ce-que-le-handicap\\\/nisidotam-definir-le-handicap\\\/\"]}]},{\"@type\":\"BreadcrumbList\",\"@id\":\"https:\\\/\\\/nisidotam.ca\\\/fr\\\/quest-ce-que-le-handicap\\\/nisidotam-definir-le-handicap\\\/#breadcrumb\",\"itemListElement\":[{\"@type\":\"ListItem\",\"position\":1,\"name\":\"Home\",\"item\":\"https:\\\/\\\/nisidotam.ca\\\/fr\\\/\"},{\"@type\":\"ListItem\",\"position\":2,\"name\":\"Qu&rsquo;est-ce que le handicap\",\"item\":\"https:\\\/\\\/nisidotam.ca\\\/fr\\\/quest-ce-que-le-handicap\\\/\"},{\"@type\":\"ListItem\",\"position\":3,\"name\":\"Nisidotam: D\u00e9finir le handicap\"}]},{\"@type\":\"WebSite\",\"@id\":\"https:\\\/\\\/nisidotam.ca\\\/fr\\\/#website\",\"url\":\"https:\\\/\\\/nisidotam.ca\\\/fr\\\/\",\"name\":\"Nisidotam\",\"description\":\"Understanding Disability in the Nations\",\"potentialAction\":[{\"@type\":\"SearchAction\",\"target\":{\"@type\":\"EntryPoint\",\"urlTemplate\":\"https:\\\/\\\/nisidotam.ca\\\/fr\\\/?s={search_term_string}\"},\"query-input\":{\"@type\":\"PropertyValueSpecification\",\"valueRequired\":true,\"valueName\":\"search_term_string\"}}],\"inLanguage\":\"fr-FR\"}]}<\/script>\n<!-- \/ Yoast SEO plugin. -->","yoast_head_json":{"title":"Nisidotam: D\u00e9finir le handicap - Nisidotam","robots":{"index":"index","follow":"follow","max-snippet":"max-snippet:-1","max-image-preview":"max-image-preview:large","max-video-preview":"max-video-preview:-1"},"canonical":"https:\/\/nisidotam.ca\/fr\/quest-ce-que-le-handicap\/nisidotam-definir-le-handicap\/","og_locale":"fr_FR","og_type":"article","og_title":"Nisidotam: D\u00e9finir le handicap - Nisidotam","og_description":"Nisidotam: D\u00e9finir le handicap Comprendre le handicap est un processus qui \u00e9volue \u00e0 mesure que change la vie quotidienne des personnes et des communaut\u00e9s ou que varient l'acc\u00e8s aux traitements ou au soutien et leur qualit\u00e9. Dans la section suivante, vous trouverez une d\u00e9finition compl\u00e8te du handicap ainsi que des exemples d'obstacles et de facilitateurs [&hellip;]","og_url":"https:\/\/nisidotam.ca\/fr\/quest-ce-que-le-handicap\/nisidotam-definir-le-handicap\/","og_site_name":"Nisidotam","article_modified_time":"2021-05-10T14:17:23+00:00","twitter_card":"summary_large_image","twitter_misc":{"Dur\u00e9e de lecture estim\u00e9e":"4 minutes"},"schema":{"@context":"https:\/\/schema.org","@graph":[{"@type":"WebPage","@id":"https:\/\/nisidotam.ca\/fr\/quest-ce-que-le-handicap\/nisidotam-definir-le-handicap\/","url":"https:\/\/nisidotam.ca\/fr\/quest-ce-que-le-handicap\/nisidotam-definir-le-handicap\/","name":"Nisidotam: D\u00e9finir le handicap - Nisidotam","isPartOf":{"@id":"https:\/\/nisidotam.ca\/fr\/#website"},"datePublished":"2021-04-06T20:23:54+00:00","dateModified":"2021-05-10T14:17:23+00:00","breadcrumb":{"@id":"https:\/\/nisidotam.ca\/fr\/quest-ce-que-le-handicap\/nisidotam-definir-le-handicap\/#breadcrumb"},"inLanguage":"fr-FR","potentialAction":[{"@type":"ReadAction","target":["https:\/\/nisidotam.ca\/fr\/quest-ce-que-le-handicap\/nisidotam-definir-le-handicap\/"]}]},{"@type":"BreadcrumbList","@id":"https:\/\/nisidotam.ca\/fr\/quest-ce-que-le-handicap\/nisidotam-definir-le-handicap\/#breadcrumb","itemListElement":[{"@type":"ListItem","position":1,"name":"Home","item":"https:\/\/nisidotam.ca\/fr\/"},{"@type":"ListItem","position":2,"name":"Qu&rsquo;est-ce que le handicap","item":"https:\/\/nisidotam.ca\/fr\/quest-ce-que-le-handicap\/"},{"@type":"ListItem","position":3,"name":"Nisidotam: D\u00e9finir le handicap"}]},{"@type":"WebSite","@id":"https:\/\/nisidotam.ca\/fr\/#website","url":"https:\/\/nisidotam.ca\/fr\/","name":"Nisidotam","description":"Understanding Disability in the Nations","potentialAction":[{"@type":"SearchAction","target":{"@type":"EntryPoint","urlTemplate":"https:\/\/nisidotam.ca\/fr\/?s={search_term_string}"},"query-input":{"@type":"PropertyValueSpecification","valueRequired":true,"valueName":"search_term_string"}}],"inLanguage":"fr-FR"}]}},"_links":{"self":[{"href":"https:\/\/nisidotam.ca\/fr\/wp-json\/wp\/v2\/pages\/3771","targetHints":{"allow":["GET"]}}],"collection":[{"href":"https:\/\/nisidotam.ca\/fr\/wp-json\/wp\/v2\/pages"}],"about":[{"href":"https:\/\/nisidotam.ca\/fr\/wp-json\/wp\/v2\/types\/page"}],"author":[{"embeddable":true,"href":"https:\/\/nisidotam.ca\/fr\/wp-json\/wp\/v2\/users\/3"}],"replies":[{"embeddable":true,"href":"https:\/\/nisidotam.ca\/fr\/wp-json\/wp\/v2\/comments?post=3771"}],"version-history":[{"count":8,"href":"https:\/\/nisidotam.ca\/fr\/wp-json\/wp\/v2\/pages\/3771\/revisions"}],"predecessor-version":[{"id":5386,"href":"https:\/\/nisidotam.ca\/fr\/wp-json\/wp\/v2\/pages\/3771\/revisions\/5386"}],"up":[{"embeddable":true,"href":"https:\/\/nisidotam.ca\/fr\/wp-json\/wp\/v2\/pages\/3549"}],"wp:attachment":[{"href":"https:\/\/nisidotam.ca\/fr\/wp-json\/wp\/v2\/media?parent=3771"}],"curies":[{"name":"wp","href":"https:\/\/api.w.org\/{rel}","templated":true}]}}