{"id":3767,"date":"2021-04-06T20:23:04","date_gmt":"2021-04-06T20:23:04","guid":{"rendered":"https:\/\/nisidotam.ca\/?page_id=3767"},"modified":"2021-05-10T09:48:47","modified_gmt":"2021-05-10T14:48:47","slug":"theories-courantes-sur-handicap","status":"publish","type":"page","link":"https:\/\/nisidotam.ca\/fr\/quest-ce-que-le-handicap\/theories-courantes-sur-handicap\/","title":{"rendered":"Th\u00e9ories courantes sur le handicap"},"content":{"rendered":"<p>[et_pb_section fb_built=\u00a0\u00bb1&Prime; fullwidth=\u00a0\u00bbon\u00a0\u00bb _builder_version=\u00a0\u00bb4.7.7&Prime; _module_preset=\u00a0\u00bbdefault\u00a0\u00bb][et_pb_fullwidth_header header_image_url=\u00a0\u00bbhttps:\/\/nisidotam.ca\/wp-content\/uploads\/2021\/02\/tree-3178162_1920.jpg\u00a0\u00bb _builder_version=\u00a0\u00bb4.9.3&Prime; _module_preset=\u00a0\u00bbdefault\u00a0\u00bb background_color=\u00a0\u00bbrgba(0,25,5,0.89)\u00a0\u00bb background_color_gradient_direction=\u00a0\u00bb154deg\u00a0\u00bb custom_padding=\u00a0\u00bb0px||0px||true|\u00a0\u00bb]<\/p>\n<h1 class=\"et_pb_module_header\">Th\u00e9ories courantes sur le handicap<\/h1>\n<div class=\"et_pb_header_content_wrapper\">\n<p><span>La perception <\/span>fa\u00e7onne les attitudes et influe sur le comportement. Apprenez-en davantage sur les trois mod\u00e8les du handicap les plus courants qui fa\u00e7onnent la perception et sur la fa\u00e7on dont les enseignements de la roue de m\u00e9decine peuvent compl\u00e9ter et bonifier ces points de vue.<\/p>\n<\/div>\n<div class=\"et_pb_header_content_wrapper\"><\/div>\n<p>[\/et_pb_fullwidth_header][et_pb_fullwidth_menu menu_id=\u00a0\u00bb26&Prime; fullwidth_menu=\u00a0\u00bbon\u00a0\u00bb active_link_color=\u00a0\u00bb#edf000&Prime; menu_icon_color=\u00a0\u00bb#ffffff\u00a0\u00bb _builder_version=\u00a0\u00bb4.9.2&Prime; _module_preset=\u00a0\u00bbdefault\u00a0\u00bb menu_font_size=\u00a0\u00bb18px\u00a0\u00bb menu_letter_spacing=\u00a0\u00bb1px\u00a0\u00bb background_color=\u00a0\u00bbrgba(0,25,5,0.89)\u00a0\u00bb text_orientation=\u00a0\u00bbcenter\u00a0\u00bb background_layout=\u00a0\u00bbdark\u00a0\u00bb custom_margin=\u00a0\u00bb|||0px|false|false\u00a0\u00bb custom_padding=\u00a0\u00bb|||0px|false|false\u00a0\u00bb custom_css_menu_link=\u00a0\u00bbpadding-right: 30px;\u00a0\u00bb saved_tabs=\u00a0\u00bball\u00a0\u00bb locked=\u00a0\u00bboff\u00a0\u00bb][\/et_pb_fullwidth_menu][\/et_pb_section][et_pb_section fb_built=\u00a0\u00bb1&Prime; _builder_version=\u00a0\u00bb4.7.7&Prime; _module_preset=\u00a0\u00bbdefault\u00a0\u00bb][et_pb_row _builder_version=\u00a0\u00bb4.7.7&Prime; _module_preset=\u00a0\u00bbdefault\u00a0\u00bb][et_pb_column type=\u00a0\u00bb4_4&Prime; _builder_version=\u00a0\u00bb4.7.7&Prime; _module_preset=\u00a0\u00bbdefault\u00a0\u00bb][et_pb_text _builder_version=\u00a0\u00bb4.9.3&Prime; _module_preset=\u00a0\u00bbdefault\u00a0\u00bb]<\/p>\n<h1>Th\u00e9ories courantes<\/h1>\n<p>Le mod\u00e8le m\u00e9dical, le mod\u00e8le social et le mod\u00e8le int\u00e9gr\u00e9 du handicap jouent un r\u00f4le important dans l&rsquo;information sur les traitements, les services, les programmes et l&rsquo;inclusion. C&rsquo;est pourquoi il importe de comprendre ces trois mod\u00e8les et les motivations qui sous-tendent l&rsquo;information que nous recevons. Les enseignements de la roue de m\u00e9decine ajoutent des niveaux de connaissance suppl\u00e9mentaires aux mod\u00e8les du handicap offrant ainsi une compr\u00e9hension encore plus holistique et compl\u00e8te du handicap et du bien-\u00eatre.<\/p>\n<p>[\/et_pb_text][\/et_pb_column][\/et_pb_row][\/et_pb_section][et_pb_section fb_built=\u00a0\u00bb1&Prime; _builder_version=\u00a0\u00bb4.9.2&Prime; _module_preset=\u00a0\u00bbdefault\u00a0\u00bb][et_pb_row column_structure=\u00a0\u00bb2_5,3_5&Prime; _builder_version=\u00a0\u00bb4.9.2&Prime; _module_preset=\u00a0\u00bbdefault\u00a0\u00bb][et_pb_column type=\u00a0\u00bb2_5&Prime; _builder_version=\u00a0\u00bb4.9.2&Prime; _module_preset=\u00a0\u00bbdefault\u00a0\u00bb][et_pb_image src=\u00a0\u00bbhttps:\/\/nisidotam.ca\/wp-content\/uploads\/2021\/03\/maple-325974_1280.jpg\u00a0\u00bb title_text=\u00a0\u00bbfeuilles d&rsquo;automne sous diff\u00e9rents angles\u00a0\u00bb show_bottom_space=\u00a0\u00bboff\u00a0\u00bb _builder_version=\u00a0\u00bb4.9.4&Prime; _module_preset=\u00a0\u00bbdefault\u00a0\u00bb hover_enabled=\u00a0\u00bb0&Prime; alt=\u00a0\u00bbles feuilles d&rsquo;automne offrent des perspectives diff\u00e9rentes\u00a0\u00bb sticky_enabled=\u00a0\u00bb0&Prime;][\/et_pb_image][\/et_pb_column][et_pb_column type=\u00a0\u00bb3_5&Prime; _builder_version=\u00a0\u00bb4.9.2&Prime; _module_preset=\u00a0\u00bbdefault\u00a0\u00bb][et_pb_text _builder_version=\u00a0\u00bb4.9.4&Prime; _module_preset=\u00a0\u00bbdefault\u00a0\u00bb]<\/p>\n<h1>Qu&rsquo;est-ce qui fa\u00e7onne le savoir?<\/h1>\n<p>Le mod\u00e8le m\u00e9dical, le mod\u00e8le social et le mod\u00e8le int\u00e9gr\u00e9 du handicap jouent un r\u00f4le important dans l&rsquo;information sur les traitements, les services, les programmes et l&rsquo;inclusion. C&rsquo;est pourquoi il importe de comprendre ces trois mod\u00e8les et les motivations qui sous-tendent l&rsquo;information que nous recevons.<\/p>\n<p>Les enseignements de la roue de m\u00e9decine ajoutent des niveaux de connaissance suppl\u00e9mentaires aux mod\u00e8les du handicap offrant ainsi une compr\u00e9hension encore plus holistique et compl\u00e8te du handicap et du bien-\u00eatre.<\/p>\n<p>[\/et_pb_text][et_pb_button button_url=\u00a0\u00bbhttps:\/\/nisidotam.ca\/fr\/quest-ce-que-le-handicap\/theories-courantes-sur-handicap\/theories-courantes-sur-handicap-fiche-info\/\u00a0\u00bb button_text=\u00a0\u00bbApprenez-en davantage\u00a0\u00bb button_alignment=\u00a0\u00bbleft\u00a0\u00bb _builder_version=\u00a0\u00bb4.9.4&Prime; _module_preset=\u00a0\u00bbdefault\u00a0\u00bb custom_button=\u00a0\u00bbon\u00a0\u00bb button_icon_placement_last_edited=\u00a0\u00bboff|desktop\u00a0\u00bb locked=\u00a0\u00bboff\u00a0\u00bb][\/et_pb_button][\/et_pb_column][\/et_pb_row][\/et_pb_section][et_pb_section fb_built=\u00a0\u00bb1&Prime; _builder_version=\u00a0\u00bb4.9.2&Prime; _module_preset=\u00a0\u00bbdefault\u00a0\u00bb min_height=\u00a0\u00bb727.6px\u00a0\u00bb custom_margin=\u00a0\u00bb||||false|false\u00a0\u00bb custom_padding=\u00a0\u00bb60px|||||\u00a0\u00bb locked=\u00a0\u00bboff\u00a0\u00bb][et_pb_row _builder_version=\u00a0\u00bb4.9.2&Prime; _module_preset=\u00a0\u00bbdefault\u00a0\u00bb][et_pb_column type=\u00a0\u00bb4_4&Prime; _builder_version=\u00a0\u00bb4.9.2&Prime; _module_preset=\u00a0\u00bbdefault\u00a0\u00bb][et_pb_text _builder_version=\u00a0\u00bb4.9.4&Prime; _module_preset=\u00a0\u00bbdefault\u00a0\u00bb]<\/p>\n<h2>T\u00e9moignage<\/h2>\n<p>[\/et_pb_text][\/et_pb_column][\/et_pb_row][et_pb_row column_structure=\u00a0\u00bb1_2,1_2&Prime; _builder_version=\u00a0\u00bb4.9.2&Prime; _module_preset=\u00a0\u00bbdefault\u00a0\u00bb][et_pb_column type=\u00a0\u00bb1_2&Prime; _builder_version=\u00a0\u00bb4.9.2&Prime; _module_preset=\u00a0\u00bbdefault\u00a0\u00bb][et_pb_video src=\u00a0\u00bbhttps:\/\/youtu.be\/Ro14hU5XwUY\u00a0\u00bb _builder_version=\u00a0\u00bb4.9.4&Prime; _module_preset=\u00a0\u00bbdefault\u00a0\u00bb box_shadow_style=\u00a0\u00bbpreset6&Prime;][\/et_pb_video][et_pb_text _builder_version=\u00a0\u00bb4.9.4&Prime; _module_preset=\u00a0\u00bbdefault\u00a0\u00bb text_font_size=\u00a0\u00bb22px\u00a0\u00bb background_enable_color=\u00a0\u00bboff\u00a0\u00bb custom_padding=\u00a0\u00bb||0px|||\u00a0\u00bb locked=\u00a0\u00bboff\u00a0\u00bb]<\/p>\n<h3>Les handicaps invisibles\u00a0: l&rsquo;autonomisation gr\u00e2ce \u00e0 diff\u00e9rentes formes de soutien et la possibilit\u00e9 d&rsquo;aider les autres par le partage<\/h3>\n<p>[\/et_pb_text][et_pb_text _builder_version=\u00a0\u00bb4.9.4&Prime; _module_preset=\u00a0\u00bbdefault\u00a0\u00bb]<\/p>\n<p><span>Emmitt <\/span>est originaire de Kahnawake. Il raconte comment il a d\u00e9couvert, trait\u00e9 et ma\u00eetris\u00e9 le trouble d&rsquo;anxi\u00e9t\u00e9 g\u00e9n\u00e9ralis\u00e9e et la d\u00e9pression. Emmitt utilise un mod\u00e8le int\u00e9gr\u00e9 du handicap et des savoirs traditionnels pour cheminer sur sa voie. Il rep\u00e8re les obstacles et les facilitateurs dans son environnement et reconna\u00eet les incidences physiques, \u00e9motionnelles et spirituelles de sa diff\u00e9rence.<\/p>\n<p>[\/et_pb_text][\/et_pb_column][et_pb_column type=\u00a0\u00bb1_2&Prime; _builder_version=\u00a0\u00bb4.9.2&Prime; _module_preset=\u00a0\u00bbdefault\u00a0\u00bb][et_pb_video src=\u00a0\u00bbhttps:\/\/youtu.be\/mIgNuWjGq3U\u00a0\u00bb _builder_version=\u00a0\u00bb4.9.4&Prime; _module_preset=\u00a0\u00bbdefault\u00a0\u00bb][\/et_pb_video][et_pb_text _builder_version=\u00a0\u00bb4.9.4&Prime; _module_preset=\u00a0\u00bbdefault\u00a0\u00bb text_font_size=\u00a0\u00bb22px\u00a0\u00bb background_enable_color=\u00a0\u00bboff\u00a0\u00bb locked=\u00a0\u00bboff\u00a0\u00bb]<\/p>\n<p>Une perspective int\u00e9gr\u00e9e\u00a0: cheminer dans la vie avec un trouble schizo-affectif<\/p>\n<p>[\/et_pb_text][et_pb_text _builder_version=\u00a0\u00bb4.9.4&Prime; _module_preset=\u00a0\u00bbdefault\u00a0\u00bb]<\/p>\n<p><span>Adelia<\/span>\u00a0est une jeune femme de Sept-\u00celes qui raconte son histoire en tant que jeune adulte vivant avec un trouble schizo-affectif. Adelia fait part de ses connaissances et de son point de vue sur son handicap. Elle d\u00e9crit les obstacles et les facilitateurs qu&rsquo;elle rencontre dans son environnement. Elle explique \u00e9galement que ce qu&rsquo;elle a appris et compris au sujet de sa diff\u00e9rence l&rsquo;a aid\u00e9e \u00e0 vivre en \u00e9quilibre. (L&rsquo;entrevue a \u00e9t\u00e9 r\u00e9alis\u00e9e au moyen de Zoom pendant le confinement de la COVID-19.)<\/p>\n<p>[\/et_pb_text][\/et_pb_column][\/et_pb_row][\/et_pb_section]<\/p>\n","protected":false},"excerpt":{"rendered":"<p>Th\u00e9ories courantes sur le handicap La perception fa\u00e7onne les attitudes et influe sur le comportement. Apprenez-en davantage sur les trois mod\u00e8les du handicap les plus courants qui fa\u00e7onnent la perception et sur la fa\u00e7on dont les enseignements de la roue de m\u00e9decine peuvent compl\u00e9ter et bonifier ces points de vue. Th\u00e9ories courantes Le mod\u00e8le m\u00e9dical, [&hellip;]<\/p>\n","protected":false},"author":3,"featured_media":0,"parent":3549,"menu_order":0,"comment_status":"closed","ping_status":"closed","template":"","meta":{"_acf_changed":false,"_et_pb_use_builder":"on","_et_pb_old_content":"","_et_gb_content_width":"","footnotes":""},"class_list":["post-3767","page","type-page","status-publish","hentry"],"acf":[],"yoast_head":"<!-- This site is optimized with the Yoast SEO plugin v27.4 - https:\/\/yoast.com\/product\/yoast-seo-wordpress\/ -->\n<title>Th\u00e9ories courantes sur le handicap - Nisidotam<\/title>\n<meta name=\"robots\" content=\"index, follow, max-snippet:-1, max-image-preview:large, max-video-preview:-1\" \/>\n<link rel=\"canonical\" href=\"https:\/\/nisidotam.ca\/fr\/quest-ce-que-le-handicap\/theories-courantes-sur-handicap\/\" \/>\n<meta property=\"og:locale\" content=\"fr_FR\" \/>\n<meta property=\"og:type\" content=\"article\" \/>\n<meta property=\"og:title\" content=\"Th\u00e9ories courantes sur le handicap - Nisidotam\" \/>\n<meta property=\"og:description\" content=\"Th\u00e9ories courantes sur le handicap La perception fa\u00e7onne les attitudes et influe sur le comportement. Apprenez-en davantage sur les trois mod\u00e8les du handicap les plus courants qui fa\u00e7onnent la perception et sur la fa\u00e7on dont les enseignements de la roue de m\u00e9decine peuvent compl\u00e9ter et bonifier ces points de vue. Th\u00e9ories courantes Le mod\u00e8le m\u00e9dical, [&hellip;]\" \/>\n<meta property=\"og:url\" content=\"https:\/\/nisidotam.ca\/fr\/quest-ce-que-le-handicap\/theories-courantes-sur-handicap\/\" \/>\n<meta property=\"og:site_name\" content=\"Nisidotam\" \/>\n<meta property=\"article:modified_time\" content=\"2021-05-10T14:48:47+00:00\" \/>\n<meta name=\"twitter:card\" content=\"summary_large_image\" \/>\n<meta name=\"twitter:label1\" content=\"Dur\u00e9e de lecture estim\u00e9e\" \/>\n\t<meta name=\"twitter:data1\" content=\"5 minutes\" \/>\n<script type=\"application\/ld+json\" class=\"yoast-schema-graph\">{\"@context\":\"https:\\\/\\\/schema.org\",\"@graph\":[{\"@type\":\"WebPage\",\"@id\":\"https:\\\/\\\/nisidotam.ca\\\/fr\\\/quest-ce-que-le-handicap\\\/theories-courantes-sur-handicap\\\/\",\"url\":\"https:\\\/\\\/nisidotam.ca\\\/fr\\\/quest-ce-que-le-handicap\\\/theories-courantes-sur-handicap\\\/\",\"name\":\"Th\u00e9ories courantes sur le handicap - Nisidotam\",\"isPartOf\":{\"@id\":\"https:\\\/\\\/nisidotam.ca\\\/fr\\\/#website\"},\"datePublished\":\"2021-04-06T20:23:04+00:00\",\"dateModified\":\"2021-05-10T14:48:47+00:00\",\"breadcrumb\":{\"@id\":\"https:\\\/\\\/nisidotam.ca\\\/fr\\\/quest-ce-que-le-handicap\\\/theories-courantes-sur-handicap\\\/#breadcrumb\"},\"inLanguage\":\"fr-FR\",\"potentialAction\":[{\"@type\":\"ReadAction\",\"target\":[\"https:\\\/\\\/nisidotam.ca\\\/fr\\\/quest-ce-que-le-handicap\\\/theories-courantes-sur-handicap\\\/\"]}]},{\"@type\":\"BreadcrumbList\",\"@id\":\"https:\\\/\\\/nisidotam.ca\\\/fr\\\/quest-ce-que-le-handicap\\\/theories-courantes-sur-handicap\\\/#breadcrumb\",\"itemListElement\":[{\"@type\":\"ListItem\",\"position\":1,\"name\":\"Home\",\"item\":\"https:\\\/\\\/nisidotam.ca\\\/fr\\\/\"},{\"@type\":\"ListItem\",\"position\":2,\"name\":\"Qu&rsquo;est-ce que le handicap\",\"item\":\"https:\\\/\\\/nisidotam.ca\\\/fr\\\/quest-ce-que-le-handicap\\\/\"},{\"@type\":\"ListItem\",\"position\":3,\"name\":\"Th\u00e9ories courantes sur le handicap\"}]},{\"@type\":\"WebSite\",\"@id\":\"https:\\\/\\\/nisidotam.ca\\\/fr\\\/#website\",\"url\":\"https:\\\/\\\/nisidotam.ca\\\/fr\\\/\",\"name\":\"Nisidotam\",\"description\":\"Understanding Disability in the Nations\",\"potentialAction\":[{\"@type\":\"SearchAction\",\"target\":{\"@type\":\"EntryPoint\",\"urlTemplate\":\"https:\\\/\\\/nisidotam.ca\\\/fr\\\/?s={search_term_string}\"},\"query-input\":{\"@type\":\"PropertyValueSpecification\",\"valueRequired\":true,\"valueName\":\"search_term_string\"}}],\"inLanguage\":\"fr-FR\"}]}<\/script>\n<!-- \/ Yoast SEO plugin. -->","yoast_head_json":{"title":"Th\u00e9ories courantes sur le handicap - Nisidotam","robots":{"index":"index","follow":"follow","max-snippet":"max-snippet:-1","max-image-preview":"max-image-preview:large","max-video-preview":"max-video-preview:-1"},"canonical":"https:\/\/nisidotam.ca\/fr\/quest-ce-que-le-handicap\/theories-courantes-sur-handicap\/","og_locale":"fr_FR","og_type":"article","og_title":"Th\u00e9ories courantes sur le handicap - Nisidotam","og_description":"Th\u00e9ories courantes sur le handicap La perception fa\u00e7onne les attitudes et influe sur le comportement. Apprenez-en davantage sur les trois mod\u00e8les du handicap les plus courants qui fa\u00e7onnent la perception et sur la fa\u00e7on dont les enseignements de la roue de m\u00e9decine peuvent compl\u00e9ter et bonifier ces points de vue. Th\u00e9ories courantes Le mod\u00e8le m\u00e9dical, [&hellip;]","og_url":"https:\/\/nisidotam.ca\/fr\/quest-ce-que-le-handicap\/theories-courantes-sur-handicap\/","og_site_name":"Nisidotam","article_modified_time":"2021-05-10T14:48:47+00:00","twitter_card":"summary_large_image","twitter_misc":{"Dur\u00e9e de lecture estim\u00e9e":"5 minutes"},"schema":{"@context":"https:\/\/schema.org","@graph":[{"@type":"WebPage","@id":"https:\/\/nisidotam.ca\/fr\/quest-ce-que-le-handicap\/theories-courantes-sur-handicap\/","url":"https:\/\/nisidotam.ca\/fr\/quest-ce-que-le-handicap\/theories-courantes-sur-handicap\/","name":"Th\u00e9ories courantes sur le handicap - Nisidotam","isPartOf":{"@id":"https:\/\/nisidotam.ca\/fr\/#website"},"datePublished":"2021-04-06T20:23:04+00:00","dateModified":"2021-05-10T14:48:47+00:00","breadcrumb":{"@id":"https:\/\/nisidotam.ca\/fr\/quest-ce-que-le-handicap\/theories-courantes-sur-handicap\/#breadcrumb"},"inLanguage":"fr-FR","potentialAction":[{"@type":"ReadAction","target":["https:\/\/nisidotam.ca\/fr\/quest-ce-que-le-handicap\/theories-courantes-sur-handicap\/"]}]},{"@type":"BreadcrumbList","@id":"https:\/\/nisidotam.ca\/fr\/quest-ce-que-le-handicap\/theories-courantes-sur-handicap\/#breadcrumb","itemListElement":[{"@type":"ListItem","position":1,"name":"Home","item":"https:\/\/nisidotam.ca\/fr\/"},{"@type":"ListItem","position":2,"name":"Qu&rsquo;est-ce que le handicap","item":"https:\/\/nisidotam.ca\/fr\/quest-ce-que-le-handicap\/"},{"@type":"ListItem","position":3,"name":"Th\u00e9ories courantes sur le handicap"}]},{"@type":"WebSite","@id":"https:\/\/nisidotam.ca\/fr\/#website","url":"https:\/\/nisidotam.ca\/fr\/","name":"Nisidotam","description":"Understanding Disability in the Nations","potentialAction":[{"@type":"SearchAction","target":{"@type":"EntryPoint","urlTemplate":"https:\/\/nisidotam.ca\/fr\/?s={search_term_string}"},"query-input":{"@type":"PropertyValueSpecification","valueRequired":true,"valueName":"search_term_string"}}],"inLanguage":"fr-FR"}]}},"_links":{"self":[{"href":"https:\/\/nisidotam.ca\/fr\/wp-json\/wp\/v2\/pages\/3767","targetHints":{"allow":["GET"]}}],"collection":[{"href":"https:\/\/nisidotam.ca\/fr\/wp-json\/wp\/v2\/pages"}],"about":[{"href":"https:\/\/nisidotam.ca\/fr\/wp-json\/wp\/v2\/types\/page"}],"author":[{"embeddable":true,"href":"https:\/\/nisidotam.ca\/fr\/wp-json\/wp\/v2\/users\/3"}],"replies":[{"embeddable":true,"href":"https:\/\/nisidotam.ca\/fr\/wp-json\/wp\/v2\/comments?post=3767"}],"version-history":[{"count":7,"href":"https:\/\/nisidotam.ca\/fr\/wp-json\/wp\/v2\/pages\/3767\/revisions"}],"predecessor-version":[{"id":5391,"href":"https:\/\/nisidotam.ca\/fr\/wp-json\/wp\/v2\/pages\/3767\/revisions\/5391"}],"up":[{"embeddable":true,"href":"https:\/\/nisidotam.ca\/fr\/wp-json\/wp\/v2\/pages\/3549"}],"wp:attachment":[{"href":"https:\/\/nisidotam.ca\/fr\/wp-json\/wp\/v2\/media?parent=3767"}],"curies":[{"name":"wp","href":"https:\/\/api.w.org\/{rel}","templated":true}]}}