{"id":3756,"date":"2021-04-06T20:19:37","date_gmt":"2021-04-06T20:19:37","guid":{"rendered":"https:\/\/nisidotam.ca\/?page_id=3756"},"modified":"2021-05-10T11:09:18","modified_gmt":"2021-05-10T16:09:18","slug":"resilience-comment-agit-elle","status":"publish","type":"page","link":"https:\/\/nisidotam.ca\/fr\/apprendre-des-autres\/resilience-comment-agit-elle\/","title":{"rendered":"R\u00e9silience: Comment agit-elle?"},"content":{"rendered":"\n[et_pb_section fb_built=\u00a0\u00bb1&Prime; fullwidth=\u00a0\u00bbon\u00a0\u00bb _builder_version=\u00a0\u00bb4.7.7&Prime; _module_preset=\u00a0\u00bbdefault\u00a0\u00bb][et_pb_fullwidth_header title=\u00a0\u00bbLa r\u00e9silience: comment agit-elle?\u00a0\u00bb header_image_url=\u00a0\u00bbhttps:\/\/nisidotam.ca\/wp-content\/uploads\/2021\/02\/tree-5958665_1920.jpg\u00a0\u00bb _builder_version=\u00a0\u00bb4.9.4&Prime; _module_preset=\u00a0\u00bbdefault\u00a0\u00bb background_color=\u00a0\u00bbrgba(0,25,5,0.89)\u00a0\u00bb background_color_gradient_direction=\u00a0\u00bb154deg\u00a0\u00bb custom_padding=\u00a0\u00bb0px||0px||true|\u00a0\u00bb]<p class=\"et_pb_module_header\">D\u00e9couvrez pourquoi il est si difficile pour certaines personnes d&rsquo;avoir de l&rsquo;espoir ou la volont\u00e9 de continuer \u00e0 essayer. Apprenez comment les aider.<\/p>\n<p>Les th\u00e9ories du risque et de la r\u00e9silience permettent de comprendre pourquoi ou comment certaines personnes sont loin des r\u00e9sultats qu&rsquo;elles souhaiteraient pour elles-m\u00eames.<\/p>[\/et_pb_fullwidth_header][et_pb_fullwidth_menu menu_id=\u00a0\u00bb37&Prime; menu_style=\u00a0\u00bbcentered\u00a0\u00bb fullwidth_menu=\u00a0\u00bbon\u00a0\u00bb active_link_color=\u00a0\u00bb#edf000&Prime; _builder_version=\u00a0\u00bb4.9.2&Prime; _module_preset=\u00a0\u00bbdefault\u00a0\u00bb menu_font=\u00a0\u00bb||||||||\u00a0\u00bb menu_text_color=\u00a0\u00bb#ffffff\u00a0\u00bb menu_font_size=\u00a0\u00bb20px\u00a0\u00bb background_color=\u00a0\u00bbrgba(0,25,5,0.89)\u00a0\u00bb][\/et_pb_fullwidth_menu][\/et_pb_section][et_pb_section fb_built=\u00a0\u00bb1&Prime; _builder_version=\u00a0\u00bb4.7.7&Prime; _module_preset=\u00a0\u00bbdefault\u00a0\u00bb][et_pb_row _builder_version=\u00a0\u00bb4.7.7&Prime; _module_preset=\u00a0\u00bbdefault\u00a0\u00bb][et_pb_column type=\u00a0\u00bb4_4&Prime; _builder_version=\u00a0\u00bb4.7.7&Prime; _module_preset=\u00a0\u00bbdefault\u00a0\u00bb][et_pb_text module_id=\u00a0\u00bbrisk-and-resilience\u00a0\u00bb _builder_version=\u00a0\u00bb4.9.4&Prime; _module_preset=\u00a0\u00bbdefault\u00a0\u00bb background_color=\u00a0\u00bbrgba(0,25,5,0.89)\u00a0\u00bb background_layout=\u00a0\u00bbdark\u00a0\u00bb min_height=\u00a0\u00bb67.3px\u00a0\u00bb custom_padding=\u00a0\u00bb15px||5px|10px|false|false\u00a0\u00bb]<h1>Comprendre le risque et la r\u00e9silience<\/h1>[\/et_pb_text][et_pb_text _builder_version=\u00a0\u00bb4.9.4&Prime; _module_preset=\u00a0\u00bbdefault\u00a0\u00bb min_height=\u00a0\u00bb218.5px\u00a0\u00bb custom_margin=\u00a0\u00bb15px||||false|false\u00a0\u00bb]<p><span data-contrast=\"auto\">Il y a <\/span>des moments dans la vie o\u00f9 un trop grand nombre de facteurs de risque coupl\u00e9 \u00e0 une insuffisance de facteurs de protection emp\u00eache d&rsquo;\u00eatre r\u00e9silient. Dans de telles circonstances, il arrive parfois que la motivation fasse d\u00e9faut, qu\u2019il soit impossible de surmonter les obstacles et d&rsquo;avancer. Les facteurs de risque augmentent la souffrance et affaiblissent le sentiment de s\u00e9curit\u00e9 d&rsquo;une personne qui a du mal \u00e0 trouver la motivation n\u00e9cessaire pour agir ou \u00e0 avoir espoir que les choses s&rsquo;am\u00e9liorent. Elle doit alors pouvoir retrouver sa r\u00e9silience, par exemple en faisant appel \u00e0 son r\u00e9seau de soutien, \u00e0 des professionnels du soutien, des programmes ou des institutions mis en place pour l&rsquo;aider. Dans certains cas, des programmes de gu\u00e9rison tels que la th\u00e9rapie ou le traitement peuvent aider; dans d&rsquo;autres cas, une s\u00e9rie d\u2019exp\u00e9riences de vie positives peuvent devenir une source de r\u00e9silience suffisante pour trouver la force de continuer \u00e0 avancer.<\/p>[\/et_pb_text][\/et_pb_column][\/et_pb_row][\/et_pb_section][et_pb_section fb_built=\u00a0\u00bb1&Prime; _builder_version=\u00a0\u00bb4.9.2&Prime; _module_preset=\u00a0\u00bbdefault\u00a0\u00bb custom_margin=\u00a0\u00bb-50px||-90px||false|false\u00a0\u00bb][et_pb_row _builder_version=\u00a0\u00bb4.9.2&Prime; _module_preset=\u00a0\u00bbdefault\u00a0\u00bb][et_pb_column type=\u00a0\u00bb4_4&Prime; _builder_version=\u00a0\u00bb4.9.2&Prime; _module_preset=\u00a0\u00bbdefault\u00a0\u00bb][et_pb_text module_id=\u00a0\u00bbrisk-and-resilience\u00a0\u00bb _builder_version=\u00a0\u00bb4.9.4&Prime; _module_preset=\u00a0\u00bbdefault\u00a0\u00bb background_color=\u00a0\u00bbrgba(0,25,5,0.89)\u00a0\u00bb background_layout=\u00a0\u00bbdark\u00a0\u00bb min_height=\u00a0\u00bb67.3px\u00a0\u00bb custom_padding=\u00a0\u00bb15px||5px|10px|false|false\u00a0\u00bb locked=\u00a0\u00bboff\u00a0\u00bb]<h1>Th\u00e9ories de risque et de r\u00e9silience<\/h1>[\/et_pb_text][\/et_pb_column][\/et_pb_row][\/et_pb_section][et_pb_section fb_built=\u00a0\u00bb1&Prime; _builder_version=\u00a0\u00bb4.9.2&Prime; _module_preset=\u00a0\u00bbdefault\u00a0\u00bb][et_pb_row column_structure=\u00a0\u00bb1_2,1_2&Prime; _builder_version=\u00a0\u00bb4.9.2&Prime; _module_preset=\u00a0\u00bbdefault\u00a0\u00bb min_height=\u00a0\u00bb333px\u00a0\u00bb][et_pb_column type=\u00a0\u00bb1_2&Prime; _builder_version=\u00a0\u00bb4.9.2&Prime; _module_preset=\u00a0\u00bbdefault\u00a0\u00bb][et_pb_image src=\u00a0\u00bbhttps:\/\/nisidotam.ca\/wp-content\/uploads\/2021\/02\/flower-1405509_1920.jpg\u00a0\u00bb alt=\u00a0\u00bbune fleur jaune r\u00e9siliente sort du b\u00e9ton\u00a0\u00bb title_text=\u00a0\u00bbune fleur r\u00e9silient qui sort du b\u00e9ton\u00a0\u00bb _builder_version=\u00a0\u00bb4.9.4&Prime; _module_preset=\u00a0\u00bbdefault\u00a0\u00bb hover_enabled=\u00a0\u00bb0&Prime; sticky_enabled=\u00a0\u00bb0&Prime;][\/et_pb_image][\/et_pb_column][et_pb_column type=\u00a0\u00bb1_2&Prime; _builder_version=\u00a0\u00bb4.9.2&Prime; _module_preset=\u00a0\u00bbdefault\u00a0\u00bb][et_pb_text _builder_version=\u00a0\u00bb4.9.4&Prime; _module_preset=\u00a0\u00bbdefault\u00a0\u00bb custom_padding=\u00a0\u00bb||0px|||\u00a0\u00bb]<p>La th\u00e9orie du risque et de la r\u00e9silience permet de comprendre pourquoi et comment certaines personnes se retrouvent si loin des r\u00e9sultats qu&rsquo;elles souhaitent atteindre. Cette th\u00e9orie permet de mieux comprendre comment les exp\u00e9riences complexes interagissent pour conduire \u00e0 des r\u00e9sultats positifs ou n\u00e9gatifs pour chacun d\u2019entre nous au cours de notre vie. Apprenez-en davantage sur le <strong>risque et la r\u00e9silience<\/strong>, notamment sur la fa\u00e7on dont les <strong>facteurs de risqu<\/strong>e peuvent agir comme des obstacles, alors que les <strong>facteurs de protection<\/strong> peuvent favoriser la motivation. Nous vous pr\u00e9sentons \u00e9galement certains des <strong>exemples les plus courants de facteurs de risque et de protection<\/strong> que nous ont communiqu\u00e9s des personnes issues des communaut\u00e9s.<\/p>[\/et_pb_text][et_pb_button button_url=\u00a0\u00bbhttps:\/\/nisidotam.ca\/fr\/apprendre-des-autres\/risque-et-resilience\/\u00a0\u00bb button_text=\u00a0\u00bbPoursuivez votre lecture\u00a0\u00bb _builder_version=\u00a0\u00bb4.9.4&Prime; _module_preset=\u00a0\u00bbdefault\u00a0\u00bb locked=\u00a0\u00bboff\u00a0\u00bb][\/et_pb_button][\/et_pb_column][\/et_pb_row][\/et_pb_section][et_pb_section fb_built=\u00a0\u00bb1&Prime; _builder_version=\u00a0\u00bb4.9.2&Prime; _module_preset=\u00a0\u00bbdefault\u00a0\u00bb][et_pb_row _builder_version=\u00a0\u00bb4.9.2&Prime; _module_preset=\u00a0\u00bbdefault\u00a0\u00bb custom_padding=\u00a0\u00bb0px||0px|||\u00a0\u00bb][et_pb_column type=\u00a0\u00bb4_4&Prime; _builder_version=\u00a0\u00bb4.7.7&Prime; _module_preset=\u00a0\u00bbdefault\u00a0\u00bb][et_pb_text module_id=\u00a0\u00bbrisk-and-resilience\u00a0\u00bb _builder_version=\u00a0\u00bb4.9.4&Prime; _module_preset=\u00a0\u00bbdefault\u00a0\u00bb background_color=\u00a0\u00bbrgba(0,25,5,0.89)\u00a0\u00bb background_layout=\u00a0\u00bbdark\u00a0\u00bb min_height=\u00a0\u00bb67.3px\u00a0\u00bb custom_padding=\u00a0\u00bb15px||5px|10px|false|false\u00a0\u00bb]<h1>D\u00e9couvrez le concept de risque et de r\u00e9silience gr\u00e2ce \u00e0 cet outil d&rsquo;apprentissage interactif.<\/h1>[\/et_pb_text][et_pb_blurb title=\u00a0\u00bbOutil d&rsquo;apprentissage virtuel de la vie\u00a0\u00bb url=\u00a0\u00bbhttps:\/\/nisidotam.ca\/learning-tool\/\u00a0\u00bb url_new_window=\u00a0\u00bbon\u00a0\u00bb image=\u00a0\u00bbhttps:\/\/i.imgur.com\/oh5NlXt.jpeg\u00a0\u00bb admin_label=\u00a0\u00bbBlurb\u00a0\u00bb _builder_version=\u00a0\u00bb4.9.4&Prime; min_height=\u00a0\u00bb405.7px\u00a0\u00bb link_option_url=\u00a0\u00bbhttps:\/\/nisidotam.ca\/learning-tool\/\u00a0\u00bb link_option_url_new_window=\u00a0\u00bbon\u00a0\u00bb locked=\u00a0\u00bboff\u00a0\u00bb]<p>L&rsquo;objectif de cet outil est d&rsquo;accro\u00eetre la sensibilisation et la compr\u00e9hension des histoires et des exp\u00e9riences v\u00e9cues et partag\u00e9es avec nous par des personnes issues des communaut\u00e9s.<\/p>\n<p><img loading=\"lazy\" decoding=\"async\" src=\"https:\/\/nisidotam.ca\/wp-content\/uploads\/2021\/02\/toolbox-152140_640-150x150.png\" alt=\"\" style=\"display: block; margin-left: auto; margin-right: auto;\" width=\"79\" height=\"79\" \/><\/p>[\/et_pb_blurb][et_pb_button button_url=\u00a0\u00bbhttps:\/\/nisidotam.ca\/fr\/outil-apprentissage-virtuel-de-la-vie\/\u00a0\u00bb url_new_window=\u00a0\u00bbon\u00a0\u00bb button_text=\u00a0\u00bbOuvrez la bo\u00eete \u00e0 outils\u00a0\u00bb button_alignment=\u00a0\u00bbcenter\u00a0\u00bb _builder_version=\u00a0\u00bb4.9.4&Prime; _module_preset=\u00a0\u00bbdefault\u00a0\u00bb][\/et_pb_button][\/et_pb_column][\/et_pb_row][\/et_pb_section]\n","protected":false},"excerpt":{"rendered":"<p>D\u00e9couvrez pourquoi il est si difficile pour certaines personnes d&rsquo;avoir de l&rsquo;espoir ou la volont\u00e9 de continuer \u00e0 essayer. Apprenez comment les aider. Les th\u00e9ories du risque et de la r\u00e9silience permettent de comprendre pourquoi ou comment certaines personnes sont loin des r\u00e9sultats qu&rsquo;elles souhaiteraient pour elles-m\u00eames.Comprendre le risque et la r\u00e9silienceIl y a des [&hellip;]<\/p>\n","protected":false},"author":3,"featured_media":0,"parent":3156,"menu_order":3,"comment_status":"closed","ping_status":"closed","template":"","meta":{"_acf_changed":false,"_et_pb_use_builder":"on","_et_pb_old_content":"","_et_gb_content_width":"","footnotes":""},"class_list":["post-3756","page","type-page","status-publish","hentry"],"acf":[],"yoast_head":"<!-- This site is optimized with the Yoast SEO plugin v27.4 - https:\/\/yoast.com\/product\/yoast-seo-wordpress\/ -->\n<title>R\u00e9silience: Comment agit-elle? - Nisidotam<\/title>\n<meta name=\"robots\" content=\"index, follow, max-snippet:-1, max-image-preview:large, max-video-preview:-1\" \/>\n<link rel=\"canonical\" href=\"https:\/\/nisidotam.ca\/fr\/apprendre-des-autres\/resilience-comment-agit-elle\/\" \/>\n<meta property=\"og:locale\" content=\"fr_FR\" \/>\n<meta property=\"og:type\" content=\"article\" \/>\n<meta property=\"og:title\" content=\"R\u00e9silience: Comment agit-elle? - Nisidotam\" \/>\n<meta property=\"og:description\" content=\"D\u00e9couvrez pourquoi il est si difficile pour certaines personnes d&#039;avoir de l&#039;espoir ou la volont\u00e9 de continuer \u00e0 essayer. Apprenez comment les aider. Les th\u00e9ories du risque et de la r\u00e9silience permettent de comprendre pourquoi ou comment certaines personnes sont loin des r\u00e9sultats qu&#039;elles souhaiteraient pour elles-m\u00eames.Comprendre le risque et la r\u00e9silienceIl y a des [&hellip;]\" \/>\n<meta property=\"og:url\" content=\"https:\/\/nisidotam.ca\/fr\/apprendre-des-autres\/resilience-comment-agit-elle\/\" \/>\n<meta property=\"og:site_name\" content=\"Nisidotam\" \/>\n<meta property=\"article:modified_time\" content=\"2021-05-10T16:09:18+00:00\" \/>\n<meta property=\"og:image\" content=\"https:\/\/nisidotam.ca\/wp-content\/uploads\/2021\/02\/toolbox-152140_640-150x150.png\" \/>\n<meta name=\"twitter:card\" content=\"summary_large_image\" \/>\n<meta name=\"twitter:label1\" content=\"Dur\u00e9e de lecture estim\u00e9e\" \/>\n\t<meta name=\"twitter:data1\" content=\"3 minutes\" \/>\n<script type=\"application\/ld+json\" class=\"yoast-schema-graph\">{\"@context\":\"https:\\\/\\\/schema.org\",\"@graph\":[{\"@type\":\"WebPage\",\"@id\":\"https:\\\/\\\/nisidotam.ca\\\/fr\\\/apprendre-des-autres\\\/resilience-comment-agit-elle\\\/\",\"url\":\"https:\\\/\\\/nisidotam.ca\\\/fr\\\/apprendre-des-autres\\\/resilience-comment-agit-elle\\\/\",\"name\":\"R\u00e9silience: Comment agit-elle? - Nisidotam\",\"isPartOf\":{\"@id\":\"https:\\\/\\\/nisidotam.ca\\\/fr\\\/#website\"},\"primaryImageOfPage\":{\"@id\":\"https:\\\/\\\/nisidotam.ca\\\/fr\\\/apprendre-des-autres\\\/resilience-comment-agit-elle\\\/#primaryimage\"},\"image\":{\"@id\":\"https:\\\/\\\/nisidotam.ca\\\/fr\\\/apprendre-des-autres\\\/resilience-comment-agit-elle\\\/#primaryimage\"},\"thumbnailUrl\":\"https:\\\/\\\/nisidotam.ca\\\/wp-content\\\/uploads\\\/2021\\\/02\\\/toolbox-152140_640-150x150.png\",\"datePublished\":\"2021-04-06T20:19:37+00:00\",\"dateModified\":\"2021-05-10T16:09:18+00:00\",\"breadcrumb\":{\"@id\":\"https:\\\/\\\/nisidotam.ca\\\/fr\\\/apprendre-des-autres\\\/resilience-comment-agit-elle\\\/#breadcrumb\"},\"inLanguage\":\"fr-FR\",\"potentialAction\":[{\"@type\":\"ReadAction\",\"target\":[\"https:\\\/\\\/nisidotam.ca\\\/fr\\\/apprendre-des-autres\\\/resilience-comment-agit-elle\\\/\"]}]},{\"@type\":\"ImageObject\",\"inLanguage\":\"fr-FR\",\"@id\":\"https:\\\/\\\/nisidotam.ca\\\/fr\\\/apprendre-des-autres\\\/resilience-comment-agit-elle\\\/#primaryimage\",\"url\":\"https:\\\/\\\/nisidotam.ca\\\/wp-content\\\/uploads\\\/2021\\\/02\\\/toolbox-152140_640-150x150.png\",\"contentUrl\":\"https:\\\/\\\/nisidotam.ca\\\/wp-content\\\/uploads\\\/2021\\\/02\\\/toolbox-152140_640-150x150.png\"},{\"@type\":\"BreadcrumbList\",\"@id\":\"https:\\\/\\\/nisidotam.ca\\\/fr\\\/apprendre-des-autres\\\/resilience-comment-agit-elle\\\/#breadcrumb\",\"itemListElement\":[{\"@type\":\"ListItem\",\"position\":1,\"name\":\"Home\",\"item\":\"https:\\\/\\\/nisidotam.ca\\\/fr\\\/\"},{\"@type\":\"ListItem\",\"position\":2,\"name\":\"Apprendre des autres\",\"item\":\"https:\\\/\\\/nisidotam.ca\\\/fr\\\/apprendre-des-autres\\\/\"},{\"@type\":\"ListItem\",\"position\":3,\"name\":\"R\u00e9silience: Comment agit-elle?\"}]},{\"@type\":\"WebSite\",\"@id\":\"https:\\\/\\\/nisidotam.ca\\\/fr\\\/#website\",\"url\":\"https:\\\/\\\/nisidotam.ca\\\/fr\\\/\",\"name\":\"Nisidotam\",\"description\":\"Understanding Disability in the Nations\",\"potentialAction\":[{\"@type\":\"SearchAction\",\"target\":{\"@type\":\"EntryPoint\",\"urlTemplate\":\"https:\\\/\\\/nisidotam.ca\\\/fr\\\/?s={search_term_string}\"},\"query-input\":{\"@type\":\"PropertyValueSpecification\",\"valueRequired\":true,\"valueName\":\"search_term_string\"}}],\"inLanguage\":\"fr-FR\"}]}<\/script>\n<!-- \/ Yoast SEO plugin. -->","yoast_head_json":{"title":"R\u00e9silience: Comment agit-elle? - Nisidotam","robots":{"index":"index","follow":"follow","max-snippet":"max-snippet:-1","max-image-preview":"max-image-preview:large","max-video-preview":"max-video-preview:-1"},"canonical":"https:\/\/nisidotam.ca\/fr\/apprendre-des-autres\/resilience-comment-agit-elle\/","og_locale":"fr_FR","og_type":"article","og_title":"R\u00e9silience: Comment agit-elle? - Nisidotam","og_description":"D\u00e9couvrez pourquoi il est si difficile pour certaines personnes d'avoir de l'espoir ou la volont\u00e9 de continuer \u00e0 essayer. Apprenez comment les aider. Les th\u00e9ories du risque et de la r\u00e9silience permettent de comprendre pourquoi ou comment certaines personnes sont loin des r\u00e9sultats qu'elles souhaiteraient pour elles-m\u00eames.Comprendre le risque et la r\u00e9silienceIl y a des [&hellip;]","og_url":"https:\/\/nisidotam.ca\/fr\/apprendre-des-autres\/resilience-comment-agit-elle\/","og_site_name":"Nisidotam","article_modified_time":"2021-05-10T16:09:18+00:00","og_image":[{"url":"https:\/\/nisidotam.ca\/wp-content\/uploads\/2021\/02\/toolbox-152140_640-150x150.png","type":"","width":"","height":""}],"twitter_card":"summary_large_image","twitter_misc":{"Dur\u00e9e de lecture estim\u00e9e":"3 minutes"},"schema":{"@context":"https:\/\/schema.org","@graph":[{"@type":"WebPage","@id":"https:\/\/nisidotam.ca\/fr\/apprendre-des-autres\/resilience-comment-agit-elle\/","url":"https:\/\/nisidotam.ca\/fr\/apprendre-des-autres\/resilience-comment-agit-elle\/","name":"R\u00e9silience: Comment agit-elle? - Nisidotam","isPartOf":{"@id":"https:\/\/nisidotam.ca\/fr\/#website"},"primaryImageOfPage":{"@id":"https:\/\/nisidotam.ca\/fr\/apprendre-des-autres\/resilience-comment-agit-elle\/#primaryimage"},"image":{"@id":"https:\/\/nisidotam.ca\/fr\/apprendre-des-autres\/resilience-comment-agit-elle\/#primaryimage"},"thumbnailUrl":"https:\/\/nisidotam.ca\/wp-content\/uploads\/2021\/02\/toolbox-152140_640-150x150.png","datePublished":"2021-04-06T20:19:37+00:00","dateModified":"2021-05-10T16:09:18+00:00","breadcrumb":{"@id":"https:\/\/nisidotam.ca\/fr\/apprendre-des-autres\/resilience-comment-agit-elle\/#breadcrumb"},"inLanguage":"fr-FR","potentialAction":[{"@type":"ReadAction","target":["https:\/\/nisidotam.ca\/fr\/apprendre-des-autres\/resilience-comment-agit-elle\/"]}]},{"@type":"ImageObject","inLanguage":"fr-FR","@id":"https:\/\/nisidotam.ca\/fr\/apprendre-des-autres\/resilience-comment-agit-elle\/#primaryimage","url":"https:\/\/nisidotam.ca\/wp-content\/uploads\/2021\/02\/toolbox-152140_640-150x150.png","contentUrl":"https:\/\/nisidotam.ca\/wp-content\/uploads\/2021\/02\/toolbox-152140_640-150x150.png"},{"@type":"BreadcrumbList","@id":"https:\/\/nisidotam.ca\/fr\/apprendre-des-autres\/resilience-comment-agit-elle\/#breadcrumb","itemListElement":[{"@type":"ListItem","position":1,"name":"Home","item":"https:\/\/nisidotam.ca\/fr\/"},{"@type":"ListItem","position":2,"name":"Apprendre des autres","item":"https:\/\/nisidotam.ca\/fr\/apprendre-des-autres\/"},{"@type":"ListItem","position":3,"name":"R\u00e9silience: Comment agit-elle?"}]},{"@type":"WebSite","@id":"https:\/\/nisidotam.ca\/fr\/#website","url":"https:\/\/nisidotam.ca\/fr\/","name":"Nisidotam","description":"Understanding Disability in the Nations","potentialAction":[{"@type":"SearchAction","target":{"@type":"EntryPoint","urlTemplate":"https:\/\/nisidotam.ca\/fr\/?s={search_term_string}"},"query-input":{"@type":"PropertyValueSpecification","valueRequired":true,"valueName":"search_term_string"}}],"inLanguage":"fr-FR"}]}},"_links":{"self":[{"href":"https:\/\/nisidotam.ca\/fr\/wp-json\/wp\/v2\/pages\/3756","targetHints":{"allow":["GET"]}}],"collection":[{"href":"https:\/\/nisidotam.ca\/fr\/wp-json\/wp\/v2\/pages"}],"about":[{"href":"https:\/\/nisidotam.ca\/fr\/wp-json\/wp\/v2\/types\/page"}],"author":[{"embeddable":true,"href":"https:\/\/nisidotam.ca\/fr\/wp-json\/wp\/v2\/users\/3"}],"replies":[{"embeddable":true,"href":"https:\/\/nisidotam.ca\/fr\/wp-json\/wp\/v2\/comments?post=3756"}],"version-history":[{"count":12,"href":"https:\/\/nisidotam.ca\/fr\/wp-json\/wp\/v2\/pages\/3756\/revisions"}],"predecessor-version":[{"id":5394,"href":"https:\/\/nisidotam.ca\/fr\/wp-json\/wp\/v2\/pages\/3756\/revisions\/5394"}],"up":[{"embeddable":true,"href":"https:\/\/nisidotam.ca\/fr\/wp-json\/wp\/v2\/pages\/3156"}],"wp:attachment":[{"href":"https:\/\/nisidotam.ca\/fr\/wp-json\/wp\/v2\/media?parent=3756"}],"curies":[{"name":"wp","href":"https:\/\/api.w.org\/{rel}","templated":true}]}}