{"id":3752,"date":"2021-04-06T20:18:45","date_gmt":"2021-04-06T20:18:45","guid":{"rendered":"https:\/\/nisidotam.ca\/?page_id=3752"},"modified":"2021-04-16T11:19:24","modified_gmt":"2021-04-16T16:19:24","slug":"signification-de-nisidotam","status":"publish","type":"page","link":"https:\/\/nisidotam.ca\/fr\/a-propos\/a-propos-de-nos-projets\/signification-de-nisidotam\/","title":{"rendered":"Signification de Nisidotam"},"content":{"rendered":"<p>[et_pb_section fb_built=\u00a0\u00bb1&Prime; fullwidth=\u00a0\u00bbon\u00a0\u00bb _builder_version=\u00a0\u00bb4.9.2&Prime; _module_preset=\u00a0\u00bbdefault\u00a0\u00bb background_color=\u00a0\u00bb#1e1e1e\u00a0\u00bb background_enable_image=\u00a0\u00bboff\u00a0\u00bb background_size=\u00a0\u00bbcontain\u00a0\u00bb background_position=\u00a0\u00bbtop_left\u00a0\u00bb border_color_bottom=\u00a0\u00bbrgba(0,25,5,0.89)\u00a0\u00bb border_color_left=\u00a0\u00bb#E02B20&Prime;][et_pb_fullwidth_header title=\u00a0\u00bbNisidotam\u00a0\u00bb header_image_url=\u00a0\u00bbhttps:\/\/nisidotam.ca\/wp-content\/uploads\/2021\/01\/200914_visuel-tanya_blanc-298&#215;300.jpg\u00a0\u00bb _builder_version=\u00a0\u00bb4.9.4&Prime; _module_preset=\u00a0\u00bbdefault\u00a0\u00bb background_color=\u00a0\u00bb#1e1e1e\u00a0\u00bb background_color_gradient_direction=\u00a0\u00bb154deg\u00a0\u00bb custom_padding=\u00a0\u00bb0px||0px||true|\u00a0\u00bb hover_enabled=\u00a0\u00bb0&Prime; border_color_all=\u00a0\u00bb#000000&Prime; border_radii_image=\u00a0\u00bbon|10px|10px|10px|10px\u00a0\u00bb border_width_all_image=\u00a0\u00bb3px\u00a0\u00bb border_color_all_image=\u00a0\u00bb#E02B20&Prime; sticky_enabled=\u00a0\u00bb0&Prime;]<\/p>\n<p>Apprenez-en davantage sur la signification de notre slogan et logo.<\/p>\n<p>[\/et_pb_fullwidth_header][\/et_pb_section][et_pb_section fb_built=\u00a0\u00bb1&Prime; fullwidth=\u00a0\u00bbon\u00a0\u00bb _builder_version=\u00a0\u00bb4.7.7&Prime; _module_preset=\u00a0\u00bbdefault\u00a0\u00bb][et_pb_fullwidth_menu menu_id=\u00a0\u00bb39&Prime; active_link_color=\u00a0\u00bb#edf000&Prime; _builder_version=\u00a0\u00bb4.7.7&Prime; _module_preset=\u00a0\u00bbdefault\u00a0\u00bb menu_font=\u00a0\u00bb|700|||||||\u00a0\u00bb menu_text_color=\u00a0\u00bb#ffffff\u00a0\u00bb menu_font_size=\u00a0\u00bb17px\u00a0\u00bb menu_letter_spacing=\u00a0\u00bb1px\u00a0\u00bb background_color=\u00a0\u00bb#1e1e1e\u00a0\u00bb background_layout=\u00a0\u00bbdark\u00a0\u00bb locked=\u00a0\u00bboff\u00a0\u00bb][\/et_pb_fullwidth_menu][\/et_pb_section][et_pb_section fb_built=\u00a0\u00bb1&Prime; admin_label=\u00a0\u00bbsection\u00a0\u00bb _builder_version=\u00a0\u00bb3.22&Prime;][et_pb_row column_structure=\u00a0\u00bb1_2,1_2&Prime; admin_label=\u00a0\u00bbrow\u00a0\u00bb _builder_version=\u00a0\u00bb3.25&Prime; background_size=\u00a0\u00bbinitial\u00a0\u00bb background_position=\u00a0\u00bbtop_left\u00a0\u00bb background_repeat=\u00a0\u00bbrepeat\u00a0\u00bb][et_pb_column type=\u00a0\u00bb1_2&Prime; _builder_version=\u00a0\u00bb3.25&Prime; custom_padding=\u00a0\u00bb|||\u00a0\u00bb custom_padding__hover=\u00a0\u00bb|||\u00a0\u00bb][et_pb_text admin_label=\u00a0\u00bbText\u00a0\u00bb _builder_version=\u00a0\u00bb4.9.3&Prime; background_size=\u00a0\u00bbinitial\u00a0\u00bb background_position=\u00a0\u00bbtop_left\u00a0\u00bb background_repeat=\u00a0\u00bbrepeat\u00a0\u00bb]<\/p>\n<p><!-- divi:image {\"id\":257,\"sizeSlug\":\"large\"} --><\/p>\n<figure class=\"wp-block-image size-large\"><img loading=\"lazy\" decoding=\"async\" width=\"500\" height=\"485\" src=\"https:\/\/nisidotam.ca\/wp-content\/uploads\/2020\/05\/Nisidotam_Logo.png\" alt=\"Lorem ipsum dolor sit amet, consectetur adipiscing elit. Praesent blandit quam nisl, a tempus lacus maximus ac. Vivamus feugiat non tortor aliquam finibus. In aliquam sed nisl vitae lacinia. Nunc ac aliquet ligula. Cras sit amet vestibulum velit, eget fermentum ligula. Aenean in tincidunt quam. Vivamus justo sapien, tincidunt sed eleifend non, suscipit at arcu. Fusce tempus lacinia lectus, eget laoreet urna consectetur nec. Pellentesque gravida mi sed nulla gravida sagittis. Vivamus scelerisque risus a varius fermentum. Vivamus et sapien id tortor cursus aliquet. Nulla vitae tellus non mauris molestie faucibus eget ac libero. Duis fringilla tempor imperdiet. Proin ultrices felis vitae velit aliquam, ac suscipit ex malesuada. Ut id est sit amet erat eleifend facilisis. Suspendisse tempus aliquam arcu non mattis.\" class=\"wp-image-257\" srcset=\"https:\/\/nisidotam.ca\/wp-content\/uploads\/2020\/05\/Nisidotam_Logo.png 500w, https:\/\/nisidotam.ca\/wp-content\/uploads\/2020\/05\/Nisidotam_Logo-480x466.png 480w\" sizes=\"(min-width: 0px) and (max-width: 480px) 480px, (min-width: 481px) 500px, 100vw\" \/><\/p><figcaption>\n<p>Nisidotam est un mot algonquin qui signifie \u00ab\u00a0je comprends\u00a0\u00bb. Comprendre ce que signifie vivre avec un handicap est une \u00e9tape importante sur la voie de l&rsquo;inclusion. Pour y parvenir, nous devons prendre le temps de nous arr\u00eater et d&rsquo;\u00e9couter, \u00e9couter les personnes vivant avec un handicap, \u00e9couter leurs familles, de soutenir les travailleurs et les employeurs, d&rsquo;apprendre les uns des autres.<\/p>\n<p>Comprendre nous permet d\u2019\u00e9voluer vers un changement positif. Nous devons nous rappeler que la compr\u00e9hension est un cheminement continu. Nous trouvons des r\u00e9ponses; toutefois, de nouvelles questions surgissent et nous interpellent, nous amenant \u00e0 approfondir notre compr\u00e9hension<\/p>\n<p>Nisidotam, Je comprends! se dit avec la conviction que ma compr\u00e9hension continuera \u00e0 me guider vers l&rsquo;autre avec qui je grandirai vers une plus grande inclusion.<\/p>\n<p>Nisidotam (Algonquin); Hewendahronyend (Wendat); Tewataterihoni\u00e9n:nis (Kanien\u2019K\u00e9ha) We teach each other; Nisitotam (Attikamek); Nistodan (Naskapi); N\u2019wawtam (Abenaquis); Ninistuten (Innu); Ni nisitohten, (Cree) Nisitohtamowin (understanding) (Cree)<\/p>\n<\/figcaption><\/figure>\n<p><!-- \/divi:paragraph --><\/p>\n<p>[\/et_pb_text][\/et_pb_column][et_pb_column type=\u00a0\u00bb1_2&Prime; _builder_version=\u00a0\u00bb3.25&Prime; custom_padding=\u00a0\u00bb|||\u00a0\u00bb custom_padding__hover=\u00a0\u00bb|||\u00a0\u00bb][et_pb_text _builder_version=\u00a0\u00bb4.9.4&Prime; _module_preset=\u00a0\u00bbdefault\u00a0\u00bb]<\/p>\n<p>La tortue de notre logo s\u2019inspire de l\u2019histoire traditionnelle de l\u2019\u00cele \u00e0 la Tortue, une histoire partag\u00e9e par de nombreuses Premi\u00e8res Nations.<\/p>\n<div>Les quatre quadrants de la roue m\u00e9dicinale repr\u00e9sentent les quatre \u00e9l\u00e9ments n\u00e9cessaires au bien-\u00eatre, dont l\u2019\u00e9quilibre mental, physique, \u00e9motionnel et spirituel de la vie, aucun \u00e9l\u00e9ment n\u2019\u00e9tant plus grand ou plus important que l\u2019autre. Le cercle fait ressortir les liens naturels qui nous lient les uns avec les autres, avec la terre et avec le Cr\u00e9ateur.<\/div>\n<p>Les treize personnes repr\u00e9sentent les treize lunes des enseignements de la roue m\u00e9dicinale. En se tenant par la main, elles expriment l\u2019importance de partager ensemble une plus grande compr\u00e9hension et la vie en communaut\u00e9, toutes les deux \u00e9tant essentielles au mieux-\u00eatre.\u00a0<\/p>\n<div>\n<p><span>Comme tout le monde, les personnes en situation de handicap ont besoin de vivre en \u00e9quilibre pour faire l\u2019exp\u00e9rience du mieux-\u00eatre, y compris le besoin de contribuer et de faire partie de leurs communaut\u00e9s.<\/span><\/p>\n<\/div>\n<p>[\/et_pb_text][\/et_pb_column][\/et_pb_row][\/et_pb_section]<\/p>\n","protected":false},"excerpt":{"rendered":"<p>Apprenez-en davantage sur la signification de notre slogan et logo. Nisidotam est un mot algonquin qui signifie \u00ab\u00a0je comprends\u00a0\u00bb. Comprendre ce que signifie vivre avec un handicap est une \u00e9tape importante sur la voie de l&rsquo;inclusion. Pour y parvenir, nous devons prendre le temps de nous arr\u00eater et d&rsquo;\u00e9couter, \u00e9couter les personnes vivant avec un [&hellip;]<\/p>\n","protected":false},"author":3,"featured_media":0,"parent":3738,"menu_order":1,"comment_status":"closed","ping_status":"closed","template":"","meta":{"_acf_changed":false,"_et_pb_use_builder":"on","_et_pb_old_content":"","_et_gb_content_width":"","footnotes":""},"class_list":["post-3752","page","type-page","status-publish","hentry"],"acf":[],"yoast_head":"<!-- This site is optimized with the Yoast SEO plugin v27.4 - https:\/\/yoast.com\/product\/yoast-seo-wordpress\/ -->\n<title>Signification de Nisidotam - Nisidotam<\/title>\n<meta name=\"robots\" content=\"index, follow, max-snippet:-1, max-image-preview:large, max-video-preview:-1\" \/>\n<link rel=\"canonical\" href=\"https:\/\/nisidotam.ca\/fr\/a-propos\/a-propos-de-nos-projets\/signification-de-nisidotam\/\" \/>\n<meta property=\"og:locale\" content=\"fr_FR\" \/>\n<meta property=\"og:type\" content=\"article\" \/>\n<meta property=\"og:title\" content=\"Signification de Nisidotam - Nisidotam\" \/>\n<meta property=\"og:description\" content=\"Apprenez-en davantage sur la signification de notre slogan et logo. Nisidotam est un mot algonquin qui signifie \u00ab\u00a0je comprends\u00a0\u00bb. Comprendre ce que signifie vivre avec un handicap est une \u00e9tape importante sur la voie de l&#039;inclusion. Pour y parvenir, nous devons prendre le temps de nous arr\u00eater et d&#039;\u00e9couter, \u00e9couter les personnes vivant avec un [&hellip;]\" \/>\n<meta property=\"og:url\" content=\"https:\/\/nisidotam.ca\/fr\/a-propos\/a-propos-de-nos-projets\/signification-de-nisidotam\/\" \/>\n<meta property=\"og:site_name\" content=\"Nisidotam\" \/>\n<meta property=\"article:modified_time\" content=\"2021-04-16T16:19:24+00:00\" \/>\n<meta property=\"og:image\" content=\"https:\/\/nisidotam.ca\/wp-content\/uploads\/2020\/05\/Nisidotam_Logo.png\" \/>\n<meta name=\"twitter:card\" content=\"summary_large_image\" \/>\n<meta name=\"twitter:label1\" content=\"Dur\u00e9e de lecture estim\u00e9e\" \/>\n\t<meta name=\"twitter:data1\" content=\"3 minutes\" \/>\n<script type=\"application\/ld+json\" class=\"yoast-schema-graph\">{\"@context\":\"https:\\\/\\\/schema.org\",\"@graph\":[{\"@type\":\"WebPage\",\"@id\":\"https:\\\/\\\/nisidotam.ca\\\/fr\\\/a-propos\\\/a-propos-de-nos-projets\\\/signification-de-nisidotam\\\/\",\"url\":\"https:\\\/\\\/nisidotam.ca\\\/fr\\\/a-propos\\\/a-propos-de-nos-projets\\\/signification-de-nisidotam\\\/\",\"name\":\"Signification de Nisidotam - Nisidotam\",\"isPartOf\":{\"@id\":\"https:\\\/\\\/nisidotam.ca\\\/fr\\\/#website\"},\"primaryImageOfPage\":{\"@id\":\"https:\\\/\\\/nisidotam.ca\\\/fr\\\/a-propos\\\/a-propos-de-nos-projets\\\/signification-de-nisidotam\\\/#primaryimage\"},\"image\":{\"@id\":\"https:\\\/\\\/nisidotam.ca\\\/fr\\\/a-propos\\\/a-propos-de-nos-projets\\\/signification-de-nisidotam\\\/#primaryimage\"},\"thumbnailUrl\":\"https:\\\/\\\/nisidotam.ca\\\/wp-content\\\/uploads\\\/2020\\\/05\\\/Nisidotam_Logo.png\",\"datePublished\":\"2021-04-06T20:18:45+00:00\",\"dateModified\":\"2021-04-16T16:19:24+00:00\",\"breadcrumb\":{\"@id\":\"https:\\\/\\\/nisidotam.ca\\\/fr\\\/a-propos\\\/a-propos-de-nos-projets\\\/signification-de-nisidotam\\\/#breadcrumb\"},\"inLanguage\":\"fr-FR\",\"potentialAction\":[{\"@type\":\"ReadAction\",\"target\":[\"https:\\\/\\\/nisidotam.ca\\\/fr\\\/a-propos\\\/a-propos-de-nos-projets\\\/signification-de-nisidotam\\\/\"]}]},{\"@type\":\"ImageObject\",\"inLanguage\":\"fr-FR\",\"@id\":\"https:\\\/\\\/nisidotam.ca\\\/fr\\\/a-propos\\\/a-propos-de-nos-projets\\\/signification-de-nisidotam\\\/#primaryimage\",\"url\":\"https:\\\/\\\/nisidotam.ca\\\/wp-content\\\/uploads\\\/2020\\\/05\\\/Nisidotam_Logo.png\",\"contentUrl\":\"https:\\\/\\\/nisidotam.ca\\\/wp-content\\\/uploads\\\/2020\\\/05\\\/Nisidotam_Logo.png\"},{\"@type\":\"BreadcrumbList\",\"@id\":\"https:\\\/\\\/nisidotam.ca\\\/fr\\\/a-propos\\\/a-propos-de-nos-projets\\\/signification-de-nisidotam\\\/#breadcrumb\",\"itemListElement\":[{\"@type\":\"ListItem\",\"position\":1,\"name\":\"Home\",\"item\":\"https:\\\/\\\/nisidotam.ca\\\/fr\\\/\"},{\"@type\":\"ListItem\",\"position\":2,\"name\":\"\u00c0 propos\",\"item\":\"https:\\\/\\\/nisidotam.ca\\\/fr\\\/a-propos\\\/\"},{\"@type\":\"ListItem\",\"position\":3,\"name\":\"\u00c0 propos de nos projets\",\"item\":\"https:\\\/\\\/nisidotam.ca\\\/fr\\\/a-propos\\\/a-propos-de-nos-projets\\\/\"},{\"@type\":\"ListItem\",\"position\":4,\"name\":\"Signification de Nisidotam\"}]},{\"@type\":\"WebSite\",\"@id\":\"https:\\\/\\\/nisidotam.ca\\\/fr\\\/#website\",\"url\":\"https:\\\/\\\/nisidotam.ca\\\/fr\\\/\",\"name\":\"Nisidotam\",\"description\":\"Understanding Disability in the Nations\",\"potentialAction\":[{\"@type\":\"SearchAction\",\"target\":{\"@type\":\"EntryPoint\",\"urlTemplate\":\"https:\\\/\\\/nisidotam.ca\\\/fr\\\/?s={search_term_string}\"},\"query-input\":{\"@type\":\"PropertyValueSpecification\",\"valueRequired\":true,\"valueName\":\"search_term_string\"}}],\"inLanguage\":\"fr-FR\"}]}<\/script>\n<!-- \/ Yoast SEO plugin. -->","yoast_head_json":{"title":"Signification de Nisidotam - Nisidotam","robots":{"index":"index","follow":"follow","max-snippet":"max-snippet:-1","max-image-preview":"max-image-preview:large","max-video-preview":"max-video-preview:-1"},"canonical":"https:\/\/nisidotam.ca\/fr\/a-propos\/a-propos-de-nos-projets\/signification-de-nisidotam\/","og_locale":"fr_FR","og_type":"article","og_title":"Signification de Nisidotam - Nisidotam","og_description":"Apprenez-en davantage sur la signification de notre slogan et logo. Nisidotam est un mot algonquin qui signifie \u00ab\u00a0je comprends\u00a0\u00bb. Comprendre ce que signifie vivre avec un handicap est une \u00e9tape importante sur la voie de l'inclusion. Pour y parvenir, nous devons prendre le temps de nous arr\u00eater et d'\u00e9couter, \u00e9couter les personnes vivant avec un [&hellip;]","og_url":"https:\/\/nisidotam.ca\/fr\/a-propos\/a-propos-de-nos-projets\/signification-de-nisidotam\/","og_site_name":"Nisidotam","article_modified_time":"2021-04-16T16:19:24+00:00","og_image":[{"url":"https:\/\/nisidotam.ca\/wp-content\/uploads\/2020\/05\/Nisidotam_Logo.png","type":"","width":"","height":""}],"twitter_card":"summary_large_image","twitter_misc":{"Dur\u00e9e de lecture estim\u00e9e":"3 minutes"},"schema":{"@context":"https:\/\/schema.org","@graph":[{"@type":"WebPage","@id":"https:\/\/nisidotam.ca\/fr\/a-propos\/a-propos-de-nos-projets\/signification-de-nisidotam\/","url":"https:\/\/nisidotam.ca\/fr\/a-propos\/a-propos-de-nos-projets\/signification-de-nisidotam\/","name":"Signification de Nisidotam - Nisidotam","isPartOf":{"@id":"https:\/\/nisidotam.ca\/fr\/#website"},"primaryImageOfPage":{"@id":"https:\/\/nisidotam.ca\/fr\/a-propos\/a-propos-de-nos-projets\/signification-de-nisidotam\/#primaryimage"},"image":{"@id":"https:\/\/nisidotam.ca\/fr\/a-propos\/a-propos-de-nos-projets\/signification-de-nisidotam\/#primaryimage"},"thumbnailUrl":"https:\/\/nisidotam.ca\/wp-content\/uploads\/2020\/05\/Nisidotam_Logo.png","datePublished":"2021-04-06T20:18:45+00:00","dateModified":"2021-04-16T16:19:24+00:00","breadcrumb":{"@id":"https:\/\/nisidotam.ca\/fr\/a-propos\/a-propos-de-nos-projets\/signification-de-nisidotam\/#breadcrumb"},"inLanguage":"fr-FR","potentialAction":[{"@type":"ReadAction","target":["https:\/\/nisidotam.ca\/fr\/a-propos\/a-propos-de-nos-projets\/signification-de-nisidotam\/"]}]},{"@type":"ImageObject","inLanguage":"fr-FR","@id":"https:\/\/nisidotam.ca\/fr\/a-propos\/a-propos-de-nos-projets\/signification-de-nisidotam\/#primaryimage","url":"https:\/\/nisidotam.ca\/wp-content\/uploads\/2020\/05\/Nisidotam_Logo.png","contentUrl":"https:\/\/nisidotam.ca\/wp-content\/uploads\/2020\/05\/Nisidotam_Logo.png"},{"@type":"BreadcrumbList","@id":"https:\/\/nisidotam.ca\/fr\/a-propos\/a-propos-de-nos-projets\/signification-de-nisidotam\/#breadcrumb","itemListElement":[{"@type":"ListItem","position":1,"name":"Home","item":"https:\/\/nisidotam.ca\/fr\/"},{"@type":"ListItem","position":2,"name":"\u00c0 propos","item":"https:\/\/nisidotam.ca\/fr\/a-propos\/"},{"@type":"ListItem","position":3,"name":"\u00c0 propos de nos projets","item":"https:\/\/nisidotam.ca\/fr\/a-propos\/a-propos-de-nos-projets\/"},{"@type":"ListItem","position":4,"name":"Signification de Nisidotam"}]},{"@type":"WebSite","@id":"https:\/\/nisidotam.ca\/fr\/#website","url":"https:\/\/nisidotam.ca\/fr\/","name":"Nisidotam","description":"Understanding Disability in the Nations","potentialAction":[{"@type":"SearchAction","target":{"@type":"EntryPoint","urlTemplate":"https:\/\/nisidotam.ca\/fr\/?s={search_term_string}"},"query-input":{"@type":"PropertyValueSpecification","valueRequired":true,"valueName":"search_term_string"}}],"inLanguage":"fr-FR"}]}},"_links":{"self":[{"href":"https:\/\/nisidotam.ca\/fr\/wp-json\/wp\/v2\/pages\/3752","targetHints":{"allow":["GET"]}}],"collection":[{"href":"https:\/\/nisidotam.ca\/fr\/wp-json\/wp\/v2\/pages"}],"about":[{"href":"https:\/\/nisidotam.ca\/fr\/wp-json\/wp\/v2\/types\/page"}],"author":[{"embeddable":true,"href":"https:\/\/nisidotam.ca\/fr\/wp-json\/wp\/v2\/users\/3"}],"replies":[{"embeddable":true,"href":"https:\/\/nisidotam.ca\/fr\/wp-json\/wp\/v2\/comments?post=3752"}],"version-history":[{"count":6,"href":"https:\/\/nisidotam.ca\/fr\/wp-json\/wp\/v2\/pages\/3752\/revisions"}],"predecessor-version":[{"id":4924,"href":"https:\/\/nisidotam.ca\/fr\/wp-json\/wp\/v2\/pages\/3752\/revisions\/4924"}],"up":[{"embeddable":true,"href":"https:\/\/nisidotam.ca\/fr\/wp-json\/wp\/v2\/pages\/3738"}],"wp:attachment":[{"href":"https:\/\/nisidotam.ca\/fr\/wp-json\/wp\/v2\/media?parent=3752"}],"curies":[{"name":"wp","href":"https:\/\/api.w.org\/{rel}","templated":true}]}}