{"id":3750,"date":"2021-04-06T20:18:09","date_gmt":"2021-04-06T20:18:09","guid":{"rendered":"https:\/\/nisidotam.ca\/?page_id=3750"},"modified":"2021-05-10T09:28:25","modified_gmt":"2021-05-10T14:28:25","slug":"nisidotam","status":"publish","type":"page","link":"https:\/\/nisidotam.ca\/fr\/","title":{"rendered":"Nisidotam"},"content":{"rendered":"<p>[et_pb_section fb_built=\u00a0\u00bb1&Prime; fullwidth=\u00a0\u00bbon\u00a0\u00bb _builder_version=\u00a0\u00bb4.7.7&Prime; _module_preset=\u00a0\u00bbdefault\u00a0\u00bb background_image=\u00a0\u00bbhttps:\/\/nisidotam.ca\/wp-content\/uploads\/2021\/02\/pine-5938391_1920.jpg\u00a0\u00bb][et_pb_fullwidth_header title=\u00a0\u00bbNisidotam\u00a0\u00bb _builder_version=\u00a0\u00bb4.9.3&Prime; _module_preset=\u00a0\u00bbdefault\u00a0\u00bb]<\/p>\n<h3>Comprenons ensemble le handicap dans les communaut\u00e9s.<\/h3>\n<p>[\/et_pb_fullwidth_header][\/et_pb_section][et_pb_section fb_built=\u00a0\u00bb1&Prime; _builder_version=\u00a0\u00bb4.9.2&Prime; _module_preset=\u00a0\u00bbdefault\u00a0\u00bb custom_margin=\u00a0\u00bb||||false|false\u00a0\u00bb][et_pb_row column_structure=\u00a0\u00bb1_2,1_2&Prime; _builder_version=\u00a0\u00bb4.9.4&Prime; _module_preset=\u00a0\u00bbdefault\u00a0\u00bb][et_pb_column type=\u00a0\u00bb1_2&Prime; _builder_version=\u00a0\u00bb4.9.2&Prime; _module_preset=\u00a0\u00bbdefault\u00a0\u00bb][et_pb_image src=\u00a0\u00bbhttps:\/\/nisidotam.ca\/wp-content\/uploads\/2021\/03\/Nisidotam_Logo_Couleur_CMJN_jpeg_Fondblanc.jpg\u00a0\u00bb title_text=\u00a0\u00bble logo Nisidotam en forme de tortue et avec 13 personnes se tenant la main\u00a0\u00bb _builder_version=\u00a0\u00bb4.9.4&Prime; _module_preset=\u00a0\u00bbdefault\u00a0\u00bb hover_enabled=\u00a0\u00bb0&Prime; locked=\u00a0\u00bboff\u00a0\u00bb alt=\u00a0\u00bbtreize personnes se tiennent la main sur l&rsquo;\u00eele \u00e0 la Tortue\u00a0\u00bb sticky_enabled=\u00a0\u00bb0&Prime;][\/et_pb_image][\/et_pb_column][et_pb_column type=\u00a0\u00bb1_2&Prime; _builder_version=\u00a0\u00bb4.9.4&Prime; _module_preset=\u00a0\u00bbdefault\u00a0\u00bb][et_pb_text _builder_version=\u00a0\u00bb4.9.4&Prime; _module_preset=\u00a0\u00bbdefault\u00a0\u00bb]<\/p>\n<p>Le site Web Nisidotam pr\u00e9sente des r\u00e9cits d&rsquo;exp\u00e9riences relatives au handicap d\u2019aujourd\u2019hui, tels que racont\u00e9s par des membres de communaut\u00e9s des Premi\u00e8res Nations du Qu\u00e9bec. Nisidotam propose un mod\u00e8le int\u00e9gr\u00e9 en vue de d\u00e9finir une approche inclusive en mati\u00e8re de services de soutien. Tout le mat\u00e9riel a pour but de cr\u00e9er un milieu propice \u00e0 l&rsquo;autod\u00e9termination et \u00e0 la sensibilisation et de trouver ou fournir le soutien n\u00e9cessaire.<\/p>\n<p>Ces ressources sont destin\u00e9es, mais sans s&rsquo;y limiter, aux groupes suivants :<\/p>\n<ul>\n<li>professionnels du soutien : conseillers en emploi et en formation, agents de la S\u00e9curit\u00e9 du revenu, enseignants en \u00e9ducation des adultes et personnel de soutien;<\/li>\n<li>personnes en situation de handicap;<\/li>\n<li>alli\u00e9s et activistes : membres de la famille, amis, employeurs, conseils de bande.<\/li>\n<\/ul>\n<p>[\/et_pb_text][\/et_pb_column][\/et_pb_row][et_pb_row column_structure=\u00a0\u00bb1_2,1_2&Prime; _builder_version=\u00a0\u00bb4.9.2&Prime; _module_preset=\u00a0\u00bbdefault\u00a0\u00bb custom_padding=\u00a0\u00bb15px||0px||false|false\u00a0\u00bb collapsed=\u00a0\u00bboff\u00a0\u00bb][et_pb_column type=\u00a0\u00bb1_2&Prime; _builder_version=\u00a0\u00bb4.9.2&Prime; _module_preset=\u00a0\u00bbdefault\u00a0\u00bb][et_pb_toggle title=\u00a0\u00bbEn savoir plus sur le logo\u00a0\u00bb closed_toggle_background_color=\u00a0\u00bbrgba(255,255,255,0.14)\u00a0\u00bb icon_color=\u00a0\u00bbRGBA(0,25,5,0.89)\u00a0\u00bb use_icon_font_size=\u00a0\u00bbon\u00a0\u00bb icon_font_size=\u00a0\u00bb25px\u00a0\u00bb _builder_version=\u00a0\u00bb4.9.3&Prime; _module_preset=\u00a0\u00bbdefault\u00a0\u00bb title_text_color=\u00a0\u00bb#242424&Prime; title_font=\u00a0\u00bb||on||||||\u00a0\u00bb title_font_size=\u00a0\u00bb20px\u00a0\u00bb border_radii=\u00a0\u00bbon|10px|10px|10px|10px\u00a0\u00bb border_width_all=\u00a0\u00bb3px\u00a0\u00bb border_color_all=\u00a0\u00bbrgba(0,25,5,0.89)\u00a0\u00bb]<\/p>\n<p>La tortue de notre logo s\u2019inspire de l\u2019histoire traditionnelle de l\u2019\u00cele \u00e0 la Tortue, une histoire partag\u00e9e par de nombreuses Premi\u00e8res Nations.<\/p>\n<p>Les treize personnes repr\u00e9sentent les treize lunes des enseignements de la roue m\u00e9dicinale. En se tenant par la main, elles expriment l\u2019importance de partager ensemble une plus grande compr\u00e9hension et la vie en communaut\u00e9, toutes les deux \u00e9tant essentielles au mieux-\u00eatre.<\/p>\n<p><span style=\"font-size: 16px;\">Comme tout le monde, les personnes en situation de handicap ont besoin de vivre en \u00e9quilibre pour faire l\u2019exp\u00e9rience du mieux-\u00eatre, y compris le besoin de contribuer et de faire partie de leurs communaut\u00e9s.<\/span><\/p>\n<p>[\/et_pb_toggle][\/et_pb_column][et_pb_column type=\u00a0\u00bb1_2&Prime; _builder_version=\u00a0\u00bb4.9.2&Prime; _module_preset=\u00a0\u00bbdefault\u00a0\u00bb][et_pb_toggle title=\u00a0\u00bbQue signifie Nisidotam?\u00a0\u00bb open_toggle_text_color=\u00a0\u00bb#242424&Prime; closed_toggle_background_color=\u00a0\u00bbrgba(255,255,255,0.14)\u00a0\u00bb icon_color=\u00a0\u00bbRGBA(0,25,5,0.89)\u00a0\u00bb use_icon_font_size=\u00a0\u00bbon\u00a0\u00bb icon_font_size=\u00a0\u00bb25px\u00a0\u00bb _builder_version=\u00a0\u00bb4.9.3&Prime; _module_preset=\u00a0\u00bbdefault\u00a0\u00bb title_text_color=\u00a0\u00bb#242424&Prime; title_font=\u00a0\u00bb||on||||||\u00a0\u00bb title_font_size=\u00a0\u00bb20px\u00a0\u00bb border_radii=\u00a0\u00bbon|10px|10px|10px|10px\u00a0\u00bb border_width_all=\u00a0\u00bb3px\u00a0\u00bb border_color_all=\u00a0\u00bbrgba(0,25,5,0.89)\u00a0\u00bb]<\/p>\n<p><span data-contrast=\"auto\">Nisidotam <\/span>est un mot algonquin qui signifie \u00ab je comprends \u00bb. Comprendre ce que signifie vivre avec un handicap est une \u00e9tape importante sur la voie de l&rsquo;inclusion. Pour y parvenir, nous devons prendre le temps de nous arr\u00eater et d&rsquo;\u00e9couter, \u00e9couter les personnes vivant avec un handicap, \u00e9couter leurs familles, de soutenir les travailleurs et les employeurs, d&rsquo;apprendre les uns des autres.<\/p>\n<p>Comprendre nous permet d\u2019\u00e9voluer vers un changement positif. Nous devons nous rappeler que la compr\u00e9hension est un cheminement continu. Nous trouvons des r\u00e9ponses; toutefois, de nouvelles questions surgissent et nous interpellent, nous amenant \u00e0 approfondir notre compr\u00e9hension<\/p>\n<p>Nisidotam, Je comprends! se dit avec la conviction que ma compr\u00e9hension continuera \u00e0 me guider vers l&rsquo;autre avec qui je grandirai vers une plus grande inclusion.<\/p>\n<p>[\/et_pb_toggle][\/et_pb_column][\/et_pb_row][\/et_pb_section][et_pb_section fb_built=\u00a0\u00bb1&Prime; _builder_version=\u00a0\u00bb4.9.2&Prime; _module_preset=\u00a0\u00bbdefault\u00a0\u00bb custom_margin=\u00a0\u00bb11px|||||\u00a0\u00bb custom_padding=\u00a0\u00bb||0px|||\u00a0\u00bb][et_pb_row _builder_version=\u00a0\u00bb4.9.2&Prime; _module_preset=\u00a0\u00bbdefault\u00a0\u00bb][et_pb_column type=\u00a0\u00bb4_4&Prime; _builder_version=\u00a0\u00bb4.9.2&Prime; _module_preset=\u00a0\u00bbdefault\u00a0\u00bb][et_pb_divider _builder_version=\u00a0\u00bb4.9.2&Prime; _module_preset=\u00a0\u00bbdefault\u00a0\u00bb][\/et_pb_divider][\/et_pb_column][\/et_pb_row][\/et_pb_section][et_pb_section fb_built=\u00a0\u00bb1&Prime; _builder_version=\u00a0\u00bb4.9.2&Prime; _module_preset=\u00a0\u00bbdefault\u00a0\u00bb][et_pb_row _builder_version=\u00a0\u00bb4.9.2&Prime; _module_preset=\u00a0\u00bbdefault\u00a0\u00bb][et_pb_column type=\u00a0\u00bb4_4&Prime; _builder_version=\u00a0\u00bb4.9.2&Prime; _module_preset=\u00a0\u00bbdefault\u00a0\u00bb][et_pb_text _builder_version=\u00a0\u00bb4.9.3&Prime; _module_preset=\u00a0\u00bbdefault\u00a0\u00bb text_orientation=\u00a0\u00bbcenter\u00a0\u00bb]<\/p>\n<h1>De l&rsquo;information fiable et \u00e9quilibr\u00e9e sur le handicap<\/h1>\n<p>[\/et_pb_text][et_pb_text _builder_version=\u00a0\u00bb4.9.3&Prime; _module_preset=\u00a0\u00bbdefault\u00a0\u00bb text_orientation=\u00a0\u00bbcenter\u00a0\u00bb]<\/p>\n<h3>Au fil de vos lectures et des vid\u00e9os, et en utilisant les outils de formation, vous vous inspirerez de vos propres exp\u00e9riences et connaissances en mati\u00e8re de handicap pour devenir un meilleur activiste ou alli\u00e9 des personnes vivant dans une situation de handicap.<\/h3>\n<p>&nbsp;<\/p>\n<p>[\/et_pb_text][\/et_pb_column][\/et_pb_row][et_pb_row column_structure=\u00a0\u00bb1_2,1_2&Prime; _builder_version=\u00a0\u00bb4.9.2&Prime; _module_preset=\u00a0\u00bbdefault\u00a0\u00bb][et_pb_column type=\u00a0\u00bb1_2&Prime; _builder_version=\u00a0\u00bb4.9.2&Prime; _module_preset=\u00a0\u00bbdefault\u00a0\u00bb][et_pb_button button_url=\u00a0\u00bbhttps:\/\/nisidotam.ca\/fr\/comprendre-le-handicap\/\u00a0\u00bb button_text=\u00a0\u00bbPour en apprendre davantage sur le HANDICAP\u00a0\u00bb button_alignment=\u00a0\u00bbcenter\u00a0\u00bb _builder_version=\u00a0\u00bb4.9.4&Prime; _module_preset=\u00a0\u00bbdefault\u00a0\u00bb custom_button=\u00a0\u00bbon\u00a0\u00bb button_text_size=\u00a0\u00bb31px\u00a0\u00bb button_bg_color=\u00a0\u00bbrgba(0,25,5,0.89)\u00a0\u00bb button_border_radius=\u00a0\u00bb60px\u00a0\u00bb][\/et_pb_button][\/et_pb_column][et_pb_column type=\u00a0\u00bb1_2&Prime; _builder_version=\u00a0\u00bb4.9.2&Prime; _module_preset=\u00a0\u00bbdefault\u00a0\u00bb][et_pb_button button_url=\u00a0\u00bbhttps:\/\/nisidotam.ca\/fr\/soutenir-les-clients\/\u00a0\u00bb button_text=\u00a0\u00bbPour en apprendre davantage sur le SOUTIEN AUX CLIENTS\u00a0\u00bb button_alignment=\u00a0\u00bbcenter\u00a0\u00bb _builder_version=\u00a0\u00bb4.9.4&Prime; _module_preset=\u00a0\u00bbdefault\u00a0\u00bb custom_button=\u00a0\u00bbon\u00a0\u00bb button_text_size=\u00a0\u00bb31px\u00a0\u00bb button_bg_color=\u00a0\u00bb#630100&Prime; button_border_radius=\u00a0\u00bb60px\u00a0\u00bb locked=\u00a0\u00bboff\u00a0\u00bb][\/et_pb_button][\/et_pb_column][\/et_pb_row][\/et_pb_section][et_pb_section fb_built=\u00a0\u00bb1&Prime; _builder_version=\u00a0\u00bb4.9.2&Prime; _module_preset=\u00a0\u00bbdefault\u00a0\u00bb min_height=\u00a0\u00bb86px\u00a0\u00bb][et_pb_row _builder_version=\u00a0\u00bb4.9.2&Prime; _module_preset=\u00a0\u00bbdefault\u00a0\u00bb][et_pb_column type=\u00a0\u00bb4_4&Prime; _builder_version=\u00a0\u00bb4.9.2&Prime; _module_preset=\u00a0\u00bbdefault\u00a0\u00bb][et_pb_divider _builder_version=\u00a0\u00bb4.9.2&Prime; _module_preset=\u00a0\u00bbdefault\u00a0\u00bb][\/et_pb_divider][\/et_pb_column][\/et_pb_row][\/et_pb_section][et_pb_section fb_built=\u00a0\u00bb1&Prime; _builder_version=\u00a0\u00bb4.9.2&Prime; _module_preset=\u00a0\u00bbdefault\u00a0\u00bb][et_pb_row _builder_version=\u00a0\u00bb4.9.2&Prime; _module_preset=\u00a0\u00bbdefault\u00a0\u00bb][et_pb_column type=\u00a0\u00bb4_4&Prime; _builder_version=\u00a0\u00bb4.9.2&Prime; _module_preset=\u00a0\u00bbdefault\u00a0\u00bb][et_pb_divider show_divider=\u00a0\u00bboff\u00a0\u00bb _builder_version=\u00a0\u00bb4.9.2&Prime; _module_preset=\u00a0\u00bbdefault\u00a0\u00bb][\/et_pb_divider][\/et_pb_column][\/et_pb_row][et_pb_row _builder_version=\u00a0\u00bb4.9.2&Prime; _module_preset=\u00a0\u00bbdefault\u00a0\u00bb][et_pb_column type=\u00a0\u00bb4_4&Prime; _builder_version=\u00a0\u00bb4.9.2&Prime; _module_preset=\u00a0\u00bbdefault\u00a0\u00bb][et_pb_text _builder_version=\u00a0\u00bb4.9.3&Prime; _module_preset=\u00a0\u00bbdefault\u00a0\u00bb]<\/p>\n<h2>Module d&rsquo;apprentissage vid\u00e9o: Comprendre le handicap<\/h2>\n<p>[\/et_pb_text][\/et_pb_column][\/et_pb_row][et_pb_row column_structure=\u00a0\u00bb3_5,2_5&Prime; _builder_version=\u00a0\u00bb4.9.2&Prime; _module_preset=\u00a0\u00bbdefault\u00a0\u00bb][et_pb_column type=\u00a0\u00bb3_5&Prime; _builder_version=\u00a0\u00bb4.9.2&Prime; _module_preset=\u00a0\u00bbdefault\u00a0\u00bb][et_pb_video src=\u00a0\u00bbhttps:\/\/youtu.be\/iPvmmnVf0OM\u00a0\u00bb _builder_version=\u00a0\u00bb4.9.4&Prime; _module_preset=\u00a0\u00bbdefault\u00a0\u00bb][\/et_pb_video][\/et_pb_column][et_pb_column type=\u00a0\u00bb2_5&Prime; _builder_version=\u00a0\u00bb4.9.2&Prime; _module_preset=\u00a0\u00bbdefault\u00a0\u00bb][et_pb_text _builder_version=\u00a0\u00bb4.9.3&Prime; _module_preset=\u00a0\u00bbdefault\u00a0\u00bb custom_padding=\u00a0\u00bb||0px|||\u00a0\u00bb]<\/p>\n<h4>Le module d&rsquo;apprentissage suivant pr\u00e9sente un r\u00e9sum\u00e9 de tous les \u00e9l\u00e9ments cl\u00e9s d&rsquo;une d\u00e9finition int\u00e9gr\u00e9e du handicap. Enrichi par les connaissances traditionnelles et situ\u00e9 dans un contexte autochtone contemporain, ce module d&rsquo;apprentissage fournit un cadre pertinent permettant d&rsquo;approfondir sa compr\u00e9hension.<\/h4>\n<p>[\/et_pb_text][\/et_pb_column][\/et_pb_row][\/et_pb_section][et_pb_section fb_built=\u00a0\u00bb1&Prime; fullwidth=\u00a0\u00bbon\u00a0\u00bb _builder_version=\u00a0\u00bb4.7.7&Prime; _module_preset=\u00a0\u00bbdefault\u00a0\u00bb][\/et_pb_section]<\/p>\n","protected":false},"excerpt":{"rendered":"<p>Comprenons ensemble le handicap dans les communaut\u00e9s.Le site Web Nisidotam pr\u00e9sente des r\u00e9cits d&rsquo;exp\u00e9riences relatives au handicap d\u2019aujourd\u2019hui, tels que racont\u00e9s par des membres de communaut\u00e9s des Premi\u00e8res Nations du Qu\u00e9bec. Nisidotam propose un mod\u00e8le int\u00e9gr\u00e9 en vue de d\u00e9finir une approche inclusive en mati\u00e8re de services de soutien. Tout le mat\u00e9riel a pour but [&hellip;]<\/p>\n","protected":false},"author":3,"featured_media":0,"parent":0,"menu_order":1,"comment_status":"closed","ping_status":"closed","template":"","meta":{"_acf_changed":false,"_et_pb_use_builder":"on","_et_pb_old_content":"","_et_gb_content_width":"","footnotes":""},"class_list":["post-3750","page","type-page","status-publish","hentry"],"acf":[],"yoast_head":"<!-- This site is optimized with the Yoast SEO plugin v27.4 - https:\/\/yoast.com\/product\/yoast-seo-wordpress\/ -->\n<title>Nisidotam - Nisidotam<\/title>\n<meta name=\"robots\" content=\"index, follow, max-snippet:-1, max-image-preview:large, max-video-preview:-1\" \/>\n<link rel=\"canonical\" href=\"https:\/\/nisidotam.ca\/fr\/\" \/>\n<meta property=\"og:locale\" content=\"fr_FR\" \/>\n<meta property=\"og:type\" content=\"article\" \/>\n<meta property=\"og:title\" content=\"Nisidotam - Nisidotam\" \/>\n<meta property=\"og:description\" content=\"Comprenons ensemble le handicap dans les communaut\u00e9s.Le site Web Nisidotam pr\u00e9sente des r\u00e9cits d&#039;exp\u00e9riences relatives au handicap d\u2019aujourd\u2019hui, tels que racont\u00e9s par des membres de communaut\u00e9s des Premi\u00e8res Nations du Qu\u00e9bec. Nisidotam propose un mod\u00e8le int\u00e9gr\u00e9 en vue de d\u00e9finir une approche inclusive en mati\u00e8re de services de soutien. Tout le mat\u00e9riel a pour but [&hellip;]\" \/>\n<meta property=\"og:url\" content=\"https:\/\/nisidotam.ca\/fr\/\" \/>\n<meta property=\"og:site_name\" content=\"Nisidotam\" \/>\n<meta property=\"article:modified_time\" content=\"2021-05-10T14:28:25+00:00\" \/>\n<meta name=\"twitter:card\" content=\"summary_large_image\" \/>\n<meta name=\"twitter:label1\" content=\"Dur\u00e9e de lecture estim\u00e9e\" \/>\n\t<meta name=\"twitter:data1\" content=\"6 minutes\" \/>\n<script type=\"application\/ld+json\" class=\"yoast-schema-graph\">{\"@context\":\"https:\\\/\\\/schema.org\",\"@graph\":[{\"@type\":\"WebPage\",\"@id\":\"https:\\\/\\\/nisidotam.ca\\\/fr\\\/\",\"url\":\"https:\\\/\\\/nisidotam.ca\\\/fr\\\/\",\"name\":\"Nisidotam - Nisidotam\",\"isPartOf\":{\"@id\":\"https:\\\/\\\/nisidotam.ca\\\/fr\\\/#website\"},\"datePublished\":\"2021-04-06T20:18:09+00:00\",\"dateModified\":\"2021-05-10T14:28:25+00:00\",\"breadcrumb\":{\"@id\":\"https:\\\/\\\/nisidotam.ca\\\/fr\\\/#breadcrumb\"},\"inLanguage\":\"fr-FR\",\"potentialAction\":[{\"@type\":\"ReadAction\",\"target\":[\"https:\\\/\\\/nisidotam.ca\\\/fr\\\/\"]}]},{\"@type\":\"BreadcrumbList\",\"@id\":\"https:\\\/\\\/nisidotam.ca\\\/fr\\\/#breadcrumb\",\"itemListElement\":[{\"@type\":\"ListItem\",\"position\":1,\"name\":\"Home\",\"item\":\"https:\\\/\\\/nisidotam.ca\\\/fr\\\/\"},{\"@type\":\"ListItem\",\"position\":2,\"name\":\"Nisidotam\"}]},{\"@type\":\"WebSite\",\"@id\":\"https:\\\/\\\/nisidotam.ca\\\/fr\\\/#website\",\"url\":\"https:\\\/\\\/nisidotam.ca\\\/fr\\\/\",\"name\":\"Nisidotam\",\"description\":\"Understanding Disability in the Nations\",\"potentialAction\":[{\"@type\":\"SearchAction\",\"target\":{\"@type\":\"EntryPoint\",\"urlTemplate\":\"https:\\\/\\\/nisidotam.ca\\\/fr\\\/?s={search_term_string}\"},\"query-input\":{\"@type\":\"PropertyValueSpecification\",\"valueRequired\":true,\"valueName\":\"search_term_string\"}}],\"inLanguage\":\"fr-FR\"}]}<\/script>\n<!-- \/ Yoast SEO plugin. -->","yoast_head_json":{"title":"Nisidotam - Nisidotam","robots":{"index":"index","follow":"follow","max-snippet":"max-snippet:-1","max-image-preview":"max-image-preview:large","max-video-preview":"max-video-preview:-1"},"canonical":"https:\/\/nisidotam.ca\/fr\/","og_locale":"fr_FR","og_type":"article","og_title":"Nisidotam - Nisidotam","og_description":"Comprenons ensemble le handicap dans les communaut\u00e9s.Le site Web Nisidotam pr\u00e9sente des r\u00e9cits d'exp\u00e9riences relatives au handicap d\u2019aujourd\u2019hui, tels que racont\u00e9s par des membres de communaut\u00e9s des Premi\u00e8res Nations du Qu\u00e9bec. Nisidotam propose un mod\u00e8le int\u00e9gr\u00e9 en vue de d\u00e9finir une approche inclusive en mati\u00e8re de services de soutien. Tout le mat\u00e9riel a pour but [&hellip;]","og_url":"https:\/\/nisidotam.ca\/fr\/","og_site_name":"Nisidotam","article_modified_time":"2021-05-10T14:28:25+00:00","twitter_card":"summary_large_image","twitter_misc":{"Dur\u00e9e de lecture estim\u00e9e":"6 minutes"},"schema":{"@context":"https:\/\/schema.org","@graph":[{"@type":"WebPage","@id":"https:\/\/nisidotam.ca\/fr\/","url":"https:\/\/nisidotam.ca\/fr\/","name":"Nisidotam - Nisidotam","isPartOf":{"@id":"https:\/\/nisidotam.ca\/fr\/#website"},"datePublished":"2021-04-06T20:18:09+00:00","dateModified":"2021-05-10T14:28:25+00:00","breadcrumb":{"@id":"https:\/\/nisidotam.ca\/fr\/#breadcrumb"},"inLanguage":"fr-FR","potentialAction":[{"@type":"ReadAction","target":["https:\/\/nisidotam.ca\/fr\/"]}]},{"@type":"BreadcrumbList","@id":"https:\/\/nisidotam.ca\/fr\/#breadcrumb","itemListElement":[{"@type":"ListItem","position":1,"name":"Home","item":"https:\/\/nisidotam.ca\/fr\/"},{"@type":"ListItem","position":2,"name":"Nisidotam"}]},{"@type":"WebSite","@id":"https:\/\/nisidotam.ca\/fr\/#website","url":"https:\/\/nisidotam.ca\/fr\/","name":"Nisidotam","description":"Understanding Disability in the Nations","potentialAction":[{"@type":"SearchAction","target":{"@type":"EntryPoint","urlTemplate":"https:\/\/nisidotam.ca\/fr\/?s={search_term_string}"},"query-input":{"@type":"PropertyValueSpecification","valueRequired":true,"valueName":"search_term_string"}}],"inLanguage":"fr-FR"}]}},"_links":{"self":[{"href":"https:\/\/nisidotam.ca\/fr\/wp-json\/wp\/v2\/pages\/3750","targetHints":{"allow":["GET"]}}],"collection":[{"href":"https:\/\/nisidotam.ca\/fr\/wp-json\/wp\/v2\/pages"}],"about":[{"href":"https:\/\/nisidotam.ca\/fr\/wp-json\/wp\/v2\/types\/page"}],"author":[{"embeddable":true,"href":"https:\/\/nisidotam.ca\/fr\/wp-json\/wp\/v2\/users\/3"}],"replies":[{"embeddable":true,"href":"https:\/\/nisidotam.ca\/fr\/wp-json\/wp\/v2\/comments?post=3750"}],"version-history":[{"count":12,"href":"https:\/\/nisidotam.ca\/fr\/wp-json\/wp\/v2\/pages\/3750\/revisions"}],"predecessor-version":[{"id":5388,"href":"https:\/\/nisidotam.ca\/fr\/wp-json\/wp\/v2\/pages\/3750\/revisions\/5388"}],"wp:attachment":[{"href":"https:\/\/nisidotam.ca\/fr\/wp-json\/wp\/v2\/media?parent=3750"}],"curies":[{"name":"wp","href":"https:\/\/api.w.org\/{rel}","templated":true}]}}