{"id":3738,"date":"2021-04-06T20:15:29","date_gmt":"2021-04-06T20:15:29","guid":{"rendered":"https:\/\/nisidotam.ca\/?page_id=3738"},"modified":"2021-04-19T02:55:16","modified_gmt":"2021-04-19T07:55:16","slug":"a-propos-de-nos-projets","status":"publish","type":"page","link":"https:\/\/nisidotam.ca\/fr\/a-propos\/a-propos-de-nos-projets\/","title":{"rendered":"\u00c0 propos de nos projets"},"content":{"rendered":"<p>[et_pb_section fb_built=\u00a0\u00bb1&Prime; fullwidth=\u00a0\u00bbon\u00a0\u00bb _builder_version=\u00a0\u00bb4.9.2&Prime; _module_preset=\u00a0\u00bbdefault\u00a0\u00bb border_color_top=\u00a0\u00bbrgba(0,25,5,0.89)\u00a0\u00bb border_width_bottom=\u00a0\u00bb0px\u00a0\u00bb border_color_bottom=\u00a0\u00bbrgba(0,25,5,0.89)\u00a0\u00bb border_width_left=\u00a0\u00bb0px\u00a0\u00bb border_color_left=\u00a0\u00bb#E02B20&Prime;][et_pb_fullwidth_header title=\u00a0\u00bbNos projets de recherche\u00a0\u00bb header_image_url=\u00a0\u00bbhttps:\/\/nisidotam.ca\/wp-content\/uploads\/2021\/01\/200914_visuel-tanya_blanc-298&#215;300.jpg\u00a0\u00bb _builder_version=\u00a0\u00bb4.9.4&Prime; _module_preset=\u00a0\u00bbdefault\u00a0\u00bb background_color=\u00a0\u00bb#1e1e1e\u00a0\u00bb background_color_gradient_direction=\u00a0\u00bb154deg\u00a0\u00bb custom_padding=\u00a0\u00bb0px||0px||true|\u00a0\u00bb border_color_all=\u00a0\u00bb#000000&Prime; border_radii_image=\u00a0\u00bbon|10px|10px|10px|10px\u00a0\u00bb border_width_all_image=\u00a0\u00bb3px\u00a0\u00bb border_color_all_image=\u00a0\u00bb#0A2300&Prime; border_color_top_image=\u00a0\u00bb#E02B20&Prime; border_color_right_image=\u00a0\u00bb#E02B20&Prime; border_color_bottom_image=\u00a0\u00bb#E02B20&Prime; border_color_left_image=\u00a0\u00bb#E02B20&Prime;]<\/p>\n<p>La CDRHPNQ et le CRISPESH ont collabor\u00e9 \u00e0 trois projets de recherche visant \u00e0 d\u00e9terminer les mesures n\u00e9cessaires pour accro\u00eetre le soutien \u00e0 l&rsquo;inclusion des membres des Premi\u00e8res Nations vivant avec un handicap. Les chercheurs se sont rendus dans les communaut\u00e9s pour y mener des entrevues et tenir des cercles de discussion afin d&rsquo;entendre les personnes en situation de handicap et les professionnels du soutien qui les accompagnent. Ces projets ont abouti \u00e0 la cr\u00e9ation de l&rsquo;initiative d&rsquo;inclusion Nisidotam. Vous trouverez ci-dessous de plus amples renseignements sur nos projets et sur Nisidotam.<\/p>\n<p>[\/et_pb_fullwidth_header][\/et_pb_section][et_pb_section fb_built=\u00a0\u00bb1&Prime; fullwidth=\u00a0\u00bbon\u00a0\u00bb _builder_version=\u00a0\u00bb4.7.7&Prime; _module_preset=\u00a0\u00bbdefault\u00a0\u00bb][et_pb_fullwidth_menu menu_id=\u00a0\u00bb39&Prime; active_link_color=\u00a0\u00bb#edf000&Prime; _builder_version=\u00a0\u00bb4.7.7&Prime; _module_preset=\u00a0\u00bbdefault\u00a0\u00bb menu_font=\u00a0\u00bb|700|||||||\u00a0\u00bb menu_text_color=\u00a0\u00bb#ffffff\u00a0\u00bb menu_font_size=\u00a0\u00bb17px\u00a0\u00bb menu_letter_spacing=\u00a0\u00bb1px\u00a0\u00bb background_color=\u00a0\u00bb#1e1e1e\u00a0\u00bb background_layout=\u00a0\u00bbdark\u00a0\u00bb][\/et_pb_fullwidth_menu][\/et_pb_section][et_pb_section fb_built=\u00a0\u00bb1&Prime; _builder_version=\u00a0\u00bb4.7.7&Prime; _module_preset=\u00a0\u00bbdefault\u00a0\u00bb][et_pb_row column_structure=\u00a0\u00bb1_2,1_2&Prime; _builder_version=\u00a0\u00bb4.7.7&Prime; _module_preset=\u00a0\u00bbdefault\u00a0\u00bb][et_pb_column type=\u00a0\u00bb1_2&Prime; _builder_version=\u00a0\u00bb4.7.7&Prime; _module_preset=\u00a0\u00bbdefault\u00a0\u00bb][et_pb_cta title=\u00a0\u00bbLe logo et le slogan\u00a0\u00bb button_url=\u00a0\u00bbhttps:\/\/nisidotam.ca\/fr\/a-propos\/a-propos-de-nos-projets\/signification-de-nisidotam\/\u00a0\u00bb button_text=\u00a0\u00bbPoursuivez votre lecture\u00a0\u00bb _builder_version=\u00a0\u00bb4.9.4&Prime; _module_preset=\u00a0\u00bbdefault\u00a0\u00bb background_color=\u00a0\u00bb#FFFFFF\u00a0\u00bb custom_button=\u00a0\u00bbon\u00a0\u00bb button_border_width=\u00a0\u00bb0px\u00a0\u00bb button_border_color=\u00a0\u00bb#000000&Prime; button_border_radius=\u00a0\u00bb10px\u00a0\u00bb background_layout=\u00a0\u00bblight\u00a0\u00bb max_width=\u00a0\u00bb100%\u00a0\u00bb custom_padding=\u00a0\u00bb25px|25px|25px|25px|false|false\u00a0\u00bb hover_enabled=\u00a0\u00bb0&Prime; border_radii=\u00a0\u00bbon|10px|10px|10px|10px\u00a0\u00bb border_width_all=\u00a0\u00bb5px\u00a0\u00bb border_color_all=\u00a0\u00bb#242424&Prime; locked=\u00a0\u00bboff\u00a0\u00bb sticky_enabled=\u00a0\u00bb0&Prime;]<\/p>\n<p style=\"text-align: center;\"><span>\u00a0Apprenez-en davantage sur la signification de notre logo et de notre slogan..<\/span><\/p>\n<p style=\"text-align: center;\"><span><\/span><\/p>\n<p style=\"text-align: center;\"><span><\/span><\/p>\n<p style=\"text-align: center;\"><span><\/span><\/p>\n<p style=\"text-align: center;\"><span><\/span><\/p>\n<p><img loading=\"lazy\" decoding=\"async\" src=\"https:\/\/nisidotam.ca\/wp-content\/uploads\/2021\/03\/Nisidotam_Logo_Couleur_CMJN_jpeg_Fondblanc-150x150.jpg\" width=\"150\" height=\"150\" alt=\"\" class=\"wp-image-3475 aligncenter size-thumbnail\" \/><br \/><span style=\"font-size: 15px; background-color: #eeeeee;\"><\/span><\/p>\n<p>[\/et_pb_cta][\/et_pb_column][et_pb_column type=\u00a0\u00bb1_2&Prime; _builder_version=\u00a0\u00bb4.7.7&Prime; _module_preset=\u00a0\u00bbdefault\u00a0\u00bb][et_pb_cta title=\u00a0\u00bbLa recherche\u00a0\u00bb button_url=\u00a0\u00bbhttps:\/\/nisidotam.ca\/fr\/a-propos\/a-propos-de-nos-projets\/a-propos-de-notre-recherche\/\u00a0\u00bb button_text=\u00a0\u00bbPoursuivez votre lecture\u00a0\u00bb _builder_version=\u00a0\u00bb4.9.4&Prime; _module_preset=\u00a0\u00bbdefault\u00a0\u00bb background_color=\u00a0\u00bb#FFFFFF\u00a0\u00bb custom_button=\u00a0\u00bbon\u00a0\u00bb button_border_width=\u00a0\u00bb0px\u00a0\u00bb button_border_color=\u00a0\u00bb#000000&Prime; button_border_radius=\u00a0\u00bb10px\u00a0\u00bb background_layout=\u00a0\u00bblight\u00a0\u00bb max_width=\u00a0\u00bb100%\u00a0\u00bb custom_padding=\u00a0\u00bb25px|25px|25px|25px|false|false\u00a0\u00bb hover_enabled=\u00a0\u00bb0&Prime; border_radii=\u00a0\u00bbon|10px|10px|10px|10px\u00a0\u00bb border_width_all=\u00a0\u00bb5px\u00a0\u00bb border_color_all=\u00a0\u00bb#242424&Prime; locked=\u00a0\u00bboff\u00a0\u00bb global_colors_info=\u00a0\u00bb{}\u00a0\u00bb sticky_enabled=\u00a0\u00bb0&Prime;]<\/p>\n<p>D\u00e9couvrez le processus de recherche, la recherche participative communautaire, les personnes interview\u00e9es, la mani\u00e8re dont les donn\u00e9es ont \u00e9t\u00e9 analys\u00e9es et nos conclusions.<\/p>\n<p><img loading=\"lazy\" decoding=\"async\" src=\"https:\/\/nisidotam.ca\/wp-content\/uploads\/2021\/03\/Nisidotam_Logo_Couleur_CMJN_jpeg_Fondblanc-150x150.jpg\" width=\"150\" height=\"150\" alt=\"\" class=\"wp-image-3475 aligncenter size-thumbnail\" \/><br \/><span style=\"font-size: 15px; background-color: #eeeeee;\"><\/span><\/p>\n<p>[\/et_pb_cta][\/et_pb_column][\/et_pb_row][\/et_pb_section][et_pb_section fb_built=\u00a0\u00bb1&Prime; _builder_version=\u00a0\u00bb4.4.4&Prime;][\/et_pb_section]<\/p>\n","protected":false},"excerpt":{"rendered":"<p>La CDRHPNQ et le CRISPESH ont collabor\u00e9 \u00e0 trois projets de recherche visant \u00e0 d\u00e9terminer les mesures n\u00e9cessaires pour accro\u00eetre le soutien \u00e0 l&rsquo;inclusion des membres des Premi\u00e8res Nations vivant avec un handicap. Les chercheurs se sont rendus dans les communaut\u00e9s pour y mener des entrevues et tenir des cercles de discussion afin d&rsquo;entendre les [&hellip;]<\/p>\n","protected":false},"author":3,"featured_media":0,"parent":3722,"menu_order":5,"comment_status":"closed","ping_status":"closed","template":"","meta":{"_acf_changed":false,"_et_pb_use_builder":"on","_et_pb_old_content":"","_et_gb_content_width":"","footnotes":""},"class_list":["post-3738","page","type-page","status-publish","hentry"],"acf":[],"yoast_head":"<!-- This site is optimized with the Yoast SEO plugin v27.4 - https:\/\/yoast.com\/product\/yoast-seo-wordpress\/ -->\n<title>\u00c0 propos de nos projets - Nisidotam<\/title>\n<meta name=\"robots\" content=\"index, follow, max-snippet:-1, max-image-preview:large, max-video-preview:-1\" \/>\n<link rel=\"canonical\" href=\"https:\/\/nisidotam.ca\/fr\/a-propos\/a-propos-de-nos-projets\/\" \/>\n<meta property=\"og:locale\" content=\"fr_FR\" \/>\n<meta property=\"og:type\" content=\"article\" \/>\n<meta property=\"og:title\" content=\"\u00c0 propos de nos projets - Nisidotam\" \/>\n<meta property=\"og:description\" content=\"La CDRHPNQ et le CRISPESH ont collabor\u00e9 \u00e0 trois projets de recherche visant \u00e0 d\u00e9terminer les mesures n\u00e9cessaires pour accro\u00eetre le soutien \u00e0 l&#039;inclusion des membres des Premi\u00e8res Nations vivant avec un handicap. Les chercheurs se sont rendus dans les communaut\u00e9s pour y mener des entrevues et tenir des cercles de discussion afin d&#039;entendre les [&hellip;]\" \/>\n<meta property=\"og:url\" content=\"https:\/\/nisidotam.ca\/fr\/a-propos\/a-propos-de-nos-projets\/\" \/>\n<meta property=\"og:site_name\" content=\"Nisidotam\" \/>\n<meta property=\"article:modified_time\" content=\"2021-04-19T07:55:16+00:00\" \/>\n<meta property=\"og:image\" content=\"https:\/\/nisidotam.ca\/wp-content\/uploads\/2021\/03\/Nisidotam_Logo_Couleur_CMJN_jpeg_Fondblanc-150x150.jpg\" \/>\n<meta name=\"twitter:card\" content=\"summary_large_image\" \/>\n<meta name=\"twitter:label1\" content=\"Dur\u00e9e de lecture estim\u00e9e\" \/>\n\t<meta name=\"twitter:data1\" content=\"3 minutes\" \/>\n<script type=\"application\/ld+json\" class=\"yoast-schema-graph\">{\"@context\":\"https:\\\/\\\/schema.org\",\"@graph\":[{\"@type\":\"WebPage\",\"@id\":\"https:\\\/\\\/nisidotam.ca\\\/fr\\\/a-propos\\\/a-propos-de-nos-projets\\\/\",\"url\":\"https:\\\/\\\/nisidotam.ca\\\/fr\\\/a-propos\\\/a-propos-de-nos-projets\\\/\",\"name\":\"\u00c0 propos de nos projets - Nisidotam\",\"isPartOf\":{\"@id\":\"https:\\\/\\\/nisidotam.ca\\\/fr\\\/#website\"},\"primaryImageOfPage\":{\"@id\":\"https:\\\/\\\/nisidotam.ca\\\/fr\\\/a-propos\\\/a-propos-de-nos-projets\\\/#primaryimage\"},\"image\":{\"@id\":\"https:\\\/\\\/nisidotam.ca\\\/fr\\\/a-propos\\\/a-propos-de-nos-projets\\\/#primaryimage\"},\"thumbnailUrl\":\"https:\\\/\\\/nisidotam.ca\\\/wp-content\\\/uploads\\\/2021\\\/03\\\/Nisidotam_Logo_Couleur_CMJN_jpeg_Fondblanc-150x150.jpg\",\"datePublished\":\"2021-04-06T20:15:29+00:00\",\"dateModified\":\"2021-04-19T07:55:16+00:00\",\"breadcrumb\":{\"@id\":\"https:\\\/\\\/nisidotam.ca\\\/fr\\\/a-propos\\\/a-propos-de-nos-projets\\\/#breadcrumb\"},\"inLanguage\":\"fr-FR\",\"potentialAction\":[{\"@type\":\"ReadAction\",\"target\":[\"https:\\\/\\\/nisidotam.ca\\\/fr\\\/a-propos\\\/a-propos-de-nos-projets\\\/\"]}]},{\"@type\":\"ImageObject\",\"inLanguage\":\"fr-FR\",\"@id\":\"https:\\\/\\\/nisidotam.ca\\\/fr\\\/a-propos\\\/a-propos-de-nos-projets\\\/#primaryimage\",\"url\":\"https:\\\/\\\/nisidotam.ca\\\/wp-content\\\/uploads\\\/2021\\\/03\\\/Nisidotam_Logo_Couleur_CMJN_jpeg_Fondblanc-150x150.jpg\",\"contentUrl\":\"https:\\\/\\\/nisidotam.ca\\\/wp-content\\\/uploads\\\/2021\\\/03\\\/Nisidotam_Logo_Couleur_CMJN_jpeg_Fondblanc-150x150.jpg\"},{\"@type\":\"BreadcrumbList\",\"@id\":\"https:\\\/\\\/nisidotam.ca\\\/fr\\\/a-propos\\\/a-propos-de-nos-projets\\\/#breadcrumb\",\"itemListElement\":[{\"@type\":\"ListItem\",\"position\":1,\"name\":\"Home\",\"item\":\"https:\\\/\\\/nisidotam.ca\\\/fr\\\/\"},{\"@type\":\"ListItem\",\"position\":2,\"name\":\"\u00c0 propos\",\"item\":\"https:\\\/\\\/nisidotam.ca\\\/fr\\\/a-propos\\\/\"},{\"@type\":\"ListItem\",\"position\":3,\"name\":\"\u00c0 propos de nos projets\"}]},{\"@type\":\"WebSite\",\"@id\":\"https:\\\/\\\/nisidotam.ca\\\/fr\\\/#website\",\"url\":\"https:\\\/\\\/nisidotam.ca\\\/fr\\\/\",\"name\":\"Nisidotam\",\"description\":\"Understanding Disability in the Nations\",\"potentialAction\":[{\"@type\":\"SearchAction\",\"target\":{\"@type\":\"EntryPoint\",\"urlTemplate\":\"https:\\\/\\\/nisidotam.ca\\\/fr\\\/?s={search_term_string}\"},\"query-input\":{\"@type\":\"PropertyValueSpecification\",\"valueRequired\":true,\"valueName\":\"search_term_string\"}}],\"inLanguage\":\"fr-FR\"}]}<\/script>\n<!-- \/ Yoast SEO plugin. -->","yoast_head_json":{"title":"\u00c0 propos de nos projets - Nisidotam","robots":{"index":"index","follow":"follow","max-snippet":"max-snippet:-1","max-image-preview":"max-image-preview:large","max-video-preview":"max-video-preview:-1"},"canonical":"https:\/\/nisidotam.ca\/fr\/a-propos\/a-propos-de-nos-projets\/","og_locale":"fr_FR","og_type":"article","og_title":"\u00c0 propos de nos projets - Nisidotam","og_description":"La CDRHPNQ et le CRISPESH ont collabor\u00e9 \u00e0 trois projets de recherche visant \u00e0 d\u00e9terminer les mesures n\u00e9cessaires pour accro\u00eetre le soutien \u00e0 l'inclusion des membres des Premi\u00e8res Nations vivant avec un handicap. Les chercheurs se sont rendus dans les communaut\u00e9s pour y mener des entrevues et tenir des cercles de discussion afin d'entendre les [&hellip;]","og_url":"https:\/\/nisidotam.ca\/fr\/a-propos\/a-propos-de-nos-projets\/","og_site_name":"Nisidotam","article_modified_time":"2021-04-19T07:55:16+00:00","og_image":[{"url":"https:\/\/nisidotam.ca\/wp-content\/uploads\/2021\/03\/Nisidotam_Logo_Couleur_CMJN_jpeg_Fondblanc-150x150.jpg","type":"","width":"","height":""}],"twitter_card":"summary_large_image","twitter_misc":{"Dur\u00e9e de lecture estim\u00e9e":"3 minutes"},"schema":{"@context":"https:\/\/schema.org","@graph":[{"@type":"WebPage","@id":"https:\/\/nisidotam.ca\/fr\/a-propos\/a-propos-de-nos-projets\/","url":"https:\/\/nisidotam.ca\/fr\/a-propos\/a-propos-de-nos-projets\/","name":"\u00c0 propos de nos projets - Nisidotam","isPartOf":{"@id":"https:\/\/nisidotam.ca\/fr\/#website"},"primaryImageOfPage":{"@id":"https:\/\/nisidotam.ca\/fr\/a-propos\/a-propos-de-nos-projets\/#primaryimage"},"image":{"@id":"https:\/\/nisidotam.ca\/fr\/a-propos\/a-propos-de-nos-projets\/#primaryimage"},"thumbnailUrl":"https:\/\/nisidotam.ca\/wp-content\/uploads\/2021\/03\/Nisidotam_Logo_Couleur_CMJN_jpeg_Fondblanc-150x150.jpg","datePublished":"2021-04-06T20:15:29+00:00","dateModified":"2021-04-19T07:55:16+00:00","breadcrumb":{"@id":"https:\/\/nisidotam.ca\/fr\/a-propos\/a-propos-de-nos-projets\/#breadcrumb"},"inLanguage":"fr-FR","potentialAction":[{"@type":"ReadAction","target":["https:\/\/nisidotam.ca\/fr\/a-propos\/a-propos-de-nos-projets\/"]}]},{"@type":"ImageObject","inLanguage":"fr-FR","@id":"https:\/\/nisidotam.ca\/fr\/a-propos\/a-propos-de-nos-projets\/#primaryimage","url":"https:\/\/nisidotam.ca\/wp-content\/uploads\/2021\/03\/Nisidotam_Logo_Couleur_CMJN_jpeg_Fondblanc-150x150.jpg","contentUrl":"https:\/\/nisidotam.ca\/wp-content\/uploads\/2021\/03\/Nisidotam_Logo_Couleur_CMJN_jpeg_Fondblanc-150x150.jpg"},{"@type":"BreadcrumbList","@id":"https:\/\/nisidotam.ca\/fr\/a-propos\/a-propos-de-nos-projets\/#breadcrumb","itemListElement":[{"@type":"ListItem","position":1,"name":"Home","item":"https:\/\/nisidotam.ca\/fr\/"},{"@type":"ListItem","position":2,"name":"\u00c0 propos","item":"https:\/\/nisidotam.ca\/fr\/a-propos\/"},{"@type":"ListItem","position":3,"name":"\u00c0 propos de nos projets"}]},{"@type":"WebSite","@id":"https:\/\/nisidotam.ca\/fr\/#website","url":"https:\/\/nisidotam.ca\/fr\/","name":"Nisidotam","description":"Understanding Disability in the Nations","potentialAction":[{"@type":"SearchAction","target":{"@type":"EntryPoint","urlTemplate":"https:\/\/nisidotam.ca\/fr\/?s={search_term_string}"},"query-input":{"@type":"PropertyValueSpecification","valueRequired":true,"valueName":"search_term_string"}}],"inLanguage":"fr-FR"}]}},"_links":{"self":[{"href":"https:\/\/nisidotam.ca\/fr\/wp-json\/wp\/v2\/pages\/3738","targetHints":{"allow":["GET"]}}],"collection":[{"href":"https:\/\/nisidotam.ca\/fr\/wp-json\/wp\/v2\/pages"}],"about":[{"href":"https:\/\/nisidotam.ca\/fr\/wp-json\/wp\/v2\/types\/page"}],"author":[{"embeddable":true,"href":"https:\/\/nisidotam.ca\/fr\/wp-json\/wp\/v2\/users\/3"}],"replies":[{"embeddable":true,"href":"https:\/\/nisidotam.ca\/fr\/wp-json\/wp\/v2\/comments?post=3738"}],"version-history":[{"count":4,"href":"https:\/\/nisidotam.ca\/fr\/wp-json\/wp\/v2\/pages\/3738\/revisions"}],"predecessor-version":[{"id":5129,"href":"https:\/\/nisidotam.ca\/fr\/wp-json\/wp\/v2\/pages\/3738\/revisions\/5129"}],"up":[{"embeddable":true,"href":"https:\/\/nisidotam.ca\/fr\/wp-json\/wp\/v2\/pages\/3722"}],"wp:attachment":[{"href":"https:\/\/nisidotam.ca\/fr\/wp-json\/wp\/v2\/media?parent=3738"}],"curies":[{"name":"wp","href":"https:\/\/api.w.org\/{rel}","templated":true}]}}