{"id":3736,"date":"2021-04-06T20:14:52","date_gmt":"2021-04-06T20:14:52","guid":{"rendered":"https:\/\/nisidotam.ca\/?page_id=3736"},"modified":"2021-04-20T15:35:48","modified_gmt":"2021-04-20T20:35:48","slug":"bailleurs-de-fonds","status":"publish","type":"page","link":"https:\/\/nisidotam.ca\/fr\/a-propos\/remerciements\/bailleurs-de-fonds\/","title":{"rendered":"Bailleurs de fonds"},"content":{"rendered":"<p>[et_pb_section fb_built=\u00a0\u00bb1&Prime; fullwidth=\u00a0\u00bbon\u00a0\u00bb _builder_version=\u00a0\u00bb4.9.2&Prime; border_color_bottom=\u00a0\u00bbRGBA(0,25,5,0.89)\u00a0\u00bb border_color_left=\u00a0\u00bb#E02B20&Prime;][et_pb_fullwidth_header title=\u00a0\u00bbBailleurs de fonds\u00a0\u00bb header_image_url=\u00a0\u00bbhttps:\/\/nisidotam.ca\/wp-content\/uploads\/2021\/01\/200914_visuel-tanya_blanc-298&#215;300.jpg\u00a0\u00bb _builder_version=\u00a0\u00bb4.9.4&Prime; background_color=\u00a0\u00bb#1e1e1e\u00a0\u00bb background_color_gradient_direction=\u00a0\u00bb154deg\u00a0\u00bb custom_padding=\u00a0\u00bb0px||0px||true|\u00a0\u00bb border_color_all=\u00a0\u00bb#000000&Prime; border_radii_image=\u00a0\u00bbon|10px|10px|10px|10px\u00a0\u00bb border_width_all_image=\u00a0\u00bb5px\u00a0\u00bb border_color_all_image=\u00a0\u00bb#E0B862&Prime;][\/et_pb_fullwidth_header][\/et_pb_section][et_pb_section fb_built=\u00a0\u00bb1&Prime; fullwidth=\u00a0\u00bbon\u00a0\u00bb _builder_version=\u00a0\u00bb4.9.2&Prime; _module_preset=\u00a0\u00bbdefault\u00a0\u00bb][et_pb_fullwidth_menu menu_id=\u00a0\u00bb38&Prime; active_link_color=\u00a0\u00bb#edf000&Prime; _builder_version=\u00a0\u00bb4.9.2&Prime; _module_preset=\u00a0\u00bbdefault\u00a0\u00bb menu_font=\u00a0\u00bb|700|||||||\u00a0\u00bb menu_text_color=\u00a0\u00bb#ffffff\u00a0\u00bb menu_font_size=\u00a0\u00bb17px\u00a0\u00bb menu_letter_spacing=\u00a0\u00bb1px\u00a0\u00bb background_color=\u00a0\u00bb#1e1e1e\u00a0\u00bb text_orientation=\u00a0\u00bbcenter\u00a0\u00bb background_layout=\u00a0\u00bbdark\u00a0\u00bb locked=\u00a0\u00bboff\u00a0\u00bb][\/et_pb_fullwidth_menu][\/et_pb_section][et_pb_section fb_built=\u00a0\u00bb1&Prime; _builder_version=\u00a0\u00bb4.9.2&Prime; _module_preset=\u00a0\u00bbdefault\u00a0\u00bb][et_pb_row _builder_version=\u00a0\u00bb4.9.2&Prime; _module_preset=\u00a0\u00bbdefault\u00a0\u00bb custom_margin=\u00a0\u00bb|auto|50px|auto||\u00a0\u00bb][et_pb_column type=\u00a0\u00bb4_4&Prime; _builder_version=\u00a0\u00bb4.9.2&Prime; _module_preset=\u00a0\u00bbdefault\u00a0\u00bb][et_pb_text _builder_version=\u00a0\u00bb4.9.4&Prime; _module_preset=\u00a0\u00bbdefault\u00a0\u00bb hover_enabled=\u00a0\u00bb0&Prime; sticky_enabled=\u00a0\u00bb0&Prime;]<\/p>\n<p><span data-contrast=\"auto\" xml:lang=\"EN-CA\" lang=\"EN-CA\" class=\"TextRun SCXW23795466 BCX9\"><span class=\"NormalTextRun SCXW23795466 BCX9\">Cette <\/span><\/span>initiative est partiellement financ\u00e9e par le minist\u00e8re de l&rsquo;Enseignement sup\u00e9rieur (MES) dans le cadre de son programme d&rsquo;aide \u00e0 la recherche et au transfert (PART) ainsi que par le minist\u00e8re de l&rsquo;\u00c9conomie et de l&rsquo;Innovation (MEI) dans le cadre de son programme de soutien \u00e0 la recherche (PSR).<\/p>\n<p>La subvention du gouvernement du Canada a \u00e9t\u00e9 aussi indispensable \u00e0 la r\u00e9alisation de cet important projet et ce, par l&rsquo;entremise du programme d&rsquo;innovation dans les coll\u00e8ges et la communaut\u00e9 (ICC) du conseil de recherches en sciences naturelles et en g\u00e9nie du Canada (CRSNG), de plus, gr\u00e2ce au programme Connexion comp\u00e9tences d&rsquo;Emploi et D\u00e9veloppement social Canada (EDSC).<\/p>\n<p>[\/et_pb_text][\/et_pb_column][\/et_pb_row][et_pb_row column_structure=\u00a0\u00bb1_2,1_2&Prime; _builder_version=\u00a0\u00bb4.9.2&Prime; _module_preset=\u00a0\u00bbdefault\u00a0\u00bb][et_pb_column type=\u00a0\u00bb1_2&Prime; _builder_version=\u00a0\u00bb4.9.2&Prime; _module_preset=\u00a0\u00bbdefault\u00a0\u00bb][et_pb_image src=\u00a0\u00bbhttps:\/\/nisidotam.ca\/wp-content\/uploads\/2021\/03\/MicrosoftTeams-image-32.png\u00a0\u00bb title_text=\u00a0\u00bbMicrosoftTeams-image (32)\u00a0\u00bb _builder_version=\u00a0\u00bb4.9.2&Prime; _module_preset=\u00a0\u00bbdefault\u00a0\u00bb width=\u00a0\u00bb250px\u00a0\u00bb module_alignment=\u00a0\u00bbcenter\u00a0\u00bb custom_padding=\u00a0\u00bb60px||60px||true|false\u00a0\u00bb][\/et_pb_image][\/et_pb_column][et_pb_column type=\u00a0\u00bb1_2&Prime; _builder_version=\u00a0\u00bb4.9.2&Prime; _module_preset=\u00a0\u00bbdefault\u00a0\u00bb][et_pb_image src=\u00a0\u00bbhttps:\/\/nisidotam.ca\/wp-content\/uploads\/2021\/03\/Govt-Canada.png\u00a0\u00bb title_text=\u00a0\u00bbGovt Canada\u00a0\u00bb align=\u00a0\u00bbcenter\u00a0\u00bb _builder_version=\u00a0\u00bb4.9.2&Prime; _module_preset=\u00a0\u00bbdefault\u00a0\u00bb width=\u00a0\u00bb250px\u00a0\u00bb module_alignment=\u00a0\u00bbcenter\u00a0\u00bb][\/et_pb_image][et_pb_text _builder_version=\u00a0\u00bb4.9.4&Prime; _module_preset=\u00a0\u00bbdefault\u00a0\u00bb][\/et_pb_text][\/et_pb_column][\/et_pb_row][\/et_pb_section]<\/p>\n","protected":false},"excerpt":{"rendered":"<p>Cette initiative est partiellement financ\u00e9e par le minist\u00e8re de l&rsquo;Enseignement sup\u00e9rieur (MES) dans le cadre de son programme d&rsquo;aide \u00e0 la recherche et au transfert (PART) ainsi que par le minist\u00e8re de l&rsquo;\u00c9conomie et de l&rsquo;Innovation (MEI) dans le cadre de son programme de soutien \u00e0 la recherche (PSR). La subvention du gouvernement du Canada [&hellip;]<\/p>\n","protected":false},"author":3,"featured_media":0,"parent":3728,"menu_order":5,"comment_status":"closed","ping_status":"closed","template":"","meta":{"_acf_changed":false,"_et_pb_use_builder":"on","_et_pb_old_content":"","_et_gb_content_width":"","footnotes":""},"class_list":["post-3736","page","type-page","status-publish","hentry"],"acf":[],"yoast_head":"<!-- This site is optimized with the Yoast SEO plugin v27.4 - https:\/\/yoast.com\/product\/yoast-seo-wordpress\/ -->\n<title>Bailleurs de fonds - Nisidotam<\/title>\n<meta name=\"robots\" content=\"index, follow, max-snippet:-1, max-image-preview:large, max-video-preview:-1\" \/>\n<link rel=\"canonical\" href=\"https:\/\/nisidotam.ca\/fr\/a-propos\/remerciements\/bailleurs-de-fonds\/\" \/>\n<meta property=\"og:locale\" content=\"fr_FR\" \/>\n<meta property=\"og:type\" content=\"article\" \/>\n<meta property=\"og:title\" content=\"Bailleurs de fonds - Nisidotam\" \/>\n<meta property=\"og:description\" content=\"Cette initiative est partiellement financ\u00e9e par le minist\u00e8re de l&#039;Enseignement sup\u00e9rieur (MES) dans le cadre de son programme d&#039;aide \u00e0 la recherche et au transfert (PART) ainsi que par le minist\u00e8re de l&#039;\u00c9conomie et de l&#039;Innovation (MEI) dans le cadre de son programme de soutien \u00e0 la recherche (PSR). La subvention du gouvernement du Canada [&hellip;]\" \/>\n<meta property=\"og:url\" content=\"https:\/\/nisidotam.ca\/fr\/a-propos\/remerciements\/bailleurs-de-fonds\/\" \/>\n<meta property=\"og:site_name\" content=\"Nisidotam\" \/>\n<meta property=\"article:modified_time\" content=\"2021-04-20T20:35:48+00:00\" \/>\n<meta name=\"twitter:card\" content=\"summary_large_image\" \/>\n<meta name=\"twitter:label1\" content=\"Dur\u00e9e de lecture estim\u00e9e\" \/>\n\t<meta name=\"twitter:data1\" content=\"2 minutes\" \/>\n<script type=\"application\/ld+json\" class=\"yoast-schema-graph\">{\"@context\":\"https:\\\/\\\/schema.org\",\"@graph\":[{\"@type\":\"WebPage\",\"@id\":\"https:\\\/\\\/nisidotam.ca\\\/fr\\\/a-propos\\\/remerciements\\\/bailleurs-de-fonds\\\/\",\"url\":\"https:\\\/\\\/nisidotam.ca\\\/fr\\\/a-propos\\\/remerciements\\\/bailleurs-de-fonds\\\/\",\"name\":\"Bailleurs de fonds - Nisidotam\",\"isPartOf\":{\"@id\":\"https:\\\/\\\/nisidotam.ca\\\/fr\\\/#website\"},\"datePublished\":\"2021-04-06T20:14:52+00:00\",\"dateModified\":\"2021-04-20T20:35:48+00:00\",\"breadcrumb\":{\"@id\":\"https:\\\/\\\/nisidotam.ca\\\/fr\\\/a-propos\\\/remerciements\\\/bailleurs-de-fonds\\\/#breadcrumb\"},\"inLanguage\":\"fr-FR\",\"potentialAction\":[{\"@type\":\"ReadAction\",\"target\":[\"https:\\\/\\\/nisidotam.ca\\\/fr\\\/a-propos\\\/remerciements\\\/bailleurs-de-fonds\\\/\"]}]},{\"@type\":\"BreadcrumbList\",\"@id\":\"https:\\\/\\\/nisidotam.ca\\\/fr\\\/a-propos\\\/remerciements\\\/bailleurs-de-fonds\\\/#breadcrumb\",\"itemListElement\":[{\"@type\":\"ListItem\",\"position\":1,\"name\":\"Home\",\"item\":\"https:\\\/\\\/nisidotam.ca\\\/fr\\\/\"},{\"@type\":\"ListItem\",\"position\":2,\"name\":\"\u00c0 propos\",\"item\":\"https:\\\/\\\/nisidotam.ca\\\/fr\\\/a-propos\\\/\"},{\"@type\":\"ListItem\",\"position\":3,\"name\":\"Remerciements\",\"item\":\"https:\\\/\\\/nisidotam.ca\\\/fr\\\/a-propos\\\/remerciements\\\/\"},{\"@type\":\"ListItem\",\"position\":4,\"name\":\"Bailleurs de fonds\"}]},{\"@type\":\"WebSite\",\"@id\":\"https:\\\/\\\/nisidotam.ca\\\/fr\\\/#website\",\"url\":\"https:\\\/\\\/nisidotam.ca\\\/fr\\\/\",\"name\":\"Nisidotam\",\"description\":\"Understanding Disability in the Nations\",\"potentialAction\":[{\"@type\":\"SearchAction\",\"target\":{\"@type\":\"EntryPoint\",\"urlTemplate\":\"https:\\\/\\\/nisidotam.ca\\\/fr\\\/?s={search_term_string}\"},\"query-input\":{\"@type\":\"PropertyValueSpecification\",\"valueRequired\":true,\"valueName\":\"search_term_string\"}}],\"inLanguage\":\"fr-FR\"}]}<\/script>\n<!-- \/ Yoast SEO plugin. -->","yoast_head_json":{"title":"Bailleurs de fonds - Nisidotam","robots":{"index":"index","follow":"follow","max-snippet":"max-snippet:-1","max-image-preview":"max-image-preview:large","max-video-preview":"max-video-preview:-1"},"canonical":"https:\/\/nisidotam.ca\/fr\/a-propos\/remerciements\/bailleurs-de-fonds\/","og_locale":"fr_FR","og_type":"article","og_title":"Bailleurs de fonds - Nisidotam","og_description":"Cette initiative est partiellement financ\u00e9e par le minist\u00e8re de l'Enseignement sup\u00e9rieur (MES) dans le cadre de son programme d'aide \u00e0 la recherche et au transfert (PART) ainsi que par le minist\u00e8re de l'\u00c9conomie et de l'Innovation (MEI) dans le cadre de son programme de soutien \u00e0 la recherche (PSR). La subvention du gouvernement du Canada [&hellip;]","og_url":"https:\/\/nisidotam.ca\/fr\/a-propos\/remerciements\/bailleurs-de-fonds\/","og_site_name":"Nisidotam","article_modified_time":"2021-04-20T20:35:48+00:00","twitter_card":"summary_large_image","twitter_misc":{"Dur\u00e9e de lecture estim\u00e9e":"2 minutes"},"schema":{"@context":"https:\/\/schema.org","@graph":[{"@type":"WebPage","@id":"https:\/\/nisidotam.ca\/fr\/a-propos\/remerciements\/bailleurs-de-fonds\/","url":"https:\/\/nisidotam.ca\/fr\/a-propos\/remerciements\/bailleurs-de-fonds\/","name":"Bailleurs de fonds - Nisidotam","isPartOf":{"@id":"https:\/\/nisidotam.ca\/fr\/#website"},"datePublished":"2021-04-06T20:14:52+00:00","dateModified":"2021-04-20T20:35:48+00:00","breadcrumb":{"@id":"https:\/\/nisidotam.ca\/fr\/a-propos\/remerciements\/bailleurs-de-fonds\/#breadcrumb"},"inLanguage":"fr-FR","potentialAction":[{"@type":"ReadAction","target":["https:\/\/nisidotam.ca\/fr\/a-propos\/remerciements\/bailleurs-de-fonds\/"]}]},{"@type":"BreadcrumbList","@id":"https:\/\/nisidotam.ca\/fr\/a-propos\/remerciements\/bailleurs-de-fonds\/#breadcrumb","itemListElement":[{"@type":"ListItem","position":1,"name":"Home","item":"https:\/\/nisidotam.ca\/fr\/"},{"@type":"ListItem","position":2,"name":"\u00c0 propos","item":"https:\/\/nisidotam.ca\/fr\/a-propos\/"},{"@type":"ListItem","position":3,"name":"Remerciements","item":"https:\/\/nisidotam.ca\/fr\/a-propos\/remerciements\/"},{"@type":"ListItem","position":4,"name":"Bailleurs de fonds"}]},{"@type":"WebSite","@id":"https:\/\/nisidotam.ca\/fr\/#website","url":"https:\/\/nisidotam.ca\/fr\/","name":"Nisidotam","description":"Understanding Disability in the Nations","potentialAction":[{"@type":"SearchAction","target":{"@type":"EntryPoint","urlTemplate":"https:\/\/nisidotam.ca\/fr\/?s={search_term_string}"},"query-input":{"@type":"PropertyValueSpecification","valueRequired":true,"valueName":"search_term_string"}}],"inLanguage":"fr-FR"}]}},"_links":{"self":[{"href":"https:\/\/nisidotam.ca\/fr\/wp-json\/wp\/v2\/pages\/3736","targetHints":{"allow":["GET"]}}],"collection":[{"href":"https:\/\/nisidotam.ca\/fr\/wp-json\/wp\/v2\/pages"}],"about":[{"href":"https:\/\/nisidotam.ca\/fr\/wp-json\/wp\/v2\/types\/page"}],"author":[{"embeddable":true,"href":"https:\/\/nisidotam.ca\/fr\/wp-json\/wp\/v2\/users\/3"}],"replies":[{"embeddable":true,"href":"https:\/\/nisidotam.ca\/fr\/wp-json\/wp\/v2\/comments?post=3736"}],"version-history":[{"count":7,"href":"https:\/\/nisidotam.ca\/fr\/wp-json\/wp\/v2\/pages\/3736\/revisions"}],"predecessor-version":[{"id":5268,"href":"https:\/\/nisidotam.ca\/fr\/wp-json\/wp\/v2\/pages\/3736\/revisions\/5268"}],"up":[{"embeddable":true,"href":"https:\/\/nisidotam.ca\/fr\/wp-json\/wp\/v2\/pages\/3728"}],"wp:attachment":[{"href":"https:\/\/nisidotam.ca\/fr\/wp-json\/wp\/v2\/media?parent=3736"}],"curies":[{"name":"wp","href":"https:\/\/api.w.org\/{rel}","templated":true}]}}