{"id":3734,"date":"2021-04-06T20:14:13","date_gmt":"2021-04-06T20:14:13","guid":{"rendered":"https:\/\/nisidotam.ca\/?page_id=3734"},"modified":"2021-04-19T02:41:21","modified_gmt":"2021-04-19T07:41:21","slug":"collaborateurs-dans-le-communautes","status":"publish","type":"page","link":"https:\/\/nisidotam.ca\/fr\/a-propos\/remerciements\/collaborateurs-dans-le-communautes\/","title":{"rendered":"Collaborateurs dans les communaut\u00e9s"},"content":{"rendered":"<p>[et_pb_section fb_built=\u00a0\u00bb1&Prime; fullwidth=\u00a0\u00bbon\u00a0\u00bb _builder_version=\u00a0\u00bb4.9.2&Prime; background_color=\u00a0\u00bb#1e1e1e\u00a0\u00bb background_enable_image=\u00a0\u00bboff\u00a0\u00bb background_size=\u00a0\u00bbcontain\u00a0\u00bb background_position=\u00a0\u00bbtop_left\u00a0\u00bb border_color_bottom=\u00a0\u00bbRGBA(0,25,5,0.89)\u00a0\u00bb border_color_left=\u00a0\u00bb#E02B20&Prime;][et_pb_fullwidth_header title=\u00a0\u00bbCollaborateurs dans les communaut\u00e9s\u00a0\u00bb header_image_url=\u00a0\u00bbhttps:\/\/nisidotam.ca\/wp-content\/uploads\/2021\/01\/200914_visuel-tanya_blanc-298&#215;300.jpg\u00a0\u00bb _builder_version=\u00a0\u00bb4.9.4&Prime; background_color=\u00a0\u00bb#1e1e1e\u00a0\u00bb background_color_gradient_direction=\u00a0\u00bb154deg\u00a0\u00bb custom_padding=\u00a0\u00bb0px||0px||true|\u00a0\u00bb border_color_all=\u00a0\u00bb#000000&Prime; border_radii_image=\u00a0\u00bbon|10px|10px|10px|10px\u00a0\u00bb border_width_all_image=\u00a0\u00bb5px\u00a0\u00bb border_color_all_image=\u00a0\u00bb#E0B862&Prime;][\/et_pb_fullwidth_header][\/et_pb_section][et_pb_section fb_built=\u00a0\u00bb1&Prime; fullwidth=\u00a0\u00bbon\u00a0\u00bb _builder_version=\u00a0\u00bb4.7.7&Prime; _module_preset=\u00a0\u00bbdefault\u00a0\u00bb][et_pb_fullwidth_menu menu_id=\u00a0\u00bb38&Prime; active_link_color=\u00a0\u00bb#edf000&Prime; _builder_version=\u00a0\u00bb4.7.7&Prime; _module_preset=\u00a0\u00bbdefault\u00a0\u00bb menu_font=\u00a0\u00bb|700|||||||\u00a0\u00bb menu_text_color=\u00a0\u00bb#ffffff\u00a0\u00bb menu_font_size=\u00a0\u00bb17px\u00a0\u00bb menu_letter_spacing=\u00a0\u00bb1px\u00a0\u00bb background_color=\u00a0\u00bb#1e1e1e\u00a0\u00bb text_orientation=\u00a0\u00bbcenter\u00a0\u00bb background_layout=\u00a0\u00bbdark\u00a0\u00bb locked=\u00a0\u00bboff\u00a0\u00bb][\/et_pb_fullwidth_menu][\/et_pb_section][et_pb_section fb_built=\u00a0\u00bb1&Prime; _builder_version=\u00a0\u00bb4.7.7&Prime; _module_preset=\u00a0\u00bbdefault\u00a0\u00bb][et_pb_row _builder_version=\u00a0\u00bb4.7.7&Prime; _module_preset=\u00a0\u00bbdefault\u00a0\u00bb][et_pb_column type=\u00a0\u00bb4_4&Prime; _builder_version=\u00a0\u00bb4.7.7&Prime; _module_preset=\u00a0\u00bbdefault\u00a0\u00bb][et_pb_text _builder_version=\u00a0\u00bb4.9.4&Prime; _module_preset=\u00a0\u00bbdefault\u00a0\u00bb background_color=\u00a0\u00bb#1e1e1e\u00a0\u00bb background_layout=\u00a0\u00bbdark\u00a0\u00bb custom_padding=\u00a0\u00bb15px||5px|5px|false|false\u00a0\u00bb locked=\u00a0\u00bboff\u00a0\u00bb]<\/p>\n<h2>Les entrevues<\/h2>\n<p>[\/et_pb_text][et_pb_text _builder_version=\u00a0\u00bb4.9.4&Prime; _module_preset=\u00a0\u00bbdefault\u00a0\u00bb]<\/p>\n<p><span data-contrast=\"none\" xml:lang=\"FR-CA\" lang=\"FR-CA\" class=\"TextRun SCXW137047175 BCX9\"><span class=\"NormalTextRun SCXW137047175 BCX9\" data-ccp-parastyle=\"No Spacing\">Merci <\/span><\/span><span>\u00e0 tous les participants anonymes des entrevues r\u00e9alis\u00e9es dans le cadre des recherches en 2019. Votre participation a contribu\u00e9 \u00e0 am\u00e9liorer les connaissances sur les r\u00e9alit\u00e9s et enjeux rencontr\u00e9s par les personnes en situation de handicap issues des Premi\u00e8res Nations au Qu\u00e9bec.<\/span><\/p>\n<p>[\/et_pb_text][et_pb_text _builder_version=\u00a0\u00bb4.9.4&Prime; _module_preset=\u00a0\u00bbdefault\u00a0\u00bb background_color=\u00a0\u00bb#1e1e1e\u00a0\u00bb background_layout=\u00a0\u00bbdark\u00a0\u00bb custom_padding=\u00a0\u00bb15px||5px|5px|false|false\u00a0\u00bb locked=\u00a0\u00bboff\u00a0\u00bb]<\/p>\n<h2>Les outils de formation et le module d&rsquo;apprentissage vid\u00e9o<\/h2>\n<p>[\/et_pb_text][et_pb_text _builder_version=\u00a0\u00bb4.9.4&Prime; _module_preset=\u00a0\u00bbdefault\u00a0\u00bb hover_enabled=\u00a0\u00bb0&Prime; sticky_enabled=\u00a0\u00bb0&Prime;]<\/p>\n<p><span data-contrast=\"none\" xml:lang=\"FR-CA\" lang=\"FR-CA\" class=\"TextRun SCXW7900084 BCX9\"><span class=\"NormalTextRun SpellingErrorV2 SCXW7900084 BCX9\" data-ccp-parastyle=\"No Spacing\">Merci \u00e0 toutes les personnes qui ont partag\u00e9 leurs connaissances pour alimenter le module d&rsquo;apprentissage vid\u00e9o et les outils de formation virtuels<\/span><\/span><span data-contrast=\"none\" xml:lang=\"FR-CA\" lang=\"FR-CA\" class=\"TextRun SCXW7900084 BCX9\"><span class=\"NormalTextRun SCXW7900084 BCX9\" data-ccp-parastyle=\"No Spacing\"><span>:\u00a0<\/span><\/span><\/span><\/p>\n<p><span data-contrast=\"none\" xml:lang=\"FR-CA\" lang=\"FR-CA\" class=\"TextRun SCXW7900084 BCX9\"><span class=\"NormalTextRun SCXW7900084 BCX9\" data-ccp-parastyle=\"No Spacing\">Donna<span>\u00a0<\/span><\/span><\/span><span data-contrast=\"none\" xml:lang=\"FR-CA\" lang=\"FR-CA\" class=\"TextRun SCXW7900084 BCX9\"><span class=\"NormalTextRun SpellingErrorV2 SCXW7900084 BCX9\" data-ccp-parastyle=\"No Spacing\">L<\/span><\/span><span data-contrast=\"none\" xml:lang=\"FR-CA\" lang=\"FR-CA\" class=\"TextRun SCXW7900084 BCX9\"><span class=\"NormalTextRun SpellingErrorV2 SCXW7900084 BCX9\" data-ccp-parastyle=\"No Spacing\">arivi\u00e8re<\/span><\/span><span data-contrast=\"none\" xml:lang=\"FR-CA\" lang=\"FR-CA\" class=\"TextRun SCXW7900084 BCX9\"><span class=\"NormalTextRun SCXW7900084 BCX9\" data-ccp-parastyle=\"No Spacing\"><span>\u00a0<\/span>(<\/span><\/span><span data-contrast=\"auto\" xml:lang=\"FR-CA\" lang=\"FR-CA\" class=\"TextRun SCXW7900084 BCX9\"><span class=\"NormalTextRun SpellingErrorV2 SCXW7900084 BCX9\" data-ccp-parastyle=\"No Spacing\">Anishinabe<\/span><\/span><span data-contrast=\"none\" xml:lang=\"FR-CA\" lang=\"FR-CA\" class=\"TextRun SCXW7900084 BCX9\"><span class=\"NormalTextRun SCXW7900084 BCX9\" data-ccp-parastyle=\"No Spacing\">)<\/span><\/span><span data-contrast=\"none\" xml:lang=\"FR-CA\" lang=\"FR-CA\" class=\"TextRun SCXW7900084 BCX9\"><span class=\"NormalTextRun SCXW7900084 BCX9\" data-ccp-parastyle=\"No Spacing\">,<\/span><\/span><span data-contrast=\"none\" xml:lang=\"FR-CA\" lang=\"FR-CA\" class=\"TextRun SCXW7900084 BCX9\"><span class=\"NormalTextRun SCXW7900084 BCX9\" data-ccp-parastyle=\"No Spacing\"><span> Bernadette Ogushing (Anishinabe)<\/span><\/span><\/span><span data-contrast=\"none\" xml:lang=\"FR-CA\" lang=\"FR-CA\" class=\"TextRun SCXW7900084 BCX9\"><span class=\"NormalTextRun SCXW7900084 BCX9\" data-ccp-parastyle=\"No Spacing\">, and <span data-contrast=\"none\">Gilbert\u00a0<\/span><span data-contrast=\"none\">Whiteduck<\/span><span data-contrast=\"none\">\u00a0(<\/span><span data-contrast=\"auto\">Anishinabe). From Connecting Horizons, Iris Philips (Kanienkeha&rsquo;Ka\/Mohawk), Cathy Rice (Kanienkeha&rsquo;Ka\/Mohawk) and Michael Dell (Kanienkeha&rsquo;Ka\/Mohawk). Tous les conseillers en emploi et en formation qui ont particip\u00e9 aux r\u00e9unions de <em>brainstorming<\/em> et de retour d&rsquo;information.<\/span><\/span><\/span><\/p>\n<p>[\/et_pb_text][et_pb_text _builder_version=\u00a0\u00bb4.9.4&Prime; _module_preset=\u00a0\u00bbdefault\u00a0\u00bb background_color=\u00a0\u00bb#1e1e1e\u00a0\u00bb background_layout=\u00a0\u00bbdark\u00a0\u00bb custom_padding=\u00a0\u00bb15px||5px|5px|false|false\u00a0\u00bb locked=\u00a0\u00bboff\u00a0\u00bb]<\/p>\n<h2>Voix des communaut\u00e9s<\/h2>\n<p>[\/et_pb_text][et_pb_text _builder_version=\u00a0\u00bb4.9.4&Prime; _module_preset=\u00a0\u00bbdefault\u00a0\u00bb hover_enabled=\u00a0\u00bb0&Prime; sticky_enabled=\u00a0\u00bb0&Prime;]<\/p>\n<p><span data-contrast=\"none\">Merci \u00e0 toutes les personnes ayant accept\u00e9 une entrevue film\u00e9e dans le cadre des \u00ab Voix des communaut\u00e9s \u00bb :<\/span><\/p>\n<p><span data-contrast=\"none\">Genevieve<\/span><span data-contrast=\"none\">\u00a0Collard (Innu), Lynn Delisle (<\/span><span data-contrast=\"none\">Kanienkeha&rsquo;Ka<\/span><span data-contrast=\"none\">\/Mohawk), Eleanor Hoff (<\/span><span data-contrast=\"none\">Abenakis<\/span><span data-contrast=\"none\">), Vincent Jeannotte (<\/span><span data-contrast=\"none\">Mi\u2019kmaq<\/span><span data-contrast=\"none\">),\u00a0<\/span><span data-contrast=\"none\">Adelia\u00a0<\/span><span data-contrast=\"none\">Lalancette<\/span><span data-contrast=\"none\">\u00a0(Innu),\u00a0<\/span><span data-contrast=\"none\">Donna\u00a0<\/span><span data-contrast=\"none\">Larivi\u00e8re<\/span><span data-contrast=\"none\">\u00a0(Attikamek)<\/span><span data-contrast=\"none\">,\u00a0<\/span><span data-contrast=\"none\">Claude\u00a0<\/span><span data-contrast=\"none\">P<\/span><span data-contrast=\"none\">anadis<\/span><span data-contrast=\"none\">\u00a0(<\/span><span data-contrast=\"none\">Abenakis<\/span><span data-contrast=\"none\">)<\/span><span data-contrast=\"none\">,\u00a0<\/span><span data-contrast=\"none\">Cathy Rice (Kanienkeha&rsquo;Ka\/Mohawk), <\/span><span data-contrast=\"none\">Gilbert\u00a0<\/span><span data-contrast=\"none\">Whiteduck<\/span><span data-contrast=\"none\">\u00a0(<\/span><span data-contrast=\"auto\">Anishinabe<\/span><span data-contrast=\"none\">), <span data-contrast=\"none\" xml:lang=\"EN-CA\" lang=\"EN-CA\" class=\"TextRun  BCX9 SCXW234594941\"><span class=\"NormalTextRun SpellingErrorV2  BCX9 SCXW234594941\">Iehente<\/span><span class=\"NormalTextRun  BCX9 SCXW234594941\">\u00a0Cole Gabriel<\/span><\/span><span data-contrast=\"none\" xml:lang=\"EN-CA\" lang=\"EN-CA\" class=\"TextRun  BCX9 SCXW234594941\"><span class=\"NormalTextRun  BCX9 SCXW234594941\">\u00a0(<\/span><\/span><span data-contrast=\"none\" xml:lang=\"EN-CA\" lang=\"EN-CA\" class=\"TextRun  BCX9 SCXW234594941\"><span class=\"NormalTextRun SpellingErrorV2  BCX9 SCXW234594941\">Kanienkeha&rsquo;Ka<\/span><\/span><span data-contrast=\"none\" xml:lang=\"EN-CA\" lang=\"EN-CA\" class=\"TextRun  BCX9 SCXW234594941\"><span class=\"NormalTextRun  BCX9 SCXW234594941\">\/Mohawk<\/span><\/span><span data-contrast=\"none\" xml:lang=\"EN-CA\" lang=\"EN-CA\" class=\"TextRun  BCX9 SCXW234594941\"><span class=\"NormalTextRun  BCX9 SCXW234594941\">)<\/span><\/span><span data-contrast=\"none\" xml:lang=\"EN-CA\" lang=\"EN-CA\" class=\"TextRun  BCX9 SCXW234594941\"><span class=\"NormalTextRun  BCX9 SCXW234594941\">, et Emmitt Hamelin<\/span><\/span><span data-contrast=\"none\" xml:lang=\"EN-CA\" lang=\"EN-CA\" class=\"TextRun  BCX9 SCXW234594941\"><span class=\"NormalTextRun  BCX9 SCXW234594941\">\u00a0<\/span><\/span><span data-contrast=\"none\" xml:lang=\"EN-CA\" lang=\"EN-CA\" class=\"TextRun  BCX9 SCXW234594941\"><span class=\"NormalTextRun  BCX9 SCXW234594941\">(<\/span><\/span><span data-contrast=\"none\" xml:lang=\"EN-CA\" lang=\"EN-CA\" class=\"TextRun  BCX9 SCXW234594941\"><span class=\"NormalTextRun SpellingErrorV2  BCX9 SCXW234594941\">Kanienkeha&rsquo;Ka<\/span><\/span><span data-contrast=\"none\" xml:lang=\"EN-CA\" lang=\"EN-CA\" class=\"TextRun  BCX9 SCXW234594941\"><span class=\"NormalTextRun  BCX9 SCXW234594941\">\/Mohawk<\/span><\/span><span data-contrast=\"none\" xml:lang=\"EN-CA\" lang=\"EN-CA\" class=\"TextRun  BCX9 SCXW234594941\"><span class=\"NormalTextRun  BCX9 SCXW234594941\">)<\/span><\/span><\/span><span data-contrast=\"none\">.<\/span><span data-ccp-props=\"{&quot;201341983&quot;:0,&quot;335559739&quot;:0,&quot;335559740&quot;:240}\">\u00a0<\/span><\/p>\n<p>* Certaines vid\u00e9os sont en cours de d\u00e9veloppement.\u00a0<span data-ccp-props=\"{&quot;201341983&quot;:0,&quot;335559739&quot;:0,&quot;335559740&quot;:240}\"><\/span><\/p>\n<p><span data-ccp-props=\"{&quot;201341983&quot;:0,&quot;335559685&quot;:900,&quot;335559739&quot;:0,&quot;335559740&quot;:240}\">\u00a0<\/span><\/p>\n<p>[\/et_pb_text][\/et_pb_column][\/et_pb_row][\/et_pb_section]<\/p>\n","protected":false},"excerpt":{"rendered":"<p>Les entrevuesMerci \u00e0 tous les participants anonymes des entrevues r\u00e9alis\u00e9es dans le cadre des recherches en 2019. Votre participation a contribu\u00e9 \u00e0 am\u00e9liorer les connaissances sur les r\u00e9alit\u00e9s et enjeux rencontr\u00e9s par les personnes en situation de handicap issues des Premi\u00e8res Nations au Qu\u00e9bec.Les outils de formation et le module d&rsquo;apprentissage vid\u00e9oMerci \u00e0 toutes les [&hellip;]<\/p>\n","protected":false},"author":3,"featured_media":0,"parent":3728,"menu_order":4,"comment_status":"closed","ping_status":"closed","template":"","meta":{"_acf_changed":false,"_et_pb_use_builder":"on","_et_pb_old_content":"","_et_gb_content_width":"","footnotes":""},"class_list":["post-3734","page","type-page","status-publish","hentry"],"acf":[],"yoast_head":"<!-- This site is optimized with the Yoast SEO plugin v27.4 - https:\/\/yoast.com\/product\/yoast-seo-wordpress\/ -->\n<title>Collaborateurs dans les communaut\u00e9s - Nisidotam<\/title>\n<meta name=\"robots\" content=\"index, follow, max-snippet:-1, max-image-preview:large, max-video-preview:-1\" \/>\n<link rel=\"canonical\" href=\"https:\/\/nisidotam.ca\/fr\/a-propos\/remerciements\/collaborateurs-dans-le-communautes\/\" \/>\n<meta property=\"og:locale\" content=\"fr_FR\" \/>\n<meta property=\"og:type\" content=\"article\" \/>\n<meta property=\"og:title\" content=\"Collaborateurs dans les communaut\u00e9s - Nisidotam\" \/>\n<meta property=\"og:description\" content=\"Les entrevuesMerci \u00e0 tous les participants anonymes des entrevues r\u00e9alis\u00e9es dans le cadre des recherches en 2019. Votre participation a contribu\u00e9 \u00e0 am\u00e9liorer les connaissances sur les r\u00e9alit\u00e9s et enjeux rencontr\u00e9s par les personnes en situation de handicap issues des Premi\u00e8res Nations au Qu\u00e9bec.Les outils de formation et le module d&#039;apprentissage vid\u00e9oMerci \u00e0 toutes les [&hellip;]\" \/>\n<meta property=\"og:url\" content=\"https:\/\/nisidotam.ca\/fr\/a-propos\/remerciements\/collaborateurs-dans-le-communautes\/\" \/>\n<meta property=\"og:site_name\" content=\"Nisidotam\" \/>\n<meta property=\"article:modified_time\" content=\"2021-04-19T07:41:21+00:00\" \/>\n<meta name=\"twitter:card\" content=\"summary_large_image\" \/>\n<meta name=\"twitter:label1\" content=\"Dur\u00e9e de lecture estim\u00e9e\" \/>\n\t<meta name=\"twitter:data1\" content=\"3 minutes\" \/>\n<script type=\"application\/ld+json\" class=\"yoast-schema-graph\">{\"@context\":\"https:\\\/\\\/schema.org\",\"@graph\":[{\"@type\":\"WebPage\",\"@id\":\"https:\\\/\\\/nisidotam.ca\\\/fr\\\/a-propos\\\/remerciements\\\/collaborateurs-dans-le-communautes\\\/\",\"url\":\"https:\\\/\\\/nisidotam.ca\\\/fr\\\/a-propos\\\/remerciements\\\/collaborateurs-dans-le-communautes\\\/\",\"name\":\"Collaborateurs dans les communaut\u00e9s - Nisidotam\",\"isPartOf\":{\"@id\":\"https:\\\/\\\/nisidotam.ca\\\/fr\\\/#website\"},\"datePublished\":\"2021-04-06T20:14:13+00:00\",\"dateModified\":\"2021-04-19T07:41:21+00:00\",\"breadcrumb\":{\"@id\":\"https:\\\/\\\/nisidotam.ca\\\/fr\\\/a-propos\\\/remerciements\\\/collaborateurs-dans-le-communautes\\\/#breadcrumb\"},\"inLanguage\":\"fr-FR\",\"potentialAction\":[{\"@type\":\"ReadAction\",\"target\":[\"https:\\\/\\\/nisidotam.ca\\\/fr\\\/a-propos\\\/remerciements\\\/collaborateurs-dans-le-communautes\\\/\"]}]},{\"@type\":\"BreadcrumbList\",\"@id\":\"https:\\\/\\\/nisidotam.ca\\\/fr\\\/a-propos\\\/remerciements\\\/collaborateurs-dans-le-communautes\\\/#breadcrumb\",\"itemListElement\":[{\"@type\":\"ListItem\",\"position\":1,\"name\":\"Home\",\"item\":\"https:\\\/\\\/nisidotam.ca\\\/fr\\\/\"},{\"@type\":\"ListItem\",\"position\":2,\"name\":\"\u00c0 propos\",\"item\":\"https:\\\/\\\/nisidotam.ca\\\/fr\\\/a-propos\\\/\"},{\"@type\":\"ListItem\",\"position\":3,\"name\":\"Remerciements\",\"item\":\"https:\\\/\\\/nisidotam.ca\\\/fr\\\/a-propos\\\/remerciements\\\/\"},{\"@type\":\"ListItem\",\"position\":4,\"name\":\"Collaborateurs dans les communaut\u00e9s\"}]},{\"@type\":\"WebSite\",\"@id\":\"https:\\\/\\\/nisidotam.ca\\\/fr\\\/#website\",\"url\":\"https:\\\/\\\/nisidotam.ca\\\/fr\\\/\",\"name\":\"Nisidotam\",\"description\":\"Understanding Disability in the Nations\",\"potentialAction\":[{\"@type\":\"SearchAction\",\"target\":{\"@type\":\"EntryPoint\",\"urlTemplate\":\"https:\\\/\\\/nisidotam.ca\\\/fr\\\/?s={search_term_string}\"},\"query-input\":{\"@type\":\"PropertyValueSpecification\",\"valueRequired\":true,\"valueName\":\"search_term_string\"}}],\"inLanguage\":\"fr-FR\"}]}<\/script>\n<!-- \/ Yoast SEO plugin. -->","yoast_head_json":{"title":"Collaborateurs dans les communaut\u00e9s - Nisidotam","robots":{"index":"index","follow":"follow","max-snippet":"max-snippet:-1","max-image-preview":"max-image-preview:large","max-video-preview":"max-video-preview:-1"},"canonical":"https:\/\/nisidotam.ca\/fr\/a-propos\/remerciements\/collaborateurs-dans-le-communautes\/","og_locale":"fr_FR","og_type":"article","og_title":"Collaborateurs dans les communaut\u00e9s - Nisidotam","og_description":"Les entrevuesMerci \u00e0 tous les participants anonymes des entrevues r\u00e9alis\u00e9es dans le cadre des recherches en 2019. Votre participation a contribu\u00e9 \u00e0 am\u00e9liorer les connaissances sur les r\u00e9alit\u00e9s et enjeux rencontr\u00e9s par les personnes en situation de handicap issues des Premi\u00e8res Nations au Qu\u00e9bec.Les outils de formation et le module d'apprentissage vid\u00e9oMerci \u00e0 toutes les [&hellip;]","og_url":"https:\/\/nisidotam.ca\/fr\/a-propos\/remerciements\/collaborateurs-dans-le-communautes\/","og_site_name":"Nisidotam","article_modified_time":"2021-04-19T07:41:21+00:00","twitter_card":"summary_large_image","twitter_misc":{"Dur\u00e9e de lecture estim\u00e9e":"3 minutes"},"schema":{"@context":"https:\/\/schema.org","@graph":[{"@type":"WebPage","@id":"https:\/\/nisidotam.ca\/fr\/a-propos\/remerciements\/collaborateurs-dans-le-communautes\/","url":"https:\/\/nisidotam.ca\/fr\/a-propos\/remerciements\/collaborateurs-dans-le-communautes\/","name":"Collaborateurs dans les communaut\u00e9s - Nisidotam","isPartOf":{"@id":"https:\/\/nisidotam.ca\/fr\/#website"},"datePublished":"2021-04-06T20:14:13+00:00","dateModified":"2021-04-19T07:41:21+00:00","breadcrumb":{"@id":"https:\/\/nisidotam.ca\/fr\/a-propos\/remerciements\/collaborateurs-dans-le-communautes\/#breadcrumb"},"inLanguage":"fr-FR","potentialAction":[{"@type":"ReadAction","target":["https:\/\/nisidotam.ca\/fr\/a-propos\/remerciements\/collaborateurs-dans-le-communautes\/"]}]},{"@type":"BreadcrumbList","@id":"https:\/\/nisidotam.ca\/fr\/a-propos\/remerciements\/collaborateurs-dans-le-communautes\/#breadcrumb","itemListElement":[{"@type":"ListItem","position":1,"name":"Home","item":"https:\/\/nisidotam.ca\/fr\/"},{"@type":"ListItem","position":2,"name":"\u00c0 propos","item":"https:\/\/nisidotam.ca\/fr\/a-propos\/"},{"@type":"ListItem","position":3,"name":"Remerciements","item":"https:\/\/nisidotam.ca\/fr\/a-propos\/remerciements\/"},{"@type":"ListItem","position":4,"name":"Collaborateurs dans les communaut\u00e9s"}]},{"@type":"WebSite","@id":"https:\/\/nisidotam.ca\/fr\/#website","url":"https:\/\/nisidotam.ca\/fr\/","name":"Nisidotam","description":"Understanding Disability in the Nations","potentialAction":[{"@type":"SearchAction","target":{"@type":"EntryPoint","urlTemplate":"https:\/\/nisidotam.ca\/fr\/?s={search_term_string}"},"query-input":{"@type":"PropertyValueSpecification","valueRequired":true,"valueName":"search_term_string"}}],"inLanguage":"fr-FR"}]}},"_links":{"self":[{"href":"https:\/\/nisidotam.ca\/fr\/wp-json\/wp\/v2\/pages\/3734","targetHints":{"allow":["GET"]}}],"collection":[{"href":"https:\/\/nisidotam.ca\/fr\/wp-json\/wp\/v2\/pages"}],"about":[{"href":"https:\/\/nisidotam.ca\/fr\/wp-json\/wp\/v2\/types\/page"}],"author":[{"embeddable":true,"href":"https:\/\/nisidotam.ca\/fr\/wp-json\/wp\/v2\/users\/3"}],"replies":[{"embeddable":true,"href":"https:\/\/nisidotam.ca\/fr\/wp-json\/wp\/v2\/comments?post=3734"}],"version-history":[{"count":6,"href":"https:\/\/nisidotam.ca\/fr\/wp-json\/wp\/v2\/pages\/3734\/revisions"}],"predecessor-version":[{"id":5123,"href":"https:\/\/nisidotam.ca\/fr\/wp-json\/wp\/v2\/pages\/3734\/revisions\/5123"}],"up":[{"embeddable":true,"href":"https:\/\/nisidotam.ca\/fr\/wp-json\/wp\/v2\/pages\/3728"}],"wp:attachment":[{"href":"https:\/\/nisidotam.ca\/fr\/wp-json\/wp\/v2\/media?parent=3734"}],"curies":[{"name":"wp","href":"https:\/\/api.w.org\/{rel}","templated":true}]}}