{"id":3730,"date":"2021-04-06T20:12:05","date_gmt":"2021-04-07T01:12:05","guid":{"rendered":"https:\/\/nisidotam.ca\/?page_id=3730"},"modified":"2021-04-19T08:26:40","modified_gmt":"2021-04-19T13:26:40","slug":"outils-apprentissage-nouveaux-clients","status":"publish","type":"page","link":"https:\/\/nisidotam.ca\/fr\/soutenir-les-clients\/nouveaux-clients-et-handicap\/outils-apprentissage-nouveaux-clients\/","title":{"rendered":"Outils d&rsquo;apprentissage: nouveaux clients"},"content":{"rendered":"<p>[et_pb_section fb_built=\u00a0\u00bb1&Prime; fullwidth=\u00a0\u00bbon\u00a0\u00bb _builder_version=\u00a0\u00bb4.7.7&Prime; _module_preset=\u00a0\u00bbdefault\u00a0\u00bb][et_pb_fullwidth_header title=\u00a0\u00bbOutils d&rsquo;apprentissage : rencontrer de nouveaux clients\u00a0\u00bb header_image_url=\u00a0\u00bbhttps:\/\/nisidotam.ca\/wp-content\/uploads\/2021\/02\/inclusion_4-e1612984674112.jpg\u00a0\u00bb _builder_version=\u00a0\u00bb4.9.3&Prime; _module_preset=\u00a0\u00bbdefault\u00a0\u00bb background_color=\u00a0\u00bb#630100&Prime; background_color_gradient_direction=\u00a0\u00bb154deg\u00a0\u00bb custom_padding=\u00a0\u00bb0px||0px||true|\u00a0\u00bb]<\/p>\n<p><span data-contrast=\"auto\" xml:lang=\"EN-CA\" lang=\"EN-CA\" class=\"TextRun SCXW257908515 BCX9\"><span class=\"NormalTextRun SCXW257908515 BCX9\">Faites <\/span><\/span>l&rsquo;essai de ces outils d&rsquo;apprentissage afin de vous familiariser avec des situations o\u00f9 les professionnels du soutien travaillent avec de nouveaux clients afin :<\/p>\n<ul>\n<li>d&rsquo;aider ceux-ci \u00e0 s&rsquo;y retrouver entre le statut de handicap et le soutien requis;<\/li>\n<li>d&rsquo;avoir acc\u00e8s \u00e0 du soutien en divulguant leur statut \u00e0 un professionnel du soutien.<\/li>\n<\/ul>\n<p>[\/et_pb_fullwidth_header][et_pb_fullwidth_menu menu_id=\u00a0\u00bb34&Prime; menu_style=\u00a0\u00bbcentered\u00a0\u00bb fullwidth_menu=\u00a0\u00bbon\u00a0\u00bb active_link_color=\u00a0\u00bb#edf000&Prime; _builder_version=\u00a0\u00bb4.9.2&Prime; _module_preset=\u00a0\u00bbdefault\u00a0\u00bb menu_text_color=\u00a0\u00bb#ffffff\u00a0\u00bb menu_font_size=\u00a0\u00bb20px\u00a0\u00bb background_color=\u00a0\u00bb#630100&Prime; background_layout=\u00a0\u00bbdark\u00a0\u00bb saved_tabs=\u00a0\u00bball\u00a0\u00bb][\/et_pb_fullwidth_menu][\/et_pb_section][et_pb_section fb_built=\u00a0\u00bb1&Prime; _builder_version=\u00a0\u00bb4.7.7&Prime; _module_preset=\u00a0\u00bbdefault\u00a0\u00bb][et_pb_row column_structure=\u00a0\u00bb1_2,1_2&Prime; _builder_version=\u00a0\u00bb4.7.7&Prime; _module_preset=\u00a0\u00bbdefault\u00a0\u00bb][et_pb_column type=\u00a0\u00bb1_2&Prime; _builder_version=\u00a0\u00bb4.7.7&Prime; _module_preset=\u00a0\u00bbdefault\u00a0\u00bb][et_pb_cta title=\u00a0\u00bbOutil d&rsquo;apprentissage interactif : handicap invisible et diagnostic\u00a0\u00bb button_url=\u00a0\u00bbhttps:\/\/nisidotam.ca\/simulation-trainings-app\/#\/scenario\/3\/background\u00a0\u00bb url_new_window=\u00a0\u00bbon\u00a0\u00bb button_text=\u00a0\u00bbEssayez l&rsquo;outil\u00a0\u00bb _builder_version=\u00a0\u00bb4.9.4&Prime; _module_preset=\u00a0\u00bbdefault\u00a0\u00bb header_text_color=\u00a0\u00bbrgba(2,0,0,0.65)\u00a0\u00bb body_text_color=\u00a0\u00bbrgba(2,0,0,0.65)\u00a0\u00bb background_color=\u00a0\u00bb#ffffff\u00a0\u00bb height=\u00a0\u00bb550px\u00a0\u00bb border_width_all=\u00a0\u00bb2px\u00a0\u00bb box_shadow_style=\u00a0\u00bbpreset1&Prime;]<\/p>\n<p><img loading=\"lazy\" decoding=\"async\" src=\"https:\/\/nisidotam.ca\/wp-content\/uploads\/2021\/02\/Invisible-Disability-Tool.png\" alt=\"\" class=\"wp-image-1588 aligncenter size-full\" width=\"534\" height=\"326\" srcset=\"https:\/\/nisidotam.ca\/wp-content\/uploads\/2021\/02\/Invisible-Disability-Tool.png 534w, https:\/\/nisidotam.ca\/wp-content\/uploads\/2021\/02\/Invisible-Disability-Tool-480x293.png 480w\" sizes=\"(min-width: 0px) and (max-width: 480px) 480px, (min-width: 481px) 534px, 100vw\" \/><\/p>\n<p>[\/et_pb_cta][\/et_pb_column][et_pb_column type=\u00a0\u00bb1_2&Prime; _builder_version=\u00a0\u00bb4.7.7&Prime; _module_preset=\u00a0\u00bbdefault\u00a0\u00bb][et_pb_cta title=\u00a0\u00bbOutil d&rsquo;apprentissage interactif : divulgation de l&rsquo;handicap \u00e0 la professionnelle du soutien\u00a0\u00bb button_url=\u00a0\u00bbhttps:\/\/nisidotam.ca\/simulation-trainings-app\/#\/scenario\/1\/background\u00a0\u00bb url_new_window=\u00a0\u00bbon\u00a0\u00bb button_text=\u00a0\u00bbEssayez l&rsquo;outil\u00a0\u00bb _builder_version=\u00a0\u00bb4.9.4&Prime; _module_preset=\u00a0\u00bbdefault\u00a0\u00bb header_text_color=\u00a0\u00bbrgba(2,0,0,0.65)\u00a0\u00bb body_text_color=\u00a0\u00bbrgba(2,0,0,0.65)\u00a0\u00bb background_color=\u00a0\u00bb#ffffff\u00a0\u00bb height=\u00a0\u00bb550px\u00a0\u00bb hover_enabled=\u00a0\u00bb0&Prime; border_width_all=\u00a0\u00bb2px\u00a0\u00bb box_shadow_style=\u00a0\u00bbpreset1&Prime; sticky_enabled=\u00a0\u00bb0&Prime;]<\/p>\n<p><img loading=\"lazy\" decoding=\"async\" src=\"https:\/\/nisidotam.ca\/wp-content\/uploads\/2021\/02\/Learning-Tool-Disclosure-to-Support-Professional.png\" width=\"431\" height=\"318\" alt=\"\" class=\"wp-image-1658 aligncenter size-full\" srcset=\"https:\/\/nisidotam.ca\/wp-content\/uploads\/2021\/02\/Learning-Tool-Disclosure-to-Support-Professional.png 431w, https:\/\/nisidotam.ca\/wp-content\/uploads\/2021\/02\/Learning-Tool-Disclosure-to-Support-Professional-300x221.png 300w, https:\/\/nisidotam.ca\/wp-content\/uploads\/2021\/02\/Learning-Tool-Disclosure-to-Support-Professional-24x18.png 24w\" sizes=\"(max-width: 431px) 100vw, 431px\" \/><\/p>\n<p>[\/et_pb_cta][\/et_pb_column][\/et_pb_row][\/et_pb_section]<\/p>\n","protected":false},"excerpt":{"rendered":"<p>Faites l&rsquo;essai de ces outils d&rsquo;apprentissage afin de vous familiariser avec des situations o\u00f9 les professionnels du soutien travaillent avec de nouveaux clients afin : d&rsquo;aider ceux-ci \u00e0 s&rsquo;y retrouver entre le statut de handicap et le soutien requis; d&rsquo;avoir acc\u00e8s \u00e0 du soutien en divulguant leur statut \u00e0 un professionnel du soutien.<\/p>\n","protected":false},"author":3,"featured_media":0,"parent":3621,"menu_order":0,"comment_status":"closed","ping_status":"closed","template":"","meta":{"_acf_changed":false,"_et_pb_use_builder":"on","_et_pb_old_content":"","_et_gb_content_width":"","footnotes":""},"class_list":["post-3730","page","type-page","status-publish","hentry"],"acf":[],"yoast_head":"<!-- This site is optimized with the Yoast SEO plugin v27.4 - https:\/\/yoast.com\/product\/yoast-seo-wordpress\/ -->\n<title>Outils d&#039;apprentissage: nouveaux clients - Nisidotam<\/title>\n<meta name=\"robots\" content=\"index, follow, max-snippet:-1, max-image-preview:large, max-video-preview:-1\" \/>\n<link rel=\"canonical\" href=\"https:\/\/nisidotam.ca\/fr\/soutenir-les-clients\/nouveaux-clients-et-handicap\/outils-apprentissage-nouveaux-clients\/\" \/>\n<meta property=\"og:locale\" content=\"fr_FR\" \/>\n<meta property=\"og:type\" content=\"article\" \/>\n<meta property=\"og:title\" content=\"Outils d&#039;apprentissage: nouveaux clients - Nisidotam\" \/>\n<meta property=\"og:description\" content=\"Faites l&#039;essai de ces outils d&#039;apprentissage afin de vous familiariser avec des situations o\u00f9 les professionnels du soutien travaillent avec de nouveaux clients afin : d&#039;aider ceux-ci \u00e0 s&#039;y retrouver entre le statut de handicap et le soutien requis; d&#039;avoir acc\u00e8s \u00e0 du soutien en divulguant leur statut \u00e0 un professionnel du soutien.\" \/>\n<meta property=\"og:url\" content=\"https:\/\/nisidotam.ca\/fr\/soutenir-les-clients\/nouveaux-clients-et-handicap\/outils-apprentissage-nouveaux-clients\/\" \/>\n<meta property=\"og:site_name\" content=\"Nisidotam\" \/>\n<meta property=\"article:modified_time\" content=\"2021-04-19T13:26:40+00:00\" \/>\n<meta property=\"og:image\" content=\"https:\/\/nisidotam.ca\/wp-content\/uploads\/2021\/02\/Invisible-Disability-Tool.png\" \/>\n<meta name=\"twitter:card\" content=\"summary_large_image\" \/>\n<meta name=\"twitter:label1\" content=\"Dur\u00e9e de lecture estim\u00e9e\" \/>\n\t<meta name=\"twitter:data1\" content=\"2 minutes\" \/>\n<script type=\"application\/ld+json\" class=\"yoast-schema-graph\">{\"@context\":\"https:\\\/\\\/schema.org\",\"@graph\":[{\"@type\":\"WebPage\",\"@id\":\"https:\\\/\\\/nisidotam.ca\\\/fr\\\/soutenir-les-clients\\\/nouveaux-clients-et-handicap\\\/outils-apprentissage-nouveaux-clients\\\/\",\"url\":\"https:\\\/\\\/nisidotam.ca\\\/fr\\\/soutenir-les-clients\\\/nouveaux-clients-et-handicap\\\/outils-apprentissage-nouveaux-clients\\\/\",\"name\":\"Outils d'apprentissage: nouveaux clients - Nisidotam\",\"isPartOf\":{\"@id\":\"https:\\\/\\\/nisidotam.ca\\\/fr\\\/#website\"},\"primaryImageOfPage\":{\"@id\":\"https:\\\/\\\/nisidotam.ca\\\/fr\\\/soutenir-les-clients\\\/nouveaux-clients-et-handicap\\\/outils-apprentissage-nouveaux-clients\\\/#primaryimage\"},\"image\":{\"@id\":\"https:\\\/\\\/nisidotam.ca\\\/fr\\\/soutenir-les-clients\\\/nouveaux-clients-et-handicap\\\/outils-apprentissage-nouveaux-clients\\\/#primaryimage\"},\"thumbnailUrl\":\"https:\\\/\\\/nisidotam.ca\\\/wp-content\\\/uploads\\\/2021\\\/02\\\/Invisible-Disability-Tool.png\",\"datePublished\":\"2021-04-07T01:12:05+00:00\",\"dateModified\":\"2021-04-19T13:26:40+00:00\",\"breadcrumb\":{\"@id\":\"https:\\\/\\\/nisidotam.ca\\\/fr\\\/soutenir-les-clients\\\/nouveaux-clients-et-handicap\\\/outils-apprentissage-nouveaux-clients\\\/#breadcrumb\"},\"inLanguage\":\"fr-FR\",\"potentialAction\":[{\"@type\":\"ReadAction\",\"target\":[\"https:\\\/\\\/nisidotam.ca\\\/fr\\\/soutenir-les-clients\\\/nouveaux-clients-et-handicap\\\/outils-apprentissage-nouveaux-clients\\\/\"]}]},{\"@type\":\"ImageObject\",\"inLanguage\":\"fr-FR\",\"@id\":\"https:\\\/\\\/nisidotam.ca\\\/fr\\\/soutenir-les-clients\\\/nouveaux-clients-et-handicap\\\/outils-apprentissage-nouveaux-clients\\\/#primaryimage\",\"url\":\"https:\\\/\\\/nisidotam.ca\\\/wp-content\\\/uploads\\\/2021\\\/02\\\/Invisible-Disability-Tool.png\",\"contentUrl\":\"https:\\\/\\\/nisidotam.ca\\\/wp-content\\\/uploads\\\/2021\\\/02\\\/Invisible-Disability-Tool.png\"},{\"@type\":\"BreadcrumbList\",\"@id\":\"https:\\\/\\\/nisidotam.ca\\\/fr\\\/soutenir-les-clients\\\/nouveaux-clients-et-handicap\\\/outils-apprentissage-nouveaux-clients\\\/#breadcrumb\",\"itemListElement\":[{\"@type\":\"ListItem\",\"position\":1,\"name\":\"Home\",\"item\":\"https:\\\/\\\/nisidotam.ca\\\/fr\\\/\"},{\"@type\":\"ListItem\",\"position\":2,\"name\":\"Soutenir les clients\",\"item\":\"https:\\\/\\\/nisidotam.ca\\\/fr\\\/soutenir-les-clients\\\/\"},{\"@type\":\"ListItem\",\"position\":3,\"name\":\"Les nouveaux clients et le handicap\",\"item\":\"https:\\\/\\\/nisidotam.ca\\\/fr\\\/soutenir-les-clients\\\/nouveaux-clients-et-handicap\\\/\"},{\"@type\":\"ListItem\",\"position\":4,\"name\":\"Outils d&rsquo;apprentissage: nouveaux clients\"}]},{\"@type\":\"WebSite\",\"@id\":\"https:\\\/\\\/nisidotam.ca\\\/fr\\\/#website\",\"url\":\"https:\\\/\\\/nisidotam.ca\\\/fr\\\/\",\"name\":\"Nisidotam\",\"description\":\"Understanding Disability in the Nations\",\"potentialAction\":[{\"@type\":\"SearchAction\",\"target\":{\"@type\":\"EntryPoint\",\"urlTemplate\":\"https:\\\/\\\/nisidotam.ca\\\/fr\\\/?s={search_term_string}\"},\"query-input\":{\"@type\":\"PropertyValueSpecification\",\"valueRequired\":true,\"valueName\":\"search_term_string\"}}],\"inLanguage\":\"fr-FR\"}]}<\/script>\n<!-- \/ Yoast SEO plugin. -->","yoast_head_json":{"title":"Outils d'apprentissage: nouveaux clients - Nisidotam","robots":{"index":"index","follow":"follow","max-snippet":"max-snippet:-1","max-image-preview":"max-image-preview:large","max-video-preview":"max-video-preview:-1"},"canonical":"https:\/\/nisidotam.ca\/fr\/soutenir-les-clients\/nouveaux-clients-et-handicap\/outils-apprentissage-nouveaux-clients\/","og_locale":"fr_FR","og_type":"article","og_title":"Outils d'apprentissage: nouveaux clients - Nisidotam","og_description":"Faites l'essai de ces outils d'apprentissage afin de vous familiariser avec des situations o\u00f9 les professionnels du soutien travaillent avec de nouveaux clients afin : d'aider ceux-ci \u00e0 s'y retrouver entre le statut de handicap et le soutien requis; d'avoir acc\u00e8s \u00e0 du soutien en divulguant leur statut \u00e0 un professionnel du soutien.","og_url":"https:\/\/nisidotam.ca\/fr\/soutenir-les-clients\/nouveaux-clients-et-handicap\/outils-apprentissage-nouveaux-clients\/","og_site_name":"Nisidotam","article_modified_time":"2021-04-19T13:26:40+00:00","og_image":[{"url":"https:\/\/nisidotam.ca\/wp-content\/uploads\/2021\/02\/Invisible-Disability-Tool.png","type":"","width":"","height":""}],"twitter_card":"summary_large_image","twitter_misc":{"Dur\u00e9e de lecture estim\u00e9e":"2 minutes"},"schema":{"@context":"https:\/\/schema.org","@graph":[{"@type":"WebPage","@id":"https:\/\/nisidotam.ca\/fr\/soutenir-les-clients\/nouveaux-clients-et-handicap\/outils-apprentissage-nouveaux-clients\/","url":"https:\/\/nisidotam.ca\/fr\/soutenir-les-clients\/nouveaux-clients-et-handicap\/outils-apprentissage-nouveaux-clients\/","name":"Outils d'apprentissage: nouveaux clients - Nisidotam","isPartOf":{"@id":"https:\/\/nisidotam.ca\/fr\/#website"},"primaryImageOfPage":{"@id":"https:\/\/nisidotam.ca\/fr\/soutenir-les-clients\/nouveaux-clients-et-handicap\/outils-apprentissage-nouveaux-clients\/#primaryimage"},"image":{"@id":"https:\/\/nisidotam.ca\/fr\/soutenir-les-clients\/nouveaux-clients-et-handicap\/outils-apprentissage-nouveaux-clients\/#primaryimage"},"thumbnailUrl":"https:\/\/nisidotam.ca\/wp-content\/uploads\/2021\/02\/Invisible-Disability-Tool.png","datePublished":"2021-04-07T01:12:05+00:00","dateModified":"2021-04-19T13:26:40+00:00","breadcrumb":{"@id":"https:\/\/nisidotam.ca\/fr\/soutenir-les-clients\/nouveaux-clients-et-handicap\/outils-apprentissage-nouveaux-clients\/#breadcrumb"},"inLanguage":"fr-FR","potentialAction":[{"@type":"ReadAction","target":["https:\/\/nisidotam.ca\/fr\/soutenir-les-clients\/nouveaux-clients-et-handicap\/outils-apprentissage-nouveaux-clients\/"]}]},{"@type":"ImageObject","inLanguage":"fr-FR","@id":"https:\/\/nisidotam.ca\/fr\/soutenir-les-clients\/nouveaux-clients-et-handicap\/outils-apprentissage-nouveaux-clients\/#primaryimage","url":"https:\/\/nisidotam.ca\/wp-content\/uploads\/2021\/02\/Invisible-Disability-Tool.png","contentUrl":"https:\/\/nisidotam.ca\/wp-content\/uploads\/2021\/02\/Invisible-Disability-Tool.png"},{"@type":"BreadcrumbList","@id":"https:\/\/nisidotam.ca\/fr\/soutenir-les-clients\/nouveaux-clients-et-handicap\/outils-apprentissage-nouveaux-clients\/#breadcrumb","itemListElement":[{"@type":"ListItem","position":1,"name":"Home","item":"https:\/\/nisidotam.ca\/fr\/"},{"@type":"ListItem","position":2,"name":"Soutenir les clients","item":"https:\/\/nisidotam.ca\/fr\/soutenir-les-clients\/"},{"@type":"ListItem","position":3,"name":"Les nouveaux clients et le handicap","item":"https:\/\/nisidotam.ca\/fr\/soutenir-les-clients\/nouveaux-clients-et-handicap\/"},{"@type":"ListItem","position":4,"name":"Outils d&rsquo;apprentissage: nouveaux clients"}]},{"@type":"WebSite","@id":"https:\/\/nisidotam.ca\/fr\/#website","url":"https:\/\/nisidotam.ca\/fr\/","name":"Nisidotam","description":"Understanding Disability in the Nations","potentialAction":[{"@type":"SearchAction","target":{"@type":"EntryPoint","urlTemplate":"https:\/\/nisidotam.ca\/fr\/?s={search_term_string}"},"query-input":{"@type":"PropertyValueSpecification","valueRequired":true,"valueName":"search_term_string"}}],"inLanguage":"fr-FR"}]}},"_links":{"self":[{"href":"https:\/\/nisidotam.ca\/fr\/wp-json\/wp\/v2\/pages\/3730","targetHints":{"allow":["GET"]}}],"collection":[{"href":"https:\/\/nisidotam.ca\/fr\/wp-json\/wp\/v2\/pages"}],"about":[{"href":"https:\/\/nisidotam.ca\/fr\/wp-json\/wp\/v2\/types\/page"}],"author":[{"embeddable":true,"href":"https:\/\/nisidotam.ca\/fr\/wp-json\/wp\/v2\/users\/3"}],"replies":[{"embeddable":true,"href":"https:\/\/nisidotam.ca\/fr\/wp-json\/wp\/v2\/comments?post=3730"}],"version-history":[{"count":6,"href":"https:\/\/nisidotam.ca\/fr\/wp-json\/wp\/v2\/pages\/3730\/revisions"}],"predecessor-version":[{"id":5169,"href":"https:\/\/nisidotam.ca\/fr\/wp-json\/wp\/v2\/pages\/3730\/revisions\/5169"}],"up":[{"embeddable":true,"href":"https:\/\/nisidotam.ca\/fr\/wp-json\/wp\/v2\/pages\/3621"}],"wp:attachment":[{"href":"https:\/\/nisidotam.ca\/fr\/wp-json\/wp\/v2\/media?parent=3730"}],"curies":[{"name":"wp","href":"https:\/\/api.w.org\/{rel}","templated":true}]}}