{"id":3728,"date":"2021-04-06T20:11:23","date_gmt":"2021-04-06T20:11:23","guid":{"rendered":"https:\/\/nisidotam.ca\/?page_id=3728"},"modified":"2021-04-19T14:43:04","modified_gmt":"2021-04-19T19:43:04","slug":"remerciements","status":"publish","type":"page","link":"https:\/\/nisidotam.ca\/fr\/a-propos\/remerciements\/","title":{"rendered":"Remerciements"},"content":{"rendered":"<p>[et_pb_section fb_built=\u00a0\u00bb1&Prime; fullwidth=\u00a0\u00bbon\u00a0\u00bb _builder_version=\u00a0\u00bb4.9.2&Prime; _module_preset=\u00a0\u00bbdefault\u00a0\u00bb border_color_all=\u00a0\u00bb#E02B20&Prime; border_color_top=\u00a0\u00bb#FFFFFF\u00a0\u00bb border_color_bottom=\u00a0\u00bbrgba(0,25,5,0.89)\u00a0\u00bb][et_pb_fullwidth_header title=\u00a0\u00bbRemerciements\u00a0\u00bb header_image_url=\u00a0\u00bbhttps:\/\/nisidotam.ca\/wp-content\/uploads\/2021\/01\/200914_visuel-tanya_blanc-298&#215;300.jpg\u00a0\u00bb _builder_version=\u00a0\u00bb4.9.4&Prime; _module_preset=\u00a0\u00bbdefault\u00a0\u00bb background_color=\u00a0\u00bb#1e1e1e\u00a0\u00bb background_color_gradient_direction=\u00a0\u00bb154deg\u00a0\u00bb custom_padding=\u00a0\u00bb0px||0px||true|\u00a0\u00bb border_color_all=\u00a0\u00bb#000000&Prime; border_radii_image=\u00a0\u00bbon|10px|10px|10px|10px\u00a0\u00bb border_width_all_image=\u00a0\u00bb4px\u00a0\u00bb border_color_all_image=\u00a0\u00bb#e0b862&Prime;]<\/p>\n<p>L&rsquo;\u00e9quipe de la CDRHPNQ et du CRISPESH tient \u00e0 remercier chaleureusement tous ceux qui ont particip\u00e9 aux diff\u00e9rentes \u00e9tapes de la cr\u00e9ation du site Nisidotam.<\/p>\n<p>Nous vous sommes extr\u00eamement reconnaissants pour votre contribution pass\u00e9e et future.<\/p>\n<p class=\"x_MsoNormal\"><span lang=\"EN-CA\">\u00a0<\/span><\/p>\n<p>[\/et_pb_fullwidth_header][et_pb_fullwidth_menu menu_id=\u00a0\u00bb38&Prime; menu_style=\u00a0\u00bbcentered\u00a0\u00bb fullwidth_menu=\u00a0\u00bbon\u00a0\u00bb active_link_color=\u00a0\u00bb#edf000&Prime; _builder_version=\u00a0\u00bb4.9.4&Prime; _module_preset=\u00a0\u00bbdefault\u00a0\u00bb menu_font=\u00a0\u00bb|700|||||||\u00a0\u00bb menu_text_color=\u00a0\u00bb#ffffff\u00a0\u00bb menu_font_size=\u00a0\u00bb17px\u00a0\u00bb menu_letter_spacing=\u00a0\u00bb1px\u00a0\u00bb background_color=\u00a0\u00bb#1e1e1e\u00a0\u00bb background_layout=\u00a0\u00bbdark\u00a0\u00bb][\/et_pb_fullwidth_menu][\/et_pb_section][et_pb_section fb_built=\u00a0\u00bb1&Prime; _builder_version=\u00a0\u00bb4.7.7&Prime; _module_preset=\u00a0\u00bbdefault\u00a0\u00bb locked=\u00a0\u00bboff\u00a0\u00bb][et_pb_row column_structure=\u00a0\u00bb1_4,1_4,1_4,1_4&Prime; use_custom_gutter=\u00a0\u00bbon\u00a0\u00bb gutter_width=\u00a0\u00bb2&Prime; make_equal=\u00a0\u00bbon\u00a0\u00bb _builder_version=\u00a0\u00bb4.9.3&Prime; _module_preset=\u00a0\u00bbdefault\u00a0\u00bb max_width=\u00a0\u00bb100%\u00a0\u00bb][et_pb_column type=\u00a0\u00bb1_4&Prime; _builder_version=\u00a0\u00bb4.9.3&Prime; _module_preset=\u00a0\u00bbdefault\u00a0\u00bb border_radii=\u00a0\u00bbon|10px|10px|10px|10px\u00a0\u00bb border_width_all=\u00a0\u00bb5px\u00a0\u00bb border_color_all=\u00a0\u00bb#242424&Prime;][et_pb_cta title=\u00a0\u00bbCollaborateurs dans les communaut\u00e9s\u00a0\u00bb button_url=\u00a0\u00bbhttps:\/\/nisidotam.ca\/fr\/a-propos\/remerciements\/collaborateurs-dans-le-communautes\/\u00a0\u00bb button_text=\u00a0\u00bbPoursuivez votre lecture\u00a0\u00bb _builder_version=\u00a0\u00bb4.9.4&Prime; _module_preset=\u00a0\u00bbdefault\u00a0\u00bb background_color=\u00a0\u00bb#FFFFFF\u00a0\u00bb custom_button=\u00a0\u00bbon\u00a0\u00bb button_border_width=\u00a0\u00bb0px\u00a0\u00bb button_border_color=\u00a0\u00bb#000000&Prime; button_border_radius=\u00a0\u00bb10px\u00a0\u00bb background_layout=\u00a0\u00bblight\u00a0\u00bb max_width=\u00a0\u00bb100%\u00a0\u00bb custom_padding=\u00a0\u00bb25px|25px|25px|25px|false|false\u00a0\u00bb locked=\u00a0\u00bboff\u00a0\u00bb]<\/p>\n<p><img loading=\"lazy\" decoding=\"async\" src=\"https:\/\/nisidotam.ca\/wp-content\/uploads\/2021\/03\/Nisidotam_Logo_Couleur_CMJN_jpeg_Fondblanc-150x150.jpg\" alt=\"\" class=\"wp-image-3475 aligncenter size-thumbnail\" width=\"150\" height=\"150\" \/><\/p>\n<p>[\/et_pb_cta][\/et_pb_column][et_pb_column type=\u00a0\u00bb1_4&Prime; _builder_version=\u00a0\u00bb4.9.3&Prime; _module_preset=\u00a0\u00bbdefault\u00a0\u00bb border_radii=\u00a0\u00bbon|10px|10px|10px|10px\u00a0\u00bb border_width_all=\u00a0\u00bb5px\u00a0\u00bb border_color_all=\u00a0\u00bb#242424&Prime;][et_pb_cta title=\u00a0\u00bbBailleurs de fonds                               \u00a0\u00bb button_url=\u00a0\u00bbhttps:\/\/nisidotam.ca\/fr\/a-propos\/remerciements\/bailleurs-de-fonds\/\u00a0\u00bb button_text=\u00a0\u00bbPoursuivez votre lecture\u00a0\u00bb _builder_version=\u00a0\u00bb4.9.4&Prime; _module_preset=\u00a0\u00bbdefault\u00a0\u00bb background_color=\u00a0\u00bb#FFFFFF\u00a0\u00bb custom_button=\u00a0\u00bbon\u00a0\u00bb button_border_width=\u00a0\u00bb0px\u00a0\u00bb button_border_color=\u00a0\u00bb#000000&Prime; button_border_radius=\u00a0\u00bb10px\u00a0\u00bb background_layout=\u00a0\u00bblight\u00a0\u00bb max_width=\u00a0\u00bb100%\u00a0\u00bb custom_padding=\u00a0\u00bb25px|25px|25px|25px|false|false\u00a0\u00bb hover_enabled=\u00a0\u00bb0&Prime; locked=\u00a0\u00bboff\u00a0\u00bb global_colors_info=\u00a0\u00bb{}\u00a0\u00bb sticky_enabled=\u00a0\u00bb0&Prime;]<\/p>\n<pre><\/pre>\n<p><img loading=\"lazy\" decoding=\"async\" src=\"https:\/\/nisidotam.ca\/wp-content\/uploads\/2021\/03\/Nisidotam_Logo_Couleur_CMJN_jpeg_Fondblanc-150x150.jpg\" width=\"150\" height=\"150\" alt=\"\" class=\"wp-image-3475 aligncenter size-thumbnail\" \/><\/p>\n<p>[\/et_pb_cta][\/et_pb_column][et_pb_column type=\u00a0\u00bb1_4&Prime; _builder_version=\u00a0\u00bb4.9.3&Prime; _module_preset=\u00a0\u00bbdefault\u00a0\u00bb border_radii=\u00a0\u00bbon|10px|10px|10px|10px\u00a0\u00bb border_width_all=\u00a0\u00bb5px\u00a0\u00bb border_color_all=\u00a0\u00bb#242424&Prime;][et_pb_cta title=\u00a0\u00bbPartenaires\u00a0\u00bb button_url=\u00a0\u00bbhttps:\/\/nisidotam.ca\/fr\/a-propos\/remerciements\/partenaires\/\u00a0\u00bb button_text=\u00a0\u00bbPoursuivez votre lecture\u00a0\u00bb _builder_version=\u00a0\u00bb4.9.4&Prime; _module_preset=\u00a0\u00bbdefault\u00a0\u00bb background_color=\u00a0\u00bb#FFFFFF\u00a0\u00bb custom_button=\u00a0\u00bbon\u00a0\u00bb button_border_width=\u00a0\u00bb0px\u00a0\u00bb button_border_color=\u00a0\u00bb#000000&Prime; button_border_radius=\u00a0\u00bb10px\u00a0\u00bb background_layout=\u00a0\u00bblight\u00a0\u00bb max_width=\u00a0\u00bb100%\u00a0\u00bb custom_padding=\u00a0\u00bb25px|25px|25px|25px|false|false\u00a0\u00bb hover_enabled=\u00a0\u00bb0&Prime; locked=\u00a0\u00bboff\u00a0\u00bb global_colors_info=\u00a0\u00bb{}\u00a0\u00bb sticky_enabled=\u00a0\u00bb0&Prime;]<\/p>\n<pre>\u00a0<\/pre>\n<p><img loading=\"lazy\" decoding=\"async\" src=\"https:\/\/nisidotam.ca\/wp-content\/uploads\/2021\/03\/Nisidotam_Logo_Couleur_CMJN_jpeg_Fondblanc-150x150.jpg\" width=\"150\" height=\"150\" alt=\"\" class=\"wp-image-3475 aligncenter size-thumbnail\" \/><\/p>\n<p>[\/et_pb_cta][\/et_pb_column][et_pb_column type=\u00a0\u00bb1_4&Prime; _builder_version=\u00a0\u00bb4.9.3&Prime; _module_preset=\u00a0\u00bbdefault\u00a0\u00bb border_radii=\u00a0\u00bbon|10px|10px|10px|10px\u00a0\u00bb border_width_all=\u00a0\u00bb5px\u00a0\u00bb border_color_all=\u00a0\u00bb#242424&Prime;][et_pb_cta title=\u00a0\u00bb\u00c9quipe principale de recherche\u00a0\u00bb button_url=\u00a0\u00bbhttps:\/\/nisidotam.ca\/fr\/a-propos\/remerciements\/equipe-principale-de-recherche\/\u00a0\u00bb button_text=\u00a0\u00bbPoursuivez votre lecture\u00a0\u00bb _builder_version=\u00a0\u00bb4.9.4&Prime; _module_preset=\u00a0\u00bbdefault\u00a0\u00bb background_color=\u00a0\u00bb#FFFFFF\u00a0\u00bb custom_button=\u00a0\u00bbon\u00a0\u00bb button_border_width=\u00a0\u00bb0px\u00a0\u00bb button_border_color=\u00a0\u00bb#000000&Prime; button_border_radius=\u00a0\u00bb10px\u00a0\u00bb background_layout=\u00a0\u00bblight\u00a0\u00bb max_width=\u00a0\u00bb100%\u00a0\u00bb custom_padding=\u00a0\u00bb25px|25px|25px|25px|false|false\u00a0\u00bb locked=\u00a0\u00bboff\u00a0\u00bb global_colors_info=\u00a0\u00bb{}\u00a0\u00bb]<\/p>\n<p><img loading=\"lazy\" decoding=\"async\" src=\"https:\/\/nisidotam.ca\/wp-content\/uploads\/2021\/03\/Nisidotam_Logo_Couleur_CMJN_jpeg_Fondblanc-150x150.jpg\" width=\"150\" height=\"150\" alt=\"\" class=\"wp-image-3475 aligncenter size-thumbnail\" \/><\/p>\n<p>[\/et_pb_cta][\/et_pb_column][\/et_pb_row][\/et_pb_section]<\/p>\n","protected":false},"excerpt":{"rendered":"<p>L&rsquo;\u00e9quipe de la CDRHPNQ et du CRISPESH tient \u00e0 remercier chaleureusement tous ceux qui ont particip\u00e9 aux diff\u00e9rentes \u00e9tapes de la cr\u00e9ation du site Nisidotam. Nous vous sommes extr\u00eamement reconnaissants pour votre contribution pass\u00e9e et future. \u00a0 \u00a0<\/p>\n","protected":false},"author":3,"featured_media":0,"parent":3722,"menu_order":0,"comment_status":"closed","ping_status":"closed","template":"","meta":{"_acf_changed":false,"_et_pb_use_builder":"on","_et_pb_old_content":"","_et_gb_content_width":"","footnotes":""},"class_list":["post-3728","page","type-page","status-publish","hentry"],"acf":[],"yoast_head":"<!-- This site is optimized with the Yoast SEO plugin v27.4 - https:\/\/yoast.com\/product\/yoast-seo-wordpress\/ -->\n<title>Remerciements - Nisidotam<\/title>\n<meta name=\"robots\" content=\"index, follow, max-snippet:-1, max-image-preview:large, max-video-preview:-1\" \/>\n<link rel=\"canonical\" href=\"https:\/\/nisidotam.ca\/fr\/a-propos\/remerciements\/\" \/>\n<meta property=\"og:locale\" content=\"fr_FR\" \/>\n<meta property=\"og:type\" content=\"article\" \/>\n<meta property=\"og:title\" content=\"Remerciements - Nisidotam\" \/>\n<meta property=\"og:description\" content=\"L&#039;\u00e9quipe de la CDRHPNQ et du CRISPESH tient \u00e0 remercier chaleureusement tous ceux qui ont particip\u00e9 aux diff\u00e9rentes \u00e9tapes de la cr\u00e9ation du site Nisidotam. Nous vous sommes extr\u00eamement reconnaissants pour votre contribution pass\u00e9e et future. \u00a0 \u00a0\" \/>\n<meta property=\"og:url\" content=\"https:\/\/nisidotam.ca\/fr\/a-propos\/remerciements\/\" \/>\n<meta property=\"og:site_name\" content=\"Nisidotam\" \/>\n<meta property=\"article:modified_time\" content=\"2021-04-19T19:43:04+00:00\" \/>\n<meta property=\"og:image\" content=\"https:\/\/nisidotam.ca\/wp-content\/uploads\/2021\/03\/Nisidotam_Logo_Couleur_CMJN_jpeg_Fondblanc-150x150.jpg\" \/>\n<meta name=\"twitter:card\" content=\"summary_large_image\" \/>\n<meta name=\"twitter:label1\" content=\"Dur\u00e9e de lecture estim\u00e9e\" \/>\n\t<meta name=\"twitter:data1\" content=\"3 minutes\" \/>\n<script type=\"application\/ld+json\" class=\"yoast-schema-graph\">{\"@context\":\"https:\\\/\\\/schema.org\",\"@graph\":[{\"@type\":\"WebPage\",\"@id\":\"https:\\\/\\\/nisidotam.ca\\\/fr\\\/a-propos\\\/remerciements\\\/\",\"url\":\"https:\\\/\\\/nisidotam.ca\\\/fr\\\/a-propos\\\/remerciements\\\/\",\"name\":\"Remerciements - Nisidotam\",\"isPartOf\":{\"@id\":\"https:\\\/\\\/nisidotam.ca\\\/fr\\\/#website\"},\"primaryImageOfPage\":{\"@id\":\"https:\\\/\\\/nisidotam.ca\\\/fr\\\/a-propos\\\/remerciements\\\/#primaryimage\"},\"image\":{\"@id\":\"https:\\\/\\\/nisidotam.ca\\\/fr\\\/a-propos\\\/remerciements\\\/#primaryimage\"},\"thumbnailUrl\":\"https:\\\/\\\/nisidotam.ca\\\/wp-content\\\/uploads\\\/2021\\\/03\\\/Nisidotam_Logo_Couleur_CMJN_jpeg_Fondblanc-150x150.jpg\",\"datePublished\":\"2021-04-06T20:11:23+00:00\",\"dateModified\":\"2021-04-19T19:43:04+00:00\",\"breadcrumb\":{\"@id\":\"https:\\\/\\\/nisidotam.ca\\\/fr\\\/a-propos\\\/remerciements\\\/#breadcrumb\"},\"inLanguage\":\"fr-FR\",\"potentialAction\":[{\"@type\":\"ReadAction\",\"target\":[\"https:\\\/\\\/nisidotam.ca\\\/fr\\\/a-propos\\\/remerciements\\\/\"]}]},{\"@type\":\"ImageObject\",\"inLanguage\":\"fr-FR\",\"@id\":\"https:\\\/\\\/nisidotam.ca\\\/fr\\\/a-propos\\\/remerciements\\\/#primaryimage\",\"url\":\"https:\\\/\\\/nisidotam.ca\\\/wp-content\\\/uploads\\\/2021\\\/03\\\/Nisidotam_Logo_Couleur_CMJN_jpeg_Fondblanc-150x150.jpg\",\"contentUrl\":\"https:\\\/\\\/nisidotam.ca\\\/wp-content\\\/uploads\\\/2021\\\/03\\\/Nisidotam_Logo_Couleur_CMJN_jpeg_Fondblanc-150x150.jpg\"},{\"@type\":\"BreadcrumbList\",\"@id\":\"https:\\\/\\\/nisidotam.ca\\\/fr\\\/a-propos\\\/remerciements\\\/#breadcrumb\",\"itemListElement\":[{\"@type\":\"ListItem\",\"position\":1,\"name\":\"Home\",\"item\":\"https:\\\/\\\/nisidotam.ca\\\/fr\\\/\"},{\"@type\":\"ListItem\",\"position\":2,\"name\":\"\u00c0 propos\",\"item\":\"https:\\\/\\\/nisidotam.ca\\\/fr\\\/a-propos\\\/\"},{\"@type\":\"ListItem\",\"position\":3,\"name\":\"Remerciements\"}]},{\"@type\":\"WebSite\",\"@id\":\"https:\\\/\\\/nisidotam.ca\\\/fr\\\/#website\",\"url\":\"https:\\\/\\\/nisidotam.ca\\\/fr\\\/\",\"name\":\"Nisidotam\",\"description\":\"Understanding Disability in the Nations\",\"potentialAction\":[{\"@type\":\"SearchAction\",\"target\":{\"@type\":\"EntryPoint\",\"urlTemplate\":\"https:\\\/\\\/nisidotam.ca\\\/fr\\\/?s={search_term_string}\"},\"query-input\":{\"@type\":\"PropertyValueSpecification\",\"valueRequired\":true,\"valueName\":\"search_term_string\"}}],\"inLanguage\":\"fr-FR\"}]}<\/script>\n<!-- \/ Yoast SEO plugin. -->","yoast_head_json":{"title":"Remerciements - Nisidotam","robots":{"index":"index","follow":"follow","max-snippet":"max-snippet:-1","max-image-preview":"max-image-preview:large","max-video-preview":"max-video-preview:-1"},"canonical":"https:\/\/nisidotam.ca\/fr\/a-propos\/remerciements\/","og_locale":"fr_FR","og_type":"article","og_title":"Remerciements - Nisidotam","og_description":"L'\u00e9quipe de la CDRHPNQ et du CRISPESH tient \u00e0 remercier chaleureusement tous ceux qui ont particip\u00e9 aux diff\u00e9rentes \u00e9tapes de la cr\u00e9ation du site Nisidotam. Nous vous sommes extr\u00eamement reconnaissants pour votre contribution pass\u00e9e et future. \u00a0 \u00a0","og_url":"https:\/\/nisidotam.ca\/fr\/a-propos\/remerciements\/","og_site_name":"Nisidotam","article_modified_time":"2021-04-19T19:43:04+00:00","og_image":[{"url":"https:\/\/nisidotam.ca\/wp-content\/uploads\/2021\/03\/Nisidotam_Logo_Couleur_CMJN_jpeg_Fondblanc-150x150.jpg","type":"","width":"","height":""}],"twitter_card":"summary_large_image","twitter_misc":{"Dur\u00e9e de lecture estim\u00e9e":"3 minutes"},"schema":{"@context":"https:\/\/schema.org","@graph":[{"@type":"WebPage","@id":"https:\/\/nisidotam.ca\/fr\/a-propos\/remerciements\/","url":"https:\/\/nisidotam.ca\/fr\/a-propos\/remerciements\/","name":"Remerciements - Nisidotam","isPartOf":{"@id":"https:\/\/nisidotam.ca\/fr\/#website"},"primaryImageOfPage":{"@id":"https:\/\/nisidotam.ca\/fr\/a-propos\/remerciements\/#primaryimage"},"image":{"@id":"https:\/\/nisidotam.ca\/fr\/a-propos\/remerciements\/#primaryimage"},"thumbnailUrl":"https:\/\/nisidotam.ca\/wp-content\/uploads\/2021\/03\/Nisidotam_Logo_Couleur_CMJN_jpeg_Fondblanc-150x150.jpg","datePublished":"2021-04-06T20:11:23+00:00","dateModified":"2021-04-19T19:43:04+00:00","breadcrumb":{"@id":"https:\/\/nisidotam.ca\/fr\/a-propos\/remerciements\/#breadcrumb"},"inLanguage":"fr-FR","potentialAction":[{"@type":"ReadAction","target":["https:\/\/nisidotam.ca\/fr\/a-propos\/remerciements\/"]}]},{"@type":"ImageObject","inLanguage":"fr-FR","@id":"https:\/\/nisidotam.ca\/fr\/a-propos\/remerciements\/#primaryimage","url":"https:\/\/nisidotam.ca\/wp-content\/uploads\/2021\/03\/Nisidotam_Logo_Couleur_CMJN_jpeg_Fondblanc-150x150.jpg","contentUrl":"https:\/\/nisidotam.ca\/wp-content\/uploads\/2021\/03\/Nisidotam_Logo_Couleur_CMJN_jpeg_Fondblanc-150x150.jpg"},{"@type":"BreadcrumbList","@id":"https:\/\/nisidotam.ca\/fr\/a-propos\/remerciements\/#breadcrumb","itemListElement":[{"@type":"ListItem","position":1,"name":"Home","item":"https:\/\/nisidotam.ca\/fr\/"},{"@type":"ListItem","position":2,"name":"\u00c0 propos","item":"https:\/\/nisidotam.ca\/fr\/a-propos\/"},{"@type":"ListItem","position":3,"name":"Remerciements"}]},{"@type":"WebSite","@id":"https:\/\/nisidotam.ca\/fr\/#website","url":"https:\/\/nisidotam.ca\/fr\/","name":"Nisidotam","description":"Understanding Disability in the Nations","potentialAction":[{"@type":"SearchAction","target":{"@type":"EntryPoint","urlTemplate":"https:\/\/nisidotam.ca\/fr\/?s={search_term_string}"},"query-input":{"@type":"PropertyValueSpecification","valueRequired":true,"valueName":"search_term_string"}}],"inLanguage":"fr-FR"}]}},"_links":{"self":[{"href":"https:\/\/nisidotam.ca\/fr\/wp-json\/wp\/v2\/pages\/3728","targetHints":{"allow":["GET"]}}],"collection":[{"href":"https:\/\/nisidotam.ca\/fr\/wp-json\/wp\/v2\/pages"}],"about":[{"href":"https:\/\/nisidotam.ca\/fr\/wp-json\/wp\/v2\/types\/page"}],"author":[{"embeddable":true,"href":"https:\/\/nisidotam.ca\/fr\/wp-json\/wp\/v2\/users\/3"}],"replies":[{"embeddable":true,"href":"https:\/\/nisidotam.ca\/fr\/wp-json\/wp\/v2\/comments?post=3728"}],"version-history":[{"count":8,"href":"https:\/\/nisidotam.ca\/fr\/wp-json\/wp\/v2\/pages\/3728\/revisions"}],"predecessor-version":[{"id":5233,"href":"https:\/\/nisidotam.ca\/fr\/wp-json\/wp\/v2\/pages\/3728\/revisions\/5233"}],"up":[{"embeddable":true,"href":"https:\/\/nisidotam.ca\/fr\/wp-json\/wp\/v2\/pages\/3722"}],"wp:attachment":[{"href":"https:\/\/nisidotam.ca\/fr\/wp-json\/wp\/v2\/media?parent=3728"}],"curies":[{"name":"wp","href":"https:\/\/api.w.org\/{rel}","templated":true}]}}