{"id":3718,"date":"2021-04-06T20:04:46","date_gmt":"2021-04-06T20:04:46","guid":{"rendered":"https:\/\/nisidotam.ca\/?page_id=3718"},"modified":"2021-04-19T09:26:57","modified_gmt":"2021-04-19T14:26:57","slug":"boite-a-outils","status":"publish","type":"page","link":"https:\/\/nisidotam.ca\/fr\/boite-a-outils\/","title":{"rendered":"Bo\u00eete \u00e0 outils"},"content":{"rendered":"<p>[et_pb_section fb_built=\u00a0\u00bb1&Prime; fullwidth=\u00a0\u00bbon\u00a0\u00bb _builder_version=\u00a0\u00bb4.7.7&Prime; _module_preset=\u00a0\u00bbdefault\u00a0\u00bb][et_pb_fullwidth_header title=\u00a0\u00bbBo\u00eete \u00e0 outils\u00a0\u00bb header_image_url=\u00a0\u00bbhttps:\/\/nisidotam.ca\/wp-content\/uploads\/2021\/03\/reed-3844613_1280.jpg\u00a0\u00bb _builder_version=\u00a0\u00bb4.9.3&Prime; _module_preset=\u00a0\u00bbdefault\u00a0\u00bb title_text_color=\u00a0\u00bbrgba(0,25,5,0.89)\u00a0\u00bb background_color=\u00a0\u00bbrgba(249,223,127,0.78)\u00a0\u00bb background_color_gradient_direction=\u00a0\u00bb154deg\u00a0\u00bb background_layout=\u00a0\u00bblight\u00a0\u00bb custom_padding=\u00a0\u00bb0px||0px||true|\u00a0\u00bb]<\/p>\n<p>Explorez notre collection de ressources sur une multitude de sujets traitant de la compr\u00e9hension holistique du handicap. Faites l&rsquo;essai d&rsquo;outils de formation sur le handicap con\u00e7us pour l&rsquo;apprentissage en ligne selon un rythme individuel. Consultez la carte des services inclusifs en mati\u00e8re d&#8217;emploi et de formation pour d\u00e9couvrir des ressources vous permettant de soutenir les clients en situation de handicap.<\/p>\n<p>[\/et_pb_fullwidth_header][et_pb_fullwidth_menu menu_id=\u00a0\u00bb41&Prime; menu_style=\u00a0\u00bbcentered\u00a0\u00bb fullwidth_menu=\u00a0\u00bbon\u00a0\u00bb active_link_color=\u00a0\u00bb#E02B20&Prime; _builder_version=\u00a0\u00bb4.9.4&Prime; _module_preset=\u00a0\u00bbdefault\u00a0\u00bb menu_text_color=\u00a0\u00bb#000000&Prime; menu_font_size=\u00a0\u00bb18px\u00a0\u00bb background_color=\u00a0\u00bbRGBA(249,223,127,0.78)\u00a0\u00bb custom_margin=\u00a0\u00bb|||0px|false|false\u00a0\u00bb custom_padding=\u00a0\u00bb|0px||0px|false|false\u00a0\u00bb][\/et_pb_fullwidth_menu][\/et_pb_section][et_pb_section fb_built=\u00a0\u00bb1&Prime; _builder_version=\u00a0\u00bb4.9.2&Prime; _module_preset=\u00a0\u00bbdefault\u00a0\u00bb custom_padding=\u00a0\u00bb||0px|||\u00a0\u00bb][et_pb_row _builder_version=\u00a0\u00bb4.9.2&Prime; _module_preset=\u00a0\u00bbdefault\u00a0\u00bb][et_pb_column type=\u00a0\u00bb4_4&Prime; _builder_version=\u00a0\u00bb4.7.7&Prime; _module_preset=\u00a0\u00bbdefault\u00a0\u00bb][et_pb_text _builder_version=\u00a0\u00bb4.9.3&Prime; _module_preset=\u00a0\u00bbdefault\u00a0\u00bb header_font_size=\u00a0\u00bb40px\u00a0\u00bb text_orientation=\u00a0\u00bbcenter\u00a0\u00bb min_height=\u00a0\u00bb72.3px\u00a0\u00bb custom_margin=\u00a0\u00bb||2px|||\u00a0\u00bb]<\/p>\n<h1>Quel outil cherchez-vous?<\/h1>\n<p>[\/et_pb_text][\/et_pb_column][\/et_pb_row][\/et_pb_section][et_pb_section fb_built=\u00a0\u00bb1&Prime; fullwidth=\u00a0\u00bbon\u00a0\u00bb _builder_version=\u00a0\u00bb4.9.2&Prime; _module_preset=\u00a0\u00bbdefault\u00a0\u00bb][et_pb_fullwidth_slider arrows_custom_color=\u00a0\u00bb#E02B20&Prime; dot_nav_custom_color=\u00a0\u00bb#E02B20&Prime; _builder_version=\u00a0\u00bb4.9.4&Prime; _module_preset=\u00a0\u00bbdefault\u00a0\u00bb header_text_color=\u00a0\u00bb#000000&Prime; body_text_color=\u00a0\u00bb#000000&Prime; background_color=\u00a0\u00bbrgba(249,223,127,0.78)\u00a0\u00bb custom_padding=\u00a0\u00bb34px|||||\u00a0\u00bb auto=\u00a0\u00bbon\u00a0\u00bb hover_enabled=\u00a0\u00bb0&Prime; sticky_enabled=\u00a0\u00bb0&Prime;][et_pb_slide heading=\u00a0\u00bbBiblioth\u00e8que de ressources\u00a0\u00bb button_text=\u00a0\u00bbAllez \u00e0 la biblioth\u00e8que\u00a0\u00bb button_link=\u00a0\u00bbhttps:\/\/nisidotam.ca\/fr\/bibliotheque-de-ressources\/\u00a0\u00bb image=\u00a0\u00bbhttps:\/\/nisidotam.ca\/wp-content\/uploads\/2021\/03\/knowledge-3968981_640.jpg\u00a0\u00bb _builder_version=\u00a0\u00bb4.9.4&Prime; _module_preset=\u00a0\u00bbdefault\u00a0\u00bb hover_enabled=\u00a0\u00bb0&Prime; border_width_all_image=\u00a0\u00bb4px\u00a0\u00bb sticky_transition=\u00a0\u00bbon\u00a0\u00bb sticky_enabled=\u00a0\u00bb0&Prime;]<\/p>\n<h1><span><img loading=\"lazy\" decoding=\"async\" src=\"https:\/\/nisidotam.ca\/wp-content\/uploads\/2021\/01\/Nisidotam_Logo_Couleur_RVB_png_ecran_transparent-150x150.png\" width=\"121\" height=\"121\" alt=\"\" class=\"wp-image-872 aligncenter size-thumbnail\" \/><\/span><span><\/span><\/h1>\n<p><span>Explorez <\/span>notre collection de ressources sur une vari\u00e9t\u00e9 de sujets li\u00e9s au handicap.<\/p>\n<p>[\/et_pb_slide][et_pb_slide heading=\u00a0\u00bbCarte interactive des services\u00a0\u00bb button_text=\u00a0\u00bbConsultez la carte\u00a0\u00bb button_link=\u00a0\u00bbhttps:\/\/nisidotam.ca\/fr\/bibliotheque-de-ressources\/carte-interactive-des-services\/\u00a0\u00bb image=\u00a0\u00bbhttps:\/\/nisidotam.ca\/wp-content\/uploads\/2021\/03\/web-3120321_640.png\u00a0\u00bb _builder_version=\u00a0\u00bb4.9.4&Prime; _module_preset=\u00a0\u00bbdefault\u00a0\u00bb hover_enabled=\u00a0\u00bb0&Prime; sticky_transition=\u00a0\u00bbon\u00a0\u00bb sticky_enabled=\u00a0\u00bb0&Prime;]<\/p>\n<p>Consultez la carte afin de d\u00e9couvrir des ressources vous permettant de soutenir les clients en situation de handicap.<\/p>\n<p>[\/et_pb_slide][et_pb_slide heading=\u00a0\u00bbFormation par simulation num\u00e9rique\u00a0\u00bb button_text=\u00a0\u00bbLancez l&rsquo;outil\u00a0\u00bb button_link=\u00a0\u00bbhttps:\/\/nisidotam.ca\/fr\/formation-par-simulation\/\u00a0\u00bb image=\u00a0\u00bbhttps:\/\/nisidotam.ca\/wp-content\/uploads\/2021\/03\/Landing-Page-Training-Tool.png\u00a0\u00bb _builder_version=\u00a0\u00bb4.9.4&Prime; _module_preset=\u00a0\u00bbdefault\u00a0\u00bb hover_enabled=\u00a0\u00bb0&Prime; border_width_all_image=\u00a0\u00bb4px\u00a0\u00bb border_color_all_image=\u00a0\u00bb#000000&Prime; sticky_transition=\u00a0\u00bbon\u00a0\u00bb sticky_enabled=\u00a0\u00bb0&Prime;]<\/p>\n<p><span>Plongez <\/span>dans des situations rencontr\u00e9es par les professionnels du soutien et les personnes en situation de handicap dans leur recherche d&#8217;emploi et de formation \u00e0 l\u2019aide de simulations interactives.<\/p>\n<p>[\/et_pb_slide][et_pb_slide heading=\u00a0\u00bbOutil d&rsquo;apprentissage virtuel de la vie \u00a0\u00bb button_text=\u00a0\u00bbLancez l&rsquo;outil\u00a0\u00bb button_link=\u00a0\u00bbhttps:\/\/nisidotam.ca\/fr\/outil-apprentissage-virtuel-de-la-vie\/\u00a0\u00bb image=\u00a0\u00bbhttps:\/\/nisidotam.ca\/wp-content\/uploads\/2021\/03\/Learning-Tool-Path-1.png\u00a0\u00bb _builder_version=\u00a0\u00bb4.9.4&Prime; _module_preset=\u00a0\u00bbdefault\u00a0\u00bb hover_enabled=\u00a0\u00bb0&Prime; border_width_all_image=\u00a0\u00bb5px\u00a0\u00bb border_color_all_image=\u00a0\u00bb#000000&Prime; sticky_transition=\u00a0\u00bbon\u00a0\u00bb sticky_enabled=\u00a0\u00bb0&Prime;]<\/p>\n<p>Soyez un acteur de sensibilisation et contribuez \u00e0 mieux faire comprendre l\u2019histoire et les exp\u00e9riences en mati\u00e8re de risque et de r\u00e9silience v\u00e9cues par les membres des communaut\u00e9s.<\/p>\n<p>[\/et_pb_slide][et_pb_slide heading=\u00a0\u00bbModule d&rsquo;apprentissage vid\u00e9o\u00a0\u00bb button_text=\u00a0\u00bbAllez \u00e0 la vid\u00e9o\u00a0\u00bb button_link=\u00a0\u00bbhttps:\/\/nisidotam.ca\/fr\/module-dapprentissage-video\/\u00a0\u00bb image=\u00a0\u00bbhttps:\/\/nisidotam.ca\/wp-content\/uploads\/2021\/03\/Whiteboard-animation-screenshot.png\u00a0\u00bb _builder_version=\u00a0\u00bb4.9.4&Prime; _module_preset=\u00a0\u00bbdefault\u00a0\u00bb hover_enabled=\u00a0\u00bb0&Prime; border_width_all_image=\u00a0\u00bb4px\u00a0\u00bb border_color_all_image=\u00a0\u00bb#000000&Prime; sticky_transition=\u00a0\u00bbon\u00a0\u00bb sticky_enabled=\u00a0\u00bb0&Prime;]<\/p>\n<p>D\u00e9couvrez un r\u00e9sum\u00e9 de tous les \u00e9l\u00e9ments cl\u00e9s d&rsquo;une d\u00e9finition int\u00e9gr\u00e9e du handicap, enrichis de savoirs traditionnels dans un contexte autochtone contemporain.<\/p>\n<p>[\/et_pb_slide][et_pb_slide heading=\u00a0\u00bbVoix des communaut\u00e9s\u00a0\u00bb button_text=\u00a0\u00bbAllez \u00e0 Voix\u00a0\u00bb button_link=\u00a0\u00bbhttps:\/\/nisidotam.ca\/fr\/bibliotheque-de-ressources\/voix-des-communautes\/\u00a0\u00bb image=\u00a0\u00bbhttps:\/\/nisidotam.ca\/wp-content\/uploads\/2021\/03\/Voices-from-Community-Together-1.png\u00a0\u00bb _builder_version=\u00a0\u00bb4.9.4&Prime; _module_preset=\u00a0\u00bbdefault\u00a0\u00bb hover_enabled=\u00a0\u00bb0&Prime; sticky_transition=\u00a0\u00bbon\u00a0\u00bb sticky_enabled=\u00a0\u00bb0&Prime;]<\/p>\n<p><span><img loading=\"lazy\" decoding=\"async\" src=\"https:\/\/nisidotam.ca\/wp-content\/uploads\/2021\/01\/Nisidotam_Logo_Couleur_RVB_png_ecran_transparent-150x150.png\" width=\"78\" height=\"79\" alt=\"\" class=\"wp-image-872 aligncenter size-thumbnail\" \/><\/span><\/p>\n<p>Regardez la vid\u00e9o de nos entretiens avec des personnes issues des communaut\u00e9s qui racontent leurs histoires.<\/p>\n<p>[\/et_pb_slide][\/et_pb_fullwidth_slider][\/et_pb_section]<\/p>\n","protected":false},"excerpt":{"rendered":"<p>Explorez notre collection de ressources sur une multitude de sujets traitant de la compr\u00e9hension holistique du handicap. Faites l&rsquo;essai d&rsquo;outils de formation sur le handicap con\u00e7us pour l&rsquo;apprentissage en ligne selon un rythme individuel. Consultez la carte des services inclusifs en mati\u00e8re d&#8217;emploi et de formation pour d\u00e9couvrir des ressources vous permettant de soutenir les [&hellip;]<\/p>\n","protected":false},"author":3,"featured_media":0,"parent":0,"menu_order":0,"comment_status":"closed","ping_status":"closed","template":"","meta":{"_acf_changed":false,"_et_pb_use_builder":"on","_et_pb_old_content":"","_et_gb_content_width":"","footnotes":""},"class_list":["post-3718","page","type-page","status-publish","hentry"],"acf":[],"yoast_head":"<!-- This site is optimized with the Yoast SEO plugin v27.4 - https:\/\/yoast.com\/product\/yoast-seo-wordpress\/ -->\n<title>Bo\u00eete \u00e0 outils - Nisidotam<\/title>\n<meta name=\"robots\" content=\"index, follow, max-snippet:-1, max-image-preview:large, max-video-preview:-1\" \/>\n<link rel=\"canonical\" href=\"https:\/\/nisidotam.ca\/fr\/boite-a-outils\/\" \/>\n<meta property=\"og:locale\" content=\"fr_FR\" \/>\n<meta property=\"og:type\" content=\"article\" \/>\n<meta property=\"og:title\" content=\"Bo\u00eete \u00e0 outils - Nisidotam\" \/>\n<meta property=\"og:description\" content=\"Explorez notre collection de ressources sur une multitude de sujets traitant de la compr\u00e9hension holistique du handicap. Faites l&#039;essai d&#039;outils de formation sur le handicap con\u00e7us pour l&#039;apprentissage en ligne selon un rythme individuel. Consultez la carte des services inclusifs en mati\u00e8re d&#039;emploi et de formation pour d\u00e9couvrir des ressources vous permettant de soutenir les [&hellip;]\" \/>\n<meta property=\"og:url\" content=\"https:\/\/nisidotam.ca\/fr\/boite-a-outils\/\" \/>\n<meta property=\"og:site_name\" content=\"Nisidotam\" \/>\n<meta property=\"article:modified_time\" content=\"2021-04-19T14:26:57+00:00\" \/>\n<meta property=\"og:image\" content=\"https:\/\/nisidotam.ca\/wp-content\/uploads\/2021\/01\/Nisidotam_Logo_Couleur_RVB_png_ecran_transparent-150x150.png\" \/>\n<meta name=\"twitter:card\" content=\"summary_large_image\" \/>\n<meta name=\"twitter:label1\" content=\"Dur\u00e9e de lecture estim\u00e9e\" \/>\n\t<meta name=\"twitter:data1\" content=\"4 minutes\" \/>\n<script type=\"application\/ld+json\" class=\"yoast-schema-graph\">{\"@context\":\"https:\\\/\\\/schema.org\",\"@graph\":[{\"@type\":\"WebPage\",\"@id\":\"https:\\\/\\\/nisidotam.ca\\\/fr\\\/boite-a-outils\\\/\",\"url\":\"https:\\\/\\\/nisidotam.ca\\\/fr\\\/boite-a-outils\\\/\",\"name\":\"Bo\u00eete \u00e0 outils - Nisidotam\",\"isPartOf\":{\"@id\":\"https:\\\/\\\/nisidotam.ca\\\/fr\\\/#website\"},\"primaryImageOfPage\":{\"@id\":\"https:\\\/\\\/nisidotam.ca\\\/fr\\\/boite-a-outils\\\/#primaryimage\"},\"image\":{\"@id\":\"https:\\\/\\\/nisidotam.ca\\\/fr\\\/boite-a-outils\\\/#primaryimage\"},\"thumbnailUrl\":\"https:\\\/\\\/nisidotam.ca\\\/wp-content\\\/uploads\\\/2021\\\/01\\\/Nisidotam_Logo_Couleur_RVB_png_ecran_transparent-150x150.png\",\"datePublished\":\"2021-04-06T20:04:46+00:00\",\"dateModified\":\"2021-04-19T14:26:57+00:00\",\"breadcrumb\":{\"@id\":\"https:\\\/\\\/nisidotam.ca\\\/fr\\\/boite-a-outils\\\/#breadcrumb\"},\"inLanguage\":\"fr-FR\",\"potentialAction\":[{\"@type\":\"ReadAction\",\"target\":[\"https:\\\/\\\/nisidotam.ca\\\/fr\\\/boite-a-outils\\\/\"]}]},{\"@type\":\"ImageObject\",\"inLanguage\":\"fr-FR\",\"@id\":\"https:\\\/\\\/nisidotam.ca\\\/fr\\\/boite-a-outils\\\/#primaryimage\",\"url\":\"https:\\\/\\\/nisidotam.ca\\\/wp-content\\\/uploads\\\/2021\\\/01\\\/Nisidotam_Logo_Couleur_RVB_png_ecran_transparent-150x150.png\",\"contentUrl\":\"https:\\\/\\\/nisidotam.ca\\\/wp-content\\\/uploads\\\/2021\\\/01\\\/Nisidotam_Logo_Couleur_RVB_png_ecran_transparent-150x150.png\"},{\"@type\":\"BreadcrumbList\",\"@id\":\"https:\\\/\\\/nisidotam.ca\\\/fr\\\/boite-a-outils\\\/#breadcrumb\",\"itemListElement\":[{\"@type\":\"ListItem\",\"position\":1,\"name\":\"Home\",\"item\":\"https:\\\/\\\/nisidotam.ca\\\/fr\\\/\"},{\"@type\":\"ListItem\",\"position\":2,\"name\":\"Bo\u00eete \u00e0 outils\"}]},{\"@type\":\"WebSite\",\"@id\":\"https:\\\/\\\/nisidotam.ca\\\/fr\\\/#website\",\"url\":\"https:\\\/\\\/nisidotam.ca\\\/fr\\\/\",\"name\":\"Nisidotam\",\"description\":\"Understanding Disability in the Nations\",\"potentialAction\":[{\"@type\":\"SearchAction\",\"target\":{\"@type\":\"EntryPoint\",\"urlTemplate\":\"https:\\\/\\\/nisidotam.ca\\\/fr\\\/?s={search_term_string}\"},\"query-input\":{\"@type\":\"PropertyValueSpecification\",\"valueRequired\":true,\"valueName\":\"search_term_string\"}}],\"inLanguage\":\"fr-FR\"}]}<\/script>\n<!-- \/ Yoast SEO plugin. -->","yoast_head_json":{"title":"Bo\u00eete \u00e0 outils - Nisidotam","robots":{"index":"index","follow":"follow","max-snippet":"max-snippet:-1","max-image-preview":"max-image-preview:large","max-video-preview":"max-video-preview:-1"},"canonical":"https:\/\/nisidotam.ca\/fr\/boite-a-outils\/","og_locale":"fr_FR","og_type":"article","og_title":"Bo\u00eete \u00e0 outils - Nisidotam","og_description":"Explorez notre collection de ressources sur une multitude de sujets traitant de la compr\u00e9hension holistique du handicap. Faites l'essai d'outils de formation sur le handicap con\u00e7us pour l'apprentissage en ligne selon un rythme individuel. Consultez la carte des services inclusifs en mati\u00e8re d'emploi et de formation pour d\u00e9couvrir des ressources vous permettant de soutenir les [&hellip;]","og_url":"https:\/\/nisidotam.ca\/fr\/boite-a-outils\/","og_site_name":"Nisidotam","article_modified_time":"2021-04-19T14:26:57+00:00","og_image":[{"url":"https:\/\/nisidotam.ca\/wp-content\/uploads\/2021\/01\/Nisidotam_Logo_Couleur_RVB_png_ecran_transparent-150x150.png","type":"","width":"","height":""}],"twitter_card":"summary_large_image","twitter_misc":{"Dur\u00e9e de lecture estim\u00e9e":"4 minutes"},"schema":{"@context":"https:\/\/schema.org","@graph":[{"@type":"WebPage","@id":"https:\/\/nisidotam.ca\/fr\/boite-a-outils\/","url":"https:\/\/nisidotam.ca\/fr\/boite-a-outils\/","name":"Bo\u00eete \u00e0 outils - Nisidotam","isPartOf":{"@id":"https:\/\/nisidotam.ca\/fr\/#website"},"primaryImageOfPage":{"@id":"https:\/\/nisidotam.ca\/fr\/boite-a-outils\/#primaryimage"},"image":{"@id":"https:\/\/nisidotam.ca\/fr\/boite-a-outils\/#primaryimage"},"thumbnailUrl":"https:\/\/nisidotam.ca\/wp-content\/uploads\/2021\/01\/Nisidotam_Logo_Couleur_RVB_png_ecran_transparent-150x150.png","datePublished":"2021-04-06T20:04:46+00:00","dateModified":"2021-04-19T14:26:57+00:00","breadcrumb":{"@id":"https:\/\/nisidotam.ca\/fr\/boite-a-outils\/#breadcrumb"},"inLanguage":"fr-FR","potentialAction":[{"@type":"ReadAction","target":["https:\/\/nisidotam.ca\/fr\/boite-a-outils\/"]}]},{"@type":"ImageObject","inLanguage":"fr-FR","@id":"https:\/\/nisidotam.ca\/fr\/boite-a-outils\/#primaryimage","url":"https:\/\/nisidotam.ca\/wp-content\/uploads\/2021\/01\/Nisidotam_Logo_Couleur_RVB_png_ecran_transparent-150x150.png","contentUrl":"https:\/\/nisidotam.ca\/wp-content\/uploads\/2021\/01\/Nisidotam_Logo_Couleur_RVB_png_ecran_transparent-150x150.png"},{"@type":"BreadcrumbList","@id":"https:\/\/nisidotam.ca\/fr\/boite-a-outils\/#breadcrumb","itemListElement":[{"@type":"ListItem","position":1,"name":"Home","item":"https:\/\/nisidotam.ca\/fr\/"},{"@type":"ListItem","position":2,"name":"Bo\u00eete \u00e0 outils"}]},{"@type":"WebSite","@id":"https:\/\/nisidotam.ca\/fr\/#website","url":"https:\/\/nisidotam.ca\/fr\/","name":"Nisidotam","description":"Understanding Disability in the Nations","potentialAction":[{"@type":"SearchAction","target":{"@type":"EntryPoint","urlTemplate":"https:\/\/nisidotam.ca\/fr\/?s={search_term_string}"},"query-input":{"@type":"PropertyValueSpecification","valueRequired":true,"valueName":"search_term_string"}}],"inLanguage":"fr-FR"}]}},"_links":{"self":[{"href":"https:\/\/nisidotam.ca\/fr\/wp-json\/wp\/v2\/pages\/3718","targetHints":{"allow":["GET"]}}],"collection":[{"href":"https:\/\/nisidotam.ca\/fr\/wp-json\/wp\/v2\/pages"}],"about":[{"href":"https:\/\/nisidotam.ca\/fr\/wp-json\/wp\/v2\/types\/page"}],"author":[{"embeddable":true,"href":"https:\/\/nisidotam.ca\/fr\/wp-json\/wp\/v2\/users\/3"}],"replies":[{"embeddable":true,"href":"https:\/\/nisidotam.ca\/fr\/wp-json\/wp\/v2\/comments?post=3718"}],"version-history":[{"count":5,"href":"https:\/\/nisidotam.ca\/fr\/wp-json\/wp\/v2\/pages\/3718\/revisions"}],"predecessor-version":[{"id":5206,"href":"https:\/\/nisidotam.ca\/fr\/wp-json\/wp\/v2\/pages\/3718\/revisions\/5206"}],"wp:attachment":[{"href":"https:\/\/nisidotam.ca\/fr\/wp-json\/wp\/v2\/media?parent=3718"}],"curies":[{"name":"wp","href":"https:\/\/api.w.org\/{rel}","templated":true}]}}