{"id":3659,"date":"2021-04-06T07:54:57","date_gmt":"2021-04-06T07:54:57","guid":{"rendered":"https:\/\/nisidotam.ca\/?page_id=3659"},"modified":"2021-05-10T11:56:44","modified_gmt":"2021-05-10T16:56:44","slug":"traumatisme-et-stress-toxique","status":"publish","type":"page","link":"https:\/\/nisidotam.ca\/fr\/apprendre-des-autres\/traumatisme-et-stress-toxique\/","title":{"rendered":"Traumatisme et stress toxique"},"content":{"rendered":"<p>[et_pb_section fb_built=\u00a0\u00bb1&Prime; fullwidth=\u00a0\u00bbon\u00a0\u00bb _builder_version=\u00a0\u00bb4.7.7&Prime; _module_preset=\u00a0\u00bbdefault\u00a0\u00bb][et_pb_fullwidth_header header_image_url=\u00a0\u00bbhttps:\/\/nisidotam.ca\/wp-content\/uploads\/2021\/02\/pine-3555300_1920-1.jpg\u00a0\u00bb _builder_version=\u00a0\u00bb4.9.3&Prime; _module_preset=\u00a0\u00bbdefault\u00a0\u00bb background_color=\u00a0\u00bbrgba(0,25,5,0.89)\u00a0\u00bb background_color_gradient_direction=\u00a0\u00bb154deg\u00a0\u00bb custom_padding=\u00a0\u00bb0px||0px||true|\u00a0\u00bb]<\/p>\n<h1 class=\"et_pb_module_header\">Traumatisme et stress toxique<\/h1>\n<div class=\"et_pb_header_content_wrapper\">\n<p><span>L&rsquo;exposition <\/span>\u00e0 des \u00e9v\u00e9nements traumatiques ou \u00e0 des niveaux \u00e9lev\u00e9s et constants de stress peut avoir des effets \u00e0 long terme et durables sur la sant\u00e9 physique, mentale et \u00e9motionnelle ainsi que sur le bien-\u00eatre. Lisez ce qui suit pour comprendre comment les traumatismes et le stress toxique peuvent affecter de nombreux aspects de la vie d&rsquo;une personne.<\/p>\n<\/div>\n<div class=\"et_pb_header_content_wrapper\"><\/div>\n<p>[\/et_pb_fullwidth_header][et_pb_fullwidth_menu menu_id=\u00a0\u00bb37&Prime; menu_style=\u00a0\u00bbcentered\u00a0\u00bb fullwidth_menu=\u00a0\u00bbon\u00a0\u00bb active_link_color=\u00a0\u00bb#edf000&Prime; _builder_version=\u00a0\u00bb4.9.2&Prime; _module_preset=\u00a0\u00bbdefault\u00a0\u00bb menu_font=\u00a0\u00bb||||||||\u00a0\u00bb menu_text_color=\u00a0\u00bb#ffffff\u00a0\u00bb menu_font_size=\u00a0\u00bb20px\u00a0\u00bb background_color=\u00a0\u00bbrgba(0,25,5,0.89)\u00a0\u00bb locked=\u00a0\u00bboff\u00a0\u00bb][\/et_pb_fullwidth_menu][\/et_pb_section][et_pb_section fb_built=\u00a0\u00bb1&Prime; _builder_version=\u00a0\u00bb4.9.2&Prime; _module_preset=\u00a0\u00bbdefault\u00a0\u00bb][et_pb_row _builder_version=\u00a0\u00bb4.9.2&Prime; _module_preset=\u00a0\u00bbdefault\u00a0\u00bb][et_pb_column type=\u00a0\u00bb4_4&Prime; _builder_version=\u00a0\u00bb4.9.2&Prime; _module_preset=\u00a0\u00bbdefault\u00a0\u00bb][et_pb_text module_id=\u00a0\u00bbrisk-and-resilience\u00a0\u00bb _builder_version=\u00a0\u00bb4.9.4&Prime; _module_preset=\u00a0\u00bbdefault\u00a0\u00bb background_color=\u00a0\u00bbrgba(0,25,5,0.89)\u00a0\u00bb background_layout=\u00a0\u00bbdark\u00a0\u00bb min_height=\u00a0\u00bb67.3px\u00a0\u00bb custom_padding=\u00a0\u00bb15px||5px|10px|false|false\u00a0\u00bb]<\/p>\n<h1>Des impacts tout au long de la vie<\/h1>\n<p>[\/et_pb_text][et_pb_text _builder_version=\u00a0\u00bb4.9.4&Prime; _module_preset=\u00a0\u00bbdefault\u00a0\u00bb]<\/p>\n<p><span>Dans le pass\u00e9, survivre \u00e0 un \u00e9v\u00e9nement traumatique \u00e9tait souvent consid\u00e9r\u00e9 comme la fin r\u00e9ussie de cette exp\u00e9rience. Aujourd&rsquo;hui, nous commen\u00e7ons \u00e0 comprendre que l&rsquo;exp\u00e9rience d&rsquo;un \u00e9v\u00e9nement traumatique peut entra\u00eener des changements durables r\u00e9sultant du v\u00e9cu du traumatisme.<\/span><\/p>\n<p>[\/et_pb_text][\/et_pb_column][\/et_pb_row][\/et_pb_section][et_pb_section fb_built=\u00a0\u00bb1&Prime; _builder_version=\u00a0\u00bb4.9.2&Prime; _module_preset=\u00a0\u00bbdefault\u00a0\u00bb custom_margin=\u00a0\u00bb||-100px||false|false\u00a0\u00bb][et_pb_row _builder_version=\u00a0\u00bb4.9.2&Prime; _module_preset=\u00a0\u00bbdefault\u00a0\u00bb][et_pb_column type=\u00a0\u00bb4_4&Prime; _builder_version=\u00a0\u00bb4.9.2&Prime; _module_preset=\u00a0\u00bbdefault\u00a0\u00bb][et_pb_text module_id=\u00a0\u00bbrisk-and-resilience\u00a0\u00bb _builder_version=\u00a0\u00bb4.9.4&Prime; _module_preset=\u00a0\u00bbdefault\u00a0\u00bb background_color=\u00a0\u00bbrgba(0,25,5,0.89)\u00a0\u00bb background_layout=\u00a0\u00bbdark\u00a0\u00bb min_height=\u00a0\u00bb67.3px\u00a0\u00bb custom_padding=\u00a0\u00bb15px||5px|10px|false|false\u00a0\u00bb]<\/p>\n<h1>Le pass\u00e9 affecte le pr\u00e9sent et l&rsquo;avenir<\/h1>\n<p>[\/et_pb_text][\/et_pb_column][\/et_pb_row][et_pb_row _builder_version=\u00a0\u00bb4.9.2&Prime; _module_preset=\u00a0\u00bbdefault\u00a0\u00bb][et_pb_column type=\u00a0\u00bb4_4&Prime; _builder_version=\u00a0\u00bb4.9.2&Prime; _module_preset=\u00a0\u00bbdefault\u00a0\u00bb][et_pb_divider show_divider=\u00a0\u00bboff\u00a0\u00bb _builder_version=\u00a0\u00bb4.9.2&Prime; _module_preset=\u00a0\u00bbdefault\u00a0\u00bb][\/et_pb_divider][\/et_pb_column][\/et_pb_row][et_pb_row column_structure=\u00a0\u00bb1_2,1_2&Prime; _builder_version=\u00a0\u00bb4.9.2&Prime; _module_preset=\u00a0\u00bbdefault\u00a0\u00bb][et_pb_column type=\u00a0\u00bb1_2&Prime; _builder_version=\u00a0\u00bb4.9.2&Prime; _module_preset=\u00a0\u00bbdefault\u00a0\u00bb][et_pb_image src=\u00a0\u00bbhttps:\/\/nisidotam.ca\/wp-content\/uploads\/2021\/03\/tree-4989058_1920.jpg\u00a0\u00bb title_text=\u00a0\u00bbun arbre ayant pouss\u00e9 autour d&rsquo;une cl\u00f4ture m\u00e9tallique\u00a0\u00bb _builder_version=\u00a0\u00bb4.9.4&Prime; _module_preset=\u00a0\u00bbdefault\u00a0\u00bb hover_enabled=\u00a0\u00bb0&Prime; alt=\u00a0\u00bbun arbre a pouss\u00e9 autour d&rsquo;une cl\u00f4ture m\u00e9tallique\u00a0\u00bb sticky_enabled=\u00a0\u00bb0&Prime;][\/et_pb_image][\/et_pb_column][et_pb_column type=\u00a0\u00bb1_2&Prime; _builder_version=\u00a0\u00bb4.9.2&Prime; _module_preset=\u00a0\u00bbdefault\u00a0\u00bb][et_pb_text _builder_version=\u00a0\u00bb4.9.4&Prime; _module_preset=\u00a0\u00bbdefault\u00a0\u00bb min_height=\u00a0\u00bb375px\u00a0\u00bb custom_margin=\u00a0\u00bb||0px|||\u00a0\u00bb]<\/p>\n<p>Les \u00e9v\u00e9nements traumatiques et les r\u00e9actions aux traumatismes \u00e0 court et \u00e0 long terme qui en r\u00e9sultent peuvent survenir \u00e0 tout moment de la vie d&rsquo;une personne. Les traumatismes affectant les enfants pendant le d\u00e9veloppement de leur cerveau ont des effets majeurs sur leur sant\u00e9 mentale et physique \u00e0 l&rsquo;\u00e2ge adulte et sur la trajectoire de leur vie. Les traumatismes r\u00e9currents amplifient \u00e9galement les effets sur le cerveau ou sur la sant\u00e9 physique; c&rsquo;est ce qu&rsquo;on appelle les traumatismes complexes.<\/p>\n<p>Il n&rsquo;existe pas de r\u00e8gles \u00e9tablissant les r\u00e9percussions d&rsquo;un traumatisme sur une personne. Chaque cas est unique et d\u00e9pend de nombreuses variables. <span>Cliquez ci-dessous pour continuer \u00e0 apprendre les effets significatifs et les cons\u00e9quences \u00e0 long terme des traumatismes et du stress toxique.<\/span><\/p>\n<p>[\/et_pb_text][et_pb_button button_url=\u00a0\u00bbhttps:\/\/nisidotam.ca\/fr\/apprendre-des-autres\/traumatisme-et-stress-toxique\/traumatisme-et-stress-toxique-fiche-info\/\u00a0\u00bb button_text=\u00a0\u00bbPoursuivez votre lecture\u00a0\u00bb _builder_version=\u00a0\u00bb4.9.4&Prime; _module_preset=\u00a0\u00bbdefault\u00a0\u00bb custom_margin=\u00a0\u00bb|||20px|false|false\u00a0\u00bb custom_padding=\u00a0\u00bb||||false|false\u00a0\u00bb locked=\u00a0\u00bboff\u00a0\u00bb][\/et_pb_button][\/et_pb_column][\/et_pb_row][et_pb_row _builder_version=\u00a0\u00bb4.9.2&Prime; _module_preset=\u00a0\u00bbdefault\u00a0\u00bb][et_pb_column type=\u00a0\u00bb4_4&Prime; _builder_version=\u00a0\u00bb4.9.2&Prime; _module_preset=\u00a0\u00bbdefault\u00a0\u00bb][et_pb_divider show_divider=\u00a0\u00bboff\u00a0\u00bb _builder_version=\u00a0\u00bb4.9.2&Prime; _module_preset=\u00a0\u00bbdefault\u00a0\u00bb][\/et_pb_divider][\/et_pb_column][\/et_pb_row][\/et_pb_section][et_pb_section fb_built=\u00a0\u00bb1&Prime; _builder_version=\u00a0\u00bb4.7.7&Prime; _module_preset=\u00a0\u00bbdefault\u00a0\u00bb locked=\u00a0\u00bboff\u00a0\u00bb][et_pb_row _builder_version=\u00a0\u00bb4.9.2&Prime; _module_preset=\u00a0\u00bbdefault\u00a0\u00bb][et_pb_column type=\u00a0\u00bb4_4&Prime; _builder_version=\u00a0\u00bb4.9.2&Prime; _module_preset=\u00a0\u00bbdefault\u00a0\u00bb][et_pb_text module_id=\u00a0\u00bbrisk-and-resilience\u00a0\u00bb _builder_version=\u00a0\u00bb4.9.4&Prime; _module_preset=\u00a0\u00bbdefault\u00a0\u00bb background_color=\u00a0\u00bbrgba(0,25,5,0.89)\u00a0\u00bb background_layout=\u00a0\u00bbdark\u00a0\u00bb min_height=\u00a0\u00bb67.3px\u00a0\u00bb custom_padding=\u00a0\u00bb15px||5px|10px|false|false\u00a0\u00bb]<\/p>\n<h2>Relier les\u00a0points entre les traumatismes et la sant\u00e9 mentale, trouver la pierre d&rsquo;assise de la r\u00e9silience<\/h2>\n<p>[\/et_pb_text][\/et_pb_column][\/et_pb_row][et_pb_row _builder_version=\u00a0\u00bb4.9.2&Prime; _module_preset=\u00a0\u00bbdefault\u00a0\u00bb][et_pb_column type=\u00a0\u00bb4_4&Prime; _builder_version=\u00a0\u00bb4.9.2&Prime; _module_preset=\u00a0\u00bbdefault\u00a0\u00bb][et_pb_divider show_divider=\u00a0\u00bboff\u00a0\u00bb _builder_version=\u00a0\u00bb4.9.2&Prime; _module_preset=\u00a0\u00bbdefault\u00a0\u00bb][\/et_pb_divider][\/et_pb_column][\/et_pb_row][et_pb_row column_structure=\u00a0\u00bb1_2,1_2&Prime; _builder_version=\u00a0\u00bb4.9.2&Prime; _module_preset=\u00a0\u00bbdefault\u00a0\u00bb][et_pb_column type=\u00a0\u00bb1_2&Prime; _builder_version=\u00a0\u00bb4.9.2&Prime; _module_preset=\u00a0\u00bbdefault\u00a0\u00bb][et_pb_text _builder_version=\u00a0\u00bb4.9.4&Prime; _module_preset=\u00a0\u00bbdefault\u00a0\u00bb]<\/p>\n<p>Amanda Shawayahamish\u00a0est Anishinabe. Elle est actuellement \u00e9tudiante en derni\u00e8re ann\u00e9e pour l&rsquo;obtention d&rsquo;un dipl\u00f4me de premier cycle en \u00c9tudes des peuples autochtones \u00e0 l&rsquo;Universit\u00e9 Concordia. Le p\u00e8re et les grands-parents d&rsquo;Amanda sont des survivants des pensionnats. Dans la pr\u00e9sente vid\u00e9o, Amanda parle de son parcours de lutte et de r\u00e9silience.<\/p>\n<p>[\/et_pb_text][\/et_pb_column][et_pb_column type=\u00a0\u00bb1_2&Prime; _builder_version=\u00a0\u00bb4.9.2&Prime; _module_preset=\u00a0\u00bbdefault\u00a0\u00bb][et_pb_video src=\u00a0\u00bbhttps:\/\/youtu.be\/UUCkFltkr90&Prime; _builder_version=\u00a0\u00bb4.9.4&Prime; _module_preset=\u00a0\u00bbdefault\u00a0\u00bb locked=\u00a0\u00bboff\u00a0\u00bb][\/et_pb_video][\/et_pb_column][\/et_pb_row][\/et_pb_section]<\/p>\n","protected":false},"excerpt":{"rendered":"<p>Traumatisme et stress toxique L&rsquo;exposition \u00e0 des \u00e9v\u00e9nements traumatiques ou \u00e0 des niveaux \u00e9lev\u00e9s et constants de stress peut avoir des effets \u00e0 long terme et durables sur la sant\u00e9 physique, mentale et \u00e9motionnelle ainsi que sur le bien-\u00eatre. Lisez ce qui suit pour comprendre comment les traumatismes et le stress toxique peuvent affecter de [&hellip;]<\/p>\n","protected":false},"author":3,"featured_media":0,"parent":3156,"menu_order":0,"comment_status":"closed","ping_status":"closed","template":"","meta":{"_acf_changed":false,"_et_pb_use_builder":"on","_et_pb_old_content":"","_et_gb_content_width":"","footnotes":""},"class_list":["post-3659","page","type-page","status-publish","hentry"],"acf":[],"yoast_head":"<!-- This site is optimized with the Yoast SEO plugin v27.4 - https:\/\/yoast.com\/product\/yoast-seo-wordpress\/ -->\n<title>Traumatisme et stress toxique - Nisidotam<\/title>\n<meta name=\"robots\" content=\"index, follow, max-snippet:-1, max-image-preview:large, max-video-preview:-1\" \/>\n<link rel=\"canonical\" href=\"https:\/\/nisidotam.ca\/fr\/apprendre-des-autres\/traumatisme-et-stress-toxique\/\" \/>\n<meta property=\"og:locale\" content=\"fr_FR\" \/>\n<meta property=\"og:type\" content=\"article\" \/>\n<meta property=\"og:title\" content=\"Traumatisme et stress toxique - Nisidotam\" \/>\n<meta property=\"og:description\" content=\"Traumatisme et stress toxique L&#039;exposition \u00e0 des \u00e9v\u00e9nements traumatiques ou \u00e0 des niveaux \u00e9lev\u00e9s et constants de stress peut avoir des effets \u00e0 long terme et durables sur la sant\u00e9 physique, mentale et \u00e9motionnelle ainsi que sur le bien-\u00eatre. Lisez ce qui suit pour comprendre comment les traumatismes et le stress toxique peuvent affecter de [&hellip;]\" \/>\n<meta property=\"og:url\" content=\"https:\/\/nisidotam.ca\/fr\/apprendre-des-autres\/traumatisme-et-stress-toxique\/\" \/>\n<meta property=\"og:site_name\" content=\"Nisidotam\" \/>\n<meta property=\"article:modified_time\" content=\"2021-05-10T16:56:44+00:00\" \/>\n<meta name=\"twitter:card\" content=\"summary_large_image\" \/>\n<meta name=\"twitter:label1\" content=\"Dur\u00e9e de lecture estim\u00e9e\" \/>\n\t<meta name=\"twitter:data1\" content=\"5 minutes\" \/>\n<script type=\"application\/ld+json\" class=\"yoast-schema-graph\">{\"@context\":\"https:\\\/\\\/schema.org\",\"@graph\":[{\"@type\":\"WebPage\",\"@id\":\"https:\\\/\\\/nisidotam.ca\\\/fr\\\/apprendre-des-autres\\\/traumatisme-et-stress-toxique\\\/\",\"url\":\"https:\\\/\\\/nisidotam.ca\\\/fr\\\/apprendre-des-autres\\\/traumatisme-et-stress-toxique\\\/\",\"name\":\"Traumatisme et stress toxique - Nisidotam\",\"isPartOf\":{\"@id\":\"https:\\\/\\\/nisidotam.ca\\\/fr\\\/#website\"},\"datePublished\":\"2021-04-06T07:54:57+00:00\",\"dateModified\":\"2021-05-10T16:56:44+00:00\",\"breadcrumb\":{\"@id\":\"https:\\\/\\\/nisidotam.ca\\\/fr\\\/apprendre-des-autres\\\/traumatisme-et-stress-toxique\\\/#breadcrumb\"},\"inLanguage\":\"fr-FR\",\"potentialAction\":[{\"@type\":\"ReadAction\",\"target\":[\"https:\\\/\\\/nisidotam.ca\\\/fr\\\/apprendre-des-autres\\\/traumatisme-et-stress-toxique\\\/\"]}]},{\"@type\":\"BreadcrumbList\",\"@id\":\"https:\\\/\\\/nisidotam.ca\\\/fr\\\/apprendre-des-autres\\\/traumatisme-et-stress-toxique\\\/#breadcrumb\",\"itemListElement\":[{\"@type\":\"ListItem\",\"position\":1,\"name\":\"Home\",\"item\":\"https:\\\/\\\/nisidotam.ca\\\/fr\\\/\"},{\"@type\":\"ListItem\",\"position\":2,\"name\":\"Apprendre des autres\",\"item\":\"https:\\\/\\\/nisidotam.ca\\\/fr\\\/apprendre-des-autres\\\/\"},{\"@type\":\"ListItem\",\"position\":3,\"name\":\"Traumatisme et stress toxique\"}]},{\"@type\":\"WebSite\",\"@id\":\"https:\\\/\\\/nisidotam.ca\\\/fr\\\/#website\",\"url\":\"https:\\\/\\\/nisidotam.ca\\\/fr\\\/\",\"name\":\"Nisidotam\",\"description\":\"Understanding Disability in the Nations\",\"potentialAction\":[{\"@type\":\"SearchAction\",\"target\":{\"@type\":\"EntryPoint\",\"urlTemplate\":\"https:\\\/\\\/nisidotam.ca\\\/fr\\\/?s={search_term_string}\"},\"query-input\":{\"@type\":\"PropertyValueSpecification\",\"valueRequired\":true,\"valueName\":\"search_term_string\"}}],\"inLanguage\":\"fr-FR\"}]}<\/script>\n<!-- \/ Yoast SEO plugin. -->","yoast_head_json":{"title":"Traumatisme et stress toxique - Nisidotam","robots":{"index":"index","follow":"follow","max-snippet":"max-snippet:-1","max-image-preview":"max-image-preview:large","max-video-preview":"max-video-preview:-1"},"canonical":"https:\/\/nisidotam.ca\/fr\/apprendre-des-autres\/traumatisme-et-stress-toxique\/","og_locale":"fr_FR","og_type":"article","og_title":"Traumatisme et stress toxique - Nisidotam","og_description":"Traumatisme et stress toxique L'exposition \u00e0 des \u00e9v\u00e9nements traumatiques ou \u00e0 des niveaux \u00e9lev\u00e9s et constants de stress peut avoir des effets \u00e0 long terme et durables sur la sant\u00e9 physique, mentale et \u00e9motionnelle ainsi que sur le bien-\u00eatre. Lisez ce qui suit pour comprendre comment les traumatismes et le stress toxique peuvent affecter de [&hellip;]","og_url":"https:\/\/nisidotam.ca\/fr\/apprendre-des-autres\/traumatisme-et-stress-toxique\/","og_site_name":"Nisidotam","article_modified_time":"2021-05-10T16:56:44+00:00","twitter_card":"summary_large_image","twitter_misc":{"Dur\u00e9e de lecture estim\u00e9e":"5 minutes"},"schema":{"@context":"https:\/\/schema.org","@graph":[{"@type":"WebPage","@id":"https:\/\/nisidotam.ca\/fr\/apprendre-des-autres\/traumatisme-et-stress-toxique\/","url":"https:\/\/nisidotam.ca\/fr\/apprendre-des-autres\/traumatisme-et-stress-toxique\/","name":"Traumatisme et stress toxique - Nisidotam","isPartOf":{"@id":"https:\/\/nisidotam.ca\/fr\/#website"},"datePublished":"2021-04-06T07:54:57+00:00","dateModified":"2021-05-10T16:56:44+00:00","breadcrumb":{"@id":"https:\/\/nisidotam.ca\/fr\/apprendre-des-autres\/traumatisme-et-stress-toxique\/#breadcrumb"},"inLanguage":"fr-FR","potentialAction":[{"@type":"ReadAction","target":["https:\/\/nisidotam.ca\/fr\/apprendre-des-autres\/traumatisme-et-stress-toxique\/"]}]},{"@type":"BreadcrumbList","@id":"https:\/\/nisidotam.ca\/fr\/apprendre-des-autres\/traumatisme-et-stress-toxique\/#breadcrumb","itemListElement":[{"@type":"ListItem","position":1,"name":"Home","item":"https:\/\/nisidotam.ca\/fr\/"},{"@type":"ListItem","position":2,"name":"Apprendre des autres","item":"https:\/\/nisidotam.ca\/fr\/apprendre-des-autres\/"},{"@type":"ListItem","position":3,"name":"Traumatisme et stress toxique"}]},{"@type":"WebSite","@id":"https:\/\/nisidotam.ca\/fr\/#website","url":"https:\/\/nisidotam.ca\/fr\/","name":"Nisidotam","description":"Understanding Disability in the Nations","potentialAction":[{"@type":"SearchAction","target":{"@type":"EntryPoint","urlTemplate":"https:\/\/nisidotam.ca\/fr\/?s={search_term_string}"},"query-input":{"@type":"PropertyValueSpecification","valueRequired":true,"valueName":"search_term_string"}}],"inLanguage":"fr-FR"}]}},"_links":{"self":[{"href":"https:\/\/nisidotam.ca\/fr\/wp-json\/wp\/v2\/pages\/3659","targetHints":{"allow":["GET"]}}],"collection":[{"href":"https:\/\/nisidotam.ca\/fr\/wp-json\/wp\/v2\/pages"}],"about":[{"href":"https:\/\/nisidotam.ca\/fr\/wp-json\/wp\/v2\/types\/page"}],"author":[{"embeddable":true,"href":"https:\/\/nisidotam.ca\/fr\/wp-json\/wp\/v2\/users\/3"}],"replies":[{"embeddable":true,"href":"https:\/\/nisidotam.ca\/fr\/wp-json\/wp\/v2\/comments?post=3659"}],"version-history":[{"count":10,"href":"https:\/\/nisidotam.ca\/fr\/wp-json\/wp\/v2\/pages\/3659\/revisions"}],"predecessor-version":[{"id":5408,"href":"https:\/\/nisidotam.ca\/fr\/wp-json\/wp\/v2\/pages\/3659\/revisions\/5408"}],"up":[{"embeddable":true,"href":"https:\/\/nisidotam.ca\/fr\/wp-json\/wp\/v2\/pages\/3156"}],"wp:attachment":[{"href":"https:\/\/nisidotam.ca\/fr\/wp-json\/wp\/v2\/media?parent=3659"}],"curies":[{"name":"wp","href":"https:\/\/api.w.org\/{rel}","templated":true}]}}