{"id":3657,"date":"2021-04-06T07:50:52","date_gmt":"2021-04-06T07:50:52","guid":{"rendered":"https:\/\/nisidotam.ca\/?page_id=3657"},"modified":"2021-04-19T09:15:30","modified_gmt":"2021-04-19T14:15:30","slug":"handicap-et-emploi","status":"publish","type":"page","link":"https:\/\/nisidotam.ca\/fr\/soutenir-les-clients\/handicap-et-emploi\/","title":{"rendered":"Le handicap et l&#8217;emploi"},"content":{"rendered":"<p>[et_pb_section fb_built=\u00a0\u00bb1&Prime; fullwidth=\u00a0\u00bbon\u00a0\u00bb _builder_version=\u00a0\u00bb4.7.7&Prime; _module_preset=\u00a0\u00bbdefault\u00a0\u00bb][et_pb_fullwidth_header title=\u00a0\u00bbLe handicap et l&#8217;emploi\u00a0\u00bb header_image_url=\u00a0\u00bbhttps:\/\/nisidotam.ca\/wp-content\/uploads\/2021\/02\/inclusion_3.jpg\u00a0\u00bb _builder_version=\u00a0\u00bb4.9.3&Prime; _module_preset=\u00a0\u00bbdefault\u00a0\u00bb background_color=\u00a0\u00bb#630100&Prime; background_color_gradient_direction=\u00a0\u00bb154deg\u00a0\u00bb custom_padding=\u00a0\u00bb0px||0px||true|\u00a0\u00bb]<\/p>\n<p>Les personnes en situation de handicap sont confront\u00e9es \u00e0 plusieurs obstacles syst\u00e9miques \u00e0 l&#8217;emploi. Poursuivez votre lecture pour vous initier aux protections juridiques, aux obligations de l&#8217;employeur et aux avantages d&rsquo;un milieu de travail inclusif.<\/p>\n<p>[\/et_pb_fullwidth_header][et_pb_fullwidth_menu menu_id=\u00a0\u00bb36&Prime; menu_style=\u00a0\u00bbcentered\u00a0\u00bb fullwidth_menu=\u00a0\u00bbon\u00a0\u00bb active_link_color=\u00a0\u00bb#edf000&Prime; _builder_version=\u00a0\u00bb4.9.2&Prime; _module_preset=\u00a0\u00bbdefault\u00a0\u00bb menu_text_color=\u00a0\u00bb#ffffff\u00a0\u00bb menu_font_size=\u00a0\u00bb20px\u00a0\u00bb background_color=\u00a0\u00bb#630100&Prime; saved_tabs=\u00a0\u00bball\u00a0\u00bb][\/et_pb_fullwidth_menu][\/et_pb_section][et_pb_section fb_built=\u00a0\u00bb1&Prime; _builder_version=\u00a0\u00bb4.7.7&Prime; _module_preset=\u00a0\u00bbdefault\u00a0\u00bb][et_pb_row _builder_version=\u00a0\u00bb4.7.7&Prime; _module_preset=\u00a0\u00bbdefault\u00a0\u00bb][et_pb_column type=\u00a0\u00bb4_4&Prime; _builder_version=\u00a0\u00bb4.7.7&Prime; _module_preset=\u00a0\u00bbdefault\u00a0\u00bb][et_pb_text _builder_version=\u00a0\u00bb4.9.3&Prime; _module_preset=\u00a0\u00bbdefault\u00a0\u00bb]<\/p>\n<h1>Professionnels du soutien: soutenir des clients en situation de handicap<\/h1>\n<p>Apprenez-en davantage sur la mani\u00e8re de donner les moyens aux clients de parler de leur handicap et \u00e0 obtenir le soutien requis.<\/p>\n<p>En tant que\u00a0professionnels du soutien, vous pouvez trouver difficile de savoir comment aborder l&#8217;embauche de personnes en situation de handicap avec des employeurs potentiels. Les ressources suivantes aident les professionnels du soutien \u00e0 acqu\u00e9rir une compr\u00e9hension en profondeur des avantages et des inconv\u00e9nients potentiels de la divulgation du handicap en milieu de travail. Elles sugg\u00e8rent en outre des moyens de travailler avec les clients pour les amener \u00e0 prendre des d\u00e9cisions \u00e9clair\u00e9es.<\/p>\n<p>[\/et_pb_text][\/et_pb_column][\/et_pb_row][\/et_pb_section][et_pb_section fb_built=\u00a0\u00bb1&Prime; _builder_version=\u00a0\u00bb4.7.7&Prime; _module_preset=\u00a0\u00bbdefault\u00a0\u00bb background_color=\u00a0\u00bb#630100&Prime;][et_pb_row column_structure=\u00a0\u00bb1_4,1_4,1_4,1_4&Prime; use_custom_gutter=\u00a0\u00bbon\u00a0\u00bb gutter_width=\u00a0\u00bb2&Prime; make_equal=\u00a0\u00bbon\u00a0\u00bb _builder_version=\u00a0\u00bb4.9.2&Prime; _module_preset=\u00a0\u00bbdefault\u00a0\u00bb background_enable_color=\u00a0\u00bboff\u00a0\u00bb max_width=\u00a0\u00bb100%\u00a0\u00bb][et_pb_column type=\u00a0\u00bb1_4&Prime; admin_label=\u00a0\u00bbColumn\u00a0\u00bb _builder_version=\u00a0\u00bb4.9.2&Prime; _module_preset=\u00a0\u00bbdefault\u00a0\u00bb background_color=\u00a0\u00bb#eeeeee\u00a0\u00bb border_radii=\u00a0\u00bbon|25px|25px|25px|25px\u00a0\u00bb][et_pb_cta title=\u00a0\u00bbLe handicap et le milieu de travail\u00a0\u00bb button_url=\u00a0\u00bbhttps:\/\/nisidotam.ca\/fr\/soutenir-les-clients\/handicap-et-emploi\/handicap-et-milieu-de-travail\/\u00a0\u00bb button_text=\u00a0\u00bbPour en apprendre davantage\u00a0\u00bb _builder_version=\u00a0\u00bb4.9.4&Prime; _module_preset=\u00a0\u00bbdefault\u00a0\u00bb background_enable_color=\u00a0\u00bboff\u00a0\u00bb custom_button=\u00a0\u00bbon\u00a0\u00bb button_border_radius=\u00a0\u00bb10px\u00a0\u00bb background_layout=\u00a0\u00bblight\u00a0\u00bb max_width=\u00a0\u00bb100%\u00a0\u00bb custom_padding=\u00a0\u00bb25px|25px|25px|25px|false|false\u00a0\u00bb global_colors_info=\u00a0\u00bb{}\u00a0\u00bb]<\/p>\n<p>Cliquez pour en apprendre davantage sur la discrimination, les accommodements et l&rsquo;inclusion.\u00a0<\/p>\n<p>&nbsp;<\/p>\n<p>&nbsp;<\/p>\n<p><img loading=\"lazy\" decoding=\"async\" src=\"https:\/\/nisidotam.ca\/wp-content\/uploads\/2021\/01\/Nisidotam_Logo_Couleur_RVB_png_ecran_transparent-150x150.png\" alt=\"\" class=\"wp-image-872 aligncenter size-thumbnail\" style=\"font-size: 15px; background-color: #eeeeee;\" width=\"150\" height=\"150\" \/><span style=\"font-size: 15px; background-color: #eeeeee;\"><\/span><\/p>\n<p>[\/et_pb_cta][\/et_pb_column][et_pb_column type=\u00a0\u00bb1_4&Prime; _builder_version=\u00a0\u00bb4.7.7&Prime; _module_preset=\u00a0\u00bbdefault\u00a0\u00bb background_color=\u00a0\u00bb#eeeeee\u00a0\u00bb border_radii=\u00a0\u00bbon|25px|25px|25px|25px\u00a0\u00bb global_colors_info=\u00a0\u00bb{}\u00a0\u00bb][et_pb_cta title=\u00a0\u00bbDialoguer avec les employeurs\u00a0\u00bb button_url=\u00a0\u00bbhttps:\/\/nisidotam.ca\/fr\/soutenir-les-clients\/handicap-et-emploi\/dialogue-avec-les-employeurs\/\u00a0\u00bb button_text=\u00a0\u00bbPour en apprendre davantage\u00a0\u00bb _builder_version=\u00a0\u00bb4.9.4&Prime; _module_preset=\u00a0\u00bbdefault\u00a0\u00bb background_enable_color=\u00a0\u00bboff\u00a0\u00bb custom_button=\u00a0\u00bbon\u00a0\u00bb button_border_radius=\u00a0\u00bb10px\u00a0\u00bb background_layout=\u00a0\u00bblight\u00a0\u00bb max_width=\u00a0\u00bb100%\u00a0\u00bb custom_padding=\u00a0\u00bb25px|25px|25px|25px|false|false\u00a0\u00bb global_colors_info=\u00a0\u00bb{}\u00a0\u00bb]<\/p>\n<p><span>Cliquez <\/span>pour en apprendre davantage sur les mythes courants et les id\u00e9es pr\u00e9con\u00e7ues qui peuvent emp\u00eacher un employeur d&rsquo;envisager l&#8217;embauche de personnes en situation de handicap.<\/p>\n<p><img loading=\"lazy\" decoding=\"async\" src=\"https:\/\/nisidotam.ca\/wp-content\/uploads\/2021\/01\/Nisidotam_Logo_Couleur_RVB_png_ecran_transparent-150x150.png\" alt=\"\" class=\"wp-image-872 aligncenter size-thumbnail\" style=\"font-size: 15px; background-color: #eeeeee;\" width=\"150\" height=\"150\" \/><span style=\"font-size: 15px; background-color: #eeeeee;\"><\/span><\/p>\n<p>[\/et_pb_cta][\/et_pb_column][et_pb_column type=\u00a0\u00bb1_4&Prime; _builder_version=\u00a0\u00bb4.7.7&Prime; _module_preset=\u00a0\u00bbdefault\u00a0\u00bb background_color=\u00a0\u00bb#eeeeee\u00a0\u00bb border_radii=\u00a0\u00bbon|25px|25px|25px|25px\u00a0\u00bb global_colors_info=\u00a0\u00bb{}\u00a0\u00bb][et_pb_cta title=\u00a0\u00bbLa divulgation en milieu de travail\u00a0\u00bb button_url=\u00a0\u00bbhttps:\/\/nisidotam.ca\/fr\/soutenir-les-clients\/handicap-et-emploi\/divulgation-en-milieu-de-travail\/\u00a0\u00bb button_text=\u00a0\u00bbPour en apprendre davantage\u00a0\u00bb _builder_version=\u00a0\u00bb4.9.4&Prime; _module_preset=\u00a0\u00bbdefault\u00a0\u00bb background_enable_color=\u00a0\u00bboff\u00a0\u00bb custom_button=\u00a0\u00bbon\u00a0\u00bb button_border_radius=\u00a0\u00bb10px\u00a0\u00bb background_layout=\u00a0\u00bblight\u00a0\u00bb max_width=\u00a0\u00bb100%\u00a0\u00bb custom_padding=\u00a0\u00bb25px|25px|25px|25px|false|false\u00a0\u00bb global_colors_info=\u00a0\u00bb{}\u00a0\u00bb]<\/p>\n<p>Cliquez pour en apprendre davantage sur la mani\u00e8re de travailler avec les clients afin de les pr\u00e9parer \u00e0 la divulgation.<\/p>\n<p>&nbsp;<\/p>\n<p><img loading=\"lazy\" decoding=\"async\" src=\"https:\/\/nisidotam.ca\/wp-content\/uploads\/2021\/01\/Nisidotam_Logo_Couleur_RVB_png_ecran_transparent-150x150.png\" alt=\"\" class=\"wp-image-872 aligncenter size-thumbnail\" style=\"font-size: 15px; background-color: #eeeeee;\" width=\"150\" height=\"150\" \/><span><\/span><span><\/span><\/p>\n<p><span style=\"font-size: 15px; background-color: #eeeeee;\"><\/span><\/p>\n<p>[\/et_pb_cta][\/et_pb_column][et_pb_column type=\u00a0\u00bb1_4&Prime; _builder_version=\u00a0\u00bb4.7.7&Prime; _module_preset=\u00a0\u00bbdefault\u00a0\u00bb background_color=\u00a0\u00bb#eeeeee\u00a0\u00bb border_radii=\u00a0\u00bbon|25px|25px|25px|25px\u00a0\u00bb global_colors_info=\u00a0\u00bb{}\u00a0\u00bb][et_pb_cta title=\u00a0\u00bbLe handicap et l&#8217;emploi\u00a0\u00bb button_url=\u00a0\u00bbhttps:\/\/nisidotam.ca\/fr\/soutenir-les-clients\/nouveaux-clients-et-handicap\/outils-apprentissage-emploi\/\u00a0\u00bb button_text=\u00a0\u00bbOuvrez la bo\u00eete \u00e0 outils\u00a0\u00bb _builder_version=\u00a0\u00bb4.9.4&Prime; _module_preset=\u00a0\u00bbdefault\u00a0\u00bb background_enable_color=\u00a0\u00bboff\u00a0\u00bb custom_button=\u00a0\u00bbon\u00a0\u00bb button_border_radius=\u00a0\u00bb10px\u00a0\u00bb background_layout=\u00a0\u00bblight\u00a0\u00bb max_width=\u00a0\u00bb100%\u00a0\u00bb custom_padding=\u00a0\u00bb25px|25px|25px|25px|false|false\u00a0\u00bb global_colors_info=\u00a0\u00bb{}\u00a0\u00bb]<\/p>\n<p>Faites l&rsquo;essai des exercices d&rsquo;apprentissage interactifs que vous trouverez dans la bo\u00eete \u00e0 outils pour en approfondir le contenu.<\/p>\n<p>&nbsp;<\/p>\n<p><img loading=\"lazy\" decoding=\"async\" src=\"https:\/\/nisidotam.ca\/wp-content\/uploads\/2021\/02\/toolbox-152140_640-150x150.png\" alt=\"\" class=\"wp-image-1689 aligncenter size-thumbnail\" width=\"128\" height=\"128\" \/><\/p>\n<p>&nbsp;<\/p>\n<p>[\/et_pb_cta][\/et_pb_column][\/et_pb_row][\/et_pb_section]<\/p>\n","protected":false},"excerpt":{"rendered":"<p>Les personnes en situation de handicap sont confront\u00e9es \u00e0 plusieurs obstacles syst\u00e9miques \u00e0 l&#8217;emploi. Poursuivez votre lecture pour vous initier aux protections juridiques, aux obligations de l&#8217;employeur et aux avantages d&rsquo;un milieu de travail inclusif.Professionnels du soutien: soutenir des clients en situation de handicap Apprenez-en davantage sur la mani\u00e8re de donner les moyens aux clients [&hellip;]<\/p>\n","protected":false},"author":3,"featured_media":0,"parent":3516,"menu_order":3,"comment_status":"closed","ping_status":"closed","template":"","meta":{"_acf_changed":false,"_et_pb_use_builder":"on","_et_pb_old_content":"","_et_gb_content_width":"","footnotes":""},"class_list":["post-3657","page","type-page","status-publish","hentry"],"acf":[],"yoast_head":"<!-- This site is optimized with the Yoast SEO plugin v27.4 - https:\/\/yoast.com\/product\/yoast-seo-wordpress\/ -->\n<title>Le handicap et l&#039;emploi - Nisidotam<\/title>\n<meta name=\"robots\" content=\"index, follow, max-snippet:-1, max-image-preview:large, max-video-preview:-1\" \/>\n<link rel=\"canonical\" href=\"https:\/\/nisidotam.ca\/fr\/soutenir-les-clients\/handicap-et-emploi\/\" \/>\n<meta property=\"og:locale\" content=\"fr_FR\" \/>\n<meta property=\"og:type\" content=\"article\" \/>\n<meta property=\"og:title\" content=\"Le handicap et l&#039;emploi - Nisidotam\" \/>\n<meta property=\"og:description\" content=\"Les personnes en situation de handicap sont confront\u00e9es \u00e0 plusieurs obstacles syst\u00e9miques \u00e0 l&#039;emploi. Poursuivez votre lecture pour vous initier aux protections juridiques, aux obligations de l&#039;employeur et aux avantages d&#039;un milieu de travail inclusif.Professionnels du soutien: soutenir des clients en situation de handicap Apprenez-en davantage sur la mani\u00e8re de donner les moyens aux clients [&hellip;]\" \/>\n<meta property=\"og:url\" content=\"https:\/\/nisidotam.ca\/fr\/soutenir-les-clients\/handicap-et-emploi\/\" \/>\n<meta property=\"og:site_name\" content=\"Nisidotam\" \/>\n<meta property=\"article:modified_time\" content=\"2021-04-19T14:15:30+00:00\" \/>\n<meta property=\"og:image\" content=\"https:\/\/nisidotam.ca\/wp-content\/uploads\/2021\/01\/Nisidotam_Logo_Couleur_RVB_png_ecran_transparent-150x150.png\" \/>\n<meta name=\"twitter:card\" content=\"summary_large_image\" \/>\n<meta name=\"twitter:label1\" content=\"Dur\u00e9e de lecture estim\u00e9e\" \/>\n\t<meta name=\"twitter:data1\" content=\"4 minutes\" \/>\n<script type=\"application\/ld+json\" class=\"yoast-schema-graph\">{\"@context\":\"https:\\\/\\\/schema.org\",\"@graph\":[{\"@type\":\"WebPage\",\"@id\":\"https:\\\/\\\/nisidotam.ca\\\/fr\\\/soutenir-les-clients\\\/handicap-et-emploi\\\/\",\"url\":\"https:\\\/\\\/nisidotam.ca\\\/fr\\\/soutenir-les-clients\\\/handicap-et-emploi\\\/\",\"name\":\"Le handicap et l'emploi - Nisidotam\",\"isPartOf\":{\"@id\":\"https:\\\/\\\/nisidotam.ca\\\/fr\\\/#website\"},\"primaryImageOfPage\":{\"@id\":\"https:\\\/\\\/nisidotam.ca\\\/fr\\\/soutenir-les-clients\\\/handicap-et-emploi\\\/#primaryimage\"},\"image\":{\"@id\":\"https:\\\/\\\/nisidotam.ca\\\/fr\\\/soutenir-les-clients\\\/handicap-et-emploi\\\/#primaryimage\"},\"thumbnailUrl\":\"https:\\\/\\\/nisidotam.ca\\\/wp-content\\\/uploads\\\/2021\\\/01\\\/Nisidotam_Logo_Couleur_RVB_png_ecran_transparent-150x150.png\",\"datePublished\":\"2021-04-06T07:50:52+00:00\",\"dateModified\":\"2021-04-19T14:15:30+00:00\",\"breadcrumb\":{\"@id\":\"https:\\\/\\\/nisidotam.ca\\\/fr\\\/soutenir-les-clients\\\/handicap-et-emploi\\\/#breadcrumb\"},\"inLanguage\":\"fr-FR\",\"potentialAction\":[{\"@type\":\"ReadAction\",\"target\":[\"https:\\\/\\\/nisidotam.ca\\\/fr\\\/soutenir-les-clients\\\/handicap-et-emploi\\\/\"]}]},{\"@type\":\"ImageObject\",\"inLanguage\":\"fr-FR\",\"@id\":\"https:\\\/\\\/nisidotam.ca\\\/fr\\\/soutenir-les-clients\\\/handicap-et-emploi\\\/#primaryimage\",\"url\":\"https:\\\/\\\/nisidotam.ca\\\/wp-content\\\/uploads\\\/2021\\\/01\\\/Nisidotam_Logo_Couleur_RVB_png_ecran_transparent-150x150.png\",\"contentUrl\":\"https:\\\/\\\/nisidotam.ca\\\/wp-content\\\/uploads\\\/2021\\\/01\\\/Nisidotam_Logo_Couleur_RVB_png_ecran_transparent-150x150.png\"},{\"@type\":\"BreadcrumbList\",\"@id\":\"https:\\\/\\\/nisidotam.ca\\\/fr\\\/soutenir-les-clients\\\/handicap-et-emploi\\\/#breadcrumb\",\"itemListElement\":[{\"@type\":\"ListItem\",\"position\":1,\"name\":\"Home\",\"item\":\"https:\\\/\\\/nisidotam.ca\\\/fr\\\/\"},{\"@type\":\"ListItem\",\"position\":2,\"name\":\"Soutenir les clients\",\"item\":\"https:\\\/\\\/nisidotam.ca\\\/fr\\\/soutenir-les-clients\\\/\"},{\"@type\":\"ListItem\",\"position\":3,\"name\":\"Le handicap et l&#8217;emploi\"}]},{\"@type\":\"WebSite\",\"@id\":\"https:\\\/\\\/nisidotam.ca\\\/fr\\\/#website\",\"url\":\"https:\\\/\\\/nisidotam.ca\\\/fr\\\/\",\"name\":\"Nisidotam\",\"description\":\"Understanding Disability in the Nations\",\"potentialAction\":[{\"@type\":\"SearchAction\",\"target\":{\"@type\":\"EntryPoint\",\"urlTemplate\":\"https:\\\/\\\/nisidotam.ca\\\/fr\\\/?s={search_term_string}\"},\"query-input\":{\"@type\":\"PropertyValueSpecification\",\"valueRequired\":true,\"valueName\":\"search_term_string\"}}],\"inLanguage\":\"fr-FR\"}]}<\/script>\n<!-- \/ Yoast SEO plugin. -->","yoast_head_json":{"title":"Le handicap et l'emploi - Nisidotam","robots":{"index":"index","follow":"follow","max-snippet":"max-snippet:-1","max-image-preview":"max-image-preview:large","max-video-preview":"max-video-preview:-1"},"canonical":"https:\/\/nisidotam.ca\/fr\/soutenir-les-clients\/handicap-et-emploi\/","og_locale":"fr_FR","og_type":"article","og_title":"Le handicap et l'emploi - Nisidotam","og_description":"Les personnes en situation de handicap sont confront\u00e9es \u00e0 plusieurs obstacles syst\u00e9miques \u00e0 l'emploi. Poursuivez votre lecture pour vous initier aux protections juridiques, aux obligations de l'employeur et aux avantages d'un milieu de travail inclusif.Professionnels du soutien: soutenir des clients en situation de handicap Apprenez-en davantage sur la mani\u00e8re de donner les moyens aux clients [&hellip;]","og_url":"https:\/\/nisidotam.ca\/fr\/soutenir-les-clients\/handicap-et-emploi\/","og_site_name":"Nisidotam","article_modified_time":"2021-04-19T14:15:30+00:00","og_image":[{"url":"https:\/\/nisidotam.ca\/wp-content\/uploads\/2021\/01\/Nisidotam_Logo_Couleur_RVB_png_ecran_transparent-150x150.png","type":"","width":"","height":""}],"twitter_card":"summary_large_image","twitter_misc":{"Dur\u00e9e de lecture estim\u00e9e":"4 minutes"},"schema":{"@context":"https:\/\/schema.org","@graph":[{"@type":"WebPage","@id":"https:\/\/nisidotam.ca\/fr\/soutenir-les-clients\/handicap-et-emploi\/","url":"https:\/\/nisidotam.ca\/fr\/soutenir-les-clients\/handicap-et-emploi\/","name":"Le handicap et l'emploi - Nisidotam","isPartOf":{"@id":"https:\/\/nisidotam.ca\/fr\/#website"},"primaryImageOfPage":{"@id":"https:\/\/nisidotam.ca\/fr\/soutenir-les-clients\/handicap-et-emploi\/#primaryimage"},"image":{"@id":"https:\/\/nisidotam.ca\/fr\/soutenir-les-clients\/handicap-et-emploi\/#primaryimage"},"thumbnailUrl":"https:\/\/nisidotam.ca\/wp-content\/uploads\/2021\/01\/Nisidotam_Logo_Couleur_RVB_png_ecran_transparent-150x150.png","datePublished":"2021-04-06T07:50:52+00:00","dateModified":"2021-04-19T14:15:30+00:00","breadcrumb":{"@id":"https:\/\/nisidotam.ca\/fr\/soutenir-les-clients\/handicap-et-emploi\/#breadcrumb"},"inLanguage":"fr-FR","potentialAction":[{"@type":"ReadAction","target":["https:\/\/nisidotam.ca\/fr\/soutenir-les-clients\/handicap-et-emploi\/"]}]},{"@type":"ImageObject","inLanguage":"fr-FR","@id":"https:\/\/nisidotam.ca\/fr\/soutenir-les-clients\/handicap-et-emploi\/#primaryimage","url":"https:\/\/nisidotam.ca\/wp-content\/uploads\/2021\/01\/Nisidotam_Logo_Couleur_RVB_png_ecran_transparent-150x150.png","contentUrl":"https:\/\/nisidotam.ca\/wp-content\/uploads\/2021\/01\/Nisidotam_Logo_Couleur_RVB_png_ecran_transparent-150x150.png"},{"@type":"BreadcrumbList","@id":"https:\/\/nisidotam.ca\/fr\/soutenir-les-clients\/handicap-et-emploi\/#breadcrumb","itemListElement":[{"@type":"ListItem","position":1,"name":"Home","item":"https:\/\/nisidotam.ca\/fr\/"},{"@type":"ListItem","position":2,"name":"Soutenir les clients","item":"https:\/\/nisidotam.ca\/fr\/soutenir-les-clients\/"},{"@type":"ListItem","position":3,"name":"Le handicap et l&#8217;emploi"}]},{"@type":"WebSite","@id":"https:\/\/nisidotam.ca\/fr\/#website","url":"https:\/\/nisidotam.ca\/fr\/","name":"Nisidotam","description":"Understanding Disability in the Nations","potentialAction":[{"@type":"SearchAction","target":{"@type":"EntryPoint","urlTemplate":"https:\/\/nisidotam.ca\/fr\/?s={search_term_string}"},"query-input":{"@type":"PropertyValueSpecification","valueRequired":true,"valueName":"search_term_string"}}],"inLanguage":"fr-FR"}]}},"_links":{"self":[{"href":"https:\/\/nisidotam.ca\/fr\/wp-json\/wp\/v2\/pages\/3657","targetHints":{"allow":["GET"]}}],"collection":[{"href":"https:\/\/nisidotam.ca\/fr\/wp-json\/wp\/v2\/pages"}],"about":[{"href":"https:\/\/nisidotam.ca\/fr\/wp-json\/wp\/v2\/types\/page"}],"author":[{"embeddable":true,"href":"https:\/\/nisidotam.ca\/fr\/wp-json\/wp\/v2\/users\/3"}],"replies":[{"embeddable":true,"href":"https:\/\/nisidotam.ca\/fr\/wp-json\/wp\/v2\/comments?post=3657"}],"version-history":[{"count":6,"href":"https:\/\/nisidotam.ca\/fr\/wp-json\/wp\/v2\/pages\/3657\/revisions"}],"predecessor-version":[{"id":5203,"href":"https:\/\/nisidotam.ca\/fr\/wp-json\/wp\/v2\/pages\/3657\/revisions\/5203"}],"up":[{"embeddable":true,"href":"https:\/\/nisidotam.ca\/fr\/wp-json\/wp\/v2\/pages\/3516"}],"wp:attachment":[{"href":"https:\/\/nisidotam.ca\/fr\/wp-json\/wp\/v2\/media?parent=3657"}],"curies":[{"name":"wp","href":"https:\/\/api.w.org\/{rel}","templated":true}]}}