{"id":3653,"date":"2021-04-06T07:32:58","date_gmt":"2021-04-06T07:32:58","guid":{"rendered":"https:\/\/nisidotam.ca\/?page_id=3653"},"modified":"2021-05-10T11:23:22","modified_gmt":"2021-05-10T16:23:22","slug":"choix-du-client-confidentialite-ou-divulgation","status":"publish","type":"page","link":"https:\/\/nisidotam.ca\/fr\/soutenir-les-clients\/nouveaux-clients-et-handicap\/choix-du-client-confidentialite-ou-divulgation\/","title":{"rendered":"Le choix du client: confidentialit\u00e9 ou divulgation"},"content":{"rendered":"<p>[et_pb_section fb_built=\u00a0\u00bb1&Prime; fullwidth=\u00a0\u00bbon\u00a0\u00bb _builder_version=\u00a0\u00bb4.7.7&Prime; _module_preset=\u00a0\u00bbdefault\u00a0\u00bb][et_pb_fullwidth_header title=\u00a0\u00bbChoix des clients: vie priv\u00e9e ou divulgation\u00a0\u00bb header_image_url=\u00a0\u00bbhttps:\/\/nisidotam.ca\/wp-content\/uploads\/2021\/03\/image004-scaled-e1615400007159.jpg\u00a0\u00bb _builder_version=\u00a0\u00bb4.9.4&Prime; _module_preset=\u00a0\u00bbdefault\u00a0\u00bb background_color=\u00a0\u00bb#630100&Prime; background_color_gradient_direction=\u00a0\u00bb154deg\u00a0\u00bb custom_padding=\u00a0\u00bb0px||0px||true|\u00a0\u00bb]<\/p>\n<p>Tous les clients doivent d\u00e9terminer quelles informations il est important de partager avec les professionnels du soutien et pourquoi. Lorsqu&rsquo;il s&rsquo;agit de partager son statut de handicap\u00e9, la d\u00e9cision n&rsquo;est jamais simple. Il sera utile que les professionnels du soutien tiennent compte de ce que les clients ont \u00e0 penser.<\/p>\n<p>[\/et_pb_fullwidth_header][et_pb_fullwidth_menu menu_id=\u00a0\u00bb34&Prime; menu_style=\u00a0\u00bbcentered\u00a0\u00bb fullwidth_menu=\u00a0\u00bbon\u00a0\u00bb active_link_color=\u00a0\u00bb#edf000&Prime; _builder_version=\u00a0\u00bb4.9.2&Prime; _module_preset=\u00a0\u00bbdefault\u00a0\u00bb menu_text_color=\u00a0\u00bb#ffffff\u00a0\u00bb menu_font_size=\u00a0\u00bb20px\u00a0\u00bb background_color=\u00a0\u00bb#630100&Prime; background_layout=\u00a0\u00bbdark\u00a0\u00bb saved_tabs=\u00a0\u00bball\u00a0\u00bb][\/et_pb_fullwidth_menu][\/et_pb_section][et_pb_section fb_built=\u00a0\u00bb1&Prime; _builder_version=\u00a0\u00bb4.9.2&Prime; _module_preset=\u00a0\u00bbdefault\u00a0\u00bb][et_pb_row _builder_version=\u00a0\u00bb4.9.2&Prime; _module_preset=\u00a0\u00bbdefault\u00a0\u00bb][et_pb_column type=\u00a0\u00bb4_4&Prime; _builder_version=\u00a0\u00bb4.9.2&Prime; _module_preset=\u00a0\u00bbdefault\u00a0\u00bb][et_pb_text _builder_version=\u00a0\u00bb4.9.2&Prime; _module_preset=\u00a0\u00bbdefault\u00a0\u00bb background_color=\u00a0\u00bb#630100&Prime; background_layout=\u00a0\u00bbdark\u00a0\u00bb custom_padding=\u00a0\u00bb15px||5px||false|false\u00a0\u00bb]<\/p>\n<h1>\u00a0 Rencontrer de nouveaux clients<\/h1>\n<p>[\/et_pb_text][\/et_pb_column][\/et_pb_row][\/et_pb_section][et_pb_section fb_built=\u00a0\u00bb1&Prime; specialty=\u00a0\u00bbon\u00a0\u00bb _builder_version=\u00a0\u00bb4.9.2&Prime; _module_preset=\u00a0\u00bbdefault\u00a0\u00bb min_height=\u00a0\u00bb750.4px\u00a0\u00bb custom_margin=\u00a0\u00bb-51px||-156px||false|false\u00a0\u00bb custom_padding=\u00a0\u00bb0px||||false|false\u00a0\u00bb][et_pb_column type=\u00a0\u00bb1_2&Prime; specialty_columns=\u00a0\u00bb2&Prime; _builder_version=\u00a0\u00bb3.25&Prime; custom_padding=\u00a0\u00bb|||\u00a0\u00bb custom_padding__hover=\u00a0\u00bb|||\u00a0\u00bb][et_pb_row_inner _builder_version=\u00a0\u00bb4.9.2&Prime; _module_preset=\u00a0\u00bbdefault\u00a0\u00bb][et_pb_column_inner saved_specialty_column_type=\u00a0\u00bb1_2&Prime; _builder_version=\u00a0\u00bb4.9.2&Prime; _module_preset=\u00a0\u00bbdefault\u00a0\u00bb][et_pb_text _builder_version=\u00a0\u00bb4.9.2&Prime; _module_preset=\u00a0\u00bbdefault\u00a0\u00bb]<\/p>\n<p>Les personnes en situation de handicap ne constituant pas un groupe homog\u00e8ne, les professionnels du soutien ne peuvent adopter les m\u00eames comportements ou fa\u00e7ons d&rsquo;agir dans toutes leurs interactions. Faire preuve de sensibilit\u00e9 et de souplesse dans les communications et les attentes repr\u00e9sente une assise solide sur laquelle s\u2019appuyer. D\u00e9montrer de la flexibilit\u00e9 envers les normes sociales, tels le contact visuel, l&rsquo;espace personnel, le ton de la voix et les sujets de conversation, peut accro\u00eetre le degr\u00e9 de confort des clients qui se sentiront alors accept\u00e9s et plus \u00e0 l&rsquo;aise pour communiquer.<\/p>\n<p>[\/et_pb_text][\/et_pb_column_inner][\/et_pb_row_inner][et_pb_row_inner _builder_version=\u00a0\u00bb4.9.2&Prime; _module_preset=\u00a0\u00bbdefault\u00a0\u00bb][et_pb_column_inner saved_specialty_column_type=\u00a0\u00bb1_2&Prime; _builder_version=\u00a0\u00bb4.9.2&Prime; _module_preset=\u00a0\u00bbdefault\u00a0\u00bb][et_pb_text _builder_version=\u00a0\u00bb4.9.2&Prime; _module_preset=\u00a0\u00bbdefault\u00a0\u00bb]<\/p>\n<p>Accepter le client en situation de handicap comme un pair \u00e9gal et non comme une \u00ab\u00a0personne sp\u00e9ciale\u00a0\u00bb sera toujours la meilleure approche \u00e0 adopter.<\/p>\n<p>[\/et_pb_text][et_pb_text _builder_version=\u00a0\u00bb4.9.2&Prime; _module_preset=\u00a0\u00bbdefault\u00a0\u00bb]<\/p>\n<p>Pour les clients, d\u00e9voiler leur statut de handicap demeure un choix personnel. Leurs ant\u00e9c\u00e9dents personnels en mati\u00e8re de handicap et de sa divulgation ainsi que le moment ou le contexte qui s\u2019offrent \u00e0 eux pour le faire peuvent influer sur cette d\u00e9cision. On peut encourager les clients dans cette voie en leur exposant les avantages possibles de la divulgation, tels que les ressources disponibles pour les mener \u00e0 la r\u00e9ussite.<\/p>\n<p>[\/et_pb_text][\/et_pb_column_inner][\/et_pb_row_inner][\/et_pb_column][et_pb_column type=\u00a0\u00bb1_2&Prime; _builder_version=\u00a0\u00bb3.25&Prime; custom_padding=\u00a0\u00bb|||\u00a0\u00bb custom_padding__hover=\u00a0\u00bb|||\u00a0\u00bb][et_pb_image src=\u00a0\u00bbhttps:\/\/nisidotam.ca\/wp-content\/uploads\/2021\/03\/adult-3352996_1920-1.jpg\u00a0\u00bb alt=\u00a0\u00bbdes professionnels de soutien rencontrent de nouveaux clients\u00a0\u00bb title_text=\u00a0\u00bbrencontrer de nouveaux clients\u00a0\u00bb _builder_version=\u00a0\u00bb4.9.4&Prime; _module_preset=\u00a0\u00bbdefault\u00a0\u00bb box_shadow_style=\u00a0\u00bbpreset4&Prime;][\/et_pb_image][\/et_pb_column][\/et_pb_section][et_pb_section fb_built=\u00a0\u00bb1&Prime; _builder_version=\u00a0\u00bb4.9.2&Prime; _module_preset=\u00a0\u00bbdefault\u00a0\u00bb][et_pb_row _builder_version=\u00a0\u00bb4.9.2&Prime; _module_preset=\u00a0\u00bbdefault\u00a0\u00bb][et_pb_column type=\u00a0\u00bb4_4&Prime; _builder_version=\u00a0\u00bb4.9.2&Prime; _module_preset=\u00a0\u00bbdefault\u00a0\u00bb][et_pb_text _builder_version=\u00a0\u00bb4.9.2&Prime; _module_preset=\u00a0\u00bbdefault\u00a0\u00bb background_color=\u00a0\u00bb#630100&Prime; background_layout=\u00a0\u00bbdark\u00a0\u00bb custom_padding=\u00a0\u00bb15px||5px||false|false\u00a0\u00bb]<\/p>\n<h1>Divulguer le handicap<\/h1>\n<p>[\/et_pb_text][\/et_pb_column][\/et_pb_row][\/et_pb_section][et_pb_section fb_built=\u00a0\u00bb1&Prime; specialty=\u00a0\u00bbon\u00a0\u00bb _builder_version=\u00a0\u00bb4.9.2&Prime; _module_preset=\u00a0\u00bbdefault\u00a0\u00bb min_height=\u00a0\u00bb805.7px\u00a0\u00bb custom_margin=\u00a0\u00bb-100px||||false|false\u00a0\u00bb][et_pb_column type=\u00a0\u00bb1_2&Prime; specialty_columns=\u00a0\u00bb2&Prime; _builder_version=\u00a0\u00bb3.25&Prime; custom_padding=\u00a0\u00bb|||\u00a0\u00bb custom_padding__hover=\u00a0\u00bb|||\u00a0\u00bb][et_pb_row_inner _builder_version=\u00a0\u00bb4.9.2&Prime; _module_preset=\u00a0\u00bbdefault\u00a0\u00bb][et_pb_column_inner saved_specialty_column_type=\u00a0\u00bb1_2&Prime; _builder_version=\u00a0\u00bb4.9.2&Prime; _module_preset=\u00a0\u00bbdefault\u00a0\u00bb][et_pb_image src=\u00a0\u00bbhttps:\/\/nisidotam.ca\/wp-content\/uploads\/2021\/03\/nature-4405053_1920.jpg\u00a0\u00bb title_text=\u00a0\u00bbune bifurcation dans le chemin repr\u00e9sentant un choix \u00e0 faire\u00a0\u00bb _builder_version=\u00a0\u00bb4.9.4&Prime; _module_preset=\u00a0\u00bbdefault\u00a0\u00bb hover_enabled=\u00a0\u00bb0&Prime; box_shadow_style=\u00a0\u00bbpreset1&Prime; alt=\u00a0\u00bbune bifurcation dans le chemin, un choix \u00e0 faire\u00a0\u00bb sticky_enabled=\u00a0\u00bb0&Prime;][\/et_pb_image][\/et_pb_column_inner][\/et_pb_row_inner][\/et_pb_column][et_pb_column type=\u00a0\u00bb1_2&Prime; _builder_version=\u00a0\u00bb3.25&Prime; custom_padding=\u00a0\u00bb|||\u00a0\u00bb custom_padding__hover=\u00a0\u00bb|||\u00a0\u00bb][et_pb_text _builder_version=\u00a0\u00bb4.9.2&Prime; _module_preset=\u00a0\u00bbdefault\u00a0\u00bb]<\/p>\n<p>Tous les clients en situation de handicap ont \u00e0 choisir entre deux cat\u00e9gories de droits qui s\u2019opposent :<\/p>\n<p>Le droit \u00e0 la vie priv\u00e9e<\/p>\n<p>OU<\/p>\n<p>Le droit \u00e0 des accommodements (ce qui n\u00e9cessite la divulgation)<\/p>\n<p>D\u00e9cider ou non de divulguer son statut de handicap n\u2019est pas chose facile. Bien qu&rsquo;il existe des lois et des politiques visant \u00e0 encourager l&rsquo;inclusion, la r\u00e9alit\u00e9 peut se r\u00e9v\u00e9ler tr\u00e8s diff\u00e9rente.<\/p>\n<p>Les personnes en situation de handicap peuvent avoir du mal \u00e0 s&rsquo;y retrouver en voulant divulguer leur handicap, car des questions telles que :<\/p>\n<ul>\n<li>\u00e0 qui<\/li>\n<li>quoi<\/li>\n<li>quand<\/li>\n<li>o\u00f9<\/li>\n<li>pourquoi<\/li>\n<\/ul>\n<ul><\/ul>\n<p>\u2026 manquent de clart\u00e9.<\/p>\n<p>[\/et_pb_text][et_pb_button button_url=\u00a0\u00bbhttps:\/\/nisidotam.ca\/fr\/soutenir-les-clients\/nouveaux-clients-et-handicap\/utiliser-une-presentation-uniforme\/\u00a0\u00bb button_text=\u00a0\u00bbCliquez ici pour en savoir plus sur la mani\u00e8re de proc\u00e9der pour que les clients puissent vous parler de leur handicap.\u00a0\u00bb _builder_version=\u00a0\u00bb4.9.4&Prime; _module_preset=\u00a0\u00bbdefault\u00a0\u00bb custom_button=\u00a0\u00bbon\u00a0\u00bb button_text_color=\u00a0\u00bb#0c71c3&Prime; button_bg_color=\u00a0\u00bb#FFFFFF\u00a0\u00bb locked=\u00a0\u00bboff\u00a0\u00bb][\/et_pb_button][\/et_pb_column][\/et_pb_section]<\/p>\n","protected":false},"excerpt":{"rendered":"<p>Tous les clients doivent d\u00e9terminer quelles informations il est important de partager avec les professionnels du soutien et pourquoi. Lorsqu&rsquo;il s&rsquo;agit de partager son statut de handicap\u00e9, la d\u00e9cision n&rsquo;est jamais simple. Il sera utile que les professionnels du soutien tiennent compte de ce que les clients ont \u00e0 penser.\u00a0 Rencontrer de nouveaux clientsLes personnes [&hellip;]<\/p>\n","protected":false},"author":3,"featured_media":0,"parent":3621,"menu_order":0,"comment_status":"closed","ping_status":"closed","template":"","meta":{"_acf_changed":false,"_et_pb_use_builder":"on","_et_pb_old_content":"","_et_gb_content_width":"","footnotes":""},"class_list":["post-3653","page","type-page","status-publish","hentry"],"acf":[],"yoast_head":"<!-- This site is optimized with the Yoast SEO plugin v27.3 - https:\/\/yoast.com\/product\/yoast-seo-wordpress\/ -->\n<title>Le choix du client: confidentialit\u00e9 ou divulgation - Nisidotam<\/title>\n<meta name=\"robots\" content=\"index, follow, max-snippet:-1, max-image-preview:large, max-video-preview:-1\" \/>\n<link rel=\"canonical\" href=\"https:\/\/nisidotam.ca\/fr\/soutenir-les-clients\/nouveaux-clients-et-handicap\/choix-du-client-confidentialite-ou-divulgation\/\" \/>\n<meta property=\"og:locale\" content=\"fr_FR\" \/>\n<meta property=\"og:type\" content=\"article\" \/>\n<meta property=\"og:title\" content=\"Le choix du client: confidentialit\u00e9 ou divulgation - Nisidotam\" \/>\n<meta property=\"og:description\" content=\"Tous les clients doivent d\u00e9terminer quelles informations il est important de partager avec les professionnels du soutien et pourquoi. Lorsqu&#039;il s&#039;agit de partager son statut de handicap\u00e9, la d\u00e9cision n&#039;est jamais simple. Il sera utile que les professionnels du soutien tiennent compte de ce que les clients ont \u00e0 penser.\u00a0 Rencontrer de nouveaux clientsLes personnes [&hellip;]\" \/>\n<meta property=\"og:url\" content=\"https:\/\/nisidotam.ca\/fr\/soutenir-les-clients\/nouveaux-clients-et-handicap\/choix-du-client-confidentialite-ou-divulgation\/\" \/>\n<meta property=\"og:site_name\" content=\"Nisidotam\" \/>\n<meta property=\"article:modified_time\" content=\"2021-05-10T16:23:22+00:00\" \/>\n<meta name=\"twitter:card\" content=\"summary_large_image\" \/>\n<meta name=\"twitter:label1\" content=\"Dur\u00e9e de lecture estim\u00e9e\" \/>\n\t<meta name=\"twitter:data1\" content=\"5 minutes\" \/>\n<script type=\"application\/ld+json\" class=\"yoast-schema-graph\">{\"@context\":\"https:\\\/\\\/schema.org\",\"@graph\":[{\"@type\":\"WebPage\",\"@id\":\"https:\\\/\\\/nisidotam.ca\\\/fr\\\/soutenir-les-clients\\\/nouveaux-clients-et-handicap\\\/choix-du-client-confidentialite-ou-divulgation\\\/\",\"url\":\"https:\\\/\\\/nisidotam.ca\\\/fr\\\/soutenir-les-clients\\\/nouveaux-clients-et-handicap\\\/choix-du-client-confidentialite-ou-divulgation\\\/\",\"name\":\"Le choix du client: confidentialit\u00e9 ou divulgation - Nisidotam\",\"isPartOf\":{\"@id\":\"https:\\\/\\\/nisidotam.ca\\\/fr\\\/#website\"},\"datePublished\":\"2021-04-06T07:32:58+00:00\",\"dateModified\":\"2021-05-10T16:23:22+00:00\",\"breadcrumb\":{\"@id\":\"https:\\\/\\\/nisidotam.ca\\\/fr\\\/soutenir-les-clients\\\/nouveaux-clients-et-handicap\\\/choix-du-client-confidentialite-ou-divulgation\\\/#breadcrumb\"},\"inLanguage\":\"fr-FR\",\"potentialAction\":[{\"@type\":\"ReadAction\",\"target\":[\"https:\\\/\\\/nisidotam.ca\\\/fr\\\/soutenir-les-clients\\\/nouveaux-clients-et-handicap\\\/choix-du-client-confidentialite-ou-divulgation\\\/\"]}]},{\"@type\":\"BreadcrumbList\",\"@id\":\"https:\\\/\\\/nisidotam.ca\\\/fr\\\/soutenir-les-clients\\\/nouveaux-clients-et-handicap\\\/choix-du-client-confidentialite-ou-divulgation\\\/#breadcrumb\",\"itemListElement\":[{\"@type\":\"ListItem\",\"position\":1,\"name\":\"Home\",\"item\":\"https:\\\/\\\/nisidotam.ca\\\/fr\\\/\"},{\"@type\":\"ListItem\",\"position\":2,\"name\":\"Soutenir les clients\",\"item\":\"https:\\\/\\\/nisidotam.ca\\\/fr\\\/soutenir-les-clients\\\/\"},{\"@type\":\"ListItem\",\"position\":3,\"name\":\"Les nouveaux clients et le handicap\",\"item\":\"https:\\\/\\\/nisidotam.ca\\\/fr\\\/soutenir-les-clients\\\/nouveaux-clients-et-handicap\\\/\"},{\"@type\":\"ListItem\",\"position\":4,\"name\":\"Le choix du client: confidentialit\u00e9 ou divulgation\"}]},{\"@type\":\"WebSite\",\"@id\":\"https:\\\/\\\/nisidotam.ca\\\/fr\\\/#website\",\"url\":\"https:\\\/\\\/nisidotam.ca\\\/fr\\\/\",\"name\":\"Nisidotam\",\"description\":\"Understanding Disability in the Nations\",\"potentialAction\":[{\"@type\":\"SearchAction\",\"target\":{\"@type\":\"EntryPoint\",\"urlTemplate\":\"https:\\\/\\\/nisidotam.ca\\\/fr\\\/?s={search_term_string}\"},\"query-input\":{\"@type\":\"PropertyValueSpecification\",\"valueRequired\":true,\"valueName\":\"search_term_string\"}}],\"inLanguage\":\"fr-FR\"}]}<\/script>\n<!-- \/ Yoast SEO plugin. -->","yoast_head_json":{"title":"Le choix du client: confidentialit\u00e9 ou divulgation - Nisidotam","robots":{"index":"index","follow":"follow","max-snippet":"max-snippet:-1","max-image-preview":"max-image-preview:large","max-video-preview":"max-video-preview:-1"},"canonical":"https:\/\/nisidotam.ca\/fr\/soutenir-les-clients\/nouveaux-clients-et-handicap\/choix-du-client-confidentialite-ou-divulgation\/","og_locale":"fr_FR","og_type":"article","og_title":"Le choix du client: confidentialit\u00e9 ou divulgation - Nisidotam","og_description":"Tous les clients doivent d\u00e9terminer quelles informations il est important de partager avec les professionnels du soutien et pourquoi. Lorsqu'il s'agit de partager son statut de handicap\u00e9, la d\u00e9cision n'est jamais simple. Il sera utile que les professionnels du soutien tiennent compte de ce que les clients ont \u00e0 penser.\u00a0 Rencontrer de nouveaux clientsLes personnes [&hellip;]","og_url":"https:\/\/nisidotam.ca\/fr\/soutenir-les-clients\/nouveaux-clients-et-handicap\/choix-du-client-confidentialite-ou-divulgation\/","og_site_name":"Nisidotam","article_modified_time":"2021-05-10T16:23:22+00:00","twitter_card":"summary_large_image","twitter_misc":{"Dur\u00e9e de lecture estim\u00e9e":"5 minutes"},"schema":{"@context":"https:\/\/schema.org","@graph":[{"@type":"WebPage","@id":"https:\/\/nisidotam.ca\/fr\/soutenir-les-clients\/nouveaux-clients-et-handicap\/choix-du-client-confidentialite-ou-divulgation\/","url":"https:\/\/nisidotam.ca\/fr\/soutenir-les-clients\/nouveaux-clients-et-handicap\/choix-du-client-confidentialite-ou-divulgation\/","name":"Le choix du client: confidentialit\u00e9 ou divulgation - Nisidotam","isPartOf":{"@id":"https:\/\/nisidotam.ca\/fr\/#website"},"datePublished":"2021-04-06T07:32:58+00:00","dateModified":"2021-05-10T16:23:22+00:00","breadcrumb":{"@id":"https:\/\/nisidotam.ca\/fr\/soutenir-les-clients\/nouveaux-clients-et-handicap\/choix-du-client-confidentialite-ou-divulgation\/#breadcrumb"},"inLanguage":"fr-FR","potentialAction":[{"@type":"ReadAction","target":["https:\/\/nisidotam.ca\/fr\/soutenir-les-clients\/nouveaux-clients-et-handicap\/choix-du-client-confidentialite-ou-divulgation\/"]}]},{"@type":"BreadcrumbList","@id":"https:\/\/nisidotam.ca\/fr\/soutenir-les-clients\/nouveaux-clients-et-handicap\/choix-du-client-confidentialite-ou-divulgation\/#breadcrumb","itemListElement":[{"@type":"ListItem","position":1,"name":"Home","item":"https:\/\/nisidotam.ca\/fr\/"},{"@type":"ListItem","position":2,"name":"Soutenir les clients","item":"https:\/\/nisidotam.ca\/fr\/soutenir-les-clients\/"},{"@type":"ListItem","position":3,"name":"Les nouveaux clients et le handicap","item":"https:\/\/nisidotam.ca\/fr\/soutenir-les-clients\/nouveaux-clients-et-handicap\/"},{"@type":"ListItem","position":4,"name":"Le choix du client: confidentialit\u00e9 ou divulgation"}]},{"@type":"WebSite","@id":"https:\/\/nisidotam.ca\/fr\/#website","url":"https:\/\/nisidotam.ca\/fr\/","name":"Nisidotam","description":"Understanding Disability in the Nations","potentialAction":[{"@type":"SearchAction","target":{"@type":"EntryPoint","urlTemplate":"https:\/\/nisidotam.ca\/fr\/?s={search_term_string}"},"query-input":{"@type":"PropertyValueSpecification","valueRequired":true,"valueName":"search_term_string"}}],"inLanguage":"fr-FR"}]}},"_links":{"self":[{"href":"https:\/\/nisidotam.ca\/fr\/wp-json\/wp\/v2\/pages\/3653","targetHints":{"allow":["GET"]}}],"collection":[{"href":"https:\/\/nisidotam.ca\/fr\/wp-json\/wp\/v2\/pages"}],"about":[{"href":"https:\/\/nisidotam.ca\/fr\/wp-json\/wp\/v2\/types\/page"}],"author":[{"embeddable":true,"href":"https:\/\/nisidotam.ca\/fr\/wp-json\/wp\/v2\/users\/3"}],"replies":[{"embeddable":true,"href":"https:\/\/nisidotam.ca\/fr\/wp-json\/wp\/v2\/comments?post=3653"}],"version-history":[{"count":8,"href":"https:\/\/nisidotam.ca\/fr\/wp-json\/wp\/v2\/pages\/3653\/revisions"}],"predecessor-version":[{"id":5400,"href":"https:\/\/nisidotam.ca\/fr\/wp-json\/wp\/v2\/pages\/3653\/revisions\/5400"}],"up":[{"embeddable":true,"href":"https:\/\/nisidotam.ca\/fr\/wp-json\/wp\/v2\/pages\/3621"}],"wp:attachment":[{"href":"https:\/\/nisidotam.ca\/fr\/wp-json\/wp\/v2\/media?parent=3653"}],"curies":[{"name":"wp","href":"https:\/\/api.w.org\/{rel}","templated":true}]}}