{"id":3575,"date":"2021-03-29T19:11:25","date_gmt":"2021-03-29T19:11:25","guid":{"rendered":"https:\/\/nisidotam.ca\/?page_id=3575"},"modified":"2021-04-19T08:02:02","modified_gmt":"2021-04-19T13:02:02","slug":"module-dapprentissage-video","status":"publish","type":"page","link":"https:\/\/nisidotam.ca\/fr\/module-dapprentissage-video\/","title":{"rendered":"Module d&rsquo;apprentissage vid\u00e9o"},"content":{"rendered":"<p>[et_pb_section fb_built=\u00a0\u00bb1&Prime; fullwidth=\u00a0\u00bbon\u00a0\u00bb _builder_version=\u00a0\u00bb4.7.7&Prime; background_color=\u00a0\u00bbrgba(249,223,127,0.78)\u00a0\u00bb][et_pb_fullwidth_header title=\u00a0\u00bbModule d&rsquo;apprentissage vid\u00e9o\u00a0\u00bb button_one_url=\u00a0\u00bb#featured\u00a0\u00bb button_two_url=\u00a0\u00bb#library\u00a0\u00bb header_image_url=\u00a0\u00bbhttps:\/\/nisidotam.ca\/wp-content\/uploads\/2021\/03\/summer-2409954_1280-1024&#215;768.jpg\u00a0\u00bb _builder_version=\u00a0\u00bb4.9.4&Prime; title_text_color=\u00a0\u00bb#474747&Prime; background_enable_color=\u00a0\u00bboff\u00a0\u00bb background_layout=\u00a0\u00bblight\u00a0\u00bb custom_padding=\u00a0\u00bb0px||0px||false|false\u00a0\u00bb]<\/p>\n<p><span>Le module d&rsquo;apprentissage <\/span>suivant pr\u00e9sente un r\u00e9sum\u00e9 de tous les \u00e9l\u00e9ments cl\u00e9s d&rsquo;une d\u00e9finition int\u00e9gr\u00e9e du handicap. Enrichi par les connaissances traditionnelles et situ\u00e9 dans un contexte autochtone contemporain, ce module d&rsquo;apprentissage fournit un cadre pertinent permettant d&rsquo;approfondir sa compr\u00e9hension.<\/p>\n<p>[\/et_pb_fullwidth_header][et_pb_fullwidth_menu menu_id=\u00a0\u00bb41&Prime; menu_style=\u00a0\u00bbcentered\u00a0\u00bb fullwidth_menu=\u00a0\u00bbon\u00a0\u00bb active_link_color=\u00a0\u00bb#E02B20&Prime; _builder_version=\u00a0\u00bb4.9.4&Prime; _module_preset=\u00a0\u00bbdefault\u00a0\u00bb menu_text_color=\u00a0\u00bb#000000&Prime; menu_font_size=\u00a0\u00bb18px\u00a0\u00bb background_enable_color=\u00a0\u00bboff\u00a0\u00bb custom_margin=\u00a0\u00bb|||0px|false|false\u00a0\u00bb custom_padding=\u00a0\u00bb|0px||0px|false|false\u00a0\u00bb][\/et_pb_fullwidth_menu][\/et_pb_section][et_pb_section fb_built=\u00a0\u00bb1&Prime; _builder_version=\u00a0\u00bb4.9.4&Prime; _module_preset=\u00a0\u00bbdefault\u00a0\u00bb][et_pb_row _builder_version=\u00a0\u00bb4.9.4&Prime; _module_preset=\u00a0\u00bbdefault\u00a0\u00bb][et_pb_column _builder_version=\u00a0\u00bb4.9.4&Prime; _module_preset=\u00a0\u00bbdefault\u00a0\u00bb type=\u00a0\u00bb4_4&Prime;][et_pb_video src=\u00a0\u00bbhttps:\/\/youtu.be\/iPvmmnVf0OM\u00a0\u00bb _builder_version=\u00a0\u00bb4.9.4&Prime; _module_preset=\u00a0\u00bbdefault\u00a0\u00bb hover_enabled=\u00a0\u00bb0&Prime; sticky_enabled=\u00a0\u00bb0&Prime;][\/et_pb_video][\/et_pb_column][\/et_pb_row][\/et_pb_section]<\/p>\n","protected":false},"excerpt":{"rendered":"<p>Le module d&rsquo;apprentissage suivant pr\u00e9sente un r\u00e9sum\u00e9 de tous les \u00e9l\u00e9ments cl\u00e9s d&rsquo;une d\u00e9finition int\u00e9gr\u00e9e du handicap. Enrichi par les connaissances traditionnelles et situ\u00e9 dans un contexte autochtone contemporain, ce module d&rsquo;apprentissage fournit un cadre pertinent permettant d&rsquo;approfondir sa compr\u00e9hension.<\/p>\n","protected":false},"author":3,"featured_media":0,"parent":0,"menu_order":0,"comment_status":"closed","ping_status":"closed","template":"","meta":{"_acf_changed":false,"_et_pb_use_builder":"on","_et_pb_old_content":"[et_pb_section fb_built=\"1\" fullwidth=\"on\" _builder_version=\"4.7.7\" background_color=\"rgba(249,223,127,0.78)\"][et_pb_fullwidth_header title=\"Video Learning Module\" button_one_url=\"#featured\" button_two_url=\"#library\" header_image_url=\"https:\/\/nisidotam.ca\/wp-content\/uploads\/2021\/03\/summer-2409954_1280-1024x768.jpg\" _builder_version=\"4.9.2\" title_text_color=\"#474747\" background_enable_color=\"off\" background_layout=\"light\" custom_padding=\"0px||0px||false|false\"]\n\n<span>The following video learning module is a summary of all the key components of an integrated definition of disability.&nbsp; Augmented by traditiaonl knowledge and set in a contemporary indigenous context, this learning module provides a relevant framework from which to build understanding.<\/span>\n\n[\/et_pb_fullwidth_header][\/et_pb_section][et_pb_section fb_built=\"1\" fullwidth=\"on\" _builder_version=\"4.9.2\" _module_preset=\"default\"][et_pb_fullwidth_menu _builder_version=\"4.9.2\" _module_preset=\"default\" menu_id=\"41\" sticky_enabled=\"0\" active_link_color=\"#E02B20\" menu_text_color=\"#000000\" menu_font_size=\"18px\" background_color=\"RGBA(249,223,127,0.78)\" custom_margin=\"|||0px|false|false\" custom_padding=\"|0px||0px|false|false\"][\/et_pb_fullwidth_menu][\/et_pb_section][et_pb_section fb_built=\"1\" _builder_version=\"4.9.2\" _module_preset=\"default\" background_enable_color=\"off\" locked=\"off\"][et_pb_row _builder_version=\"4.7.7\" _module_preset=\"default\" max_width=\"100%\" module_alignment=\"center\" custom_padding=\"0px||0px|||\"][et_pb_column type=\"4_4\" admin_label=\"Column\" _builder_version=\"4.7.7\" _module_preset=\"default\"][et_pb_video src=\"https:\/\/www.youtube.com\/watch?v=V_W2ieHVNTQ\" _builder_version=\"4.9.2\" _module_preset=\"default\"][\/et_pb_video][\/et_pb_column][\/et_pb_row][\/et_pb_section]","_et_gb_content_width":"","footnotes":""},"class_list":["post-3575","page","type-page","status-publish","hentry"],"acf":[],"yoast_head":"<!-- This site is optimized with the Yoast SEO plugin v27.5 - https:\/\/yoast.com\/product\/yoast-seo-wordpress\/ -->\n<title>Module d&#039;apprentissage vid\u00e9o - Nisidotam<\/title>\n<meta name=\"robots\" content=\"index, follow, max-snippet:-1, max-image-preview:large, max-video-preview:-1\" \/>\n<link rel=\"canonical\" href=\"https:\/\/nisidotam.ca\/fr\/module-dapprentissage-video\/\" \/>\n<meta property=\"og:locale\" content=\"fr_FR\" \/>\n<meta property=\"og:type\" content=\"article\" \/>\n<meta property=\"og:title\" content=\"Module d&#039;apprentissage vid\u00e9o - Nisidotam\" \/>\n<meta property=\"og:description\" content=\"Le module d&#039;apprentissage suivant pr\u00e9sente un r\u00e9sum\u00e9 de tous les \u00e9l\u00e9ments cl\u00e9s d&#039;une d\u00e9finition int\u00e9gr\u00e9e du handicap. Enrichi par les connaissances traditionnelles et situ\u00e9 dans un contexte autochtone contemporain, ce module d&#039;apprentissage fournit un cadre pertinent permettant d&#039;approfondir sa compr\u00e9hension.\" \/>\n<meta property=\"og:url\" content=\"https:\/\/nisidotam.ca\/fr\/module-dapprentissage-video\/\" \/>\n<meta property=\"og:site_name\" content=\"Nisidotam\" \/>\n<meta property=\"article:modified_time\" content=\"2021-04-19T13:02:02+00:00\" \/>\n<meta name=\"twitter:card\" content=\"summary_large_image\" \/>\n<meta name=\"twitter:label1\" content=\"Dur\u00e9e de lecture estim\u00e9e\" \/>\n\t<meta name=\"twitter:data1\" content=\"1 minute\" \/>\n<script type=\"application\/ld+json\" class=\"yoast-schema-graph\">{\"@context\":\"https:\\\/\\\/schema.org\",\"@graph\":[{\"@type\":\"WebPage\",\"@id\":\"https:\\\/\\\/nisidotam.ca\\\/fr\\\/module-dapprentissage-video\\\/\",\"url\":\"https:\\\/\\\/nisidotam.ca\\\/fr\\\/module-dapprentissage-video\\\/\",\"name\":\"Module d'apprentissage vid\u00e9o - Nisidotam\",\"isPartOf\":{\"@id\":\"https:\\\/\\\/nisidotam.ca\\\/fr\\\/#website\"},\"datePublished\":\"2021-03-29T19:11:25+00:00\",\"dateModified\":\"2021-04-19T13:02:02+00:00\",\"breadcrumb\":{\"@id\":\"https:\\\/\\\/nisidotam.ca\\\/fr\\\/module-dapprentissage-video\\\/#breadcrumb\"},\"inLanguage\":\"fr-FR\",\"potentialAction\":[{\"@type\":\"ReadAction\",\"target\":[\"https:\\\/\\\/nisidotam.ca\\\/fr\\\/module-dapprentissage-video\\\/\"]}]},{\"@type\":\"BreadcrumbList\",\"@id\":\"https:\\\/\\\/nisidotam.ca\\\/fr\\\/module-dapprentissage-video\\\/#breadcrumb\",\"itemListElement\":[{\"@type\":\"ListItem\",\"position\":1,\"name\":\"Home\",\"item\":\"https:\\\/\\\/nisidotam.ca\\\/fr\\\/\"},{\"@type\":\"ListItem\",\"position\":2,\"name\":\"Module d&rsquo;apprentissage vid\u00e9o\"}]},{\"@type\":\"WebSite\",\"@id\":\"https:\\\/\\\/nisidotam.ca\\\/fr\\\/#website\",\"url\":\"https:\\\/\\\/nisidotam.ca\\\/fr\\\/\",\"name\":\"Nisidotam\",\"description\":\"Understanding Disability in the Nations\",\"potentialAction\":[{\"@type\":\"SearchAction\",\"target\":{\"@type\":\"EntryPoint\",\"urlTemplate\":\"https:\\\/\\\/nisidotam.ca\\\/fr\\\/?s={search_term_string}\"},\"query-input\":{\"@type\":\"PropertyValueSpecification\",\"valueRequired\":true,\"valueName\":\"search_term_string\"}}],\"inLanguage\":\"fr-FR\"}]}<\/script>\n<!-- \/ Yoast SEO plugin. -->","yoast_head_json":{"title":"Module d'apprentissage vid\u00e9o - Nisidotam","robots":{"index":"index","follow":"follow","max-snippet":"max-snippet:-1","max-image-preview":"max-image-preview:large","max-video-preview":"max-video-preview:-1"},"canonical":"https:\/\/nisidotam.ca\/fr\/module-dapprentissage-video\/","og_locale":"fr_FR","og_type":"article","og_title":"Module d'apprentissage vid\u00e9o - Nisidotam","og_description":"Le module d'apprentissage suivant pr\u00e9sente un r\u00e9sum\u00e9 de tous les \u00e9l\u00e9ments cl\u00e9s d'une d\u00e9finition int\u00e9gr\u00e9e du handicap. Enrichi par les connaissances traditionnelles et situ\u00e9 dans un contexte autochtone contemporain, ce module d'apprentissage fournit un cadre pertinent permettant d'approfondir sa compr\u00e9hension.","og_url":"https:\/\/nisidotam.ca\/fr\/module-dapprentissage-video\/","og_site_name":"Nisidotam","article_modified_time":"2021-04-19T13:02:02+00:00","twitter_card":"summary_large_image","twitter_misc":{"Dur\u00e9e de lecture estim\u00e9e":"1 minute"},"schema":{"@context":"https:\/\/schema.org","@graph":[{"@type":"WebPage","@id":"https:\/\/nisidotam.ca\/fr\/module-dapprentissage-video\/","url":"https:\/\/nisidotam.ca\/fr\/module-dapprentissage-video\/","name":"Module d'apprentissage vid\u00e9o - Nisidotam","isPartOf":{"@id":"https:\/\/nisidotam.ca\/fr\/#website"},"datePublished":"2021-03-29T19:11:25+00:00","dateModified":"2021-04-19T13:02:02+00:00","breadcrumb":{"@id":"https:\/\/nisidotam.ca\/fr\/module-dapprentissage-video\/#breadcrumb"},"inLanguage":"fr-FR","potentialAction":[{"@type":"ReadAction","target":["https:\/\/nisidotam.ca\/fr\/module-dapprentissage-video\/"]}]},{"@type":"BreadcrumbList","@id":"https:\/\/nisidotam.ca\/fr\/module-dapprentissage-video\/#breadcrumb","itemListElement":[{"@type":"ListItem","position":1,"name":"Home","item":"https:\/\/nisidotam.ca\/fr\/"},{"@type":"ListItem","position":2,"name":"Module d&rsquo;apprentissage vid\u00e9o"}]},{"@type":"WebSite","@id":"https:\/\/nisidotam.ca\/fr\/#website","url":"https:\/\/nisidotam.ca\/fr\/","name":"Nisidotam","description":"Understanding Disability in the Nations","potentialAction":[{"@type":"SearchAction","target":{"@type":"EntryPoint","urlTemplate":"https:\/\/nisidotam.ca\/fr\/?s={search_term_string}"},"query-input":{"@type":"PropertyValueSpecification","valueRequired":true,"valueName":"search_term_string"}}],"inLanguage":"fr-FR"}]}},"_links":{"self":[{"href":"https:\/\/nisidotam.ca\/fr\/wp-json\/wp\/v2\/pages\/3575","targetHints":{"allow":["GET"]}}],"collection":[{"href":"https:\/\/nisidotam.ca\/fr\/wp-json\/wp\/v2\/pages"}],"about":[{"href":"https:\/\/nisidotam.ca\/fr\/wp-json\/wp\/v2\/types\/page"}],"author":[{"embeddable":true,"href":"https:\/\/nisidotam.ca\/fr\/wp-json\/wp\/v2\/users\/3"}],"replies":[{"embeddable":true,"href":"https:\/\/nisidotam.ca\/fr\/wp-json\/wp\/v2\/comments?post=3575"}],"version-history":[{"count":5,"href":"https:\/\/nisidotam.ca\/fr\/wp-json\/wp\/v2\/pages\/3575\/revisions"}],"predecessor-version":[{"id":5166,"href":"https:\/\/nisidotam.ca\/fr\/wp-json\/wp\/v2\/pages\/3575\/revisions\/5166"}],"wp:attachment":[{"href":"https:\/\/nisidotam.ca\/fr\/wp-json\/wp\/v2\/media?parent=3575"}],"curies":[{"name":"wp","href":"https:\/\/api.w.org\/{rel}","templated":true}]}}