{"id":3549,"date":"2021-04-05T08:07:55","date_gmt":"2021-04-05T08:07:55","guid":{"rendered":"https:\/\/nisidotam.ca\/?page_id=3549"},"modified":"2021-04-19T23:39:31","modified_gmt":"2021-04-20T04:39:31","slug":"quest-ce-que-le-handicap","status":"publish","type":"page","link":"https:\/\/nisidotam.ca\/fr\/quest-ce-que-le-handicap\/","title":{"rendered":"Qu&rsquo;est-ce que le handicap"},"content":{"rendered":"<p>[et_pb_section fb_built=\u00a0\u00bb1&Prime; fullwidth=\u00a0\u00bbon\u00a0\u00bb _builder_version=\u00a0\u00bb4.7.7&Prime; _module_preset=\u00a0\u00bbdefault\u00a0\u00bb][et_pb_fullwidth_header title=\u00a0\u00bbQu&rsquo;est-ce que le handicap?\u00a0\u00bb header_image_url=\u00a0\u00bbhttps:\/\/nisidotam.ca\/wp-content\/uploads\/2021\/02\/cedar-2777521_1920.jpg\u00a0\u00bb _builder_version=\u00a0\u00bb4.9.3&Prime; _module_preset=\u00a0\u00bbdefault\u00a0\u00bb background_color=\u00a0\u00bbrgba(0,25,5,0.89)\u00a0\u00bb background_color_gradient_direction=\u00a0\u00bb154deg\u00a0\u00bb custom_padding=\u00a0\u00bb0px||0px||true|\u00a0\u00bb]<\/p>\n<p>Puisant dans la compr\u00e9hension du handicap dans les communaut\u00e9s et les histoires racont\u00e9es par les personnes vivant avec un handicap, les ressources ci-dessous offrent une <strong>d\u00e9finition de base du handicap<\/strong>. Certaines ressources expliquent les <strong>th\u00e9ories <\/strong>pr\u00e9dominantes qui fa\u00e7onnent notre fa\u00e7on de penser et de traiter le handicap. D&rsquo;autres permettent de mieux comprendre comment aider les clients \u00e0 d\u00e9velopper de solides comp\u00e9tences en mati\u00e8re d&rsquo;autorepr\u00e9sentation de fa\u00e7on \u00e0 accro\u00eetre leur autod\u00e9termination.<\/p>\n<p>[\/et_pb_fullwidth_header][et_pb_fullwidth_menu menu_id=\u00a0\u00bb26&Prime; fullwidth_menu=\u00a0\u00bbon\u00a0\u00bb active_link_color=\u00a0\u00bb#edf000&Prime; menu_icon_color=\u00a0\u00bb#ffffff\u00a0\u00bb _builder_version=\u00a0\u00bb4.9.2&Prime; _module_preset=\u00a0\u00bbdefault\u00a0\u00bb menu_font_size=\u00a0\u00bb18px\u00a0\u00bb menu_letter_spacing=\u00a0\u00bb1px\u00a0\u00bb background_color=\u00a0\u00bbrgba(0,25,5,0.89)\u00a0\u00bb text_orientation=\u00a0\u00bbcenter\u00a0\u00bb background_layout=\u00a0\u00bbdark\u00a0\u00bb saved_tabs=\u00a0\u00bball\u00a0\u00bb custom_padding__hover_enabled=\u00a0\u00bboff|desktop\u00a0\u00bb][\/et_pb_fullwidth_menu][\/et_pb_section][et_pb_section fb_built=\u00a0\u00bb1&Prime; _builder_version=\u00a0\u00bb4.7.7&Prime; _module_preset=\u00a0\u00bbdefault\u00a0\u00bb background_enable_color=\u00a0\u00bboff\u00a0\u00bb][et_pb_row _builder_version=\u00a0\u00bb4.7.7&Prime; _module_preset=\u00a0\u00bbdefault\u00a0\u00bb custom_padding=\u00a0\u00bb0px||0px|||\u00a0\u00bb][et_pb_column type=\u00a0\u00bb4_4&Prime; _builder_version=\u00a0\u00bb4.7.7&Prime; _module_preset=\u00a0\u00bbdefault\u00a0\u00bb][et_pb_text _builder_version=\u00a0\u00bb4.9.3&Prime; _module_preset=\u00a0\u00bbdefault\u00a0\u00bb min_height=\u00a0\u00bb26.3px\u00a0\u00bb custom_padding=\u00a0\u00bb||31px|||\u00a0\u00bb]<\/p>\n<h2>D\u00e9finition sommaire<\/h2>\n<p>[\/et_pb_text][\/et_pb_column][\/et_pb_row][et_pb_row column_structure=\u00a0\u00bb1_2,1_2&Prime; _builder_version=\u00a0\u00bb4.9.2&Prime; _module_preset=\u00a0\u00bbdefault\u00a0\u00bb][et_pb_column type=\u00a0\u00bb1_2&Prime; _builder_version=\u00a0\u00bb4.9.2&Prime; _module_preset=\u00a0\u00bbdefault\u00a0\u00bb][et_pb_toggle title=\u00a0\u00bbHandicap\u00a0\u00bb _builder_version=\u00a0\u00bb4.9.3&Prime; _module_preset=\u00a0\u00bbdefault\u00a0\u00bb title_level=\u00a0\u00bbh3&Prime; border_radii=\u00a0\u00bbon|15px|15px|15px|15px\u00a0\u00bb border_width_all=\u00a0\u00bb3px\u00a0\u00bb]<\/p>\n<p>Le handicap englobe les conditions invisibles et visibles qui peuvent affecter la sant\u00e9 mentale, l&rsquo;apprentissage, le d\u00e9veloppement, la vue, l&rsquo;ou\u00efe ou toute autre partie du corps. Il se traduit \u00e9galement par la pr\u00e9sence d\u2019obstacles emp\u00eachant les personnes en situation de handicap d\u2019avoir acc\u00e8s aux m\u00eames possibilit\u00e9s que la population en g\u00e9n\u00e9ral. Comprendre le handicap favorise l&rsquo;inclusion gr\u00e2ce \u00e0 la capacit\u00e9 de faire preuve d\u2019empathie, de s\u2019identifier \u00e0 l\u2019autre et de se soutenir mutuellement.<\/p>\n<p>[\/et_pb_toggle][\/et_pb_column][et_pb_column type=\u00a0\u00bb1_2&Prime; _builder_version=\u00a0\u00bb4.9.2&Prime; _module_preset=\u00a0\u00bbdefault\u00a0\u00bb][et_pb_toggle title=\u00a0\u00bbMod\u00e8les int\u00e9gr\u00e9s du handicap\u00a0\u00bb _builder_version=\u00a0\u00bb4.9.3&Prime; _module_preset=\u00a0\u00bbdefault\u00a0\u00bb title_level=\u00a0\u00bbh3&Prime; border_radii=\u00a0\u00bbon|15px|15px|15px|15px\u00a0\u00bb border_width_all=\u00a0\u00bb3px\u00a0\u00bb]<\/p>\n<p>Les mod\u00e8les int\u00e9gr\u00e9s du handicap mettent l&rsquo;accent sur les effets physiologiques du handicap ainsi que sur les obstacles inh\u00e9rents aux divers environnements dans lesquels les personnes en situation de handicap vivent et travaillent. Ces mod\u00e8les vont un peu plus loin en examinant l&rsquo;interaction possible entre ces effets et les exp\u00e9riences v\u00e9cues.<\/p>\n<p>[\/et_pb_toggle][\/et_pb_column][\/et_pb_row][\/et_pb_section][et_pb_section fb_built=\u00a0\u00bb1&Prime; _builder_version=\u00a0\u00bb4.7.7&Prime; _module_preset=\u00a0\u00bbdefault\u00a0\u00bb background_color=\u00a0\u00bbrgba(0,25,5,0.89)\u00a0\u00bb][et_pb_row column_structure=\u00a0\u00bb1_3,1_3,1_3&Prime; make_equal=\u00a0\u00bbon\u00a0\u00bb _builder_version=\u00a0\u00bb4.9.2&Prime; _module_preset=\u00a0\u00bbdefault\u00a0\u00bb max_width=\u00a0\u00bb100%\u00a0\u00bb module_alignment=\u00a0\u00bbcenter\u00a0\u00bb custom_padding=\u00a0\u00bb0px||0px|||\u00a0\u00bb border_radii=\u00a0\u00bbon|20px|20px|20px|20px\u00a0\u00bb][et_pb_column type=\u00a0\u00bb1_3&Prime; admin_label=\u00a0\u00bbColumn\u00a0\u00bb _builder_version=\u00a0\u00bb4.9.2&Prime; _module_preset=\u00a0\u00bbdefault\u00a0\u00bb background_color=\u00a0\u00bb#eeeeee\u00a0\u00bb border_radii=\u00a0\u00bbon|25px|25px|25px|25px\u00a0\u00bb][et_pb_cta title=\u00a0\u00bbNisidotam: D\u00e9finir le handicap\u00a0\u00bb button_url=\u00a0\u00bbhttps:\/\/nisidotam.ca\/fr\/quest-ce-que-le-handicap\/nisidotam-definir-le-handicap\/\u00a0\u00bb button_text=\u00a0\u00bbPour en savoir plus\u00a0\u00bb _builder_version=\u00a0\u00bb4.9.4&Prime; _module_preset=\u00a0\u00bbdefault\u00a0\u00bb background_enable_color=\u00a0\u00bboff\u00a0\u00bb background_layout=\u00a0\u00bblight\u00a0\u00bb custom_padding=\u00a0\u00bb25px|25px|25px|25px|false|false\u00a0\u00bb border_radii=\u00a0\u00bbon|25px|25px|25px|25px\u00a0\u00bb]<\/p>\n<p style=\"text-align: center;\"><span>\u00a0Cliquez <\/span>pour consulter une d\u00e9finition compl\u00e8te du handicap accompagn\u00e9e d&rsquo;exemples d&rsquo;obstacles et de facilitateurs pr\u00e9sents dans les communaut\u00e9s.<\/p>\n<p><img loading=\"lazy\" decoding=\"async\" src=\"https:\/\/nisidotam.ca\/wp-content\/uploads\/2021\/01\/Nisidotam_Logo_Couleur_RVB_png_ecran_transparent-150x150.png\" alt=\"\" class=\"wp-image-872 aligncenter size-thumbnail\" style=\"font-size: 15px; background-color: #eeeeee;\" width=\"150\" height=\"150\" \/><\/p>\n<p>[\/et_pb_cta][\/et_pb_column][et_pb_column type=\u00a0\u00bb1_3&Prime; _builder_version=\u00a0\u00bb4.9.2&Prime; _module_preset=\u00a0\u00bbdefault\u00a0\u00bb background_color=\u00a0\u00bb#eeeeee\u00a0\u00bb border_radii=\u00a0\u00bbon|25px|25px|25px|25px\u00a0\u00bb][et_pb_cta title=\u00a0\u00bbTh\u00e9ories courantes sur le handicap\u00a0\u00bb button_url=\u00a0\u00bbhttps:\/\/nisidotam.ca\/fr\/quest-ce-que-le-handicap\/theories-courantes-sur-handicap\/\u00a0\u00bb button_text=\u00a0\u00bbPour en savoir plus\u00a0\u00bb _builder_version=\u00a0\u00bb4.9.4&Prime; _module_preset=\u00a0\u00bbdefault\u00a0\u00bb background_enable_color=\u00a0\u00bboff\u00a0\u00bb custom_button=\u00a0\u00bbon\u00a0\u00bb background_layout=\u00a0\u00bblight\u00a0\u00bb max_width=\u00a0\u00bb100%\u00a0\u00bb custom_padding=\u00a0\u00bb25px|25px|25px|25px|false|false\u00a0\u00bb hover_enabled=\u00a0\u00bb0&Prime; border_radii=\u00a0\u00bbon|25px|25px|25px|25px\u00a0\u00bb global_colors_info=\u00a0\u00bb{}\u00a0\u00bb sticky_enabled=\u00a0\u00bb0&Prime;]<\/p>\n<p style=\"text-align: center;\">Cliquez pour en apprendre davantage sur les th\u00e9ories qui fa\u00e7onnent notre fa\u00e7on de penser et orientent notre fa\u00e7on d&rsquo;agir face au handicap.<\/p>\n<p><img loading=\"lazy\" decoding=\"async\" src=\"https:\/\/nisidotam.ca\/wp-content\/uploads\/2021\/01\/Nisidotam_Logo_Couleur_RVB_png_ecran_transparent-150x150.png\" alt=\"\" class=\"wp-image-872 aligncenter size-thumbnail\" style=\"font-size: 15px; background-color: #eeeeee;\" width=\"150\" height=\"150\" \/><\/p>\n<p>[\/et_pb_cta][\/et_pb_column][et_pb_column type=\u00a0\u00bb1_3&Prime; _builder_version=\u00a0\u00bb4.9.2&Prime; _module_preset=\u00a0\u00bbdefault\u00a0\u00bb background_color=\u00a0\u00bb#eeeeee\u00a0\u00bb border_radii=\u00a0\u00bbon|25px|25px|25px|25px\u00a0\u00bb][et_pb_cta title=\u00a0\u00bbAutorepr\u00e9sentation\u00a0\u00bb button_url=\u00a0\u00bbhttps:\/\/nisidotam.ca\/fr\/quest-ce-que-le-handicap\/autorepresentation\/\u00a0\u00bb button_text=\u00a0\u00bbPour en savoir plus\u00a0\u00bb _builder_version=\u00a0\u00bb4.9.4&Prime; _module_preset=\u00a0\u00bbdefault\u00a0\u00bb background_enable_color=\u00a0\u00bboff\u00a0\u00bb custom_button=\u00a0\u00bbon\u00a0\u00bb background_layout=\u00a0\u00bblight\u00a0\u00bb max_width=\u00a0\u00bb100%\u00a0\u00bb min_height=\u00a0\u00bb404.5px\u00a0\u00bb custom_padding=\u00a0\u00bb25px|25px|25px|25px|false|false\u00a0\u00bb border_radii=\u00a0\u00bbon|25px|25px|25px|25px\u00a0\u00bb locked=\u00a0\u00bboff\u00a0\u00bb global_colors_info=\u00a0\u00bb{}\u00a0\u00bb]<\/p>\n<p style=\"text-align: center;\">Cliquez pour en apprendre plus sur les avantages de l&rsquo;autorepr\u00e9sentation et sur l&rsquo;aide que peuvent apporter les professionnels du soutien.<\/p>\n<p style=\"text-align: center;\"><img loading=\"lazy\" decoding=\"async\" src=\"https:\/\/nisidotam.ca\/wp-content\/uploads\/2021\/01\/Nisidotam_Logo_Couleur_RVB_png_ecran_transparent-150x150.png\" alt=\"\" class=\"wp-image-872 aligncenter size-thumbnail\" style=\"font-size: 15px; background-color: #eeeeee;\" width=\"150\" height=\"150\" \/><\/p>\n<p>[\/et_pb_cta][\/et_pb_column][\/et_pb_row][\/et_pb_section]<\/p>\n","protected":false},"excerpt":{"rendered":"<p>Puisant dans la compr\u00e9hension du handicap dans les communaut\u00e9s et les histoires racont\u00e9es par les personnes vivant avec un handicap, les ressources ci-dessous offrent une d\u00e9finition de base du handicap. Certaines ressources expliquent les th\u00e9ories pr\u00e9dominantes qui fa\u00e7onnent notre fa\u00e7on de penser et de traiter le handicap. D&rsquo;autres permettent de mieux comprendre comment aider les [&hellip;]<\/p>\n","protected":false},"author":3,"featured_media":0,"parent":0,"menu_order":3,"comment_status":"closed","ping_status":"closed","template":"","meta":{"_acf_changed":false,"_et_pb_use_builder":"on","_et_pb_old_content":"<!-- wp:divi\/placeholder \/-->","_et_gb_content_width":"","footnotes":""},"class_list":["post-3549","page","type-page","status-publish","hentry"],"acf":[],"yoast_head":"<!-- This site is optimized with the Yoast SEO plugin v27.4 - https:\/\/yoast.com\/product\/yoast-seo-wordpress\/ -->\n<title>Qu&#039;est-ce que le handicap - Nisidotam<\/title>\n<meta name=\"robots\" content=\"index, follow, max-snippet:-1, max-image-preview:large, max-video-preview:-1\" \/>\n<link rel=\"canonical\" href=\"https:\/\/nisidotam.ca\/fr\/quest-ce-que-le-handicap\/\" \/>\n<meta property=\"og:locale\" content=\"fr_FR\" \/>\n<meta property=\"og:type\" content=\"article\" \/>\n<meta property=\"og:title\" content=\"Qu&#039;est-ce que le handicap - Nisidotam\" \/>\n<meta property=\"og:description\" content=\"Puisant dans la compr\u00e9hension du handicap dans les communaut\u00e9s et les histoires racont\u00e9es par les personnes vivant avec un handicap, les ressources ci-dessous offrent une d\u00e9finition de base du handicap. Certaines ressources expliquent les th\u00e9ories pr\u00e9dominantes qui fa\u00e7onnent notre fa\u00e7on de penser et de traiter le handicap. D&#039;autres permettent de mieux comprendre comment aider les [&hellip;]\" \/>\n<meta property=\"og:url\" content=\"https:\/\/nisidotam.ca\/fr\/quest-ce-que-le-handicap\/\" \/>\n<meta property=\"og:site_name\" content=\"Nisidotam\" \/>\n<meta property=\"article:modified_time\" content=\"2021-04-20T04:39:31+00:00\" \/>\n<meta property=\"og:image\" content=\"https:\/\/nisidotam.ca\/wp-content\/uploads\/2021\/01\/Nisidotam_Logo_Couleur_RVB_png_ecran_transparent-150x150.png\" \/>\n<meta name=\"twitter:card\" content=\"summary_large_image\" \/>\n<meta name=\"twitter:label1\" content=\"Dur\u00e9e de lecture estim\u00e9e\" \/>\n\t<meta name=\"twitter:data1\" content=\"4 minutes\" \/>\n<script type=\"application\/ld+json\" class=\"yoast-schema-graph\">{\"@context\":\"https:\\\/\\\/schema.org\",\"@graph\":[{\"@type\":\"WebPage\",\"@id\":\"https:\\\/\\\/nisidotam.ca\\\/fr\\\/quest-ce-que-le-handicap\\\/\",\"url\":\"https:\\\/\\\/nisidotam.ca\\\/fr\\\/quest-ce-que-le-handicap\\\/\",\"name\":\"Qu'est-ce que le handicap - Nisidotam\",\"isPartOf\":{\"@id\":\"https:\\\/\\\/nisidotam.ca\\\/fr\\\/#website\"},\"primaryImageOfPage\":{\"@id\":\"https:\\\/\\\/nisidotam.ca\\\/fr\\\/quest-ce-que-le-handicap\\\/#primaryimage\"},\"image\":{\"@id\":\"https:\\\/\\\/nisidotam.ca\\\/fr\\\/quest-ce-que-le-handicap\\\/#primaryimage\"},\"thumbnailUrl\":\"https:\\\/\\\/nisidotam.ca\\\/wp-content\\\/uploads\\\/2021\\\/01\\\/Nisidotam_Logo_Couleur_RVB_png_ecran_transparent-150x150.png\",\"datePublished\":\"2021-04-05T08:07:55+00:00\",\"dateModified\":\"2021-04-20T04:39:31+00:00\",\"breadcrumb\":{\"@id\":\"https:\\\/\\\/nisidotam.ca\\\/fr\\\/quest-ce-que-le-handicap\\\/#breadcrumb\"},\"inLanguage\":\"fr-FR\",\"potentialAction\":[{\"@type\":\"ReadAction\",\"target\":[\"https:\\\/\\\/nisidotam.ca\\\/fr\\\/quest-ce-que-le-handicap\\\/\"]}]},{\"@type\":\"ImageObject\",\"inLanguage\":\"fr-FR\",\"@id\":\"https:\\\/\\\/nisidotam.ca\\\/fr\\\/quest-ce-que-le-handicap\\\/#primaryimage\",\"url\":\"https:\\\/\\\/nisidotam.ca\\\/wp-content\\\/uploads\\\/2021\\\/01\\\/Nisidotam_Logo_Couleur_RVB_png_ecran_transparent-150x150.png\",\"contentUrl\":\"https:\\\/\\\/nisidotam.ca\\\/wp-content\\\/uploads\\\/2021\\\/01\\\/Nisidotam_Logo_Couleur_RVB_png_ecran_transparent-150x150.png\"},{\"@type\":\"BreadcrumbList\",\"@id\":\"https:\\\/\\\/nisidotam.ca\\\/fr\\\/quest-ce-que-le-handicap\\\/#breadcrumb\",\"itemListElement\":[{\"@type\":\"ListItem\",\"position\":1,\"name\":\"Home\",\"item\":\"https:\\\/\\\/nisidotam.ca\\\/fr\\\/\"},{\"@type\":\"ListItem\",\"position\":2,\"name\":\"Qu&rsquo;est-ce que le handicap\"}]},{\"@type\":\"WebSite\",\"@id\":\"https:\\\/\\\/nisidotam.ca\\\/fr\\\/#website\",\"url\":\"https:\\\/\\\/nisidotam.ca\\\/fr\\\/\",\"name\":\"Nisidotam\",\"description\":\"Understanding Disability in the Nations\",\"potentialAction\":[{\"@type\":\"SearchAction\",\"target\":{\"@type\":\"EntryPoint\",\"urlTemplate\":\"https:\\\/\\\/nisidotam.ca\\\/fr\\\/?s={search_term_string}\"},\"query-input\":{\"@type\":\"PropertyValueSpecification\",\"valueRequired\":true,\"valueName\":\"search_term_string\"}}],\"inLanguage\":\"fr-FR\"}]}<\/script>\n<!-- \/ Yoast SEO plugin. -->","yoast_head_json":{"title":"Qu'est-ce que le handicap - Nisidotam","robots":{"index":"index","follow":"follow","max-snippet":"max-snippet:-1","max-image-preview":"max-image-preview:large","max-video-preview":"max-video-preview:-1"},"canonical":"https:\/\/nisidotam.ca\/fr\/quest-ce-que-le-handicap\/","og_locale":"fr_FR","og_type":"article","og_title":"Qu'est-ce que le handicap - Nisidotam","og_description":"Puisant dans la compr\u00e9hension du handicap dans les communaut\u00e9s et les histoires racont\u00e9es par les personnes vivant avec un handicap, les ressources ci-dessous offrent une d\u00e9finition de base du handicap. Certaines ressources expliquent les th\u00e9ories pr\u00e9dominantes qui fa\u00e7onnent notre fa\u00e7on de penser et de traiter le handicap. D'autres permettent de mieux comprendre comment aider les [&hellip;]","og_url":"https:\/\/nisidotam.ca\/fr\/quest-ce-que-le-handicap\/","og_site_name":"Nisidotam","article_modified_time":"2021-04-20T04:39:31+00:00","og_image":[{"url":"https:\/\/nisidotam.ca\/wp-content\/uploads\/2021\/01\/Nisidotam_Logo_Couleur_RVB_png_ecran_transparent-150x150.png","type":"","width":"","height":""}],"twitter_card":"summary_large_image","twitter_misc":{"Dur\u00e9e de lecture estim\u00e9e":"4 minutes"},"schema":{"@context":"https:\/\/schema.org","@graph":[{"@type":"WebPage","@id":"https:\/\/nisidotam.ca\/fr\/quest-ce-que-le-handicap\/","url":"https:\/\/nisidotam.ca\/fr\/quest-ce-que-le-handicap\/","name":"Qu'est-ce que le handicap - Nisidotam","isPartOf":{"@id":"https:\/\/nisidotam.ca\/fr\/#website"},"primaryImageOfPage":{"@id":"https:\/\/nisidotam.ca\/fr\/quest-ce-que-le-handicap\/#primaryimage"},"image":{"@id":"https:\/\/nisidotam.ca\/fr\/quest-ce-que-le-handicap\/#primaryimage"},"thumbnailUrl":"https:\/\/nisidotam.ca\/wp-content\/uploads\/2021\/01\/Nisidotam_Logo_Couleur_RVB_png_ecran_transparent-150x150.png","datePublished":"2021-04-05T08:07:55+00:00","dateModified":"2021-04-20T04:39:31+00:00","breadcrumb":{"@id":"https:\/\/nisidotam.ca\/fr\/quest-ce-que-le-handicap\/#breadcrumb"},"inLanguage":"fr-FR","potentialAction":[{"@type":"ReadAction","target":["https:\/\/nisidotam.ca\/fr\/quest-ce-que-le-handicap\/"]}]},{"@type":"ImageObject","inLanguage":"fr-FR","@id":"https:\/\/nisidotam.ca\/fr\/quest-ce-que-le-handicap\/#primaryimage","url":"https:\/\/nisidotam.ca\/wp-content\/uploads\/2021\/01\/Nisidotam_Logo_Couleur_RVB_png_ecran_transparent-150x150.png","contentUrl":"https:\/\/nisidotam.ca\/wp-content\/uploads\/2021\/01\/Nisidotam_Logo_Couleur_RVB_png_ecran_transparent-150x150.png"},{"@type":"BreadcrumbList","@id":"https:\/\/nisidotam.ca\/fr\/quest-ce-que-le-handicap\/#breadcrumb","itemListElement":[{"@type":"ListItem","position":1,"name":"Home","item":"https:\/\/nisidotam.ca\/fr\/"},{"@type":"ListItem","position":2,"name":"Qu&rsquo;est-ce que le handicap"}]},{"@type":"WebSite","@id":"https:\/\/nisidotam.ca\/fr\/#website","url":"https:\/\/nisidotam.ca\/fr\/","name":"Nisidotam","description":"Understanding Disability in the Nations","potentialAction":[{"@type":"SearchAction","target":{"@type":"EntryPoint","urlTemplate":"https:\/\/nisidotam.ca\/fr\/?s={search_term_string}"},"query-input":{"@type":"PropertyValueSpecification","valueRequired":true,"valueName":"search_term_string"}}],"inLanguage":"fr-FR"}]}},"_links":{"self":[{"href":"https:\/\/nisidotam.ca\/fr\/wp-json\/wp\/v2\/pages\/3549","targetHints":{"allow":["GET"]}}],"collection":[{"href":"https:\/\/nisidotam.ca\/fr\/wp-json\/wp\/v2\/pages"}],"about":[{"href":"https:\/\/nisidotam.ca\/fr\/wp-json\/wp\/v2\/types\/page"}],"author":[{"embeddable":true,"href":"https:\/\/nisidotam.ca\/fr\/wp-json\/wp\/v2\/users\/3"}],"replies":[{"embeddable":true,"href":"https:\/\/nisidotam.ca\/fr\/wp-json\/wp\/v2\/comments?post=3549"}],"version-history":[{"count":8,"href":"https:\/\/nisidotam.ca\/fr\/wp-json\/wp\/v2\/pages\/3549\/revisions"}],"predecessor-version":[{"id":5254,"href":"https:\/\/nisidotam.ca\/fr\/wp-json\/wp\/v2\/pages\/3549\/revisions\/5254"}],"wp:attachment":[{"href":"https:\/\/nisidotam.ca\/fr\/wp-json\/wp\/v2\/media?parent=3549"}],"curies":[{"name":"wp","href":"https:\/\/api.w.org\/{rel}","templated":true}]}}